{"id":3827,"date":"2023-02-23T00:26:17","date_gmt":"2023-02-23T06:26:17","guid":{"rendered":"https:\/\/tecsecmty.com\/index.php\/producto\/bosch-i_isnc60w-paquete-de-10-contactos-magneticos-de-conexion-terminal-fina-compatible-panel-alarma-bosch-risco-dsc-ihorn\/"},"modified":"2023-03-22T23:21:23","modified_gmt":"2023-03-23T05:21:23","slug":"bosch-i_isnc60w-paquete-de-10-contactos-magneticos-de-conexion-terminal-fina-compatible-panel-alarma-bosch-risco-dsc-ihorn","status":"publish","type":"product","link":"https:\/\/tecsecmty.com\/index.php\/producto\/bosch-i_isnc60w-paquete-de-10-contactos-magneticos-de-conexion-terminal-fina-compatible-panel-alarma-bosch-risco-dsc-ihorn\/","title":{"rendered":"BOSCH I_ISNC60W &#8211; Paquete de 10 contactos magneticos de conexion terminal fina Compatible panel alarma BOSCH \/ RISCO \/ DSC \/ IHORN \/"},"content":{"rendered":"<p><span title=\"The D7050 Photoelectric Smoke and Smoke Heat\n\">\u00a0<img fetchpriority=\"high\" decoding=\"async\" class=\"aligncenter\" src=\"http:\/\/soporte.tvc.mx\/Ingenieria\/BOSCH\/BANNER\/ALLTECH.jpg\" alt=\"\" width=\"734\" height=\"187\" \/>\u00a0\u00a0<\/span><\/p>\n<p><span title=\"The D7050 Photoelectric Smoke and Smoke Heat\n\">\u00a0<\/span><\/p>\n<p>&nbsp;<\/p>\n<p><span title=\"The D7050 Photoelectric Smoke and Smoke Heat\n\">Los contactos est\u00e1n disponibles en marr\u00f3n o en blanco. Ambos modelos disponen de un dise\u00f1o fino con orificios de montaje adicionales para aplicaciones ajustadas.<br \/>\n<\/span><\/p>\n<p><span title=\"The D7050 Photoelectric Smoke and Smoke Heat\n\">La conexi\u00f3n de terminal elimina la necesidad de usar guias de 15,24 cm o 25,4cm (6 pulg o 10 pulg).<br \/>\n<\/span><\/p>\n<p><span title=\"as furnace rooms, closets, and other confined areas.\">\u00a0<\/span><\/p>\n<p><span title=\"as furnace rooms, closets, and other confined areas.\">\u00a0<\/span><strong><span title=\"as furnace rooms, closets, and other confined areas.\">Principales Carater\u00edsticas:<\/span><\/strong><\/p>\n<ul>\n<li><span title=\"as furnace rooms, closets, and other confined areas.\">Lazo cerrado u Instalaci\u00f3n con tornillos o superadhesivo.<\/span><\/li>\n<li><span title=\"as furnace rooms, closets, and other confined areas.\">Orificios de montaje adicionales para una sujeci\u00f3n m\u00e1s firme.<\/span><\/li>\n<li><span title=\"as furnace rooms, closets, and other confined areas.\">Dise\u00f1o de conexi\u00f3n terminal fino.<\/span><\/li>\n<li><span title=\"as furnace rooms, closets, and other confined areas.\">Incluye un interruptor reed de rodio desactivado.<\/span><\/li>\n<\/ul>\n<p><span title=\"as furnace rooms, closets, and other confined areas.\">\u00a0<\/span><\/p>\n<p><strong>Especificaciones<\/strong>:<\/p>\n<ul>\n<li>Tensi\u00f3n de servicio m\u00e1xima en VDC 100.<\/li>\n<li>Corriente conductora m\u00e1xima en A 1.<\/li>\n<li>Clasificaci\u00f3n m\u00e1xima de contacto en W 10.<\/li>\n<li>M\u00e1xima resistencia de contacto inicial en m\u03a9 100.<\/li>\n<li>Tipo de configuraci\u00f3n de conmutador Un solo polo de un solo tiro (SPST).<\/li>\n<li>Tensi\u00f3n de conmutaci\u00f3n m\u00e1xima en VAC \/ VDC 110\/100.<\/li>\n<li>Corriente m\u00e1xima de conmutaci\u00f3n en A 0.5.<\/li>\n<li>Ancho de la abertura en cm 1,8.<\/li>\n<li>Ancho de separaci\u00f3n en pulgada 0,71.<\/li>\n<li>Dimensi\u00f3n en cm (H x W x D) (contacto) 5,08 x 0,95 x 0,71.<\/li>\n<li>Dimensi\u00f3n en pulgadas (H x W x D) (contacto) 2 x 0,37 x 0,28.<\/li>\n<li>Dimensi\u00f3n en cm (H x W x D) (im\u00e1n) 5,08 x 0,95 x 0,71.<\/li>\n<li>Dimensi\u00f3n en pulgadas (H x W x D) (im\u00e1n) 2 x 0,37 x 0,28<\/li>\n<\/ul>\n<p><span title=\"as furnace rooms, closets, and other confined areas.\"><span class=\"hps\">\u00a0<\/span><\/span><\/p>\n","protected":false},"excerpt":{"rendered":"<p>\u00a0\u00a0\u00a0 \u00a0 &nbsp; Los contactos est\u00e1n disponibles en marr\u00f3n o en blanco. Ambos modelos disponen de un dise\u00f1o fino con orificios de montaje adicionales para aplicaciones ajustadas. La conexi\u00f3n de terminal elimina la necesidad de usar guias de 15,24 cm o 25,4cm (6 pulg o&hellip;<\/p>\n","protected":false},"featured_media":3826,"comment_status":"open","ping_status":"closed","template":"","meta":{"om_disable_all_campaigns":false,"_monsterinsights_skip_tracking":false,"_monsterinsights_sitenote_active":false,"_monsterinsights_sitenote_note":"","_monsterinsights_sitenote_category":0},"product_brand":[],"product_cat":[281],"product_tag":[212,211,151],"class_list":{"0":"post-3827","1":"product","2":"type-product","3":"status-publish","4":"has-post-thumbnail","6":"product_cat-sensores-de-alarma-alarmas-bosch","7":"product_tag-alarmas","8":"product_tag-alarmas-e-intrusion","9":"product_tag-seguridad","11":"first","12":"instock","13":"sale","14":"taxable","15":"shipping-taxable","16":"purchasable","17":"product-type-simple"},"aioseo_notices":[],"_links":{"self":[{"href":"https:\/\/tecsecmty.com\/index.php\/wp-json\/wp\/v2\/product\/3827","targetHints":{"allow":["GET"]}}],"collection":[{"href":"https:\/\/tecsecmty.com\/index.php\/wp-json\/wp\/v2\/product"}],"about":[{"href":"https:\/\/tecsecmty.com\/index.php\/wp-json\/wp\/v2\/types\/product"}],"replies":[{"embeddable":true,"href":"https:\/\/tecsecmty.com\/index.php\/wp-json\/wp\/v2\/comments?post=3827"}],"version-history":[{"count":0,"href":"https:\/\/tecsecmty.com\/index.php\/wp-json\/wp\/v2\/product\/3827\/revisions"}],"wp:featuredmedia":[{"embeddable":true,"href":"https:\/\/tecsecmty.com\/index.php\/wp-json\/wp\/v2\/media\/3826"}],"wp:attachment":[{"href":"https:\/\/tecsecmty.com\/index.php\/wp-json\/wp\/v2\/media?parent=3827"}],"wp:term":[{"taxonomy":"product_brand","embeddable":true,"href":"https:\/\/tecsecmty.com\/index.php\/wp-json\/wp\/v2\/product_brand?post=3827"},{"taxonomy":"product_cat","embeddable":true,"href":"https:\/\/tecsecmty.com\/index.php\/wp-json\/wp\/v2\/product_cat?post=3827"},{"taxonomy":"product_tag","embeddable":true,"href":"https:\/\/tecsecmty.com\/index.php\/wp-json\/wp\/v2\/product_tag?post=3827"}],"curies":[{"name":"wp","href":"https:\/\/api.w.org\/{rel}","templated":true}]}}