{"id":3829,"date":"2023-02-23T00:26:18","date_gmt":"2023-02-23T06:26:18","guid":{"rendered":"https:\/\/tecsecmty.com\/index.php\/producto\/bosch-i_isncfm102w-contacto-de-montaje-en-l-con-guias-lateriales-color-blanco\/"},"modified":"2023-03-22T23:21:23","modified_gmt":"2023-03-23T05:21:23","slug":"bosch-i_isncfm102w-contacto-de-montaje-en-l-con-guias-lateriales-color-blanco","status":"publish","type":"product","link":"https:\/\/tecsecmty.com\/index.php\/producto\/bosch-i_isncfm102w-contacto-de-montaje-en-l-con-guias-lateriales-color-blanco\/","title":{"rendered":"BOSCH I_ISNCFM102W- CONTACTO DE MONTAJE EN L CON GUIAS LATERIALES COLOR BLANCO"},"content":{"rendered":"<div class=\"row aling-items-center padding-bottom-2x\">\n<div class=\"col-lg-12\">\n<h5 class=\"card-title text-center\">ISNCFM102W- CONTACTO DE MONTAJE EN L CON GUIAS LATERIALES COLOR BLANCO<\/h5>\n<p><strong>Contacto de montaje en L con gu\u00edas laterales blanco<\/strong><\/p>\n<p>Contacto de montaje en superficie blanco. Incluye un im\u00e1n est\u00e1ndar y un adhesivo especial. El paquete contiene diez contactos y diez imanes<\/p>\n<p>Los contactos est\u00e1n disponibles en marr\u00f3n o en blanco. Ambos modelos se pueden montar con rebordes gracias a un adhesivo especial y disponen de gu\u00edas que parten de la zona lateral del contacto.<\/p>\n<p><img decoding=\"async\" class=\"overview-center-img-web\" src=\"https:\/\/tvc.mx\/media\/644672\/encabezado-1920x400.png\" alt=\"\" \/><\/div>\n<\/div>\n<div class=\"row align-items-center padding-bottom-2x\">\n<div class=\"col-md-5\"><img decoding=\"async\" class=\"d-block m-auto img-thumbnail\" src=\"https:\/\/tvc.mx\/media\/644682\/400x300-logo.png\" alt=\" \" \/><\/div>\n<div class=\"col-md-7 text-md-left text-center\">\n<h2>Caracter\u00edsticas<\/h2>\n<p class=\"text-muted\">\n<ul>\n<li>Lazo cerrado<\/li>\n<li>Montaje con reborde con adhesivo especial<\/li>\n<li>Gu\u00edas laterales<\/li>\n<\/ul>\n<p>&nbsp;<\/p>\n<\/div>\n<\/div>\n<hr class=\"padding-bottom-2x\" \/>\n<div class=\"row align-items-center padding-bottom-2x\">\n<div class=\"col-md-5 order-md-2\"><img decoding=\"async\" class=\"d-block m-auto img-thumbnail\" src=\"https:\/\/tvc.mx\/media\/644687\/400x300-certificados.png\" alt=\" \" \/><\/div>\n<div class=\"col-md-7 order-md-1 text-md-left text-center\">\n<h2>Certificados y homologaciones<\/h2>\n<p class=\"text-muted\">\n<p>Certificados y homologaciones<\/p>\n<p>&nbsp;<\/p>\n<\/div>\n<\/div>\n<hr class=\"padding-bottom-2x\" \/>\n<div class=\"row align-items-center padding-bottom-2x\">\n<div class=\"col-md-5 order-md-2\"><img decoding=\"async\" class=\"d-block m-auto img-thumbnail\" src=\"https:\/\/tvc.mx\/media\/644692\/400x300-piezas.png\" alt=\" \" \/><\/div>\n<div class=\"col-md-7 order-md-1 text-md-left text-center\">\n<h2>Piezas inclu\u00eddas<\/h2>\n<p class=\"text-muted\">\n<p>Piezas inclu\u00eddas<\/p>\n<p>&nbsp;<\/p>\n<\/div>\n<\/div>\n<hr class=\"padding-bottom-2x\" \/>\n<div class=\"row aling-items-center padding-bottom-2x\">\n<div class=\"col-lg-12\">\n<h5 class=\"card-title text-center\">Especificaciones clave<\/h5>\n<p><strong>Dimensiones (Alto x Ancho x Fondo) (mm):\u00a0<\/strong>33.60 x 13.50 x 7.50 mm<\/p>\n<p><strong>Longitud del cable (m):<\/strong>\u00a00.3050 m<\/p>\n<p><strong>Temperatura de funcionamiento (\u00b0C):<\/strong>\u00a0-40 \u2013 60 \u00b0C<\/p>\n<p><strong>Tensi\u00f3n de funcionamiento (VCC):\u00a0<\/strong>100 VDC<\/p>\n<p><img decoding=\"async\" class=\"overview-center-img-web\" src=\"https:\/\/tvc.mx\/media\/644697\/encabezado-1920x400.png\" alt=\"\" \/><\/div>\n<\/div>\n","protected":false},"excerpt":{"rendered":"<p>ISNCFM102W- CONTACTO DE MONTAJE EN L CON GUIAS LATERIALES COLOR BLANCO Contacto de montaje en L con gu\u00edas laterales blanco Contacto de montaje en superficie blanco. Incluye un im\u00e1n est\u00e1ndar y un adhesivo especial. El paquete contiene diez contactos y diez imanes Los contactos est\u00e1n&hellip;<\/p>\n","protected":false},"featured_media":3828,"comment_status":"open","ping_status":"closed","template":"","meta":{"om_disable_all_campaigns":false,"_monsterinsights_skip_tracking":false,"_monsterinsights_sitenote_active":false,"_monsterinsights_sitenote_note":"","_monsterinsights_sitenote_category":0},"product_brand":[],"product_cat":[281],"product_tag":[212,211,151],"class_list":{"0":"post-3829","1":"product","2":"type-product","3":"status-publish","4":"has-post-thumbnail","6":"product_cat-sensores-de-alarma-alarmas-bosch","7":"product_tag-alarmas","8":"product_tag-alarmas-e-intrusion","9":"product_tag-seguridad","11":"first","12":"instock","13":"sale","14":"taxable","15":"shipping-taxable","16":"purchasable","17":"product-type-simple"},"aioseo_notices":[],"_links":{"self":[{"href":"https:\/\/tecsecmty.com\/index.php\/wp-json\/wp\/v2\/product\/3829","targetHints":{"allow":["GET"]}}],"collection":[{"href":"https:\/\/tecsecmty.com\/index.php\/wp-json\/wp\/v2\/product"}],"about":[{"href":"https:\/\/tecsecmty.com\/index.php\/wp-json\/wp\/v2\/types\/product"}],"replies":[{"embeddable":true,"href":"https:\/\/tecsecmty.com\/index.php\/wp-json\/wp\/v2\/comments?post=3829"}],"version-history":[{"count":0,"href":"https:\/\/tecsecmty.com\/index.php\/wp-json\/wp\/v2\/product\/3829\/revisions"}],"wp:featuredmedia":[{"embeddable":true,"href":"https:\/\/tecsecmty.com\/index.php\/wp-json\/wp\/v2\/media\/3828"}],"wp:attachment":[{"href":"https:\/\/tecsecmty.com\/index.php\/wp-json\/wp\/v2\/media?parent=3829"}],"wp:term":[{"taxonomy":"product_brand","embeddable":true,"href":"https:\/\/tecsecmty.com\/index.php\/wp-json\/wp\/v2\/product_brand?post=3829"},{"taxonomy":"product_cat","embeddable":true,"href":"https:\/\/tecsecmty.com\/index.php\/wp-json\/wp\/v2\/product_cat?post=3829"},{"taxonomy":"product_tag","embeddable":true,"href":"https:\/\/tecsecmty.com\/index.php\/wp-json\/wp\/v2\/product_tag?post=3829"}],"curies":[{"name":"wp","href":"https:\/\/api.w.org\/{rel}","templated":true}]}}