{"id":3831,"date":"2023-02-23T00:26:19","date_gmt":"2023-02-23T06:26:19","guid":{"rendered":"https:\/\/tecsecmty.com\/index.php\/producto\/bosch-i_isncmet200ar-contacto-de-metal-comercial-lazo-cerrado-compatible-con-paneles-bosch-risco-dsc-ihorn\/"},"modified":"2023-03-22T23:21:23","modified_gmt":"2023-03-23T05:21:23","slug":"bosch-i_isncmet200ar-contacto-de-metal-comercial-lazo-cerrado-compatible-con-paneles-bosch-risco-dsc-ihorn","status":"publish","type":"product","link":"https:\/\/tecsecmty.com\/index.php\/producto\/bosch-i_isncmet200ar-contacto-de-metal-comercial-lazo-cerrado-compatible-con-paneles-bosch-risco-dsc-ihorn\/","title":{"rendered":"BOSCH I_ISNCMET200AR &#8211; Contacto de metal comercial \/ Lazo cerrado \/ Compatible con paneles BOSCH \/ RISCO \/ DSC \/ IHORN ."},"content":{"rendered":"<p><img fetchpriority=\"high\" decoding=\"async\" class=\"aligncenter\" src=\"http:\/\/soporte.tvc.mx\/Ingenieria\/BOSCH\/BANNER\/ALLTECH.jpg\" alt=\"\" width=\"734\" height=\"187\" \/><\/p>\n<p>&nbsp;<\/p>\n<p>&nbsp;<\/p>\n<p>El contacto est\u00e1 disponible en un acabado met\u00e1lico. Uso para aplicaciones comerciales que requieren una mayor distancia.<\/p>\n<p>Informaci\u00f3n de compatibilidad Todos los modelos de contactos son compatibles con los modelos de paneles de control que admiten entradas de contacto.<\/p>\n<p>&nbsp;<\/p>\n<p><img decoding=\"async\" src=\"http:\/\/upload.wikimedia.org\/wikipedia\/commons\/3\/3f\/Loopfluxdistorting.png\" alt=\"\" width=\"544\" height=\"158\" \/><\/p>\n<p>&nbsp;<\/p>\n<p>&nbsp;<\/p>\n<p><strong>Principales Carater\u00edstcas:<\/strong><\/p>\n<ul>\n<li>Lazo cerrado.<\/li>\n<li>Mayor distancia.<\/li>\n<li>Perfectos para aplicaciones comerciales.<\/li>\n<\/ul>\n<p>&nbsp;<\/p>\n<p><strong>Espacialidades:<\/strong><\/p>\n<ul>\n<li>Tensi\u00f3n de servicio m\u00e1xima en VDC 100.<\/li>\n<li>Corriente conductora m\u00e1xima en A 1.<\/li>\n<li>Clasificaci\u00f3n m\u00e1xima de contacto en W 10.<\/li>\n<li>M\u00e1xima resistencia de contacto inicial en m\u03a9 100.<\/li>\n<li>Tipo de configuraci\u00f3n de conmutador Un solo polo de un solo tiro (SPST).<\/li>\n<li>Tensi\u00f3n de conmutaci\u00f3n m\u00e1xima en VAC \/ VDC 110\/100.<\/li>\n<li>Corriente m\u00e1xima de conmutaci\u00f3n en A 0.5.<\/li>\n<li>Ancho de separaci\u00f3n en cm 3.2.<\/li>\n<li>Ancho de separaci\u00f3n en pulgadas 1,25.<\/li>\n<li>Dimensi\u00f3n en cm (H x W x D) (contacto) 5,1 x 1,88 x 0,95.<\/li>\n<li>Dimensi\u00f3n en pulgadas (H x W x D) (contacto) 2 x 0,74 x 0,37.<\/li>\n<li>Dimensi\u00f3n en cm (H x W x D) (im\u00e1n) 5,1 x 1,88 x 0,95.<\/li>\n<\/ul>\n<p>&nbsp;<\/p>\n<p><a href=\"http:\/\/ingenieria.tvc.mx\/kb\/root.aspx\"><img decoding=\"async\" id=\"Image2\" src=\"https:\/\/soporte.tvc.mx\/Ingenieria\/BC1.png\" alt=\"\" \/><\/a><\/p>\n","protected":false},"excerpt":{"rendered":"<p>&nbsp; &nbsp; El contacto est\u00e1 disponible en un acabado met\u00e1lico. Uso para aplicaciones comerciales que requieren una mayor distancia. Informaci\u00f3n de compatibilidad Todos los modelos de contactos son compatibles con los modelos de paneles de control que admiten entradas de contacto. &nbsp; &nbsp; &nbsp; Principales&hellip;<\/p>\n","protected":false},"featured_media":3830,"comment_status":"open","ping_status":"closed","template":"","meta":{"om_disable_all_campaigns":false,"_monsterinsights_skip_tracking":false,"_monsterinsights_sitenote_active":false,"_monsterinsights_sitenote_note":"","_monsterinsights_sitenote_category":0},"product_brand":[],"product_cat":[281],"product_tag":[212,211,151],"class_list":{"0":"post-3831","1":"product","2":"type-product","3":"status-publish","4":"has-post-thumbnail","6":"product_cat-sensores-de-alarma-alarmas-bosch","7":"product_tag-alarmas","8":"product_tag-alarmas-e-intrusion","9":"product_tag-seguridad","11":"first","12":"instock","13":"sale","14":"taxable","15":"shipping-taxable","16":"purchasable","17":"product-type-simple"},"aioseo_notices":[],"_links":{"self":[{"href":"https:\/\/tecsecmty.com\/index.php\/wp-json\/wp\/v2\/product\/3831","targetHints":{"allow":["GET"]}}],"collection":[{"href":"https:\/\/tecsecmty.com\/index.php\/wp-json\/wp\/v2\/product"}],"about":[{"href":"https:\/\/tecsecmty.com\/index.php\/wp-json\/wp\/v2\/types\/product"}],"replies":[{"embeddable":true,"href":"https:\/\/tecsecmty.com\/index.php\/wp-json\/wp\/v2\/comments?post=3831"}],"version-history":[{"count":0,"href":"https:\/\/tecsecmty.com\/index.php\/wp-json\/wp\/v2\/product\/3831\/revisions"}],"wp:featuredmedia":[{"embeddable":true,"href":"https:\/\/tecsecmty.com\/index.php\/wp-json\/wp\/v2\/media\/3830"}],"wp:attachment":[{"href":"https:\/\/tecsecmty.com\/index.php\/wp-json\/wp\/v2\/media?parent=3831"}],"wp:term":[{"taxonomy":"product_brand","embeddable":true,"href":"https:\/\/tecsecmty.com\/index.php\/wp-json\/wp\/v2\/product_brand?post=3831"},{"taxonomy":"product_cat","embeddable":true,"href":"https:\/\/tecsecmty.com\/index.php\/wp-json\/wp\/v2\/product_cat?post=3831"},{"taxonomy":"product_tag","embeddable":true,"href":"https:\/\/tecsecmty.com\/index.php\/wp-json\/wp\/v2\/product_tag?post=3831"}],"curies":[{"name":"wp","href":"https:\/\/api.w.org\/{rel}","templated":true}]}}