{"id":3835,"date":"2023-02-23T00:26:22","date_gmt":"2023-02-23T06:26:22","guid":{"rendered":"https:\/\/tecsecmty.com\/index.php\/producto\/bosch-i_isncsd70w-paquete-de-10-contacto-magnetico-compacto-color-blanco-con-iman-compatible-con-paneles-bosch-risco-dsc-ihorn\/"},"modified":"2023-03-22T23:21:24","modified_gmt":"2023-03-23T05:21:24","slug":"bosch-i_isncsd70w-paquete-de-10-contacto-magnetico-compacto-color-blanco-con-iman-compatible-con-paneles-bosch-risco-dsc-ihorn","status":"publish","type":"product","link":"https:\/\/tecsecmty.com\/index.php\/producto\/bosch-i_isncsd70w-paquete-de-10-contacto-magnetico-compacto-color-blanco-con-iman-compatible-con-paneles-bosch-risco-dsc-ihorn\/","title":{"rendered":"BOSCH I_ISNCSD70W &#8211; Paquete de 10 contacto magnetico compacto color blanco con iman \/ Compatible con paneles BOSCH \/ RISCO \/ DSC \/ IHORN ."},"content":{"rendered":"<p><img fetchpriority=\"high\" decoding=\"async\" class=\"aligncenter\" src=\"http:\/\/soporte.tvc.mx\/Ingenieria\/BOSCH\/BANNER\/ALLTECH.jpg\" alt=\"\" width=\"734\" height=\"187\" \/><\/p>\n<p>&nbsp;<\/p>\n<p>&nbsp;<\/p>\n<p>Los contactos est\u00e1n disponibles en marr\u00f3n o en blanco. Todos los modelos presentan una construcci\u00f3n robusta en una pieza, lo que evita la necesidad de adaptadores circulares adicionales. El dise\u00f1o compacto (corto) le permite utilizar el contacto en espacios reducidos sin tener que pagar por un dise\u00f1o en miniatura. Uso en puertas de acero en aplicaciones est\u00e1ndar o ajustadas<\/p>\n<p>&nbsp;<\/p>\n<p><strong>Principales Caractersiticas:<\/strong><\/p>\n<ul>\n<li>Lazo cerrado<\/li>\n<li>L\u00e1mina de rodio no adhesiva sensible<\/li>\n<li>Las gu\u00edas largas curvadas mantienen los puntos de soldadura separados del cristal de la l\u00e1mina<\/li>\n<li>Cubierta de pl\u00e1stico grueso resistente al aplastamiento<\/li>\n<li>Di\u00e1metro de 19mm.<\/li>\n<\/ul>\n<p><strong><\/p>\n<p><\/strong><\/p>\n<p><strong>Especificaciones:<\/strong><\/p>\n<ul>\n<li>Tensi\u00f3n de servicio m\u00e1xima en VDC 100.<\/li>\n<li>Corriente conductora m\u00e1xima en A 1.<\/li>\n<li>Clasificaci\u00f3n m\u00e1xima de contacto en W 10.<\/li>\n<li>M\u00e1xima resistencia de contacto inicial en m\u03a9 100.<\/li>\n<li>Tipo de configuraci\u00f3n de conmutador Un solo polo de un solo tiro (SPST).<\/li>\n<li>Tensi\u00f3n de conmutaci\u00f3n m\u00e1xima en VAC \/ VDC 110\/100.<\/li>\n<li>Corriente m\u00e1xima de conmutaci\u00f3n en A 0.5.<\/li>\n<li>Ancho de la abertura en cm 2.8.<\/li>\n<li>Ancho de espacio en pulgadas 1.1.<\/li>\n<li>Dimensi\u00f3n en cm (\u00d8 x D) (contacto) 1,9 x 2,13.<\/li>\n<li>Dimensi\u00f3n en pulgada (\u00d8 x D) (contacto) 0,75 x 0,84.<\/li>\n<li>Dimensi\u00f3n en cm (\u00d8 x D) (im\u00e1n) 1,9 x 2,13.<\/li>\n<li>Dimensi\u00f3n en pulgadas (\u00d8 x D) (im\u00e1n) 0,75 x 0,84.<\/li>\n<\/ul>\n<p>&nbsp;<\/p>\n","protected":false},"excerpt":{"rendered":"<p>&nbsp; &nbsp; Los contactos est\u00e1n disponibles en marr\u00f3n o en blanco. Todos los modelos presentan una construcci\u00f3n robusta en una pieza, lo que evita la necesidad de adaptadores circulares adicionales. El dise\u00f1o compacto (corto) le permite utilizar el contacto en espacios reducidos sin tener que&hellip;<\/p>\n","protected":false},"featured_media":3834,"comment_status":"open","ping_status":"closed","template":"","meta":{"om_disable_all_campaigns":false,"_monsterinsights_skip_tracking":false,"_monsterinsights_sitenote_active":false,"_monsterinsights_sitenote_note":"","_monsterinsights_sitenote_category":0},"product_brand":[],"product_cat":[281],"product_tag":[212,211,151],"class_list":{"0":"post-3835","1":"product","2":"type-product","3":"status-publish","4":"has-post-thumbnail","6":"product_cat-sensores-de-alarma-alarmas-bosch","7":"product_tag-alarmas","8":"product_tag-alarmas-e-intrusion","9":"product_tag-seguridad","11":"first","12":"instock","13":"sale","14":"taxable","15":"shipping-taxable","16":"purchasable","17":"product-type-simple"},"aioseo_notices":[],"_links":{"self":[{"href":"https:\/\/tecsecmty.com\/index.php\/wp-json\/wp\/v2\/product\/3835","targetHints":{"allow":["GET"]}}],"collection":[{"href":"https:\/\/tecsecmty.com\/index.php\/wp-json\/wp\/v2\/product"}],"about":[{"href":"https:\/\/tecsecmty.com\/index.php\/wp-json\/wp\/v2\/types\/product"}],"replies":[{"embeddable":true,"href":"https:\/\/tecsecmty.com\/index.php\/wp-json\/wp\/v2\/comments?post=3835"}],"version-history":[{"count":0,"href":"https:\/\/tecsecmty.com\/index.php\/wp-json\/wp\/v2\/product\/3835\/revisions"}],"wp:featuredmedia":[{"embeddable":true,"href":"https:\/\/tecsecmty.com\/index.php\/wp-json\/wp\/v2\/media\/3834"}],"wp:attachment":[{"href":"https:\/\/tecsecmty.com\/index.php\/wp-json\/wp\/v2\/media?parent=3835"}],"wp:term":[{"taxonomy":"product_brand","embeddable":true,"href":"https:\/\/tecsecmty.com\/index.php\/wp-json\/wp\/v2\/product_brand?post=3835"},{"taxonomy":"product_cat","embeddable":true,"href":"https:\/\/tecsecmty.com\/index.php\/wp-json\/wp\/v2\/product_cat?post=3835"},{"taxonomy":"product_tag","embeddable":true,"href":"https:\/\/tecsecmty.com\/index.php\/wp-json\/wp\/v2\/product_tag?post=3835"}],"curies":[{"name":"wp","href":"https:\/\/api.w.org\/{rel}","templated":true}]}}