{"id":3839,"date":"2023-02-23T00:26:28","date_gmt":"2023-02-23T06:26:28","guid":{"rendered":"https:\/\/tecsecmty.com\/index.php\/producto\/bosch-i_isncsm20wgw-contacto-magnetico-lazo-cerrado\/"},"modified":"2023-03-22T23:21:24","modified_gmt":"2023-03-23T05:21:24","slug":"bosch-i_isncsm20wgw-contacto-magnetico-lazo-cerrado","status":"publish","type":"product","link":"https:\/\/tecsecmty.com\/index.php\/producto\/bosch-i_isncsm20wgw-contacto-magnetico-lazo-cerrado\/","title":{"rendered":"BOSCH I_ISNCSM20WGW- CONTACTO MAGNETICO\/ LAZO CERRADO"},"content":{"rendered":"<h5 class=\"card-title text-center\">Contacto de montaje en superficie blanco ISN-CSM20-WGW<\/h5>\n<p class=\"ql-align-justify\">Los contactos est\u00e1n disponibles en marr\u00f3n o en blanco. Perfectos para aplicaciones comerciales o con puertas de acero.<\/p>\n<p class=\"ql-align-justify\"><strong>Certificados y homologaciones<\/strong><\/p>\n<p class=\"ql-align-justify\"><strong>UL y Regi\u00f3n Certificaci\u00f3n Europa\u00a0\u00a0<\/strong><\/p>\n<ul>\n<li class=\"ql-align-justify\">Europa CE 73\/23\/EEC and 93\/68\/EEC, EN50131: 1997, EN50131-6: 1997, EN60950: 2000, EN60335-1: 1994 +A1: 1996 Annex B<\/li>\n<li class=\"ql-align-justify\">EE.UU. UL cULus: AMQV: Connectors and Switches (UL 634), AMQV7: Connectors and Switches Certified for Canada (ULC\/ ORD-C634)<\/li>\n<\/ul>\n<p class=\"ql-align-justify\"><strong>Planificaci\u00f3n\u00a0<\/strong><\/p>\n<p class=\"ql-align-justify\"><strong>Informaci\u00f3n de compatibilidad\u00a0<\/strong><\/p>\n<p class=\"ql-align-justify\">Todos los modelos de contactos son compatibles con los modelos de paneles de control que admiten entradas de contacto.<\/p>\n<p class=\"ql-align-justify\"><strong>Piezas incluidas<\/strong><\/p>\n<p class=\"ql-align-justify\"><strong>Cantidad por paquete\u00a0<\/strong><\/p>\n<ul>\n<li class=\"ql-align-justify\">1 Contacto<\/li>\n<li class=\"ql-align-justify\">1 Im\u00e1n.<\/li>\n<\/ul>\n<p class=\"ql-align-justify\"><strong>Nota: Contacto comercial blanco<\/strong><\/p>\n<p class=\"ql-align-justify\"><strong>Contacto de montaje en superficie blanco. El paquete contiene un contacto y un im\u00e1n.<\/strong><\/p>\n<p class=\"ql-align-justify\"><strong>N\u00famero de pedido: ISN-CSM20-WGW.<\/strong><\/p>\n<p class=\"ql-align-justify\"><strong>Principales\u00a0<\/strong><strong>caracter\u00edsticas<\/strong><\/p>\n<ul>\n<li>Lazo cerrado.<\/li>\n<li>Perfectos para puertas de acero.<\/li>\n<li>Una mayor distancia evita el balanceo.<\/li>\n<\/ul>\n<p class=\"ql-align-justify\"><strong>Especificaciones\u00a0<\/strong><\/p>\n<ul>\n<li class=\"ql-align-justify\">Distancia: 63,5 mm (2,5 pulg.)<\/li>\n<li class=\"ql-align-justify\">Dimensiones del contacto: 16 mm x 104,8 mm x 16 mm (0,625 pulg. x 4,125 pulg. x 0,625 pulg.)<\/li>\n<li class=\"ql-align-justify\">Tipo de terminal de cableado: 0,8 mm (0,029 pulg.), 22 AWG, trenzado 7.<\/li>\n<li class=\"ql-align-justify\">Longitud del terminal de cableado: 46 cm (18 pulg.)<\/li>\n<li class=\"ql-align-justify\">Tipo de configuraci\u00f3n del interruptor: Polo \u00fanico, proyecci\u00f3n \u00fanica (SPST).<\/li>\n<li class=\"ql-align-justify\">Resistencia de contacto m\u00e1xima: 150 \u03bc\u03a9 (microohmios).<\/li>\n<li class=\"ql-align-justify\">Tensi\u00f3n de ruptura m\u00ednima: 250 VCC.<\/li>\n<li class=\"ql-align-justify\">Resistencia de aislamiento: 1010 \u03a9.<\/li>\n<\/ul>\n<p><img decoding=\"async\" class=\"overview-center-img- aligncenter\" src=\"https:\/\/tvc.mx\/media\/26939\/Logoopaginas-oficial.png\" alt=\"\" \/><\/p>\n","protected":false},"excerpt":{"rendered":"<p>Contacto de montaje en superficie blanco ISN-CSM20-WGW Los contactos est\u00e1n disponibles en marr\u00f3n o en blanco. Perfectos para aplicaciones comerciales o con puertas de acero. Certificados y homologaciones UL y Regi\u00f3n Certificaci\u00f3n Europa\u00a0\u00a0 Europa CE 73\/23\/EEC and 93\/68\/EEC, EN50131: 1997, EN50131-6: 1997, EN60950: 2000, EN60335-1:&hellip;<\/p>\n","protected":false},"featured_media":3838,"comment_status":"open","ping_status":"closed","template":"","meta":{"om_disable_all_campaigns":false,"_monsterinsights_skip_tracking":false,"_monsterinsights_sitenote_active":false,"_monsterinsights_sitenote_note":"","_monsterinsights_sitenote_category":0},"product_brand":[],"product_cat":[281],"product_tag":[212,211,151],"class_list":{"0":"post-3839","1":"product","2":"type-product","3":"status-publish","4":"has-post-thumbnail","6":"product_cat-sensores-de-alarma-alarmas-bosch","7":"product_tag-alarmas","8":"product_tag-alarmas-e-intrusion","9":"product_tag-seguridad","11":"first","12":"instock","13":"sale","14":"taxable","15":"shipping-taxable","16":"purchasable","17":"product-type-simple"},"aioseo_notices":[],"_links":{"self":[{"href":"https:\/\/tecsecmty.com\/index.php\/wp-json\/wp\/v2\/product\/3839","targetHints":{"allow":["GET"]}}],"collection":[{"href":"https:\/\/tecsecmty.com\/index.php\/wp-json\/wp\/v2\/product"}],"about":[{"href":"https:\/\/tecsecmty.com\/index.php\/wp-json\/wp\/v2\/types\/product"}],"replies":[{"embeddable":true,"href":"https:\/\/tecsecmty.com\/index.php\/wp-json\/wp\/v2\/comments?post=3839"}],"version-history":[{"count":0,"href":"https:\/\/tecsecmty.com\/index.php\/wp-json\/wp\/v2\/product\/3839\/revisions"}],"wp:featuredmedia":[{"embeddable":true,"href":"https:\/\/tecsecmty.com\/index.php\/wp-json\/wp\/v2\/media\/3838"}],"wp:attachment":[{"href":"https:\/\/tecsecmty.com\/index.php\/wp-json\/wp\/v2\/media?parent=3839"}],"wp:term":[{"taxonomy":"product_brand","embeddable":true,"href":"https:\/\/tecsecmty.com\/index.php\/wp-json\/wp\/v2\/product_brand?post=3839"},{"taxonomy":"product_cat","embeddable":true,"href":"https:\/\/tecsecmty.com\/index.php\/wp-json\/wp\/v2\/product_cat?post=3839"},{"taxonomy":"product_tag","embeddable":true,"href":"https:\/\/tecsecmty.com\/index.php\/wp-json\/wp\/v2\/product_tag?post=3839"}],"curies":[{"name":"wp","href":"https:\/\/api.w.org\/{rel}","templated":true}]}}