{"id":3841,"date":"2023-02-23T00:26:30","date_gmt":"2023-02-23T06:26:30","guid":{"rendered":"https:\/\/tecsecmty.com\/index.php\/producto\/bosch-i_isncsm35w-contacto-estandar-blanco-paquete-con-10-piezas\/"},"modified":"2023-03-22T23:21:24","modified_gmt":"2023-03-23T05:21:24","slug":"bosch-i_isncsm35w-contacto-estandar-blanco-paquete-con-10-piezas","status":"publish","type":"product","link":"https:\/\/tecsecmty.com\/index.php\/producto\/bosch-i_isncsm35w-contacto-estandar-blanco-paquete-con-10-piezas\/","title":{"rendered":"BOSCH I_ISNCSM35W- Contacto est\u00e1ndar blanco\/ Paquete con 10 piezas"},"content":{"rendered":"<h5 class=\"card-title text-center\">Caracter\u00edsticas y Especificaciones<\/h5>\n<p>Lazo cerrado<\/p>\n<p>Tama\u00f1o industrial est\u00e1ndar<\/p>\n<p>Separadores, tornillos y cubierta incluidos<\/p>\n<p>Los contactos est\u00e1n disponibles en marr\u00f3n o en blanco.<\/p>\n<p class=\"ql-align-justify\"><strong>Informaci\u00f3n sobre pedidos<\/strong><\/p>\n<p><strong>Contacto est\u00e1ndar marr\u00f3n<\/strong><\/p>\n<p>Contacto de montaje en superficie marr\u00f3n para aplicaciones est\u00e1ndar. El paquete contiene diez conjuntos con contactos, separadores, tornillos, cubiertas y diez imanes. N\u00famero de pedido ISN-CSM35-B<\/p>\n<p><strong>Contacto est\u00e1ndar blanco<\/strong><\/p>\n<p>Contacto de montaje en superficie blanco para aplicaciones est\u00e1ndar. El paquete contiene diez conjuntos con contactos, separadores, tornillos, cubiertas y diez imanes. N\u00famero de pedido ISN-CSM35-W<\/p>\n<p><strong>Contacto de gran distancia marr\u00f3n<\/strong><\/p>\n<p>Contacto de montaje en superficie marr\u00f3n para puertas met\u00e1licas pesadas y aplicaciones comerciales en espacios amplios. El paquete contiene diez conjuntos con contactos, separadores, tornillos, cubiertas y diez imanes. N\u00famero de pedido ISN-CSM35-WGB<\/p>\n<p><strong>Contacto de gran distancia blanco<\/strong><\/p>\n<p>Contacto de montaje en superficie blanco para puertas met\u00e1licas pesadas y aplicaciones comerciales en espacios amplios. El paquete contiene diez conjuntos con contactos, separadores, tornillos, cubiertas y diez imanes. N\u00famero de pedido ISN-CSM35-WGW<\/p>\n<p><img decoding=\"async\" class=\"overview-center-img-web\" src=\"https:\/\/tvc.mx\/media\/327851\/BANNER-INTRUSION.png\" alt=\"\" \/><\/p>\n","protected":false},"excerpt":{"rendered":"<p>Caracter\u00edsticas y Especificaciones Lazo cerrado Tama\u00f1o industrial est\u00e1ndar Separadores, tornillos y cubierta incluidos Los contactos est\u00e1n disponibles en marr\u00f3n o en blanco. Informaci\u00f3n sobre pedidos Contacto est\u00e1ndar marr\u00f3n Contacto de montaje en superficie marr\u00f3n para aplicaciones est\u00e1ndar. El paquete contiene diez conjuntos con contactos, separadores,&hellip;<\/p>\n","protected":false},"featured_media":3840,"comment_status":"open","ping_status":"closed","template":"","meta":{"om_disable_all_campaigns":false,"_monsterinsights_skip_tracking":false,"_monsterinsights_sitenote_active":false,"_monsterinsights_sitenote_note":"","_monsterinsights_sitenote_category":0},"product_brand":[],"product_cat":[281],"product_tag":[212,211,151],"class_list":{"0":"post-3841","1":"product","2":"type-product","3":"status-publish","4":"has-post-thumbnail","6":"product_cat-sensores-de-alarma-alarmas-bosch","7":"product_tag-alarmas","8":"product_tag-alarmas-e-intrusion","9":"product_tag-seguridad","11":"first","12":"instock","13":"sale","14":"taxable","15":"shipping-taxable","16":"purchasable","17":"product-type-simple"},"aioseo_notices":[],"_links":{"self":[{"href":"https:\/\/tecsecmty.com\/index.php\/wp-json\/wp\/v2\/product\/3841","targetHints":{"allow":["GET"]}}],"collection":[{"href":"https:\/\/tecsecmty.com\/index.php\/wp-json\/wp\/v2\/product"}],"about":[{"href":"https:\/\/tecsecmty.com\/index.php\/wp-json\/wp\/v2\/types\/product"}],"replies":[{"embeddable":true,"href":"https:\/\/tecsecmty.com\/index.php\/wp-json\/wp\/v2\/comments?post=3841"}],"version-history":[{"count":0,"href":"https:\/\/tecsecmty.com\/index.php\/wp-json\/wp\/v2\/product\/3841\/revisions"}],"wp:featuredmedia":[{"embeddable":true,"href":"https:\/\/tecsecmty.com\/index.php\/wp-json\/wp\/v2\/media\/3840"}],"wp:attachment":[{"href":"https:\/\/tecsecmty.com\/index.php\/wp-json\/wp\/v2\/media?parent=3841"}],"wp:term":[{"taxonomy":"product_brand","embeddable":true,"href":"https:\/\/tecsecmty.com\/index.php\/wp-json\/wp\/v2\/product_brand?post=3841"},{"taxonomy":"product_cat","embeddable":true,"href":"https:\/\/tecsecmty.com\/index.php\/wp-json\/wp\/v2\/product_cat?post=3841"},{"taxonomy":"product_tag","embeddable":true,"href":"https:\/\/tecsecmty.com\/index.php\/wp-json\/wp\/v2\/product_tag?post=3841"}],"curies":[{"name":"wp","href":"https:\/\/api.w.org\/{rel}","templated":true}]}}