{"id":3845,"date":"2023-02-23T00:26:34","date_gmt":"2023-02-23T06:26:34","guid":{"rendered":"https:\/\/tecsecmty.com\/index.php\/producto\/bosch-i_isnsm80-detector-sismico-radio-de-funcionamiento-de-5-mts-en-hormigon-y-area-de-control-de-80-mts-cuadrados\/"},"modified":"2023-03-22T23:21:24","modified_gmt":"2023-03-23T05:21:24","slug":"bosch-i_isnsm80-detector-sismico-radio-de-funcionamiento-de-5-mts-en-hormigon-y-area-de-control-de-80-mts-cuadrados","status":"publish","type":"product","link":"https:\/\/tecsecmty.com\/index.php\/producto\/bosch-i_isnsm80-detector-sismico-radio-de-funcionamiento-de-5-mts-en-hormigon-y-area-de-control-de-80-mts-cuadrados\/","title":{"rendered":"BOSCH I_ISNSM80 &#8211; Detector SISMICO \/ Radio de funcionamiento de 5 Mts en hormigon y area de control de 80 Mts cuadrados"},"content":{"rendered":"<p><img fetchpriority=\"high\" decoding=\"async\" class=\"aligncenter\" src=\"http:\/\/soporte.tvc.mx\/Ingenieria\/BOSCH\/BANNER\/ALLTECH.jpg\" alt=\"\" width=\"734\" height=\"187\" \/><\/p>\n<p>&nbsp;<\/p>\n<p>&nbsp;<\/p>\n<p>Los detectores s\u00edsmicos controlan objetos y superficies, disponen de un dise\u00f1o de bajo perfil y se pueden instalar sin esfuerzo, incluso en espacios reducidos. Los detectores s\u00edsmicos ISN-SM se han dise\u00f1ado para controlar cajas fuertes, dep\u00f3sitos nocturnos y cajeros autom\u00e1ticos.<\/p>\n<p>&nbsp;<\/p>\n<p><strong>Resumen del sistema<\/strong><\/p>\n<p>Al realizar cortes o perforaciones en materiales como cemento, acero o refuerzos sint\u00e9ticos, se producen desviaciones en el patr\u00f3n de vibraci\u00f3n normal de las estructuras. El sensor SENSTEC convierte las desviaciones en la vibraci\u00f3n en se\u00f1ales el\u00e9ctricas. El procesamiento digital del detector s\u00edsmico analiza las se\u00f1ales y las compara con el rango de frecuencias habitual de las herramientas que se utilizan para asaltar cajas fuertes, dep\u00f3sitos nocturnos, etc. Si las se\u00f1ales entran en dicho rango, el detector s\u00edsmico transmite una alarma a trav\u00e9s de un contacto de rel\u00e9.<\/p>\n<p><strong>Funciones b\u00e1sicas<\/strong><\/p>\n<p><strong>Detecci\u00f3n<\/strong><\/p>\n<p>El detector s\u00edsmico reconoce las vibraciones provocadas por explosivos y herramientas como taladros con punta de diamante, martillos mec\u00e1nicos e hidr\u00e1ulicos, sopletes, herramientas t\u00e9rmicas o de corte con chorro de agua. El sensor SENSTEC y el procesamiento de se\u00f1ales digitales controlan un estrecho rango de frecuencias, lo que ofrece una detecci\u00f3n fiable. El detector s\u00edsmico admite condiciones ambientales, como el movimiento de aire o los ruidos.<\/p>\n<p>&nbsp;<\/p>\n<p>&nbsp;<\/p>\n<p>&nbsp;<\/p>\n<p>&nbsp;<\/p>\n<p>&nbsp;<\/p>\n<p><strong>Principales Caracteristicas:<\/strong><\/p>\n<ul>\n<li>Vigilancia ininterrumpida de paredes y puertas de c\u00e1maras acorazadas, cajas fuertes, dep\u00f3sitos nocturnos y cajeros autom\u00e1ticos.<\/li>\n<li>Ajustes de sensibilidad mediante conmutadores DIP.<\/li>\n<li>Sensor SENSTEC\u00ae y sistema de procesamiento de se\u00f1ales basado en microcontroladores.<\/li>\n<li>Dise\u00f1o de bajo perfil.<\/li>\n<\/ul>\n<p><strong>\u00a0<\/strong><\/p>\n<p><strong>\u00a0<\/strong><\/p>\n<p><strong>Especificiones:<\/strong><\/p>\n<ul>\n<li>Compatibilidad: Mejor que EN 50130-4.<\/li>\n<li>Tolerancia de interferencia de HF (EN 61000-4-3): No hay alarma o configuraci\u00f3n en frecuencias cr\u00edticas en un rango de 1 MHz a 1000 MHz a&gt; 30 V \/ m.<\/li>\n<li>Dimensiones: 8,9 cm x 8,9 cm x 2,2 cm.<\/li>\n<li>Peso: 0,320 kg.<\/li>\n<li>Humedad (EN60721): Hasta 95% de humedad relativa, sin condensaci\u00f3n.<\/li>\n<li>Clase de protecci\u00f3n de la carcasa (EN 60529, EN 50102): IP435.<\/li>\n<li>Temperatura (funcionamiento): -40 \u00b0 C a +70 \u00b0 C.<\/li>\n<li>Temperatura (almacenamiento): -50 \u00b0 C a +70 \u00b0 C.<\/li>\n<li>Para la prueba: Bajo &lt;1,5 VDC Alto&gt; 3,5 VDC.<\/li>\n<li>Duraci\u00f3n del ensayo (incluido el transmisor de prueba ISN-GMX-S1): \u2264 3 s.<\/li>\n<\/ul>\n","protected":false},"excerpt":{"rendered":"<p>&nbsp; &nbsp; Los detectores s\u00edsmicos controlan objetos y superficies, disponen de un dise\u00f1o de bajo perfil y se pueden instalar sin esfuerzo, incluso en espacios reducidos. Los detectores s\u00edsmicos ISN-SM se han dise\u00f1ado para controlar cajas fuertes, dep\u00f3sitos nocturnos y cajeros autom\u00e1ticos. &nbsp; Resumen del&hellip;<\/p>\n","protected":false},"featured_media":3844,"comment_status":"open","ping_status":"closed","template":"","meta":{"om_disable_all_campaigns":false,"_monsterinsights_skip_tracking":false,"_monsterinsights_sitenote_active":false,"_monsterinsights_sitenote_note":"","_monsterinsights_sitenote_category":0},"product_brand":[],"product_cat":[281],"product_tag":[212,211,151],"class_list":{"0":"post-3845","1":"product","2":"type-product","3":"status-publish","4":"has-post-thumbnail","6":"product_cat-sensores-de-alarma-alarmas-bosch","7":"product_tag-alarmas","8":"product_tag-alarmas-e-intrusion","9":"product_tag-seguridad","11":"first","12":"instock","13":"sale","14":"taxable","15":"shipping-taxable","16":"purchasable","17":"product-type-simple"},"aioseo_notices":[],"_links":{"self":[{"href":"https:\/\/tecsecmty.com\/index.php\/wp-json\/wp\/v2\/product\/3845","targetHints":{"allow":["GET"]}}],"collection":[{"href":"https:\/\/tecsecmty.com\/index.php\/wp-json\/wp\/v2\/product"}],"about":[{"href":"https:\/\/tecsecmty.com\/index.php\/wp-json\/wp\/v2\/types\/product"}],"replies":[{"embeddable":true,"href":"https:\/\/tecsecmty.com\/index.php\/wp-json\/wp\/v2\/comments?post=3845"}],"version-history":[{"count":0,"href":"https:\/\/tecsecmty.com\/index.php\/wp-json\/wp\/v2\/product\/3845\/revisions"}],"wp:featuredmedia":[{"embeddable":true,"href":"https:\/\/tecsecmty.com\/index.php\/wp-json\/wp\/v2\/media\/3844"}],"wp:attachment":[{"href":"https:\/\/tecsecmty.com\/index.php\/wp-json\/wp\/v2\/media?parent=3845"}],"wp:term":[{"taxonomy":"product_brand","embeddable":true,"href":"https:\/\/tecsecmty.com\/index.php\/wp-json\/wp\/v2\/product_brand?post=3845"},{"taxonomy":"product_cat","embeddable":true,"href":"https:\/\/tecsecmty.com\/index.php\/wp-json\/wp\/v2\/product_cat?post=3845"},{"taxonomy":"product_tag","embeddable":true,"href":"https:\/\/tecsecmty.com\/index.php\/wp-json\/wp\/v2\/product_tag?post=3845"}],"curies":[{"name":"wp","href":"https:\/\/api.w.org\/{rel}","templated":true}]}}