{"id":3849,"date":"2023-02-23T00:26:41","date_gmt":"2023-02-23T06:26:41","guid":{"rendered":"https:\/\/tecsecmty.com\/index.php\/producto\/bosch-i_rfbta-detector-especial-para-caja-registradora-detecta-retirada-de-billete-inalambrico\/"},"modified":"2023-03-22T23:21:24","modified_gmt":"2023-03-23T05:21:24","slug":"bosch-i_rfbta-detector-especial-para-caja-registradora-detecta-retirada-de-billete-inalambrico","status":"publish","type":"product","link":"https:\/\/tecsecmty.com\/index.php\/producto\/bosch-i_rfbta-detector-especial-para-caja-registradora-detecta-retirada-de-billete-inalambrico\/","title":{"rendered":"BOSCH I_RFBTA &#8211; Detector especial para caja registradora \/ Detecta retirada de billete \/ Inalambrico"},"content":{"rendered":"<p><img fetchpriority=\"high\" decoding=\"async\" src=\"http:\/\/soporte.tvc.mx\/Ingenieria\/BOSCH\/BANNER\/ALLTECH.jpg\" alt=\"\" width=\"734\" height=\"187\" \/><\/p>\n<p>&nbsp;<\/p>\n<p>&nbsp;<\/p>\n<p>&nbsp;<\/p>\n<p>El dispositivo RADION inal\u00e1mbrico de Bosch proporciona una bater\u00eda de duraci\u00f3n excepcional as\u00ed como la escalabilidad y el alcance necesarios para garantizar un rendimiento fiable y una calidad superior. El diagn\u00f3stico avanzado y las opciones de registro de varios dispositivos hacen que la instalaci\u00f3n y el mantenimiento sean sencillos y econ\u00f3micos. Con una completa gama de perif\u00e9ricos, RADION ofrece la flexibilidad para adaptarse a pr\u00e1cticamente todas las aplicaciones.<\/p>\n<p>&nbsp;<\/p>\n<p>RADION specialty es un transmisor inal\u00e1mbrico de pinza de billete por radiofrecuencia (RF) que ofrece una protecci\u00f3n no visible para centros comerciales y financieras. El transmisor de pinza de billete consta de una caja rectangular dise\u00f1ada para permanecer oculta dentro de las cajas registradoras. Al detectar la retirada de un billete del interior del mecanismo, el detector especial de pinza de billete RADION transmite una alarma de atraco silencioso para situaciones como un intento de robo.<\/p>\n<p>&nbsp;<\/p>\n<p><strong>Funciones Basicas<\/strong><\/p>\n<p>Supervisi\u00f3n:<\/p>\n<ul>\n<li>El nivel de la bater\u00eda y el dispositivo se encuentran supervisados. Esto ayuda a garantizar un funcionamiento seguro frente a p\u00e9rdidas de\u00a0funcionamiento no detectadas por una desactivaci\u00f3n inesperada de la zona de protecci\u00f3n. La supervisi\u00f3n tambi\u00e9n se lleva a cabo para evitar da\u00f1os al usuario final, controlar la exposici\u00f3n a temperaturas extremas u otras situaciones similares.<\/li>\n<\/ul>\n<p>Detecci\u00f3n antisabotaje:<\/p>\n<ul>\n<li>La pinza de billete tiene funciones de detecci\u00f3n antisabotaje dise\u00f1adas para activar una se\u00f1al de alarma cuando el billete se retira de una caja registradora.<\/li>\n<\/ul>\n<p>Carcasa con autocierre:<\/p>\n<ul>\n<li>La caja corredera con autocierre es peque\u00f1a y negra para que no llame la atenci\u00f3n dentro de la caja registradora.<\/li>\n<\/ul>\n<p>Tama\u00f1o reducido:<\/p>\n<ul>\n<li>La pinza de billete se ha dise\u00f1ado para adaptarse a los espacios para billetes de las cajas registradoras y que pueda ocultarse f\u00e1cilmente. El mecanismo de pinza encaja en la mayor\u00eda de tipos de billetes.<\/li>\n<\/ul>\n<p>&nbsp;<\/p>\n<p><strong>Princiopales Caracteristicas:<\/strong><\/p>\n<ul>\n<li>Detecta la retirada de un billete para enviar una alarma de atraco silencioso.<\/li>\n<li>Autonom\u00eda de hasta 5 a\u00f1os con una sola bater\u00eda AAA de litio que puede cambiar el propio usuario.<\/li>\n<li>Tama\u00f1o delgado para adaptarse f\u00e1cilmente a la mayor\u00eda de cajas registradoras.<\/li>\n<li>Caja corredera con autocierre para una instalaci\u00f3n sencilla.<\/li>\n<li>Control de estado de bater\u00eda baja, sabotaje de tapa y separaci\u00f3n de la superficie de montaje.<\/li>\n<\/ul>\n<p>&nbsp;<\/p>\n<p><strong>Especificaciones<\/strong>:<\/p>\n<ul>\n<li>Tensi\u00f3n de servicio m\u00e1xima en VDC 30.<\/li>\n<li>Corriente conductora m\u00e1xima en A 0.5.<\/li>\n<li>M\u00e1ximo grado de contacto en W 1.<\/li>\n<li>Dimensiones 48,8 mm x 154,1 mm x 23,6 mm (1,92 pulgadas x 6,06 pulgadas x 0,93 pulgadas).<\/li>\n<li>Detecci\u00f3n de manipulaci\u00f3n: Transmite una se\u00f1al de interruptor de manipulaci\u00f3n cuando se retira la unidad de su base o de la superficie de montaje.<\/li>\n<li>Alimentaci\u00f3n \/ voltaje: 1,5 VDC Litio (AAA).<\/li>\n<li>Tipo de bater\u00eda: AAA.<\/li>\n<li>Duraci\u00f3n de la bater\u00eda: Hasta 5 a\u00f1os.<\/li>\n<li>Frecuencia: 433,42 MHz.<\/li>\n<li>Temperatura: Rango funcional: -10 \u00baC a +49 \u00baC (UL): s\u00f3lo de 0 \u00baC a +49 \u00baC (+32 \u00baC a + 120 \u00baC).<\/li>\n<li>Humedad relativa: hasta 93% sin condensaci\u00f3n.<\/li>\n<li>Uso: Dise\u00f1ado para uso en interiores.<\/li>\n<\/ul>\n<p>&nbsp;<\/p>\n","protected":false},"excerpt":{"rendered":"<p>&nbsp; &nbsp; &nbsp; El dispositivo RADION inal\u00e1mbrico de Bosch proporciona una bater\u00eda de duraci\u00f3n excepcional as\u00ed como la escalabilidad y el alcance necesarios para garantizar un rendimiento fiable y una calidad superior. El diagn\u00f3stico avanzado y las opciones de registro de varios dispositivos hacen que&hellip;<\/p>\n","protected":false},"featured_media":3848,"comment_status":"open","ping_status":"closed","template":"","meta":{"om_disable_all_campaigns":false,"_monsterinsights_skip_tracking":false,"_monsterinsights_sitenote_active":false,"_monsterinsights_sitenote_note":"","_monsterinsights_sitenote_category":0},"product_brand":[],"product_cat":[281],"product_tag":[212,211,151],"class_list":{"0":"post-3849","1":"product","2":"type-product","3":"status-publish","4":"has-post-thumbnail","6":"product_cat-sensores-de-alarma-alarmas-bosch","7":"product_tag-alarmas","8":"product_tag-alarmas-e-intrusion","9":"product_tag-seguridad","11":"first","12":"instock","13":"sale","14":"taxable","15":"shipping-taxable","16":"purchasable","17":"product-type-simple"},"aioseo_notices":[],"_links":{"self":[{"href":"https:\/\/tecsecmty.com\/index.php\/wp-json\/wp\/v2\/product\/3849","targetHints":{"allow":["GET"]}}],"collection":[{"href":"https:\/\/tecsecmty.com\/index.php\/wp-json\/wp\/v2\/product"}],"about":[{"href":"https:\/\/tecsecmty.com\/index.php\/wp-json\/wp\/v2\/types\/product"}],"replies":[{"embeddable":true,"href":"https:\/\/tecsecmty.com\/index.php\/wp-json\/wp\/v2\/comments?post=3849"}],"version-history":[{"count":0,"href":"https:\/\/tecsecmty.com\/index.php\/wp-json\/wp\/v2\/product\/3849\/revisions"}],"wp:featuredmedia":[{"embeddable":true,"href":"https:\/\/tecsecmty.com\/index.php\/wp-json\/wp\/v2\/media\/3848"}],"wp:attachment":[{"href":"https:\/\/tecsecmty.com\/index.php\/wp-json\/wp\/v2\/media?parent=3849"}],"wp:term":[{"taxonomy":"product_brand","embeddable":true,"href":"https:\/\/tecsecmty.com\/index.php\/wp-json\/wp\/v2\/product_brand?post=3849"},{"taxonomy":"product_cat","embeddable":true,"href":"https:\/\/tecsecmty.com\/index.php\/wp-json\/wp\/v2\/product_cat?post=3849"},{"taxonomy":"product_tag","embeddable":true,"href":"https:\/\/tecsecmty.com\/index.php\/wp-json\/wp\/v2\/product_tag?post=3849"}],"curies":[{"name":"wp","href":"https:\/\/api.w.org\/{rel}","templated":true}]}}