{"id":3855,"date":"2023-02-23T00:26:52","date_gmt":"2023-02-23T06:26:52","guid":{"rendered":"https:\/\/tecsecmty.com\/index.php\/producto\/bosch-i_rfgba-sensor-de-roptura-de-cristal-inalambrico-radion\/"},"modified":"2023-03-22T23:21:24","modified_gmt":"2023-03-23T05:21:24","slug":"bosch-i_rfgba-sensor-de-roptura-de-cristal-inalambrico-radion","status":"publish","type":"product","link":"https:\/\/tecsecmty.com\/index.php\/producto\/bosch-i_rfgba-sensor-de-roptura-de-cristal-inalambrico-radion\/","title":{"rendered":"BOSCH I_RFGBA &#8211; Sensor de ROPTURA de cristal inalambrico RADION"},"content":{"rendered":"<div class=\"products_description\">\n<p><img fetchpriority=\"high\" decoding=\"async\" src=\"http:\/\/soporte.tvc.mx\/Ingenieria\/BOSCH\/BANNER\/ALLTECH.jpg\" alt=\"\" width=\"734\" height=\"187\" \/><\/p>\n<p>&nbsp;<\/p>\n<p>El dispositivo RADION inal\u00e1mbrico de Bosch proporciona una bater\u00eda de duraci\u00f3n excepcional as\u00ed como la escalabilidad y el alcance necesarios para garantizar un rendimiento fiable y una calidad superior. El diagn\u00f3stico avanzado y las opciones de registro de varios dispositivos hacen que la instalaci\u00f3n y el mantenimiento sean sencillos y econ\u00f3micos. Con una completa gama de perif\u00e9ricos, RADION ofrece la flexibilidad para adaptarse a pr\u00e1cticamente todas las aplicaciones.<\/p>\n<p>&nbsp;<\/p>\n<p><strong>Resumen del sistema<\/strong><\/p>\n<p>RADION glassbreak es un sensor inal\u00e1mbrico que detecta las roturas de cristal. Est\u00e1 equipado con un interruptor de bucle antisabotaje y viene configurado de f\u00e1brica para optimizar la inmunidad ante falsas alarmas y el nivel de detecci\u00f3n en cualquier entorno.<\/p>\n<p>&nbsp;<\/p>\n<p><strong>Funciones b\u00e1sicas<\/strong><\/p>\n<p><strong>Tecnolog\u00eda ac\u00fastica dual<\/strong><\/p>\n<p>Cuando un objeto golpea un cristal, este absorbe el golpe y emite una onda de presi\u00f3n ac\u00fastica de baja frecuencia, denominada onda flexible. Cuando la fuerza del impacto es demasiado grande, el cristal se hace pedazos y emite una se\u00f1al de audio de alta\u00a0frecuencia. El sonido de un timbre o la rotura de un jarr\u00f3n producen una se\u00f1al de audio similar, pero no generan una onda flexible. El detector de rotura de cristal detecta primero la onda flexible y luego la se\u00f1al ac\u00fastica, de forma que se reduce el n\u00famero de falsas alarmas procedentes de objetos que solo emiten se\u00f1ales de audio de alta frecuencia. El sensor de rotura de cristal detecta la rotura de lunas, vidrio templado, vidrio armado y cristal laminado con un grosor de hasta 6,4 mm (0,25 pulg.) a trav\u00e9s de persianas y tejidos ligeros. El micr\u00f3fono omnidireccional que incluye el sensor de rotura de cristal puede detectar una se\u00f1al de sonido en un radio de 360 grados, lo que permite una detecci\u00f3n ac\u00fastica y un control excelentes.<\/p>\n<p><strong>Sensibilidad del detector de rotura de cristal<\/strong><\/p>\n<p>Niveles de sensibilidad configurados de f\u00e1brica para adaptarse a cualquier entorno.<\/p>\n<p><strong>Interruptores antisabotaje<\/strong><\/p>\n<p>El detector de rotura de cristal dispone tambi\u00e9n de un interruptor de bucle antisabotaje de pared y de tapa que transmite una se\u00f1al de sabotaje cuando se retira el detector de la base o de la pared.<\/p>\n<p>&nbsp;<\/p>\n<p><strong>Principales Caracteristicas:\u00a0<\/strong><\/p>\n<ul>\n<li>Tecnolog\u00eda de detecci\u00f3n ac\u00fastica de doble frecuencia.<\/li>\n<li>Caja corredera con autocierre para una instalaci\u00f3n sencilla.<\/li>\n<li>Autonom\u00eda de hasta 5 a\u00f1os con una bater\u00eda de litio CR123A que puede cambiar el propio usuario.<\/li>\n<li>Control de estado de bater\u00eda baja, sabotaje de tapa y separaci\u00f3n de la superficie de montaje.<\/li>\n<\/ul>\n<p>&nbsp;<\/p>\n<p><strong>Especificiones:<\/strong><\/p>\n<ul>\n<li>Dimensiones: 101.42 mm x 112.90 mm x 35 mm (3.99 pulg x 4.44 pulg x 1.38 pulg)<\/li>\n<li>Potencia \/ Voltaje: 3 VDC..<\/li>\n<li>Tipo de pila: Una pila de litio CR123A.<\/li>\n<li>Duraci\u00f3n de la bater\u00eda: Hasta 5 a\u00f1os.<\/li>\n<li>Tipos de vidrio y espesor: Tipo, Grosor.<\/li>\n<li>Placa de 2,4 mm a 6,4 mm (3\/32 in a 1\/4 in).<\/li>\n<li>Templado de 3,2 mm a 6,4 mm (1\/8 in a 1\/4 in).<\/li>\n<li>Laminado de 3,2 mm a 6,4 mm (1\/8 in a 1\/4 in).<\/li>\n<li>Cableado de 6,4 mm (1\/4 in).<\/li>\n<li>Tama\u00f1o m\u00ednimo del panel para todos los tipos de vidrio 1,2 m (4 pies).<\/li>\n<li>Micr\u00f3fono: Omnidireccional 360 \u309a electret.<\/li>\n<li>Distancia m\u00ednima desde el cristal 1,2 m (4 pies).<\/li>\n<\/ul>\n<p>&nbsp;<\/p>\n<p>&nbsp;<\/p>\n<p>&nbsp;<\/p>\n<\/div>\n<div><\/div>\n","protected":false},"excerpt":{"rendered":"<p>&nbsp; El dispositivo RADION inal\u00e1mbrico de Bosch proporciona una bater\u00eda de duraci\u00f3n excepcional as\u00ed como la escalabilidad y el alcance necesarios para garantizar un rendimiento fiable y una calidad superior. El diagn\u00f3stico avanzado y las opciones de registro de varios dispositivos hacen que la instalaci\u00f3n&hellip;<\/p>\n","protected":false},"featured_media":3854,"comment_status":"open","ping_status":"closed","template":"","meta":{"om_disable_all_campaigns":false,"_monsterinsights_skip_tracking":false,"_monsterinsights_sitenote_active":false,"_monsterinsights_sitenote_note":"","_monsterinsights_sitenote_category":0},"product_brand":[],"product_cat":[281],"product_tag":[212,211,151],"class_list":{"0":"post-3855","1":"product","2":"type-product","3":"status-publish","4":"has-post-thumbnail","6":"product_cat-sensores-de-alarma-alarmas-bosch","7":"product_tag-alarmas","8":"product_tag-alarmas-e-intrusion","9":"product_tag-seguridad","11":"first","12":"instock","13":"sale","14":"taxable","15":"shipping-taxable","16":"purchasable","17":"product-type-simple"},"aioseo_notices":[],"_links":{"self":[{"href":"https:\/\/tecsecmty.com\/index.php\/wp-json\/wp\/v2\/product\/3855","targetHints":{"allow":["GET"]}}],"collection":[{"href":"https:\/\/tecsecmty.com\/index.php\/wp-json\/wp\/v2\/product"}],"about":[{"href":"https:\/\/tecsecmty.com\/index.php\/wp-json\/wp\/v2\/types\/product"}],"replies":[{"embeddable":true,"href":"https:\/\/tecsecmty.com\/index.php\/wp-json\/wp\/v2\/comments?post=3855"}],"version-history":[{"count":0,"href":"https:\/\/tecsecmty.com\/index.php\/wp-json\/wp\/v2\/product\/3855\/revisions"}],"wp:featuredmedia":[{"embeddable":true,"href":"https:\/\/tecsecmty.com\/index.php\/wp-json\/wp\/v2\/media\/3854"}],"wp:attachment":[{"href":"https:\/\/tecsecmty.com\/index.php\/wp-json\/wp\/v2\/media?parent=3855"}],"wp:term":[{"taxonomy":"product_brand","embeddable":true,"href":"https:\/\/tecsecmty.com\/index.php\/wp-json\/wp\/v2\/product_brand?post=3855"},{"taxonomy":"product_cat","embeddable":true,"href":"https:\/\/tecsecmty.com\/index.php\/wp-json\/wp\/v2\/product_cat?post=3855"},{"taxonomy":"product_tag","embeddable":true,"href":"https:\/\/tecsecmty.com\/index.php\/wp-json\/wp\/v2\/product_tag?post=3855"}],"curies":[{"name":"wp","href":"https:\/\/api.w.org\/{rel}","templated":true}]}}