{"id":3857,"date":"2023-02-23T00:26:56","date_gmt":"2023-02-23T06:26:56","guid":{"rendered":"https:\/\/tecsecmty.com\/index.php\/producto\/bosch-i_rfpr12a-detector-de-movimiento-inalambrico-radion-bateria-con-un-funcionamiento-de-hasta-60-meses\/"},"modified":"2023-03-22T23:21:24","modified_gmt":"2023-03-23T05:21:24","slug":"bosch-i_rfpr12a-detector-de-movimiento-inalambrico-radion-bateria-con-un-funcionamiento-de-hasta-60-meses","status":"publish","type":"product","link":"https:\/\/tecsecmty.com\/index.php\/producto\/bosch-i_rfpr12a-detector-de-movimiento-inalambrico-radion-bateria-con-un-funcionamiento-de-hasta-60-meses\/","title":{"rendered":"BOSCH I_RFPR12A &#8211; Detector de movimiento inalambrico RADION \/ Bateria con un funcionamiento de hasta 60 meses"},"content":{"rendered":"<p><img fetchpriority=\"high\" decoding=\"async\" src=\"http:\/\/soporte.tvc.mx\/Ingenieria\/BOSCH\/BANNER\/ALLTECH.jpg\" alt=\"\" width=\"734\" height=\"187\" \/><\/p>\n<p>&nbsp;<\/p>\n<p>&nbsp;<\/p>\n<p>El dispositivo RADION inal\u00e1mbrico de Bosch proporciona una bater\u00eda de duraci\u00f3n excepcional as\u00ed como la escalabilidad y el alcance necesarios para garantizar un rendimiento fiable y una calidad superior. El diagn\u00f3stico avanzado y las opciones de registro de varios dispositivos hacen que la instalaci\u00f3n y el mantenimiento sean sencillos y econ\u00f3micos. Con una completa gama de perif\u00e9ricos, RADION ofrece la flexibilidad para adaptarse a pr\u00e1cticamente todas las aplicaciones.<\/p>\n<p><strong>\u00a0<\/strong><\/p>\n<p><strong>Resumen del sistema<\/strong><\/p>\n<p>RADION PIR y RADION PIR C son sensores de movimiento por infrarrojos pasivo (PIR) de alto rendimiento que utilizan un procesamiento avanzado de se\u00f1ales para proporcionar un nivel de detecci\u00f3n superior con extraordinaria inmunidad ante falsas alarmas.<\/p>\n<p><strong>Funciones b\u00e1sicas<\/strong><\/p>\n<p>Procesamiento de se\u00f1ales PIR Motion Analyzer II utiliza m\u00faltiples umbrales y ventanas de tiempo para analizar la frecuencia, amplitud, duraci\u00f3n y polaridad de las se\u00f1ales para tomar la decisi\u00f3n de un disparo de alarma. Los\u00a0detectores admiten niveles de calor y luz extremos provocados por calefactores y aires acondicionados, corrientes de aire caliente y fr\u00edo, luz solar, rayos y luces de veh\u00edculos en movimiento. Existen tres ajustes de sensibilidad.<\/p>\n<p>Caracter\u00edsticas de prueba El LED de alarma visible desde el exterior indica cada tecnolog\u00eda independientemente.<\/p>\n<p><strong>Inmunidad contra mascotas<\/strong><\/p>\n<p>El detector es capaz de distinguir entre las se\u00f1ales provocadas por humanos y las provocadas por mascotas, como la de un perro de hasta 13 kg (30 libras), dos perros de 27 kg (60 libras) o hasta 10 gatos. Esto proporciona inmunidad contra falsas alarmas a la vez que mantiene el nivel apropiado de detecci\u00f3n de blancos humanos.<\/p>\n<p><strong>Inmunidad contra corrientes e insectos<\/strong><\/p>\n<p>La c\u00e1mara \u00f3ptica sellada proporciona inmunidad contra corrientes e insectos. Compensaci\u00f3n de temperatura El sensor regula la sensibilidad para mantener el nivel de protecci\u00f3n permanente ante temperaturas cr\u00edticas.<\/p>\n<p>&nbsp;<\/p>\n<p>&nbsp;<\/p>\n<p>&nbsp;<\/p>\n<p><strong>\u00a0Principales Caracteristicas:<\/strong><\/p>\n<ul>\n<li>Dos modelos disponibles. PIR con cobertura de 12 m x 12 m (40 pies x 40 pies), PIR C con patr\u00f3n de cobertura de 12 m x 1,5 m (40 pies x 5 pies).<\/li>\n<li>Altura de montaje flexible u Inmunidad contra mascotas de hasta 13 kg (30 libras).<\/li>\n<li>Bater\u00eda CR123A con una autonom\u00eda de hasta 5 a\u00f1os que puede cambiar el propio usuario.<\/li>\n<li>Control de estado de bater\u00eda baja, sabotaje de tapa y arranque de la superficie de montaje.<\/li>\n<\/ul>\n<p>&nbsp;<\/p>\n<p><strong>Especificaciones<\/strong>:<\/p>\n<ul>\n<li>Dimensiones: 111 mm x 60 mm x 43 mm (4,4 in x 2,4 in x 1,7 in).<\/li>\n<li>Energ\u00eda \/ voltaje: Una bater\u00eda de litio CR123A, 3 VDC.<\/li>\n<li>Duraci\u00f3n de la bater\u00eda: Hasta 5 a\u00f1os.<\/li>\n<li>Temperatura: Rango funcional: -10 \u00baC a +49 \u00baC (UL): s\u00f3lo de 0 \u00baC a +49 \u00baC (+32 \u00baC a + 120 \u00baC).<\/li>\n<li>Humedad relativa: Hasta 93% sin condensaci\u00f3n.<\/li>\n<li>Interruptor de Tamper de Cubierta y Pared: Transmite una se\u00f1al de interruptor de manipulaci\u00f3n cuando el detector se retira de su base o se separa de la pared.<\/li>\n<li>Frecuencia: 433,42 MHz.<\/li>\n<li>Uso: Dise\u00f1ado para uso en interiores<\/li>\n<\/ul>\n","protected":false},"excerpt":{"rendered":"<p>&nbsp; &nbsp; El dispositivo RADION inal\u00e1mbrico de Bosch proporciona una bater\u00eda de duraci\u00f3n excepcional as\u00ed como la escalabilidad y el alcance necesarios para garantizar un rendimiento fiable y una calidad superior. El diagn\u00f3stico avanzado y las opciones de registro de varios dispositivos hacen que la&hellip;<\/p>\n","protected":false},"featured_media":3856,"comment_status":"open","ping_status":"closed","template":"","meta":{"om_disable_all_campaigns":false,"_monsterinsights_skip_tracking":false,"_monsterinsights_sitenote_active":false,"_monsterinsights_sitenote_note":"","_monsterinsights_sitenote_category":0},"product_brand":[],"product_cat":[281],"product_tag":[212,211,151],"class_list":{"0":"post-3857","1":"product","2":"type-product","3":"status-publish","4":"has-post-thumbnail","6":"product_cat-sensores-de-alarma-alarmas-bosch","7":"product_tag-alarmas","8":"product_tag-alarmas-e-intrusion","9":"product_tag-seguridad","11":"first","12":"instock","13":"sale","14":"taxable","15":"shipping-taxable","16":"purchasable","17":"product-type-simple"},"aioseo_notices":[],"_links":{"self":[{"href":"https:\/\/tecsecmty.com\/index.php\/wp-json\/wp\/v2\/product\/3857","targetHints":{"allow":["GET"]}}],"collection":[{"href":"https:\/\/tecsecmty.com\/index.php\/wp-json\/wp\/v2\/product"}],"about":[{"href":"https:\/\/tecsecmty.com\/index.php\/wp-json\/wp\/v2\/types\/product"}],"replies":[{"embeddable":true,"href":"https:\/\/tecsecmty.com\/index.php\/wp-json\/wp\/v2\/comments?post=3857"}],"version-history":[{"count":0,"href":"https:\/\/tecsecmty.com\/index.php\/wp-json\/wp\/v2\/product\/3857\/revisions"}],"wp:featuredmedia":[{"embeddable":true,"href":"https:\/\/tecsecmty.com\/index.php\/wp-json\/wp\/v2\/media\/3856"}],"wp:attachment":[{"href":"https:\/\/tecsecmty.com\/index.php\/wp-json\/wp\/v2\/media?parent=3857"}],"wp:term":[{"taxonomy":"product_brand","embeddable":true,"href":"https:\/\/tecsecmty.com\/index.php\/wp-json\/wp\/v2\/product_brand?post=3857"},{"taxonomy":"product_cat","embeddable":true,"href":"https:\/\/tecsecmty.com\/index.php\/wp-json\/wp\/v2\/product_cat?post=3857"},{"taxonomy":"product_tag","embeddable":true,"href":"https:\/\/tecsecmty.com\/index.php\/wp-json\/wp\/v2\/product_tag?post=3857"}],"curies":[{"name":"wp","href":"https:\/\/api.w.org\/{rel}","templated":true}]}}