{"id":3859,"date":"2023-02-23T00:26:59","date_gmt":"2023-02-23T06:26:59","guid":{"rendered":"https:\/\/tecsecmty.com\/index.php\/producto\/bosch-i_rfprc12a-radion-sensor-pir-cortina-detector-de-movimiento-12-x-1-5-m-inalambrico-inmune-a-mascotas\/"},"modified":"2023-03-22T23:21:25","modified_gmt":"2023-03-23T05:21:25","slug":"bosch-i_rfprc12a-radion-sensor-pir-cortina-detector-de-movimiento-12-x-1-5-m-inalambrico-inmune-a-mascotas","status":"publish","type":"product","link":"https:\/\/tecsecmty.com\/index.php\/producto\/bosch-i_rfprc12a-radion-sensor-pir-cortina-detector-de-movimiento-12-x-1-5-m-inalambrico-inmune-a-mascotas\/","title":{"rendered":"BOSCH I_RFPRC12A &#8211; RADION Sensor PIR Cortina\/ Detector de movimiento 12 x 1.5 m \/ Inalambrico \/ Inmune a mascotas"},"content":{"rendered":"<div class=\"row aling-items-center padding-bottom-2x\">\n<div class=\"col-lg-12\">\n<h5 class=\"card-title text-center\">BOSCH I_RFPRC12A &#8211; RADION Sensor PIR \/ Detector de movimiento 12 x 1.5 m \/ Inalambrico \/ Inmune a mascotas<\/h5>\n<p>El dispositivo RADION inal\u00e1mbrico de Bosch proporciona una bater\u00eda de duraci\u00f3n excepcional as\u00ed como la escalabilidad y el alcance necesarios para garantizar un rendimiento fiable y una calidad superior. El diagn\u00f3stico avanzado y las opciones de registro de varios dispositivos hacen que la instalaci\u00f3n y el mantenimiento sean sencillos y econ\u00f3micos. Con una completa gama de perif\u00e9ricos, RADION ofrece la flexibilidad para adaptarse a pr\u00e1cticamente todas las aplicaciones.<\/p>\n<p><img decoding=\"async\" class=\"overview-center-img-web\" src=\"https:\/\/tvc.mx\/media\/220263\/BANNER-INTRUSION-%281%29-%281%29.png\" alt=\"\" \/><\/div>\n<\/div>\n<div class=\"row align-items-center padding-bottom-2x\">\n<div class=\"col-md-5\"><img decoding=\"async\" class=\"d-block m-auto img-thumbnail\" src=\"https:\/\/tvc.mx\/media\/220275\/BOSCH-I-RFPRC12A-RADION-Sensor-PIR-Detector-movimiento-12-1.5-m-Inalambrico-Inmune-a-mascotas.png\" alt=\" \" \/><\/div>\n<div class=\"col-md-7 text-md-left text-center\">\n<h2>Descripci\u00f3n del sistema<\/h2>\n<p class=\"text-muted\">\n<ul>\n<li>Ideal para espacios de viviendas con cortinas<\/li>\n<li>Altura de montaje flexible<\/li>\n<li>Inmunidad contra mascotas<\/li>\n<li>Bater\u00eda CR123A con una autonom\u00eda de hasta 5 a\u00f1os que puede cambiar el propio usuario<\/li>\n<li>Control de estado de bater\u00eda baja, sabotaje de tapa y separaci\u00f3n de la superficie de montaje<\/li>\n<\/ul>\n<p>&nbsp;<\/p>\n<\/div>\n<\/div>\n<hr class=\"padding-bottom-2x\" \/>\n<div class=\"row align-items-center padding-bottom-2x\">\n<div class=\"col-md-5\"><img decoding=\"async\" class=\"d-block m-auto img-thumbnail\" src=\"https:\/\/tvc.mx\/media\/220279\/Patron-radiacion-lateral-BOSCH-I-RFPRC12A-RADION-Sensor-PIR-Detector-movimiento-12-1.5-m-Inalambrico-Inmune-a-mascotas1-.png\" alt=\" \" \/><\/div>\n<div class=\"col-md-7 text-md-left text-center\">\n<h2>Funciones<\/h2>\n<p class=\"text-muted\">\n<p>Procesamiento de se\u00f1ales PIR Motion Analyzer II utiliza m\u00faltiples umbrales y ventanas de tiempo para analizar la frecuencia, amplitud, duraci\u00f3n y polaridad de las se\u00f1ales para tomar la decisi\u00f3n de activar una alarma. Los detectores admiten niveles de calor y luz extremos provocados por calefactores y aires acondicionados, corrientes de aire caliente y fr\u00edo, luz solar, rayos y luces de veh\u00edculos en movimiento. Existen tres ajustes de sensibilidad.<\/p>\n<p>&nbsp;<\/p>\n<\/div>\n<\/div>\n<hr class=\"padding-bottom-2x\" \/>\n<div class=\"row align-items-center padding-bottom-2x\">\n<div class=\"col-md-5 order-md-2\"><img decoding=\"async\" class=\"d-block m-auto img-thumbnail\" src=\"https:\/\/tvc.mx\/media\/220287\/Medidas-dimensiones-BOSCH-I-RFPRC12A-RADION-Sensor-PIR-Detector-movimiento-12-1.5-m-Inalambrico-Inmune-a-mascotas.png\" alt=\" \" \/><\/div>\n<div class=\"col-md-7 order-md-1 text-md-left text-center\">\n<h2>Inmunidad contra mascotas\/ Inmunidad contra corrientes e insectos\/ Compensaci\u00f3n de temperatura<\/h2>\n<p class=\"text-muted\">\n<p><strong>Caracter\u00edsticas de prueba<\/strong><\/p>\n<p>El LED de alarma visible desde el exterior indica cada tecnolog\u00eda independientemente.<\/p>\n<p><strong>Inmunidad contra mascotas<\/strong><\/p>\n<p>El detector es capaz de distinguir entre las se\u00f1ales provocadas por humanos y las provocadas por mascotas, como la de un perro de hasta 13 kg (30 lb), dos perros de 27 kg (60 lb) o hasta 10 gatos. Esto proporciona inmunidad contra falsas alarmas a la vez que mantiene el nivel apropiado de detecci\u00f3n de blancos humanos.<\/p>\n<p><strong>Inmunidad contra corrientes e insectos<\/strong><\/p>\n<p>La c\u00e1mara \u00f3ptica sellada proporciona inmunidad contra corrientes e insectos.<\/p>\n<p><strong>Compensaci\u00f3n de temperatura<\/strong><\/p>\n<p>El sensor regula la sensibilidad para mantener el nivel de protecci\u00f3n permanente ante temperaturas cr\u00edticas<\/p>\n<p>&nbsp;<\/p>\n<\/div>\n<\/div>\n<hr class=\"padding-bottom-2x\" \/>\n<div class=\"row aling-items-center padding-bottom-2x\">\n<div class=\"col-lg-12\">\n<h5 class=\"card-title text-center\">Funci\u00f3n de aumento de la duraci\u00f3n de la bater\u00eda (PIR y TriTech)<\/h5>\n<p>En el modo de funcionamiento normal, una alarma solo puede transmitirse despu\u00e9s de que hayan transcurrido tres (3) minutos desde la \u00faltima restauraci\u00f3n de alarma. Este tiempo de bloqueo de 3 minutos reduce las transmisiones de RF innecesarias en zonas de tr\u00e1fico intenso, con lo que aumenta la duraci\u00f3n de la bater\u00eda.<\/p>\n<p><img decoding=\"async\" class=\"overview-center-img-web\" src=\"https:\/\/tvc.mx\/media\/220351\/banner-principal-BOSCH-I-RFPRC12A-RADION-Sensor-PIR-Detector-movimiento-12-1.5-m-Inalambrico-Inmune-a-mascotas3-%282%29.png\" alt=\"\" \/><\/div>\n<\/div>\n","protected":false},"excerpt":{"rendered":"<p>BOSCH I_RFPRC12A &#8211; RADION Sensor PIR \/ Detector de movimiento 12 x 1.5 m \/ Inalambrico \/ Inmune a mascotas El dispositivo RADION inal\u00e1mbrico de Bosch proporciona una bater\u00eda de duraci\u00f3n excepcional as\u00ed como la escalabilidad y el alcance necesarios para garantizar un rendimiento fiable&hellip;<\/p>\n","protected":false},"featured_media":3858,"comment_status":"open","ping_status":"closed","template":"","meta":{"om_disable_all_campaigns":false,"_monsterinsights_skip_tracking":false,"_monsterinsights_sitenote_active":false,"_monsterinsights_sitenote_note":"","_monsterinsights_sitenote_category":0},"product_brand":[],"product_cat":[281],"product_tag":[212,211,151],"class_list":{"0":"post-3859","1":"product","2":"type-product","3":"status-publish","4":"has-post-thumbnail","6":"product_cat-sensores-de-alarma-alarmas-bosch","7":"product_tag-alarmas","8":"product_tag-alarmas-e-intrusion","9":"product_tag-seguridad","11":"first","12":"instock","13":"sale","14":"taxable","15":"shipping-taxable","16":"purchasable","17":"product-type-simple"},"aioseo_notices":[],"_links":{"self":[{"href":"https:\/\/tecsecmty.com\/index.php\/wp-json\/wp\/v2\/product\/3859","targetHints":{"allow":["GET"]}}],"collection":[{"href":"https:\/\/tecsecmty.com\/index.php\/wp-json\/wp\/v2\/product"}],"about":[{"href":"https:\/\/tecsecmty.com\/index.php\/wp-json\/wp\/v2\/types\/product"}],"replies":[{"embeddable":true,"href":"https:\/\/tecsecmty.com\/index.php\/wp-json\/wp\/v2\/comments?post=3859"}],"version-history":[{"count":0,"href":"https:\/\/tecsecmty.com\/index.php\/wp-json\/wp\/v2\/product\/3859\/revisions"}],"wp:featuredmedia":[{"embeddable":true,"href":"https:\/\/tecsecmty.com\/index.php\/wp-json\/wp\/v2\/media\/3858"}],"wp:attachment":[{"href":"https:\/\/tecsecmty.com\/index.php\/wp-json\/wp\/v2\/media?parent=3859"}],"wp:term":[{"taxonomy":"product_brand","embeddable":true,"href":"https:\/\/tecsecmty.com\/index.php\/wp-json\/wp\/v2\/product_brand?post=3859"},{"taxonomy":"product_cat","embeddable":true,"href":"https:\/\/tecsecmty.com\/index.php\/wp-json\/wp\/v2\/product_cat?post=3859"},{"taxonomy":"product_tag","embeddable":true,"href":"https:\/\/tecsecmty.com\/index.php\/wp-json\/wp\/v2\/product_tag?post=3859"}],"curies":[{"name":"wp","href":"https:\/\/api.w.org\/{rel}","templated":true}]}}