{"id":3863,"date":"2023-02-23T00:27:05","date_gmt":"2023-02-23T06:27:05","guid":{"rendered":"https:\/\/tecsecmty.com\/index.php\/producto\/bosch-i_rfsm2a-detector-de-humo-inalambrico-sirena-incorporada-indica-alertas-de-alarma-bateria-hasta-5-anos\/"},"modified":"2023-03-22T23:21:25","modified_gmt":"2023-03-23T05:21:25","slug":"bosch-i_rfsm2a-detector-de-humo-inalambrico-sirena-incorporada-indica-alertas-de-alarma-bateria-hasta-5-anos","status":"publish","type":"product","link":"https:\/\/tecsecmty.com\/index.php\/producto\/bosch-i_rfsm2a-detector-de-humo-inalambrico-sirena-incorporada-indica-alertas-de-alarma-bateria-hasta-5-anos\/","title":{"rendered":"BOSCH I_RFSM2A-Detector de humo inalambrico \/ Sirena incorporada indica alertas de alarma \/ Bateria hasta 5 a\u00f1os"},"content":{"rendered":"<div class=\"row aling-items-center padding-bottom-2x\">\n<div class=\"col-lg-12\">\n<h5 class=\"card-title text-center\">RFSM2A-Detector de humo inalambrico \/ Sirena incorporada indica alertas de alarma \/ Bateria hasta 5 a\u00f1os<\/h5>\n<p><strong class=\"ql-font-serif\">RFSM2-A Detector de humos inal\u00e1mbrico<\/strong><\/p>\n<p><span class=\"ql-font-serif\">Detector fotoel\u00e9ctrico \u00f3ptico con detecci\u00f3n de calor adicional, fijo y de aumento de velocidad. Para uso en Norteam\u00e9rica y Sudam\u00e9rica.<\/span><\/p>\n<p><span class=\"ql-font-serif\">El RADION smoke es un detector inal\u00e1mbrico fotoel\u00e9ctrico que detecta de forma continua tanto el humo como las temperaturas altas y en r\u00e1pido aumento causadas por incendios. El detector utiliza algoritmos avanzados para analizar los datos de humo y temperatura, lo que da como resultado decisiones de alarma m\u00e1s inteligentes con menos alarmas molestas, provocadas normalmente por humos de la cocina. El detector cumple la \u00faltima norma UL268 7\u00aa edici\u00f3n y es perfecto para \u00e1reas habitables en las que es probable que se inicie el incendio, es decir, salas de estar, comedores y dormitorios.<\/span><\/p>\n<p><img decoding=\"async\" class=\"overview-center-img-web\" src=\"https:\/\/tvc.mx\/media\/649692\/encabezado-1920x400.png\" alt=\"\" \/><\/div>\n<\/div>\n<div class=\"row align-items-center padding-bottom-2x\">\n<div class=\"col-md-5\"><img decoding=\"async\" class=\"d-block m-auto img-thumbnail\" src=\"https:\/\/tvc.mx\/media\/649707\/400x300-logo.png\" alt=\" \" \/><\/div>\n<div class=\"col-md-7 text-md-left text-center\">\n<h2>Caracter\u00edsticas<\/h2>\n<p class=\"text-muted\">\n<ul>\n<li><span class=\"ql-font-serif\">Tecnolog\u00eda de sensores fotoel\u00e9ctricos fiable<\/span><\/li>\n<li><span class=\"ql-font-serif\">Sensor de calor de temperatura fija y con velocidad de incremento<\/span><\/li>\n<li><span class=\"ql-font-serif\">Sirena e indicador LED integrados para una notificaci\u00f3n inmediata<\/span><\/li>\n<li><span class=\"ql-font-serif\">Alertas de supervisi\u00f3n de estado del sensor, bater\u00eda baja y condiciones de sabotaje<\/span><\/li>\n<li><span class=\"ql-font-serif\">Bajo consumo de corriente para una duraci\u00f3n de la bater\u00eda de hasta 10 a\u00f1os<\/span><\/li>\n<\/ul>\n<p>&nbsp;<\/p>\n<\/div>\n<\/div>\n<hr class=\"padding-bottom-2x\" \/>\n<div class=\"row aling-items-center padding-bottom-2x\">\n<div class=\"col-lg-12\">\n<h5 class=\"card-title text-center\">Descripci\u00f3n del Sistema<\/h5>\n<p><strong class=\"ql-font-serif\">RADION Life Safety<\/strong><\/p>\n<p><span class=\"ql-font-serif\">Los RADION Life Safety ofrecen una gama completa de detectores de humo, calor y CO inal\u00e1mbricos, con el excelente rango de radiofrecuencia, la escalabilidad y la excepcional vida \u00fatil de la bater\u00eda que se necesitan para garantizar un rendimiento fiable y una calidad superior. Las se\u00f1ales de alarma se transmiten al receptor inal\u00e1mbrico conectado al panel de control.<\/span><\/p>\n<p><span class=\"ql-font-serif\">Las opciones de admisi\u00f3n de m\u00faltiples dispositivos y el diagn\u00f3stico avanzado hacen que la instalaci\u00f3n y el mantenimiento sean sencillos y rentables.<\/span><\/p>\n<p><strong class=\"ql-font-serif\">Detecci\u00f3n inal\u00e1mbrica de humo, calor y CO<\/strong><\/p>\n<p><span class=\"ql-font-serif\">La gama de tres detectores ofrece una excelente soluci\u00f3n para proteger las personas y la propiedad de incendios y del nocivo gas de mon\u00f3xido de carbono.<\/span><\/p>\n<p><img decoding=\"async\" class=\"overview-center-img-web\" src=\"https:\/\/tvc.mx\/media\/649712\/encabezado-1920x400.png\" alt=\"\" \/><\/div>\n<\/div>\n<div class=\"row aling-items-center padding-bottom-2x\">\n<div class=\"col-lg-12\">\n<h5 class=\"card-title text-center\">Funciones<\/h5>\n<p><strong class=\"ql-font-serif\">Tecnolog\u00eda de detecci\u00f3n fotoel\u00e9ctrica \u00f3ptica<\/strong><\/p>\n<p><span class=\"ql-font-serif\">La tecnolog\u00eda fotoel\u00e9ctrica del RADION smoke detecta de forma r\u00e1pida las part\u00edculas de humo de baja energ\u00eda y es sensible a todos los tipos de incendios dom\u00e9sticos, especialmente a los incendios con combusti\u00f3n sin llamas. En modo de reposo, no hay ning\u00fan indicador visible ni audible, lo que lo hace ideal para dormitorios y habitaciones de ni\u00f1os.<\/span><\/p>\n<p><strong class=\"ql-font-serif\">Tecnolog\u00eda de detecci\u00f3n de termistor<\/strong><\/p>\n<p><span class=\"ql-font-serif\">El RADION smoke incluye detecci\u00f3n de calor adicional, utilizando un termistor de respuesta r\u00e1pida para la detecci\u00f3n de condiciones de temperaturas altas y en r\u00e1pido aumento causadas por incendios. Los algoritmos avanzados analizan los datos de humo y de temperatura para tomar las decisiones de alarma m\u00e1s certeras.<\/span><\/p>\n<p><strong class=\"ql-font-serif\">Pantalla de malla fina para protecci\u00f3n de la entrada de insectos<\/strong><\/p>\n<p><span class=\"ql-font-serif\">La c\u00e1mara \u00f3ptica est\u00e1 protegida por una pantalla de malla fina sellada para reducir los insectos y la contaminaci\u00f3n de polvo, reduciendo as\u00ed la posibilidad de falsas alarmas.<\/span><\/p>\n<p><strong class=\"ql-font-serif\">Alarma ac\u00fastica integrada<\/strong><\/p>\n<p><span class=\"ql-font-serif\">La alarma ac\u00fastica integrada del RADION smoke emite una salida de sonido m\u00ednima de 85 dBA a 3 m cuando se detecta un incendio. La alarma se restablece y se silencia autom\u00e1ticamente cuando la condici\u00f3n de la alarma desaparece. Para una mayor comodidad en la audici\u00f3n, el nivel de sonido de la alarma aumenta progresivamente en modo de prueba.<\/span><\/p>\n<p><strong class=\"ql-font-serif\">Compensaci\u00f3n autom\u00e1tica del polvo<\/strong><\/p>\n<p><span class=\"ql-font-serif\">El detector cuenta con una compensaci\u00f3n de polvo integrada que reduce los costes de mantenimiento asociados a las falsas alarmas durante toda la vida del detector. La c\u00e1mara del sensor \u00f3ptico controla los cambios de los niveles de polvo cada 40 segundos y ajusta autom\u00e1ticamente el sensor fotoel\u00e9ctrico al aumento del polvo, as\u00ed como a la retirada del polvo tras la limpieza.<\/span><\/p>\n<p><strong class=\"ql-font-serif\">Indicadores LED de alarma, bater\u00eda baja y fallo del sensor<\/strong><\/p>\n<p><span class=\"ql-font-serif\">Cuando se detecta humo o temperaturas altas y en r\u00e1pido aumento, el LED parpadea y suena la alarma. Si la bater\u00eda est\u00e1 baja o hay un fallo del sensor, el indicador LED parpada, la alarma emite un pitido y se env\u00eda un mensaje a la estaci\u00f3n de recepci\u00f3n central conectada al panel de control.<\/span><\/p>\n<p><strong class=\"ql-font-serif\">Detecci\u00f3n de sabotaje y notificaci\u00f3n<\/strong><\/p>\n<p><span class=\"ql-font-serif\">El interruptor de bucle antisabotaje detecta la retirada del detector de su base. Cuando se retira la cabeza del sensor, se env\u00eda una se\u00f1al al panel de control a trav\u00e9s de la estaci\u00f3n de recepci\u00f3n central. El detector tambi\u00e9n proporciona un medio opcional para evitar la sabotaje al requerir una herramienta para retirar el detector de la base de montaje.<\/span><\/p>\n<p><strong class=\"ql-font-serif\">Bot\u00f3n de prueba\/silencio f\u00e1cil de usar de gran tama\u00f1o<\/strong><\/p>\n<p><span class=\"ql-font-serif\">El bot\u00f3n de prueba\/silencio, ergon\u00f3mico y de gran tama\u00f1o, permite realizar pruebas frecuentes del sensor, la electr\u00f3nica, la bater\u00eda y la alarma, as\u00ed como silenciar alarmas falsas o molestas. El bot\u00f3n es grande y c\u00f3ncavo, lo que facilita poder llegar a las instalaciones que est\u00e1n apartadas con una vara o con el palo de una escoba, evitando con frecuencia la necesidad de escaleras o elevadores.<\/span><\/p>\n<p><img decoding=\"async\" class=\"overview-center-img-web\" src=\"https:\/\/tvc.mx\/media\/649817\/encabezado-1920x400.png\" alt=\"\" \/><\/div>\n<\/div>\n<div class=\"row align-items-center padding-bottom-2x\">\n<div class=\"col-md-5\"><img decoding=\"async\" class=\"d-block m-auto img-thumbnail\" src=\"https:\/\/tvc.mx\/media\/649847\/400x300-compatibilidad.png\" alt=\" \" \/><\/div>\n<div class=\"col-md-7 text-md-left text-center\">\n<h2>Compatibilidad<\/h2>\n<p class=\"text-muted\">\n<p>Compatibilidad<\/p>\n<p>&nbsp;<\/p>\n<\/div>\n<\/div>\n<hr class=\"padding-bottom-2x\" \/>\n<div class=\"row align-items-center padding-bottom-2x\">\n<div class=\"col-md-5 order-md-2\"><img decoding=\"async\" class=\"d-block m-auto img-thumbnail\" src=\"https:\/\/tvc.mx\/media\/649852\/400x300-certificaciones.png\" alt=\" \" \/><\/div>\n<div class=\"col-md-7 order-md-1 text-md-left text-center\">\n<h2>Certificaciones y aprobaciones<\/h2>\n<p class=\"text-muted\">\n<p>Certificaciones y aprobaciones<\/p>\n<p>&nbsp;<\/p>\n<\/div>\n<\/div>\n<hr class=\"padding-bottom-2x\" \/>\n<div class=\"row align-items-center padding-bottom-2x\">\n<div class=\"col-md-5\"><img decoding=\"async\" class=\"d-block m-auto img-thumbnail\" src=\"https:\/\/tvc.mx\/media\/649857\/400x300-piezas.png\" alt=\" \" \/><\/div>\n<div class=\"col-md-7 text-md-left text-center\">\n<h2>Piezas incluidas<\/h2>\n<p class=\"text-muted\">\n<p>Piezas incluidas<\/p>\n<p>&nbsp;<\/p>\n<\/div>\n<\/div>\n<hr class=\"padding-bottom-2x\" \/>\n<div class=\"row aling-items-center padding-bottom-2x\">\n<div class=\"col-lg-12\">\n<h5 class=\"card-title text-center\">Especificaciones clave<\/h5>\n<p><strong>Tipo de bater\u00eda:\u00a0<\/strong>Panasonic 3V CR123A (2x)<\/p>\n<p><strong>Duraci\u00f3n t\u00edpica de la bater\u00eda (a\u00f1os):\u00a0<\/strong>Hasta 10<\/p>\n<p><strong>Frecuencia (MHz):\u00a0<\/strong>433.42<\/p>\n<p><strong>Dimensiones (\u00d8 x D):\u00a0<\/strong>115\u00a0mm x 59\u00a0mm (4,5\u00a0pulg. x 2,3\u00a0pulg.)<\/p>\n<p><strong>Peso:<\/strong>\u00a0205\u00a0g (0,45\u00a0lb)<\/p>\n<p><strong>Temperatura m\u00ednima de funcionamiento* (\u00b0C \/ \u00b0F):\u00a0<\/strong>4,4\u00a0\u00b0C (+40\u00a0\u00b0F)<\/p>\n<p><strong>Temperatura m\u00e1xima de funcionamiento en* (\u00b0C \/ \u00b0F):<\/strong>\u00a0+38\u00a0\u00b0C (+100\u00a0\u00b0F)<\/p>\n<p><strong>Temperatura m\u00ednima de almacenamiento* (\u00b0C \/ \u00b0F):<\/strong>\u00a0-10\u00a0\u00b0C (+14\u00a0\u00b0F)<\/p>\n<p><strong>Temperatura m\u00e1xima de almacenamiento* (\u00b0C \/ \u00b0F):\u00a0<\/strong>+40\u00a0\u00b0C (+104\u00a0\u00b0F)<\/p>\n<p><strong>Humedad relativa de funcionamiento y almacenamiento* (%):\u00a0<\/strong>15 &#8211; 95\u00a0% (sin condensaci\u00f3n)<\/p>\n<p><strong>Sonido de alarma m\u00ednimo:\u00a0<\/strong>85\u00a0dBA a 3\u00a0m (10\u00a0pies)<\/p>\n<p><strong>Fijo (\u00b0C \/ \u00b0F):\u00a0<\/strong>+57\u00a0\u00b0C +\/- 2\u00a0\u00b0C (+135\u00a0\u00b0F +\/- 4\u00a0\u00b0F)<\/p>\n<p><strong>Velocidad de incremento (\u00b0C \/ \u00b0F):<\/strong>\u00a08,3\u00a0\u00b0C &gt; +40\u00a0\u00b0C (15\u00a0\u00b0F &gt; +104\u00a0\u00b0F)<\/p>\n<p><strong class=\"ql-font-serif\">RFSM2-A Detector de humos inal\u00e1mbrico<\/strong><\/p>\n<p><span class=\"ql-font-serif\">Detector fotoel\u00e9ctrico \u00f3ptico con detecci\u00f3n de calor adicional, fijo y de aumento de velocidad. Para uso en Norteam\u00e9rica y Sudam\u00e9rica.<\/span><\/p>\n<p><img decoding=\"async\" class=\"overview-center-img-web\" src=\"https:\/\/tvc.mx\/media\/649872\/encabezado-1920x400.png\" alt=\"\" \/><\/div>\n<\/div>\n","protected":false},"excerpt":{"rendered":"<p>RFSM2A-Detector de humo inalambrico \/ Sirena incorporada indica alertas de alarma \/ Bateria hasta 5 a\u00f1os RFSM2-A Detector de humos inal\u00e1mbrico Detector fotoel\u00e9ctrico \u00f3ptico con detecci\u00f3n de calor adicional, fijo y de aumento de velocidad. Para uso en Norteam\u00e9rica y Sudam\u00e9rica. El RADION smoke es&hellip;<\/p>\n","protected":false},"featured_media":3862,"comment_status":"open","ping_status":"closed","template":"","meta":{"om_disable_all_campaigns":false,"_monsterinsights_skip_tracking":false,"_monsterinsights_sitenote_active":false,"_monsterinsights_sitenote_note":"","_monsterinsights_sitenote_category":0},"product_brand":[],"product_cat":[281],"product_tag":[212,211,151],"class_list":{"0":"post-3863","1":"product","2":"type-product","3":"status-publish","4":"has-post-thumbnail","6":"product_cat-sensores-de-alarma-alarmas-bosch","7":"product_tag-alarmas","8":"product_tag-alarmas-e-intrusion","9":"product_tag-seguridad","11":"first","12":"instock","13":"sale","14":"taxable","15":"shipping-taxable","16":"purchasable","17":"product-type-simple"},"aioseo_notices":[],"_links":{"self":[{"href":"https:\/\/tecsecmty.com\/index.php\/wp-json\/wp\/v2\/product\/3863","targetHints":{"allow":["GET"]}}],"collection":[{"href":"https:\/\/tecsecmty.com\/index.php\/wp-json\/wp\/v2\/product"}],"about":[{"href":"https:\/\/tecsecmty.com\/index.php\/wp-json\/wp\/v2\/types\/product"}],"replies":[{"embeddable":true,"href":"https:\/\/tecsecmty.com\/index.php\/wp-json\/wp\/v2\/comments?post=3863"}],"version-history":[{"count":0,"href":"https:\/\/tecsecmty.com\/index.php\/wp-json\/wp\/v2\/product\/3863\/revisions"}],"wp:featuredmedia":[{"embeddable":true,"href":"https:\/\/tecsecmty.com\/index.php\/wp-json\/wp\/v2\/media\/3862"}],"wp:attachment":[{"href":"https:\/\/tecsecmty.com\/index.php\/wp-json\/wp\/v2\/media?parent=3863"}],"wp:term":[{"taxonomy":"product_brand","embeddable":true,"href":"https:\/\/tecsecmty.com\/index.php\/wp-json\/wp\/v2\/product_brand?post=3863"},{"taxonomy":"product_cat","embeddable":true,"href":"https:\/\/tecsecmty.com\/index.php\/wp-json\/wp\/v2\/product_cat?post=3863"},{"taxonomy":"product_tag","embeddable":true,"href":"https:\/\/tecsecmty.com\/index.php\/wp-json\/wp\/v2\/product_tag?post=3863"}],"curies":[{"name":"wp","href":"https:\/\/api.w.org\/{rel}","templated":true}]}}