{"id":3871,"date":"2023-02-23T00:27:15","date_gmt":"2023-02-23T06:27:15","guid":{"rendered":"https:\/\/tecsecmty.com\/index.php\/producto\/dahua-dhi-ard1233-w2-detector-pir-inalambrico-interior-inmunidad-de-mascotas-led-indicador-3-niveles-ajustables-de-sensibilidad-compensacion-automatica-de-temperatura-alarma-de-bateria-baj\/"},"modified":"2023-03-22T23:22:30","modified_gmt":"2023-03-23T05:22:30","slug":"dahua-dhi-ard1233-w2-detector-pir-inalambrico-interior-inmunidad-de-mascotas-led-indicador-3-niveles-ajustables-de-sensibilidad-compensacion-automatica-de-temperatura-alarma-de-bateria-baj","status":"publish","type":"product","link":"https:\/\/tecsecmty.com\/index.php\/producto\/dahua-dhi-ard1233-w2-detector-pir-inalambrico-interior-inmunidad-de-mascotas-led-indicador-3-niveles-ajustables-de-sensibilidad-compensacion-automatica-de-temperatura-alarma-de-bateria-baj\/","title":{"rendered":"DAHUA DHI-ARD1233-W2 &#8211; Detector PIR Inal\u00e1mbrico Interior \/ Inmunidad de Mascotas \/ Led Indicador \/ 3 Niveles Ajustables de Sensibilidad \/ Compensaci\u00f3n Autom\u00e1tica de Temperatura \/ Alarma de Bater\u00eda Baja \/ #LoNuevo #AlarmasDahua"},"content":{"rendered":"<div class=\"row aling-items-center padding-bottom-2x\">\n<div class=\"col-lg-12\">\n<h5 class=\"card-title text-center\">Informaci\u00f3n General<\/h5>\n<h2>Detector PIR inal\u00e1mbrico<\/h2>\n<p class=\"ql-align-justify\">El PIR inal\u00e1mbrico para interior (detector de movimiento) puede captar si hay un ser humano que invada la zona de cobertura del detector y proporciona notificaciones oportunas de eventos de alarma a trav\u00e9s de la aplicaci\u00f3n DMSS en tiempo real, actuando como un mecanismo de monitoreo. Instalaci\u00f3n, configuraci\u00f3n y enrolamiento sencillo a trav\u00e9s de c\u00f3digo QR desde la comodidad de la aplicaci\u00f3n m\u00f3vil DMSS (para usuarios finales) para tel\u00e9fonos iOS y Android.<\/p>\n<h2>Adem\u00e1s cuenta con:<\/h2>\n<ul>\n<li>Funci\u00f3n de inmunidad a mascotas<\/li>\n<li>Ajuste de sensibilidad con 3 niveles<\/li>\n<li>Compensaci\u00f3n autom\u00e1tica de temperatura<\/li>\n<li>Indicador led verde de alarma<\/li>\n<li>Tamper antisabotaje<\/li>\n<li>Medici\u00f3n y Alarma de bater\u00eda baja del dispositivo<\/li>\n<li>Medici\u00f3n de temperatura ambiente<\/li>\n<li>Detecci\u00f3n de intensidad de se\u00f1al<\/li>\n<li>Vinculaci\u00f3n Alarma &#8211; Sirena, cuando se activa una alarma, el sensor informar\u00e1 los eventos de alarma al HUB y alertar\u00e1n con una sirena<\/li>\n<li>Vinculaci\u00f3n Alarma &#8211; Video, cuando se activa una alarma, el sensor informar\u00e1 los eventos de alarma al HUB y luego se vincular\u00e1n con videos<\/li>\n<li>La funci\u00f3n de salto de frecuencia y la tecnolog\u00eda de comunicaci\u00f3n bidireccional garantizan la estabilidad de la comunicaci\u00f3n<\/li>\n<li>Actualizaci\u00f3n en la nube y recuperaci\u00f3n autom\u00e1tica de errores de actualizaci\u00f3n<\/li>\n<\/ul>\n<p><img decoding=\"async\" class=\"overview-center-img-web\" src=\"https:\/\/tvc.mx\/media\/482118\/Alarmas_Sensor_Movimiento_Inalambrico_Inmunidad_Mascotas_Dahua_DHI-ARD1233-W2_Over_Ppal.png\" alt=\"\" \/><\/div>\n<\/div>\n<div class=\"row align-items-center padding-bottom-2x\">\n<div class=\"col-md-5\"><img decoding=\"async\" class=\"d-block m-auto img-thumbnail\" src=\"https:\/\/tvc.mx\/media\/482162\/Alarmas_Sensor_Movimiento_Inalambrico_Inmunidad_Mascotas_Dahua_DHI-ARD1233-W2_Over_M.png\" alt=\" \" \/><\/div>\n<div class=\"col-md-7 text-md-left text-center\">\n<h2>Especificaciones<\/h2>\n<p class=\"text-muted\">\n<ul>\n<li>Sensor PIR de bajo ruido de dos elementos<\/li>\n<li>Rango de detecci\u00f3n de hasta 12 m en \u00e1ngulo de 90\u00b0 con una altura de instalaci\u00f3n de 2,2 m<\/li>\n<li>Velocidad de detecci\u00f3n 0,3 m\/s\u20133 m\/s (0,98 pies\/s\u20139,84 pies\/s)<\/li>\n<li>Nivel de alarma de mascotas \u2264 18 kg (39,68 libras)<\/li>\n<li>Fuente de alimentaci\u00f3n bater\u00eda CR123A (incluida)<\/li>\n<li>Duraci\u00f3n de bateria de hasta 4 a\u00f1os<\/li>\n<li>Dimensiones Producto 104,0 mm \u00d7 60,0 mm \u00d7 50,0 mm (Largo \u00d7 Ancho \u00d7 Alto)<\/li>\n<li>Dimensiones Empaque 135,0 mm \u00d7 98,5 mm \u00d7 56,8 mm (Largo \u00d7 Ancho \u00d7 Alto)<\/li>\n<li>Peso Bruto 170 g<\/li>\n<li>Distancia de comunicaci\u00f3n hasta 1200 m<\/li>\n<li>Funci\u00f3n de salto de frecuencia (433,1 MHz\u2013434,6 MHz) y tecnolog\u00eda de comunicaci\u00f3n bidireccional encriptada en AES128 garantizando la estabilidad de la comunicaci\u00f3n<\/li>\n<li>Temperatura de funcionamiento en interior de \u2013 10 \u00b0C a +55 \u00b0C<\/li>\n<li>Montaje a Pared (incluye tornillos y taquetes)<\/li>\n<\/ul>\n<\/div>\n<\/div>\n","protected":false},"excerpt":{"rendered":"<p>Informaci\u00f3n General Detector PIR inal\u00e1mbrico El PIR inal\u00e1mbrico para interior (detector de movimiento) puede captar si hay un ser humano que invada la zona de cobertura del detector y proporciona notificaciones oportunas de eventos de alarma a trav\u00e9s de la aplicaci\u00f3n DMSS en tiempo real,&hellip;<\/p>\n","protected":false},"featured_media":3870,"comment_status":"open","ping_status":"closed","template":"","meta":{"om_disable_all_campaigns":false,"_monsterinsights_skip_tracking":false,"_monsterinsights_sitenote_active":false,"_monsterinsights_sitenote_note":"","_monsterinsights_sitenote_category":0},"product_brand":[],"product_cat":[282],"product_tag":[212,211,151],"class_list":{"0":"post-3871","1":"product","2":"type-product","3":"status-publish","4":"has-post-thumbnail","6":"product_cat-sensores-de-alarma-alarmas-dahua-alarmas-intrusion","7":"product_tag-alarmas","8":"product_tag-alarmas-e-intrusion","9":"product_tag-seguridad","11":"first","12":"instock","13":"sale","14":"taxable","15":"shipping-taxable","16":"purchasable","17":"product-type-simple"},"aioseo_notices":[],"_links":{"self":[{"href":"https:\/\/tecsecmty.com\/index.php\/wp-json\/wp\/v2\/product\/3871","targetHints":{"allow":["GET"]}}],"collection":[{"href":"https:\/\/tecsecmty.com\/index.php\/wp-json\/wp\/v2\/product"}],"about":[{"href":"https:\/\/tecsecmty.com\/index.php\/wp-json\/wp\/v2\/types\/product"}],"replies":[{"embeddable":true,"href":"https:\/\/tecsecmty.com\/index.php\/wp-json\/wp\/v2\/comments?post=3871"}],"version-history":[{"count":0,"href":"https:\/\/tecsecmty.com\/index.php\/wp-json\/wp\/v2\/product\/3871\/revisions"}],"wp:featuredmedia":[{"embeddable":true,"href":"https:\/\/tecsecmty.com\/index.php\/wp-json\/wp\/v2\/media\/3870"}],"wp:attachment":[{"href":"https:\/\/tecsecmty.com\/index.php\/wp-json\/wp\/v2\/media?parent=3871"}],"wp:term":[{"taxonomy":"product_brand","embeddable":true,"href":"https:\/\/tecsecmty.com\/index.php\/wp-json\/wp\/v2\/product_brand?post=3871"},{"taxonomy":"product_cat","embeddable":true,"href":"https:\/\/tecsecmty.com\/index.php\/wp-json\/wp\/v2\/product_cat?post=3871"},{"taxonomy":"product_tag","embeddable":true,"href":"https:\/\/tecsecmty.com\/index.php\/wp-json\/wp\/v2\/product_tag?post=3871"}],"curies":[{"name":"wp","href":"https:\/\/api.w.org\/{rel}","templated":true}]}}