{"id":3879,"date":"2023-02-23T00:27:23","date_gmt":"2023-02-23T06:27:23","guid":{"rendered":"https:\/\/tecsecmty.com\/index.php\/producto\/dahua-dhi-hy-sa21a-w2-detector-de-humo-inalambrico-sensor-fotoelectrico-de-doble-camara-sirena-interna-de-85db-funcion-de-prueba-y-silenciar-alarma-visual-y-sonora-indicador-led-lonuevo\/"},"modified":"2023-03-22T23:22:33","modified_gmt":"2023-03-23T05:22:33","slug":"dahua-dhi-hy-sa21a-w2-detector-de-humo-inalambrico-sensor-fotoelectrico-de-doble-camara-sirena-interna-de-85db-funcion-de-prueba-y-silenciar-alarma-visual-y-sonora-indicador-led-lonuevo","status":"publish","type":"product","link":"https:\/\/tecsecmty.com\/index.php\/producto\/dahua-dhi-hy-sa21a-w2-detector-de-humo-inalambrico-sensor-fotoelectrico-de-doble-camara-sirena-interna-de-85db-funcion-de-prueba-y-silenciar-alarma-visual-y-sonora-indicador-led-lonuevo\/","title":{"rendered":"DAHUA DHI-HY-SA21A-W2 &#8211; Detector de Humo Inal\u00e1mbrico \/ Sensor Fotoel\u00e9ctrico de Doble C\u00e1mara \/ Sirena Interna de 85dB \/ Funci\u00f3n de Prueba y Silenciar \/ Alarma Visual y Sonora \/ Indicador Led \/ #LoNuevo #AlarmasDahua"},"content":{"rendered":"<div class=\"row aling-items-center padding-bottom-2x\">\n<div class=\"col-lg-12\">\n<h5 class=\"card-title text-center\">Informaci\u00f3n General<\/h5>\n<p class=\"ql-align-justify\">El detector de humo inal\u00e1mbrico proporciona funciones de alarma y detecci\u00f3n de humo alimentadas por bater\u00eda en el mismo equipo. La electr\u00f3nica avanzada junto con una c\u00e1mara fotoel\u00e9ctrica de detecci\u00f3n de humo brindan una detecci\u00f3n temprana de humo y alta inmunidad contra falsas alarmas. Este tipo de detector de humo es adecuado para aplicaciones residenciales y peque\u00f1os comercios. La notificaci\u00f3n oportuna de la alarma de humo se puede mostrar en la aplicaci\u00f3n DMSS en tiempo real.<\/p>\n<p><img decoding=\"async\" class=\"overview-center-img-web\" src=\"https:\/\/tvc.mx\/media\/495812\/detector-inalambrico-de-humo-sirena-de-85dB--HY-SA21A-433-Dahua.png\" alt=\"\" \/><\/div>\n<\/div>\n<div class=\"row align-items-center padding-bottom-2x\">\n<div class=\"col-md-5\"><img decoding=\"async\" class=\"d-block m-auto img-thumbnail\" src=\"https:\/\/tvc.mx\/media\/495814\/detector-inalambrico-de-humo-sirena-de-85dB--HY-SA21A-433-Dahua-caracteristicas.png\" alt=\" \" \/><\/div>\n<div class=\"col-md-7 text-md-left text-center\">\n<h2>Principales Caracter\u00edsticas<\/h2>\n<p class=\"text-muted\">\n<ul>\n<li>Tecnolog\u00eda de doble c\u00e1mara fotoel\u00e9ctrica de detecci\u00f3n de humo<\/li>\n<li>Periodo de muestreo 60 segundos<\/li>\n<li>Funciones de prueba y silenciamiento en un solo bot\u00f3n<\/li>\n<li>Alarma de humo, alarma de falla, alarma de bater\u00eda baja<\/li>\n<li>Modo de Alarma visual y sonora<\/li>\n<li>Salida de sonido fuerte de m\u00e1s de 85 dB(A) a 3 metros<\/li>\n<li>Bajo consumo de corriente en reposo<\/li>\n<li>Indicador led verde y rojo de estatus del sensor<\/li>\n<li>Tamper antisabotaje<\/li>\n<li>Medici\u00f3n y Alarma de bater\u00eda baja del dispositivo<\/li>\n<li>Medici\u00f3n de temperatura ambiente<\/li>\n<li>Detecci\u00f3n de intensidad de se\u00f1al<\/li>\n<li>Vinculaci\u00f3n Alarma &#8211; Sirena, cuando se activa una alarma, el sensor informar\u00e1 los eventos de alarma al HUB y alertar\u00e1n con una sirena<\/li>\n<li>Vinculaci\u00f3n Alarma &#8211; Video, cuando se activa una alarma, el sensor informar\u00e1 los eventos de alarma al HUB y luego se vincular\u00e1n con videos<\/li>\n<li>La funci\u00f3n de salto de frecuencia y la tecnolog\u00eda de comunicaci\u00f3n bidireccional garantizan la estabilidad de la comunicaci\u00f3n<\/li>\n<li>Actualizaci\u00f3n en la nube y recuperaci\u00f3n autom\u00e1tica de errores de actualizaci\u00f3n<\/li>\n<\/ul>\n<p>&nbsp;<\/p>\n<\/div>\n<\/div>\n<hr class=\"padding-bottom-2x\" \/>\n<div class=\"row align-items-center padding-bottom-2x\">\n<div class=\"col-md-5 order-md-2\"><img decoding=\"async\" class=\"d-block m-auto img-thumbnail\" src=\"https:\/\/tvc.mx\/media\/495816\/detector-inalambrico-de-humo-sirena-de-85dB--HY-SA21A-433-Dahua-especificaciones.png\" alt=\" \" \/><\/div>\n<div class=\"col-md-7 order-md-1 text-md-left text-center\">\n<h2>Especificaciones<\/h2>\n<p class=\"text-muted\">\n<ul>\n<li>Fuente de alimentaci\u00f3n bater\u00eda CR123A (incluida)<\/li>\n<li>Duraci\u00f3n de bater\u00eda de hasta 3 a\u00f1os<\/li>\n<li>Corriente de monitoreo: \u2264 15uA<\/li>\n<li>Corriente de alarma: \u2264 35mA<\/li>\n<li>Dimensiones Producto 98 mm \u00d743,1 mm (Di\u00e1metro \u00d7 Alto)<\/li>\n<li>Peso Bruto 140 g<\/li>\n<li>Distancia de comunicaci\u00f3n hasta 1000 m<\/li>\n<li>Funci\u00f3n de salto de frecuencia (433,1 MHz\u2013434,6 MHz) y tecnolog\u00eda de comunicaci\u00f3n bidireccional encriptada en AES128 garantizando la estabilidad de la comunicaci\u00f3n<\/li>\n<li>Temperatura de funcionamiento en interior de \u2013 10 \u00b0C a +55 \u00b0C<\/li>\n<li>Montaje a Techo (incluye tornillos y taquetes)<\/li>\n<\/ul>\n<\/div>\n<\/div>\n","protected":false},"excerpt":{"rendered":"<p>Informaci\u00f3n General El detector de humo inal\u00e1mbrico proporciona funciones de alarma y detecci\u00f3n de humo alimentadas por bater\u00eda en el mismo equipo. La electr\u00f3nica avanzada junto con una c\u00e1mara fotoel\u00e9ctrica de detecci\u00f3n de humo brindan una detecci\u00f3n temprana de humo y alta inmunidad contra falsas&hellip;<\/p>\n","protected":false},"featured_media":3878,"comment_status":"open","ping_status":"closed","template":"","meta":{"om_disable_all_campaigns":false,"_monsterinsights_skip_tracking":false,"_monsterinsights_sitenote_active":false,"_monsterinsights_sitenote_note":"","_monsterinsights_sitenote_category":0},"product_brand":[],"product_cat":[282],"product_tag":[212,211,151],"class_list":{"0":"post-3879","1":"product","2":"type-product","3":"status-publish","4":"has-post-thumbnail","6":"product_cat-sensores-de-alarma-alarmas-dahua-alarmas-intrusion","7":"product_tag-alarmas","8":"product_tag-alarmas-e-intrusion","9":"product_tag-seguridad","11":"first","12":"instock","13":"sale","14":"taxable","15":"shipping-taxable","16":"purchasable","17":"product-type-simple"},"aioseo_notices":[],"_links":{"self":[{"href":"https:\/\/tecsecmty.com\/index.php\/wp-json\/wp\/v2\/product\/3879","targetHints":{"allow":["GET"]}}],"collection":[{"href":"https:\/\/tecsecmty.com\/index.php\/wp-json\/wp\/v2\/product"}],"about":[{"href":"https:\/\/tecsecmty.com\/index.php\/wp-json\/wp\/v2\/types\/product"}],"replies":[{"embeddable":true,"href":"https:\/\/tecsecmty.com\/index.php\/wp-json\/wp\/v2\/comments?post=3879"}],"version-history":[{"count":0,"href":"https:\/\/tecsecmty.com\/index.php\/wp-json\/wp\/v2\/product\/3879\/revisions"}],"wp:featuredmedia":[{"embeddable":true,"href":"https:\/\/tecsecmty.com\/index.php\/wp-json\/wp\/v2\/media\/3878"}],"wp:attachment":[{"href":"https:\/\/tecsecmty.com\/index.php\/wp-json\/wp\/v2\/media?parent=3879"}],"wp:term":[{"taxonomy":"product_brand","embeddable":true,"href":"https:\/\/tecsecmty.com\/index.php\/wp-json\/wp\/v2\/product_brand?post=3879"},{"taxonomy":"product_cat","embeddable":true,"href":"https:\/\/tecsecmty.com\/index.php\/wp-json\/wp\/v2\/product_cat?post=3879"},{"taxonomy":"product_tag","embeddable":true,"href":"https:\/\/tecsecmty.com\/index.php\/wp-json\/wp\/v2\/product_tag?post=3879"}],"curies":[{"name":"wp","href":"https:\/\/api.w.org\/{rel}","templated":true}]}}