{"id":3889,"date":"2023-02-23T00:27:32","date_gmt":"2023-02-23T06:27:32","guid":{"rendered":"https:\/\/tecsecmty.com\/index.php\/producto\/dsc-ac100-detectores-de-rotura-de-cristal-acustico-omnidireccional-cableado\/"},"modified":"2023-03-22T23:23:14","modified_gmt":"2023-03-23T05:23:14","slug":"dsc-ac100-detectores-de-rotura-de-cristal-acustico-omnidireccional-cableado","status":"publish","type":"product","link":"https:\/\/tecsecmty.com\/index.php\/producto\/dsc-ac100-detectores-de-rotura-de-cristal-acustico-omnidireccional-cableado\/","title":{"rendered":"DSC AC100 &#8211; Detectores de Rotura de Cristal ac\u00fastico omnidireccional cableado"},"content":{"rendered":"<div class=\"row aling-items-center padding-bottom-2x\">\n<div class=\"col-lg-12\">\n<h5 class=\"card-title text-center\">Informaci\u00f3n general<\/h5>\n<p>Los detectores de rotura de cristales Acuity cuentan con suficiente \u201cinteligencia\u201d para poder diferenciar el sonido de la rotura de un cristal de los dem\u00e1s sonidos comunes del hogar o del negocio, los detectores tienen micr\u00f3fonos de gran rendimiento y un avanzado an\u00e1lisis digital de sonido (DSA, por sus siglas en ingl\u00e9s), basado en micro procesadores, que pueden determinar la rotura de todo tipo de cristal en marcado (en placas,flotante, templado, con mallas de alambre y laminado)hasta una distancia de 25 pies.<\/p>\n<\/div>\n<\/div>\n<div class=\"row align-items-center padding-bottom-2x\">\n<div class=\"col-md-5\"><img decoding=\"async\" class=\"d-block m-auto img-thumbnail\" src=\"https:\/\/tvc.mx\/media\/409631\/DSC-AC100-Detectores-de-Rotura-de-Cristal-ac%C3%BAstico-omnidireccional-cableado-17.png.png\" alt=\" \" \/><\/div>\n<div class=\"col-md-7 text-md-left text-center\">\n<h2>Caracteristicas<\/h2>\n<p class=\"text-muted\">\n<ul>\n<li>Micr\u00f3fono\u00a0omnidireccional<\/li>\n<li>Sensor avanzado de rotura de vidrio basado en microprocesador<\/li>\n<li>Elevado nivel de protecci\u00f3n en caso de est\u00e1tica y oscilaci\u00f3n<\/li>\n<li>Alta inmunidad a RF con construcci\u00f3n SMD<\/li>\n<li>Mecanismo inhibidor de ruido blanco<\/li>\n<li>Memoria de alarma para el sensor de rotura de vidrio (LED con enclavamiento)<\/li>\n<li>Modo de prueba de instalador para el sensor de rotura de vidrio (se requiere probador AFT-100)<\/li>\n<li>Protecci\u00f3n MOV contra oscilaci\u00f3n\/est\u00e1tica<\/li>\n<li>Rango de sensibilidad de activaci\u00f3n seleccionable<\/li>\n<\/ul>\n<p>&nbsp;<\/p>\n<\/div>\n<\/div>\n<hr class=\"padding-bottom-2x\" \/>\n<div class=\"row align-items-center padding-bottom-2x\">\n<div class=\"col-md-5 order-md-2\"><img decoding=\"async\" class=\"d-block m-auto img-thumbnail\" src=\"https:\/\/tvc.mx\/media\/409643\/DSC-AC100-Detectores-de-Rotura-de-Cristal-ac%C3%BAstico-omnidireccional-cableado-11.png\" alt=\" \" \/><\/div>\n<div class=\"col-md-7 order-md-1 text-md-left text-center\">\n<h2>Especificaciones<\/h2>\n<p class=\"text-muted\">\n<p>Modelos de montura sobre pared Dimensiones . . . . . .. . . . . . . . . . . . . 3.5\u201d (L) x 2.5\u201d (A) x 0.8\u201d (P) (89 mm x 64 mm x 20 mm)<\/p>\n<p>Voltaje de entrada . . . . . . . . . . . . . . &#8230;&#8230;&#8230;&#8230;&#8230;&#8230;&#8230;&#8230;&#8230;&#8230;&#8230;&#8230;&#8230;&#8230; 9 &#8211; 16 V c. c.<\/p>\n<p>Llamada de corriente . . . . . . . . . . . . c. c. de 12 mA a 12 V<\/p>\n<p>Corriente durante la alarma . . . . . . c. c. de 35 mA a 12 V<\/p>\n<p>Rel\u00e9 avisador: Potencia de contacto . . . . . . . . . . . . c. c. de 1 A a 24 V<\/p>\n<p>Interruptor de seguridad: Potencia de contacto. c. c. de 0.1 A a 24 V<\/p>\n<p>Tipo de micr\u00f3fono . . . . . . . . . . . . . .. . Electretronico omnidireccional<\/p>\n<p>Modo de prueba de instalaci\u00f3n . . . ..Puente J1<\/p>\n<p>Modo de memoria de alarma . . . . .. Puente J2<\/p>\n<p>Nivel de detecci\u00f3n . . . . . . . . . . . . . . Puente J3<\/p>\n<p>&nbsp;<\/p>\n<\/div>\n<\/div>\n<hr class=\"padding-bottom-2x\" \/>\n<div class=\"row align-items-center padding-bottom-2x\">\n<div class=\"col-md-5\"><img decoding=\"async\" class=\"d-block m-auto img-thumbnail\" src=\"https:\/\/tvc.mx\/media\/409691\/DSC-AC100-Detectores-de-Rotura-de-Cristal-ac%C3%BAstico-omnidireccional-cableado-23.png.png\" alt=\" \" \/><\/div>\n<div class=\"col-md-7 text-md-left text-center\">\n<h2>Incluye:<\/h2>\n<p class=\"text-muted\">\n<ul>\n<li>AC-100: Detector con contacto de alarma forma A<\/li>\n<li>Manual de instalaci\u00f3n<\/li>\n<\/ul>\n<\/div>\n<\/div>\n","protected":false},"excerpt":{"rendered":"<p>Informaci\u00f3n general Los detectores de rotura de cristales Acuity cuentan con suficiente \u201cinteligencia\u201d para poder diferenciar el sonido de la rotura de un cristal de los dem\u00e1s sonidos comunes del hogar o del negocio, los detectores tienen micr\u00f3fonos de gran rendimiento y un avanzado an\u00e1lisis&hellip;<\/p>\n","protected":false},"featured_media":3888,"comment_status":"open","ping_status":"closed","template":"","meta":{"om_disable_all_campaigns":false,"_monsterinsights_skip_tracking":false,"_monsterinsights_sitenote_active":false,"_monsterinsights_sitenote_note":"","_monsterinsights_sitenote_category":0},"product_brand":[],"product_cat":[283],"product_tag":[212,211,151],"class_list":{"0":"post-3889","1":"product","2":"type-product","3":"status-publish","4":"has-post-thumbnail","6":"product_cat-sensores-de-alarma-alarmas-dsc","7":"product_tag-alarmas","8":"product_tag-alarmas-e-intrusion","9":"product_tag-seguridad","11":"first","12":"instock","13":"sale","14":"taxable","15":"shipping-taxable","16":"purchasable","17":"product-type-simple"},"aioseo_notices":[],"_links":{"self":[{"href":"https:\/\/tecsecmty.com\/index.php\/wp-json\/wp\/v2\/product\/3889","targetHints":{"allow":["GET"]}}],"collection":[{"href":"https:\/\/tecsecmty.com\/index.php\/wp-json\/wp\/v2\/product"}],"about":[{"href":"https:\/\/tecsecmty.com\/index.php\/wp-json\/wp\/v2\/types\/product"}],"replies":[{"embeddable":true,"href":"https:\/\/tecsecmty.com\/index.php\/wp-json\/wp\/v2\/comments?post=3889"}],"version-history":[{"count":0,"href":"https:\/\/tecsecmty.com\/index.php\/wp-json\/wp\/v2\/product\/3889\/revisions"}],"wp:featuredmedia":[{"embeddable":true,"href":"https:\/\/tecsecmty.com\/index.php\/wp-json\/wp\/v2\/media\/3888"}],"wp:attachment":[{"href":"https:\/\/tecsecmty.com\/index.php\/wp-json\/wp\/v2\/media?parent=3889"}],"wp:term":[{"taxonomy":"product_brand","embeddable":true,"href":"https:\/\/tecsecmty.com\/index.php\/wp-json\/wp\/v2\/product_brand?post=3889"},{"taxonomy":"product_cat","embeddable":true,"href":"https:\/\/tecsecmty.com\/index.php\/wp-json\/wp\/v2\/product_cat?post=3889"},{"taxonomy":"product_tag","embeddable":true,"href":"https:\/\/tecsecmty.com\/index.php\/wp-json\/wp\/v2\/product_tag?post=3889"}],"curies":[{"name":"wp","href":"https:\/\/api.w.org\/{rel}","templated":true}]}}