{"id":3895,"date":"2023-02-23T00:27:35","date_gmt":"2023-02-23T06:27:35","guid":{"rendered":"https:\/\/tecsecmty.com\/index.php\/producto\/dsc-amp702-modulo-direccionable-de-incendio-contacto-externo-para-maxsys\/"},"modified":"2023-03-22T23:23:15","modified_gmt":"2023-03-23T05:23:15","slug":"dsc-amp702-modulo-direccionable-de-incendio-contacto-externo-para-maxsys","status":"publish","type":"product","link":"https:\/\/tecsecmty.com\/index.php\/producto\/dsc-amp702-modulo-direccionable-de-incendio-contacto-externo-para-maxsys\/","title":{"rendered":"DSC AMP702 &#8211; Modulo Direccionable De Incendio Contacto Externo Para MAXSYS"},"content":{"rendered":"<div class=\"row aling-items-center padding-bottom-2x\">\n<div class=\"col-lg-12\">\n<h5 class=\"card-title text-center\">Descripci\u00f3n<\/h5>\n<p>M\u00f3dulo contra incendios con entrada normalmente abierta para contacto externo, supervisada mediante resistor de fin de l\u00ednea.<\/p>\n<p>El contacto AMP-702 utiliza una conexi\u00f3n de 2 cables para la alimentaci\u00f3n y para comunicarse con el panel de control. Esto simplifica el cableado y reduce el costo de instalaci\u00f3n. El bajo consumo de corriente del AMP-702 tambi\u00e9n maximiza la cantidad de dispositivos que se pueden conectar a un bucle direccionable. El AMP-702 tiene un solo circuito supervisado EOL5.6KW que monitorea solo contactos normalmente abiertos. Una apertura en el bucle inicia un problema y un corto inicia una alarma. El AMP-702 contiene un interruptor de sabotaje interno para controlar las condiciones de sabotaje.<\/p>\n<p><img decoding=\"async\" class=\"overview-center-img-web\" src=\"https:\/\/tvc.mx\/media\/67395\/modulo-contra-incendios.jpg\" alt=\"\" \/><\/div>\n<\/div>\n<div class=\"row align-items-center padding-bottom-2x\">\n<div class=\"col-md-5\"><img decoding=\"async\" class=\"d-block m-auto img-thumbnail\" src=\"https:\/\/tvc.mx\/media\/67398\/Conexi%C3%B3n-diagrama-lateral.jpg\" alt=\" \" \/><\/div>\n<div class=\"col-md-7 text-md-left text-center\">\n<h2>Especificaciones<\/h2>\n<p class=\"text-muted\">\n<ul>\n<li><strong>Corriente en espera :\u00a0<\/strong>1.1mA<\/li>\n<li><strong>En corriente de alarma:<\/strong>\u00a01.6mA<\/li>\n<li><strong>Entorno operativo:\u00a0<\/strong>0 \u00b0 C &#8211; 49 \u00b0 C 5% &#8211; 95% RH, sin condensaci\u00f3n<\/li>\n<li><strong>Tama\u00f1o (H x W x D):\u00a0<\/strong>27 85 x 19 mm<\/li>\n<\/ul>\n<\/div>\n<\/div>\n","protected":false},"excerpt":{"rendered":"<p>Descripci\u00f3n M\u00f3dulo contra incendios con entrada normalmente abierta para contacto externo, supervisada mediante resistor de fin de l\u00ednea. El contacto AMP-702 utiliza una conexi\u00f3n de 2 cables para la alimentaci\u00f3n y para comunicarse con el panel de control. Esto simplifica el cableado y reduce el&hellip;<\/p>\n","protected":false},"featured_media":3894,"comment_status":"open","ping_status":"closed","template":"","meta":{"om_disable_all_campaigns":false,"_monsterinsights_skip_tracking":false,"_monsterinsights_sitenote_active":false,"_monsterinsights_sitenote_note":"","_monsterinsights_sitenote_category":0},"product_brand":[],"product_cat":[283],"product_tag":[212,211,151],"class_list":{"0":"post-3895","1":"product","2":"type-product","3":"status-publish","4":"has-post-thumbnail","6":"product_cat-sensores-de-alarma-alarmas-dsc","7":"product_tag-alarmas","8":"product_tag-alarmas-e-intrusion","9":"product_tag-seguridad","11":"first","12":"instock","13":"sale","14":"taxable","15":"shipping-taxable","16":"purchasable","17":"product-type-simple"},"aioseo_notices":[],"_links":{"self":[{"href":"https:\/\/tecsecmty.com\/index.php\/wp-json\/wp\/v2\/product\/3895","targetHints":{"allow":["GET"]}}],"collection":[{"href":"https:\/\/tecsecmty.com\/index.php\/wp-json\/wp\/v2\/product"}],"about":[{"href":"https:\/\/tecsecmty.com\/index.php\/wp-json\/wp\/v2\/types\/product"}],"replies":[{"embeddable":true,"href":"https:\/\/tecsecmty.com\/index.php\/wp-json\/wp\/v2\/comments?post=3895"}],"version-history":[{"count":0,"href":"https:\/\/tecsecmty.com\/index.php\/wp-json\/wp\/v2\/product\/3895\/revisions"}],"wp:featuredmedia":[{"embeddable":true,"href":"https:\/\/tecsecmty.com\/index.php\/wp-json\/wp\/v2\/media\/3894"}],"wp:attachment":[{"href":"https:\/\/tecsecmty.com\/index.php\/wp-json\/wp\/v2\/media?parent=3895"}],"wp:term":[{"taxonomy":"product_brand","embeddable":true,"href":"https:\/\/tecsecmty.com\/index.php\/wp-json\/wp\/v2\/product_brand?post=3895"},{"taxonomy":"product_cat","embeddable":true,"href":"https:\/\/tecsecmty.com\/index.php\/wp-json\/wp\/v2\/product_cat?post=3895"},{"taxonomy":"product_tag","embeddable":true,"href":"https:\/\/tecsecmty.com\/index.php\/wp-json\/wp\/v2\/product_tag?post=3895"}],"curies":[{"name":"wp","href":"https:\/\/api.w.org\/{rel}","templated":true}]}}