{"id":3897,"date":"2023-02-23T00:27:37","date_gmt":"2023-02-23T06:27:37","guid":{"rendered":"https:\/\/tecsecmty.com\/index.php\/producto\/dsc-bv300d-detector-de-movimiento-infrarrojo-cableado-digital-soporta-lentes-multiples\/"},"modified":"2023-03-22T23:23:15","modified_gmt":"2023-03-23T05:23:15","slug":"dsc-bv300d-detector-de-movimiento-infrarrojo-cableado-digital-soporta-lentes-multiples","status":"publish","type":"product","link":"https:\/\/tecsecmty.com\/index.php\/producto\/dsc-bv300d-detector-de-movimiento-infrarrojo-cableado-digital-soporta-lentes-multiples\/","title":{"rendered":"DSC BV300D &#8211; Detector de Movimiento Infrarrojo cableado digital soporta Lentes Multiples"},"content":{"rendered":"<div class=\"row aling-items-center padding-bottom-2x\">\n<div class=\"col-lg-12\">\n<h5 class=\"card-title text-center\">Informacion general<\/h5>\n<p>El Digital Bravo3 detector PIR est\u00e1 dise\u00f1ado para ofrecer una detecci\u00f3n m\u00e1xima y la prevenci\u00f3n superior contra alarmas falsas en aplicaciones comerciales y residenciales. Utiliza un microcontrolador para medir la intensidad de la se\u00f1al digitalizada PIR en niveles diferentes (algoritmo MLSP*) para brindar detecci\u00f3n eficaz de movimiento humano. La tecnolog\u00eda del Digital Bravo3 se adapta a los cambios de condiciones medioambientales una ajustando los par\u00e1metros cr\u00edticos de detecci\u00f3n sobre todo las gamas de temperatura. El detector proporciona tambi\u00e9n una inmunidad excelente contra las influencias que producen alarmas falsas tal como RF, est\u00e1tica y transitorios el\u00e9ctricos. Las cuatro lentes intercambiables, montaje en la pared o esquina y el ajuste vertical proporcionan una aplicaci\u00f3n vers\u00e1til, y sus clientes apreciar\u00e1n el tama\u00f1o peque\u00f1o y elegante del dise\u00f1o de la cubierta.<\/p>\n<p>&nbsp;<\/p>\n<\/div>\n<\/div>\n<div class=\"row align-items-center padding-bottom-2x\">\n<div class=\"col-md-5\"><img decoding=\"async\" class=\"d-block m-auto img-thumbnail\" src=\"https:\/\/tvc.mx\/media\/29071\/IMG1.png\" alt=\" \" \/><\/div>\n<div class=\"col-md-7 text-md-left text-center\">\n<h2>Especificaciones.<\/h2>\n<p>Voltaje de Operaci\u00f3n:&#8230;&#8230;&#8230;&#8230; 9.5VDC-14.5VDC \/ 9.5VCC-14.5VCC<\/p>\n<p>Corriente de espera:&#8230;&#8230;&#8230;&#8230;&#8230;&#8230; (Nominal) 15mA<\/p>\n<p>Corriente en alarma:&#8230;&#8230;&#8230;&#8230;&#8230;&#8230; (Nominal) 18mA<\/p>\n<p>Temperatura para Operar:&#8230;&#8230;&#8230;&#8230;&#8230;. -20\u00b0C-60\u00b0C (-4\u00b0F-140\u00b0F)<\/p>\n<p>Angulo de Cobertura:&#8230;&#8230;&#8230;&#8230;.. (BV-L1-UV) 90\u00b0 min.<\/p>\n<p>Ajuste Vertical:&#8230;&#8230;&#8230;&#8230;&#8230;&#8230;&#8230;&#8230;.. +5\u00b0 to -10\u00b0<\/p>\n<p>Altura del montaje:&#8230;&#8230;&#8230;&#8230;&#8230;&#8230;. 6-10.5&#8217;\/1.8-3.2m (nominal 7.5&#8217;\/2.3m)<\/p>\n<p>BV-L1, L2, L3-UV 4-5&#8217;\/1.2-1.5m BV-L4-UV<\/p>\n<\/div>\n<\/div>\n","protected":false},"excerpt":{"rendered":"<p>Informacion general El Digital Bravo3 detector PIR est\u00e1 dise\u00f1ado para ofrecer una detecci\u00f3n m\u00e1xima y la prevenci\u00f3n superior contra alarmas falsas en aplicaciones comerciales y residenciales. Utiliza un microcontrolador para medir la intensidad de la se\u00f1al digitalizada PIR en niveles diferentes (algoritmo MLSP*) para brindar&hellip;<\/p>\n","protected":false},"featured_media":3896,"comment_status":"open","ping_status":"closed","template":"","meta":{"om_disable_all_campaigns":false,"_monsterinsights_skip_tracking":false,"_monsterinsights_sitenote_active":false,"_monsterinsights_sitenote_note":"","_monsterinsights_sitenote_category":0},"product_brand":[],"product_cat":[283],"product_tag":[212,211,151],"class_list":{"0":"post-3897","1":"product","2":"type-product","3":"status-publish","4":"has-post-thumbnail","6":"product_cat-sensores-de-alarma-alarmas-dsc","7":"product_tag-alarmas","8":"product_tag-alarmas-e-intrusion","9":"product_tag-seguridad","11":"first","12":"instock","13":"sale","14":"taxable","15":"shipping-taxable","16":"purchasable","17":"product-type-simple"},"aioseo_notices":[],"_links":{"self":[{"href":"https:\/\/tecsecmty.com\/index.php\/wp-json\/wp\/v2\/product\/3897","targetHints":{"allow":["GET"]}}],"collection":[{"href":"https:\/\/tecsecmty.com\/index.php\/wp-json\/wp\/v2\/product"}],"about":[{"href":"https:\/\/tecsecmty.com\/index.php\/wp-json\/wp\/v2\/types\/product"}],"replies":[{"embeddable":true,"href":"https:\/\/tecsecmty.com\/index.php\/wp-json\/wp\/v2\/comments?post=3897"}],"version-history":[{"count":0,"href":"https:\/\/tecsecmty.com\/index.php\/wp-json\/wp\/v2\/product\/3897\/revisions"}],"wp:featuredmedia":[{"embeddable":true,"href":"https:\/\/tecsecmty.com\/index.php\/wp-json\/wp\/v2\/media\/3896"}],"wp:attachment":[{"href":"https:\/\/tecsecmty.com\/index.php\/wp-json\/wp\/v2\/media?parent=3897"}],"wp:term":[{"taxonomy":"product_brand","embeddable":true,"href":"https:\/\/tecsecmty.com\/index.php\/wp-json\/wp\/v2\/product_brand?post=3897"},{"taxonomy":"product_cat","embeddable":true,"href":"https:\/\/tecsecmty.com\/index.php\/wp-json\/wp\/v2\/product_cat?post=3897"},{"taxonomy":"product_tag","embeddable":true,"href":"https:\/\/tecsecmty.com\/index.php\/wp-json\/wp\/v2\/product_tag?post=3897"}],"curies":[{"name":"wp","href":"https:\/\/api.w.org\/{rel}","templated":true}]}}