{"id":3899,"date":"2023-02-23T00:27:38","date_gmt":"2023-02-23T06:27:38","guid":{"rendered":"https:\/\/tecsecmty.com\/index.php\/producto\/dsc-bv500-detector-de-movimiento-pir-360-cableado-para-montaje-en-techo\/"},"modified":"2023-03-22T23:23:16","modified_gmt":"2023-03-23T05:23:16","slug":"dsc-bv500-detector-de-movimiento-pir-360-cableado-para-montaje-en-techo","status":"publish","type":"product","link":"https:\/\/tecsecmty.com\/index.php\/producto\/dsc-bv500-detector-de-movimiento-pir-360-cableado-para-montaje-en-techo\/","title":{"rendered":"DSC BV500 &#8211; Detector de movimiento PIR 360\u00b0 cableado para montaje en techo"},"content":{"rendered":"<div class=\"row aling-items-center padding-bottom-2x\">\n<div class=\"col-lg-12\">\n<h5 class=\"card-title text-center\">Descripci\u00f3n<\/h5>\n<h4>El detector de movimiento Bravo 5, es un detector de montaje en techo dise\u00f1ado para proporcionar una detecci\u00f3n de movimiento confiable para aplicaciones\u00a0<strong>residenciales<\/strong>\u00a0y\u00a0<strong>comerciales<\/strong>. El Bravo5 utiliza una lente Fresnel especial hecha para detecci\u00f3n de 360 \u00b0 junto con un sensor PIR de cuatro elementos optimizado para una detecci\u00f3n uniforme en todo su campo de visi\u00f3n. Se presta especial atenci\u00f3n a la inmunidad a falsas alarmas contra RF, est\u00e1tica, transitorios el\u00e9ctricos<\/h4>\n<p><img decoding=\"async\" class=\"overview-center-img-web\" src=\"https:\/\/tvc.mx\/media\/423231\/BV-500.png\" alt=\"\" \/><\/div>\n<\/div>\n<div class=\"row align-items-center padding-bottom-2x\">\n<div class=\"col-md-5 order-md-2\"><img decoding=\"async\" class=\"d-block m-auto img-thumbnail\" src=\"https:\/\/tvc.mx\/media\/423263\/DSC1180014.png\" alt=\" \" \/><\/div>\n<div class=\"col-md-7 order-md-1 text-md-left text-center\">\n<h2>Caracter\u00edsticas<\/h2>\n<p class=\"text-muted\">\n<p>Procesamiento de se\u00f1ales multinivel<\/p>\n<p>\u2022 Cobertura de 360 \u00b0<\/p>\n<p>\u2022 Sensor PIR de cuatro elementos<\/p>\n<p>\u2022 Protecci\u00f3n est\u00e1tica y transitoria de alto nivel<\/p>\n<p>\u2022 Excelente inmunidad a RF<\/p>\n<p>\u2022 Compensaci\u00f3n de temperatura<\/p>\n<p>\u2022 Puente de detecci\u00f3n r\u00e1pido \/ lento<\/p>\n<p>\u2022 Puente LED de encendido \/ apagado<\/p>\n<p>\u2022 Construcci\u00f3n SMD<\/p>\n<p>\u2022 Operaci\u00f3n s\u00faper silenciosa<\/p>\n<p>&nbsp;<\/p>\n<\/div>\n<\/div>\n<hr class=\"padding-bottom-2x\" \/>\n<div class=\"row aling-items-center padding-bottom-2x\">\n<div class=\"col-lg-12\">\n<h5 class=\"card-title text-center\">Alcance<\/h5>\n<h4>Alcance m\u00e1ximo de detecci\u00f3n (di\u00e1metro) Detector colocado a 8 pies \/ 2,4 m del suelo: 24 pies \/ 7,3 m Detector colocado a 10 pies \/ 3,0 m del suelo: 30 pies \/ 9,2 m Detector colocado a 12 pies \/ 3,6 m del suelo: 40 pies \/ 12,2 metros<\/h4>\n<p><img decoding=\"async\" class=\"overview-center-img-web\" src=\"https:\/\/tvc.mx\/media\/423495\/Cobertura-BV-500.png\" alt=\"\" \/><\/div>\n<\/div>\n","protected":false},"excerpt":{"rendered":"<p>Descripci\u00f3n El detector de movimiento Bravo 5, es un detector de montaje en techo dise\u00f1ado para proporcionar una detecci\u00f3n de movimiento confiable para aplicaciones\u00a0residenciales\u00a0y\u00a0comerciales. El Bravo5 utiliza una lente Fresnel especial hecha para detecci\u00f3n de 360 \u00b0 junto con un sensor PIR de cuatro elementos&hellip;<\/p>\n","protected":false},"featured_media":3898,"comment_status":"open","ping_status":"closed","template":"","meta":{"om_disable_all_campaigns":false,"_monsterinsights_skip_tracking":false,"_monsterinsights_sitenote_active":false,"_monsterinsights_sitenote_note":"","_monsterinsights_sitenote_category":0},"product_brand":[],"product_cat":[283],"product_tag":[212,211,151],"class_list":{"0":"post-3899","1":"product","2":"type-product","3":"status-publish","4":"has-post-thumbnail","6":"product_cat-sensores-de-alarma-alarmas-dsc","7":"product_tag-alarmas","8":"product_tag-alarmas-e-intrusion","9":"product_tag-seguridad","11":"first","12":"instock","13":"sale","14":"taxable","15":"shipping-taxable","16":"purchasable","17":"product-type-simple"},"aioseo_notices":[],"_links":{"self":[{"href":"https:\/\/tecsecmty.com\/index.php\/wp-json\/wp\/v2\/product\/3899","targetHints":{"allow":["GET"]}}],"collection":[{"href":"https:\/\/tecsecmty.com\/index.php\/wp-json\/wp\/v2\/product"}],"about":[{"href":"https:\/\/tecsecmty.com\/index.php\/wp-json\/wp\/v2\/types\/product"}],"replies":[{"embeddable":true,"href":"https:\/\/tecsecmty.com\/index.php\/wp-json\/wp\/v2\/comments?post=3899"}],"version-history":[{"count":0,"href":"https:\/\/tecsecmty.com\/index.php\/wp-json\/wp\/v2\/product\/3899\/revisions"}],"wp:featuredmedia":[{"embeddable":true,"href":"https:\/\/tecsecmty.com\/index.php\/wp-json\/wp\/v2\/media\/3898"}],"wp:attachment":[{"href":"https:\/\/tecsecmty.com\/index.php\/wp-json\/wp\/v2\/media?parent=3899"}],"wp:term":[{"taxonomy":"product_brand","embeddable":true,"href":"https:\/\/tecsecmty.com\/index.php\/wp-json\/wp\/v2\/product_brand?post=3899"},{"taxonomy":"product_cat","embeddable":true,"href":"https:\/\/tecsecmty.com\/index.php\/wp-json\/wp\/v2\/product_cat?post=3899"},{"taxonomy":"product_tag","embeddable":true,"href":"https:\/\/tecsecmty.com\/index.php\/wp-json\/wp\/v2\/product_tag?post=3899"}],"curies":[{"name":"wp","href":"https:\/\/api.w.org\/{rel}","templated":true}]}}