{"id":3901,"date":"2023-02-23T00:27:40","date_gmt":"2023-02-23T06:27:40","guid":{"rendered":"https:\/\/tecsecmty.com\/index.php\/producto\/dsc-bv500gb-detector-de-movimiento-pir-360-con-detector-de-ruptura-de-vidrio-cableado-para-montaje-en-techo\/"},"modified":"2023-03-22T23:23:16","modified_gmt":"2023-03-23T05:23:16","slug":"dsc-bv500gb-detector-de-movimiento-pir-360-con-detector-de-ruptura-de-vidrio-cableado-para-montaje-en-techo","status":"publish","type":"product","link":"https:\/\/tecsecmty.com\/index.php\/producto\/dsc-bv500gb-detector-de-movimiento-pir-360-con-detector-de-ruptura-de-vidrio-cableado-para-montaje-en-techo\/","title":{"rendered":"DSC BV500GB &#8211; Detector de movimiento PIR 360\u00b0 con detector de ruptura de vidrio cableado para montaje en techo"},"content":{"rendered":"<div class=\"row aling-items-center padding-bottom-2x\">\n<div class=\"col-lg-12\">\n<h5 class=\"card-title text-center\">Descripci\u00f3n<\/h5>\n<h4 class=\"ql-align-justify\">El Bravo 5GB es un detector de movimiento y rotura de cristales montado en el techo en una carcasa dise\u00f1ada para proporcionar protecci\u00f3n confiable para aplicaciones\u00a0<strong>residenciales<\/strong>\u00a0y\u00a0<strong>comerciales<\/strong>. El Bravo 5GB utiliza una lente Fresnel especial para la detecci\u00f3n de 360 \u00b0 junto con un sensor PIR de cuatro elementos optimizado para una detecci\u00f3n uniforme en todo su campo de visi\u00f3n. Se presta especial atenci\u00f3n a la inmunidad a falsas alarmas contra RF, est\u00e1tica, transitorios el\u00e9ctricos para garantizar un funcionamiento sin problemas durante muchos a\u00f1os..<\/h4>\n<p><img decoding=\"async\" class=\"overview-center-img-web\" src=\"https:\/\/tvc.mx\/media\/423547\/BV-500GB.png\" alt=\"\" \/><\/div>\n<\/div>\n<div class=\"row align-items-center padding-bottom-2x\">\n<div class=\"col-md-5\"><img decoding=\"async\" class=\"d-block m-auto img-thumbnail\" src=\"https:\/\/tvc.mx\/media\/67446\/parts-lateral-overview.jpg\" alt=\" \" \/><\/div>\n<div class=\"col-md-7 text-md-left text-center\">\n<h2>Especificaciones<\/h2>\n<p class=\"text-muted\">\n<ul>\n<li>Voltaje de entrada: 9 &#8211; 14.5 VDC<\/li>\n<li>Corriente (t\u00edpica): 38\/35 mA (alarma activada \/ desactivada) @ 12VDC<\/li>\n<\/ul>\n<p><strong>Puntuaci\u00f3n de contactos<\/strong><\/p>\n<ul>\n<li>Rel\u00e9 de alarma (PIR): 0.1A @ 24VDC<\/li>\n<li>Rel\u00e9 de alarma (Glassbreak): 1.0A @ 24VDC<\/li>\n<li>Interruptor antisabotaje: 0.1A @ 24VDC<\/li>\n<\/ul>\n<p><strong>Tama\u00f1o (di\u00e1metro x altura)<\/strong><\/p>\n<ul>\n<li>117 mm x 36 mm<\/li>\n<\/ul>\n<p><strong>Rango del detector de movimiento (di\u00e1metro)<\/strong><\/p>\n<ul>\n<li>Detector colocado a 8 pies \/ 2.4 m del piso: 24 pies \/ 7.3 m<\/li>\n<li>Detector colocado a 10 pies \/ 3.0 m del piso: 30 pies \/ 9.2 m<\/li>\n<li>Detector colocado a 12 pies \/ 3.6 m del piso: 40 pies \/ 12.2 m<\/li>\n<\/ul>\n<p>&nbsp;<\/p>\n<\/div>\n<\/div>\n<hr class=\"padding-bottom-2x\" \/>\n<div class=\"row aling-items-center padding-bottom-2x\">\n<div class=\"col-lg-12\">\n<h5 class=\"card-title text-center\">Alcance<\/h5>\n<p>.<\/p>\n<p><img decoding=\"async\" class=\"overview-center-img-web\" src=\"https:\/\/tvc.mx\/media\/423551\/Cobertura-BV-500.png\" alt=\"\" \/><\/div>\n<\/div>\n","protected":false},"excerpt":{"rendered":"<p>Descripci\u00f3n El Bravo 5GB es un detector de movimiento y rotura de cristales montado en el techo en una carcasa dise\u00f1ada para proporcionar protecci\u00f3n confiable para aplicaciones\u00a0residenciales\u00a0y\u00a0comerciales. El Bravo 5GB utiliza una lente Fresnel especial para la detecci\u00f3n de 360 \u00b0 junto con un sensor&hellip;<\/p>\n","protected":false},"featured_media":3900,"comment_status":"open","ping_status":"closed","template":"","meta":{"om_disable_all_campaigns":false,"_monsterinsights_skip_tracking":false,"_monsterinsights_sitenote_active":false,"_monsterinsights_sitenote_note":"","_monsterinsights_sitenote_category":0},"product_brand":[],"product_cat":[283],"product_tag":[212,211,151],"class_list":{"0":"post-3901","1":"product","2":"type-product","3":"status-publish","4":"has-post-thumbnail","6":"product_cat-sensores-de-alarma-alarmas-dsc","7":"product_tag-alarmas","8":"product_tag-alarmas-e-intrusion","9":"product_tag-seguridad","11":"first","12":"instock","13":"sale","14":"taxable","15":"shipping-taxable","16":"purchasable","17":"product-type-simple"},"aioseo_notices":[],"_links":{"self":[{"href":"https:\/\/tecsecmty.com\/index.php\/wp-json\/wp\/v2\/product\/3901","targetHints":{"allow":["GET"]}}],"collection":[{"href":"https:\/\/tecsecmty.com\/index.php\/wp-json\/wp\/v2\/product"}],"about":[{"href":"https:\/\/tecsecmty.com\/index.php\/wp-json\/wp\/v2\/types\/product"}],"replies":[{"embeddable":true,"href":"https:\/\/tecsecmty.com\/index.php\/wp-json\/wp\/v2\/comments?post=3901"}],"version-history":[{"count":0,"href":"https:\/\/tecsecmty.com\/index.php\/wp-json\/wp\/v2\/product\/3901\/revisions"}],"wp:featuredmedia":[{"embeddable":true,"href":"https:\/\/tecsecmty.com\/index.php\/wp-json\/wp\/v2\/media\/3900"}],"wp:attachment":[{"href":"https:\/\/tecsecmty.com\/index.php\/wp-json\/wp\/v2\/media?parent=3901"}],"wp:term":[{"taxonomy":"product_brand","embeddable":true,"href":"https:\/\/tecsecmty.com\/index.php\/wp-json\/wp\/v2\/product_brand?post=3901"},{"taxonomy":"product_cat","embeddable":true,"href":"https:\/\/tecsecmty.com\/index.php\/wp-json\/wp\/v2\/product_cat?post=3901"},{"taxonomy":"product_tag","embeddable":true,"href":"https:\/\/tecsecmty.com\/index.php\/wp-json\/wp\/v2\/product_tag?post=3901"}],"curies":[{"name":"wp","href":"https:\/\/api.w.org\/{rel}","templated":true}]}}