{"id":3907,"date":"2023-02-23T00:27:44","date_gmt":"2023-02-23T06:27:44","guid":{"rendered":"https:\/\/tecsecmty.com\/index.php\/producto\/dsc-bv600-detector-de-movimiento-infrarrojo-de-doble-elemento-pir-cableado-inmune-a-mascotas\/"},"modified":"2023-03-22T23:23:16","modified_gmt":"2023-03-23T05:23:16","slug":"dsc-bv600-detector-de-movimiento-infrarrojo-de-doble-elemento-pir-cableado-inmune-a-mascotas","status":"publish","type":"product","link":"https:\/\/tecsecmty.com\/index.php\/producto\/dsc-bv600-detector-de-movimiento-infrarrojo-de-doble-elemento-pir-cableado-inmune-a-mascotas\/","title":{"rendered":"DSC BV600 &#8211; Detector de Movimiento infrarrojo de Doble Elemento PIR cableado Inmune a Mascotas"},"content":{"rendered":"<div class=\"row aling-items-center padding-bottom-2x\">\n<div class=\"col-lg-12\">\n<h5 class=\"card-title text-center\">Informaci\u00f3n general.<\/h5>\n<p class=\"ql-align-justify\">El Bravo 6 es un sensor de movimiento PIR especializado en doble gemelo, el cual enfatiza inmunidad contra falsas alarmas causadas por las mascotas. El Bravo 6 est\u00e1 equipado con un lente especialmente dise\u00f1ado** el cual habilita al detector para discriminar entre humanos y mascotas de tama\u00f1o peque\u00f1o a mediano. Dise\u00f1o excepcional y probado en f\u00e1brica le aseguran a\u00f1os de trabajo libres de fallas. Inmunidad contra falsas alarmas de RF, est\u00e1tica, transitorios el\u00e9ctricos y luz blanca son todas caracter\u00edsticas integrales por DSC. El Tratamiento de Se\u00f1ales a Niveles M\u00faltiples*, compensaci\u00f3n de temperatura y lentes largos de multiluces, significa que el objetivo humano no pasar\u00e1 sin detectarse a\u00fan en un d\u00eda muy caliente en el verano. Se puede montar en la pared o esquina y el ajuste vertical proporcionan una aplicaci\u00f3n vers\u00e1til, y su cliente apreciar\u00e1 el tama\u00f1o peque\u00f1o y elegante del dise\u00f1o de la cubierta. Nuestro Bravo 6 con sus\u00a0<strong>5 a\u00f1os de garant\u00eda<\/strong>, es su seguro de una instalaci\u00f3n libre de fallas.<\/p>\n<p>&nbsp;<\/p>\n<\/div>\n<\/div>\n<div class=\"row align-items-center padding-bottom-2x\">\n<div class=\"col-md-5\"><img decoding=\"async\" class=\"d-block m-auto img-thumbnail\" src=\"https:\/\/tvc.mx\/media\/76875\/specifications.jpg\" alt=\" \" \/><\/div>\n<div class=\"col-md-7 text-md-left text-center\">\n<h2>Caracteristicas.<\/h2>\n<ul>\n<li class=\"ql-indent-1\">Inmune a mascotas inferiores a 2.5pies\/0.75m (hasta 85 libras \/ 38Kg)<\/li>\n<li class=\"ql-indent-1\">Basado en Microprocesador<\/li>\n<li class=\"ql-indent-1\">Tratamiento Avanzado de Se\u00f1ales a Niveles M\u00faltiples*<\/li>\n<li class=\"ql-indent-1\">Sensores Gemelos con Elemento Doble de Bajo Ruido<\/li>\n<li class=\"ql-indent-1\">Alto Nivel de Protecci\u00f3n contra Est\u00e1tica<\/li>\n<li class=\"ql-indent-1\">Alto Nivel de Protecci\u00f3n contra Transitorios<\/li>\n<li class=\"ql-indent-1\">Lentes estables UV<\/li>\n<li class=\"ql-indent-1\">Alto Nivel de Inmunidad contra Luz Blanca<\/li>\n<li class=\"ql-indent-1\">Excelente Inmunidad RF<\/li>\n<li class=\"ql-indent-1\">Circuito de compensaci\u00f3n de temperatura DSC<\/li>\n<li class=\"ql-indent-1\">Puente de ambiente Normal \/ Severo<\/li>\n<li class=\"ql-indent-1\">Puente de Indicador LED Encendido \/ Apagado<\/li>\n<li class=\"ql-indent-1\">Ajuste Vertical<\/li>\n<li class=\"ql-indent-1\">Construcci\u00f3n SMD<\/li>\n<li class=\"ql-indent-1\">Operaci\u00f3n S\u00faper Silenciosa<\/li>\n<li class=\"ql-indent-1\">Montaje en la Pared \/ Esquina<\/li>\n<li class=\"ql-indent-1\">Armoniza con cualquier decoraci\u00f3n<\/li>\n<li class=\"ql-indent-1\">Tama\u00f1o compacto<\/li>\n<li class=\"ql-indent-1\">Garant\u00eda de 5 a\u00f1os<\/li>\n<\/ul>\n<\/div>\n<\/div>\n","protected":false},"excerpt":{"rendered":"<p>Informaci\u00f3n general. El Bravo 6 es un sensor de movimiento PIR especializado en doble gemelo, el cual enfatiza inmunidad contra falsas alarmas causadas por las mascotas. El Bravo 6 est\u00e1 equipado con un lente especialmente dise\u00f1ado** el cual habilita al detector para discriminar entre humanos&hellip;<\/p>\n","protected":false},"featured_media":3906,"comment_status":"open","ping_status":"closed","template":"","meta":{"om_disable_all_campaigns":false,"_monsterinsights_skip_tracking":false,"_monsterinsights_sitenote_active":false,"_monsterinsights_sitenote_note":"","_monsterinsights_sitenote_category":0},"product_brand":[],"product_cat":[283],"product_tag":[212,211,151],"class_list":{"0":"post-3907","1":"product","2":"type-product","3":"status-publish","4":"has-post-thumbnail","6":"product_cat-sensores-de-alarma-alarmas-dsc","7":"product_tag-alarmas","8":"product_tag-alarmas-e-intrusion","9":"product_tag-seguridad","11":"first","12":"instock","13":"sale","14":"taxable","15":"shipping-taxable","16":"purchasable","17":"product-type-simple"},"aioseo_notices":[],"_links":{"self":[{"href":"https:\/\/tecsecmty.com\/index.php\/wp-json\/wp\/v2\/product\/3907","targetHints":{"allow":["GET"]}}],"collection":[{"href":"https:\/\/tecsecmty.com\/index.php\/wp-json\/wp\/v2\/product"}],"about":[{"href":"https:\/\/tecsecmty.com\/index.php\/wp-json\/wp\/v2\/types\/product"}],"replies":[{"embeddable":true,"href":"https:\/\/tecsecmty.com\/index.php\/wp-json\/wp\/v2\/comments?post=3907"}],"version-history":[{"count":0,"href":"https:\/\/tecsecmty.com\/index.php\/wp-json\/wp\/v2\/product\/3907\/revisions"}],"wp:featuredmedia":[{"embeddable":true,"href":"https:\/\/tecsecmty.com\/index.php\/wp-json\/wp\/v2\/media\/3906"}],"wp:attachment":[{"href":"https:\/\/tecsecmty.com\/index.php\/wp-json\/wp\/v2\/media?parent=3907"}],"wp:term":[{"taxonomy":"product_brand","embeddable":true,"href":"https:\/\/tecsecmty.com\/index.php\/wp-json\/wp\/v2\/product_brand?post=3907"},{"taxonomy":"product_cat","embeddable":true,"href":"https:\/\/tecsecmty.com\/index.php\/wp-json\/wp\/v2\/product_cat?post=3907"},{"taxonomy":"product_tag","embeddable":true,"href":"https:\/\/tecsecmty.com\/index.php\/wp-json\/wp\/v2\/product_tag?post=3907"}],"curies":[{"name":"wp","href":"https:\/\/api.w.org\/{rel}","templated":true}]}}