{"id":3909,"date":"2023-02-23T00:27:46","date_gmt":"2023-02-23T06:27:46","guid":{"rendered":"https:\/\/tecsecmty.com\/index.php\/producto\/dsc-bv601-detector-de-movimiento-infrarrojo-de-doble-elemento-pir-con-tamper-incorporado-cableado-inmune-a-mascotas\/"},"modified":"2023-03-22T23:23:16","modified_gmt":"2023-03-23T05:23:16","slug":"dsc-bv601-detector-de-movimiento-infrarrojo-de-doble-elemento-pir-con-tamper-incorporado-cableado-inmune-a-mascotas","status":"publish","type":"product","link":"https:\/\/tecsecmty.com\/index.php\/producto\/dsc-bv601-detector-de-movimiento-infrarrojo-de-doble-elemento-pir-con-tamper-incorporado-cableado-inmune-a-mascotas\/","title":{"rendered":"DSC BV601 &#8211; Detector de Movimiento infrarrojo de Doble Elemento PIR, con tamper incorporado cableado Inmune a Mascotas"},"content":{"rendered":"<div class=\"row aling-items-center padding-bottom-2x\">\n<div class=\"col-lg-12\">\n<h5 class=\"card-title text-center\">Descripci\u00f3n<\/h5>\n<h4>El Bravo 6 es un sensor de movimiento PIR especializado el cual enfatiza inmunidad contra falsas alarmas causadas por las mascotas. Est\u00e1 equipado con un lente especialmente dise\u00f1ado el cual habilita al detector para discriminar entre humanos y mascotas de tama\u00f1o peque\u00f1o a mediano. La compensaci\u00f3n de temperatura y lentes largos de multi luces, significa que el objetivo humano no pasar\u00e1 sin detectarse a\u00fan en un d\u00eda muy caliente en el verano.<\/h4>\n<p><img decoding=\"async\" class=\"overview-center-img-web\" src=\"https:\/\/tvc.mx\/media\/423795\/BV-601.png\" alt=\"\" \/><\/div>\n<\/div>\n<div class=\"row align-items-center padding-bottom-2x\">\n<div class=\"col-md-5\"><img decoding=\"async\" class=\"d-block m-auto img-thumbnail\" src=\"https:\/\/tvc.mx\/media\/423835\/BV601.png\" alt=\" \" \/><\/div>\n<div class=\"col-md-7 text-md-left text-center\">\n<h2>Caracter\u00edsticas<\/h2>\n<p class=\"text-muted\">\n<p>An\u00e1lisis de se\u00f1al digital para una detecci\u00f3n consistente en todo el patr\u00f3n de cobertura<\/p>\n<p>Compensaci\u00f3n digital de temperatura para mejorar el rendimiento de captura a temperaturas cr\u00edticas<\/p>\n<p>Procesamiento de se\u00f1al multinivel patentado (MLSP) para una detecci\u00f3n precisa de la energ\u00eda IR humana en un amplio rango de temperaturas<\/p>\n<p>Inmunidad a mascotas de hasta 85 lb (39 kg)<\/p>\n<p>&nbsp;<\/p>\n<\/div>\n<\/div>\n<hr class=\"padding-bottom-2x\" \/>\n<div class=\"row align-items-center padding-bottom-2x\">\n<div class=\"col-md-5 order-md-2\"><img decoding=\"async\" class=\"d-block m-auto img-thumbnail\" src=\"https:\/\/tvc.mx\/media\/423847\/DSC1180052.png\" alt=\" \" \/><\/div>\n<div class=\"col-md-7 order-md-1 text-md-left text-center\">\n<h2>Especificaciones<\/h2>\n<p class=\"text-muted\">\n<p>\u2022 Voltaje de Operaci\u00f3n: 9.5VDC &#8211; 14.5VDC<\/p>\n<p>\u2022 Tensi\u00f3n de ondulaci\u00f3n del suministro de voltaje:<\/p>\n<p>3.0Vpp @ 12VDC<\/p>\n<p>\u2022 Corriente de espera: 17.5mA<\/p>\n<p>\u2022 Corriente en alarma (LED encendido): 25mA<\/p>\n<p>\u2022 Inmunidad RF:<\/p>\n<p>\u2022 Velocidad de detecci\u00f3n de paso:<\/p>\n<p>0.5\u2019 a 10\u2019\/s (0.15m &#8211; 3.0m\/s)<\/p>\n<p>\u2022 Angulo de Cubrimiento (lente pared a pared):<\/p>\n<p>100\u00b0 m\u00ednimo<\/p>\n<p><strong>Dimensiones<\/strong><\/p>\n<p>4.9\u201c Altura x 2.76\u201c Ancho x 1,75\u201c Di\u00e1metro<\/p>\n<p>(124.5mm x 70mm x 44.5mm)<\/p>\n<p>Color<\/p>\n<p>Blanco con lentes blancos<\/p>\n<p>&nbsp;<\/p>\n<\/div>\n<\/div>\n<hr class=\"padding-bottom-2x\" \/>\n<div class=\"row aling-items-center padding-bottom-2x\">\n<div class=\"col-lg-12\">\n<h5 class=\"card-title text-center\">BV-601<\/h5>\n<h4 class=\"ql-align-center\">Patrones de Luz para el Lente BV-601<\/h4>\n<p><img decoding=\"async\" class=\"overview-center-img-web\" src=\"https:\/\/tvc.mx\/media\/424351\/Patrones-de-Luz-para-el-Lente-BV-601.png\" alt=\"\" \/><\/div>\n<\/div>\n","protected":false},"excerpt":{"rendered":"<p>Descripci\u00f3n El Bravo 6 es un sensor de movimiento PIR especializado el cual enfatiza inmunidad contra falsas alarmas causadas por las mascotas. Est\u00e1 equipado con un lente especialmente dise\u00f1ado el cual habilita al detector para discriminar entre humanos y mascotas de tama\u00f1o peque\u00f1o a mediano.&hellip;<\/p>\n","protected":false},"featured_media":3908,"comment_status":"open","ping_status":"closed","template":"","meta":{"om_disable_all_campaigns":false,"_monsterinsights_skip_tracking":false,"_monsterinsights_sitenote_active":false,"_monsterinsights_sitenote_note":"","_monsterinsights_sitenote_category":0},"product_brand":[],"product_cat":[283],"product_tag":[212,211,151],"class_list":{"0":"post-3909","1":"product","2":"type-product","3":"status-publish","4":"has-post-thumbnail","6":"product_cat-sensores-de-alarma-alarmas-dsc","7":"product_tag-alarmas","8":"product_tag-alarmas-e-intrusion","9":"product_tag-seguridad","11":"first","12":"instock","13":"sale","14":"taxable","15":"shipping-taxable","16":"purchasable","17":"product-type-simple"},"aioseo_notices":[],"_links":{"self":[{"href":"https:\/\/tecsecmty.com\/index.php\/wp-json\/wp\/v2\/product\/3909","targetHints":{"allow":["GET"]}}],"collection":[{"href":"https:\/\/tecsecmty.com\/index.php\/wp-json\/wp\/v2\/product"}],"about":[{"href":"https:\/\/tecsecmty.com\/index.php\/wp-json\/wp\/v2\/types\/product"}],"replies":[{"embeddable":true,"href":"https:\/\/tecsecmty.com\/index.php\/wp-json\/wp\/v2\/comments?post=3909"}],"version-history":[{"count":0,"href":"https:\/\/tecsecmty.com\/index.php\/wp-json\/wp\/v2\/product\/3909\/revisions"}],"wp:featuredmedia":[{"embeddable":true,"href":"https:\/\/tecsecmty.com\/index.php\/wp-json\/wp\/v2\/media\/3908"}],"wp:attachment":[{"href":"https:\/\/tecsecmty.com\/index.php\/wp-json\/wp\/v2\/media?parent=3909"}],"wp:term":[{"taxonomy":"product_brand","embeddable":true,"href":"https:\/\/tecsecmty.com\/index.php\/wp-json\/wp\/v2\/product_brand?post=3909"},{"taxonomy":"product_cat","embeddable":true,"href":"https:\/\/tecsecmty.com\/index.php\/wp-json\/wp\/v2\/product_cat?post=3909"},{"taxonomy":"product_tag","embeddable":true,"href":"https:\/\/tecsecmty.com\/index.php\/wp-json\/wp\/v2\/product_tag?post=3909"}],"curies":[{"name":"wp","href":"https:\/\/api.w.org\/{rel}","templated":true}]}}