{"id":3911,"date":"2023-02-23T00:27:47","date_gmt":"2023-02-23T06:27:47","guid":{"rendered":"https:\/\/tecsecmty.com\/index.php\/producto\/dsc-dg50au-detector-de-ruptura-de-cristal-cableado\/"},"modified":"2023-03-22T23:23:16","modified_gmt":"2023-03-23T05:23:16","slug":"dsc-dg50au-detector-de-ruptura-de-cristal-cableado","status":"publish","type":"product","link":"https:\/\/tecsecmty.com\/index.php\/producto\/dsc-dg50au-detector-de-ruptura-de-cristal-cableado\/","title":{"rendered":"DSC DG50AU &#8211; Detector de Ruptura de Cristal Cableado"},"content":{"rendered":"<div class=\"row aling-items-center padding-bottom-2x\">\n<div class=\"col-lg-12\">\n<h5 class=\"card-title text-center\">Informaci\u00f3n general.<\/h5>\n<pre class=\"ql-syntax\">Al igual que con todos los productos DSC, el detector de rotura de cristal DG-50 se ha dise\u00f1ado prestando especial atenci\u00f3n a los detalles m\u00e1s peque\u00f1os.\r\n\r\nEl DG-50 incorpora caracter\u00edsticas y mejoras que lo hacen superior a cualquier otro producto de este tipo y proporciona precisi\u00f3n y fiabilidad que\r\n\r\nson insuperables.\r\n\r\n\r\n<\/pre>\n<p><img decoding=\"async\" class=\"overview-center-img-web\" src=\"https:\/\/tvc.mx\/media\/417471\/DG-50AU-G.png\" alt=\"\" \/><\/div>\n<\/div>\n<div class=\"row align-items-center padding-bottom-2x\">\n<div class=\"col-md-5\"><img decoding=\"async\" class=\"d-block m-auto img-thumbnail\" src=\"https:\/\/tvc.mx\/media\/29089\/OVL1.png\" alt=\" \" \/><\/div>\n<div class=\"col-md-7 text-md-left text-center\">\n<h2>Caracter\u00edsticas.<\/h2>\n<p class=\"text-muted\">\n<pre class=\"ql-syntax\">\u2022 El dise\u00f1o limpio y moderno combina con cualquier decoraci\u00f3n.\r\n\u2022 Discriminaci\u00f3n de se\u00f1al avanzada para una precisi\u00f3n identificaci\u00f3n de cristales rotos\r\n\u2022 Resistente a la ceguera por ruidos de fondo.\r\n\u2022 Potenci\u00f3metro de ajuste de sensibilidad.\r\n\u2022 El dise\u00f1o antichoque evita falsas alarmas choque mec\u00e1nico\r\n\u2022 MOV est\u00e1tica \/ protecci\u00f3n contra rayos\r\n\u2022 Construcci\u00f3n SMD y protecci\u00f3n integral de tierra para alta inmunidad a RF\r\n<\/pre>\n<p>&nbsp;<\/p>\n<\/div>\n<\/div>\n<hr class=\"padding-bottom-2x\" \/>\n<div class=\"row align-items-center padding-bottom-2x\">\n<div class=\"col-md-5 order-md-2\"><img decoding=\"async\" class=\"d-block m-auto img-thumbnail\" src=\"https:\/\/tvc.mx\/media\/417659\/DG-5AAU-I.png\" alt=\" \" \/><\/div>\n<div class=\"col-md-7 order-md-1 text-md-left text-center\">\n<h2>Especificaciones.<\/h2>\n<p class=\"text-muted\">\n<p>\u2022 Entrada de voltaje 9-16 VDC<\/p>\n<p>\u2022 Suministro de ondulaci\u00f3n 1 V P-P m\u00e1x.<\/p>\n<p>\u2022 Corriente 15 mA a 12 V CC<\/p>\n<p>\u2022 Temperatura de funcionamiento 14 \u00b0 F a 122 \u00b0 F (-10 \u00b0 C a 50 \u00b0 C)<\/p>\n<p>\u2022 Humedad (sin condensaci\u00f3n) 95% m\u00e1x. RH<\/p>\n<p>\u2022 Clasificaci\u00f3n de contacto 24 V CC, 100 mA m\u00e1x.<\/p>\n<p>\u2022 Duraci\u00f3n de la alarma 3 segundos<\/p>\n<p>\u2022 cobertura Max. sensibilidad &#8211; 35 &#8216;x 35&#8217; (10m x 10m)<\/p>\n<p>Min. sensibilidad &#8211; 10 &#8216;x 10&#8217; (3m x 3m)<\/p>\n<p>\u2022 Superficie de ensamblaje<\/p>\n<p>\u2022 Color Designer White<\/p>\n<\/div>\n<\/div>\n","protected":false},"excerpt":{"rendered":"<p>Informaci\u00f3n general. Al igual que con todos los productos DSC, el detector de rotura de cristal DG-50 se ha dise\u00f1ado prestando especial atenci\u00f3n a los detalles m\u00e1s peque\u00f1os. El DG-50 incorpora caracter\u00edsticas y mejoras que lo hacen superior a cualquier otro producto de este tipo&hellip;<\/p>\n","protected":false},"featured_media":3910,"comment_status":"open","ping_status":"closed","template":"","meta":{"om_disable_all_campaigns":false,"_monsterinsights_skip_tracking":false,"_monsterinsights_sitenote_active":false,"_monsterinsights_sitenote_note":"","_monsterinsights_sitenote_category":0},"product_brand":[],"product_cat":[283],"product_tag":[212,211,151],"class_list":{"0":"post-3911","1":"product","2":"type-product","3":"status-publish","4":"has-post-thumbnail","6":"product_cat-sensores-de-alarma-alarmas-dsc","7":"product_tag-alarmas","8":"product_tag-alarmas-e-intrusion","9":"product_tag-seguridad","11":"first","12":"instock","13":"sale","14":"taxable","15":"shipping-taxable","16":"purchasable","17":"product-type-simple"},"aioseo_notices":[],"_links":{"self":[{"href":"https:\/\/tecsecmty.com\/index.php\/wp-json\/wp\/v2\/product\/3911","targetHints":{"allow":["GET"]}}],"collection":[{"href":"https:\/\/tecsecmty.com\/index.php\/wp-json\/wp\/v2\/product"}],"about":[{"href":"https:\/\/tecsecmty.com\/index.php\/wp-json\/wp\/v2\/types\/product"}],"replies":[{"embeddable":true,"href":"https:\/\/tecsecmty.com\/index.php\/wp-json\/wp\/v2\/comments?post=3911"}],"version-history":[{"count":0,"href":"https:\/\/tecsecmty.com\/index.php\/wp-json\/wp\/v2\/product\/3911\/revisions"}],"wp:featuredmedia":[{"embeddable":true,"href":"https:\/\/tecsecmty.com\/index.php\/wp-json\/wp\/v2\/media\/3910"}],"wp:attachment":[{"href":"https:\/\/tecsecmty.com\/index.php\/wp-json\/wp\/v2\/media?parent=3911"}],"wp:term":[{"taxonomy":"product_brand","embeddable":true,"href":"https:\/\/tecsecmty.com\/index.php\/wp-json\/wp\/v2\/product_brand?post=3911"},{"taxonomy":"product_cat","embeddable":true,"href":"https:\/\/tecsecmty.com\/index.php\/wp-json\/wp\/v2\/product_cat?post=3911"},{"taxonomy":"product_tag","embeddable":true,"href":"https:\/\/tecsecmty.com\/index.php\/wp-json\/wp\/v2\/product_tag?post=3911"}],"curies":[{"name":"wp","href":"https:\/\/api.w.org\/{rel}","templated":true}]}}