{"id":3915,"date":"2023-02-23T00:27:50","date_gmt":"2023-02-23T06:27:50","guid":{"rendered":"https:\/\/tecsecmty.com\/index.php\/producto\/dsc-evdw4917-transmisor-de-puerta-empotrado-inalambrico-power-series\/"},"modified":"2023-03-22T23:23:16","modified_gmt":"2023-03-23T05:23:16","slug":"dsc-evdw4917-transmisor-de-puerta-empotrado-inalambrico-power-series","status":"publish","type":"product","link":"https:\/\/tecsecmty.com\/index.php\/producto\/dsc-evdw4917-transmisor-de-puerta-empotrado-inalambrico-power-series\/","title":{"rendered":"DSC EVDW4917 &#8211; Transmisor de Puerta Empotrado Inal\u00e1mbrico Power Series"},"content":{"rendered":"<div class=\"row aling-items-center padding-bottom-2x\">\n<div class=\"col-lg-12\">\n<h5 class=\"card-title text-center\">Descripci\u00f3n<\/h5>\n<p>Contacto magn\u00e9tico empotrado, este modelo es de utilidad al momento de hacer una instalaci\u00f3n discreta y sin dejar marca visible de la existencia de los sensores de puerta \/ ventana. compatible con todos los paneles de las series POWER de DSC<\/p>\n<p>Especificaciones Dimensiones 2 1\/2\u02dd \u00d7 \u00be\u02dd (64 mm \u00d7 19 mm) Bateria CR2 (3V Lithium) Vida de Bateria 5-8 a\u00f1os (Tiico) Operacion de temperatura 32\u00b0 to 120\u00b0F (0\u00b0 to 49\u00b0C) Inmunidad relativa 5% to 93% a frecuencias externas<\/p>\n<p>&nbsp;<\/p>\n<p>Compatible con RECEPTORES:<\/p>\n<p>PC5132-433<\/p>\n<p>RF5132-433<\/p>\n<p>RF5108-433<\/p>\n<p>TR5164-433<\/p>\n<p>En teclados RFK&#8230;<\/p>\n<p>RFK55XX-433<\/p>\n<p>En Receptores MAXSYS&#8230;<\/p>\n<p>PC4164-433<\/p>\n<p>RF4164-433<\/p>\n<p>En repetidores&#8230;<\/p>\n<p>WS4920<\/p>\n<p><img decoding=\"async\" class=\"overview-center-img-web\" src=\"https:\/\/tvc.mx\/media\/424635\/EVDW4917.png\" alt=\"\" \/><\/div>\n<\/div>\n<div class=\"row align-items-center padding-bottom-2x\">\n<div class=\"col-md-5\"><img decoding=\"async\" class=\"d-block m-auto img-thumbnail\" src=\"https:\/\/tvc.mx\/media\/66582\/cmempotradolateral-Recuperado.jpg\" alt=\" \" \/><\/div>\n<div class=\"col-md-7 text-md-left text-center\">\n<h2>Especificaciones<\/h2>\n<p class=\"text-muted\">\n<ul>\n<li>Dise\u00f1o peque\u00f1o y compacto<\/li>\n<li>Incluye bater\u00eda de litio de larga duraci\u00f3n<\/li>\n<li>Opciones de montaje flexibles (con tornillos o a presi\u00f3n)<\/li>\n<li>Tecnolog\u00eda confiable de 433 MHz<\/li>\n<li>Potente im\u00e1n de tierras raras<\/li>\n<li>Incluye capsulas de acceso con\/sin rebordes marrones\/blancas<\/li>\n<\/ul>\n<p>&nbsp;<\/p>\n<\/div>\n<\/div>\n<hr class=\"padding-bottom-2x\" \/>\n<div class=\"row align-items-center padding-bottom-2x\">\n<div class=\"col-md-5 order-md-2\"><img decoding=\"async\" class=\"d-block m-auto img-thumbnail\" src=\"https:\/\/tvc.mx\/media\/424819\/DSC1180038.png\" alt=\" \" \/><\/div>\n<div class=\"col-md-7 order-md-1 text-md-left text-center\">\n<h2>Vers\u00e1til<\/h2>\n<p class=\"text-muted\">\n<p>El EV-DW4917 est\u00e1 dise\u00f1ado para brindar a los instaladores la flexibilidad necesaria durante instalaciones dificultosas. Al disponer de tapas de acceso con o sin aletas, los instaladores pueden decidir si es necesario montarlo con tornillos o insertarlo a presi\u00f3n.<\/p>\n<p>&nbsp;<\/p>\n<\/div>\n<\/div>\n<hr class=\"padding-bottom-2x\" \/>\n<div class=\"row align-items-center padding-bottom-2x\">\n<div class=\"col-md-5\"><img decoding=\"async\" class=\"d-block m-auto img-thumbnail\" src=\"https:\/\/tvc.mx\/media\/424831\/Contacto-EVDW4917.png\" alt=\" \" \/><\/div>\n<div class=\"col-md-7 text-md-left text-center\">\n<h2>Desapercibido y discreto<\/h2>\n<p class=\"text-muted\">\n<p>Casi imperceptible una vez instalado, el EV-DW4917 queda completamente oculto cuando la puerta est\u00e1 cerrada. Esto es ideal para aquellos clientes que prefieren conservar al m\u00e1ximo la est\u00e9tica de sus ambientes interiores.<\/p>\n<\/div>\n<\/div>\n","protected":false},"excerpt":{"rendered":"<p>Descripci\u00f3n Contacto magn\u00e9tico empotrado, este modelo es de utilidad al momento de hacer una instalaci\u00f3n discreta y sin dejar marca visible de la existencia de los sensores de puerta \/ ventana. compatible con todos los paneles de las series POWER de DSC Especificaciones Dimensiones 2&hellip;<\/p>\n","protected":false},"featured_media":3914,"comment_status":"open","ping_status":"closed","template":"","meta":{"om_disable_all_campaigns":false,"_monsterinsights_skip_tracking":false,"_monsterinsights_sitenote_active":false,"_monsterinsights_sitenote_note":"","_monsterinsights_sitenote_category":0},"product_brand":[],"product_cat":[283],"product_tag":[212,211,151],"class_list":{"0":"post-3915","1":"product","2":"type-product","3":"status-publish","4":"has-post-thumbnail","6":"product_cat-sensores-de-alarma-alarmas-dsc","7":"product_tag-alarmas","8":"product_tag-alarmas-e-intrusion","9":"product_tag-seguridad","11":"first","12":"instock","13":"sale","14":"taxable","15":"shipping-taxable","16":"purchasable","17":"product-type-simple"},"aioseo_notices":[],"_links":{"self":[{"href":"https:\/\/tecsecmty.com\/index.php\/wp-json\/wp\/v2\/product\/3915","targetHints":{"allow":["GET"]}}],"collection":[{"href":"https:\/\/tecsecmty.com\/index.php\/wp-json\/wp\/v2\/product"}],"about":[{"href":"https:\/\/tecsecmty.com\/index.php\/wp-json\/wp\/v2\/types\/product"}],"replies":[{"embeddable":true,"href":"https:\/\/tecsecmty.com\/index.php\/wp-json\/wp\/v2\/comments?post=3915"}],"version-history":[{"count":0,"href":"https:\/\/tecsecmty.com\/index.php\/wp-json\/wp\/v2\/product\/3915\/revisions"}],"wp:featuredmedia":[{"embeddable":true,"href":"https:\/\/tecsecmty.com\/index.php\/wp-json\/wp\/v2\/media\/3914"}],"wp:attachment":[{"href":"https:\/\/tecsecmty.com\/index.php\/wp-json\/wp\/v2\/media?parent=3915"}],"wp:term":[{"taxonomy":"product_brand","embeddable":true,"href":"https:\/\/tecsecmty.com\/index.php\/wp-json\/wp\/v2\/product_brand?post=3915"},{"taxonomy":"product_cat","embeddable":true,"href":"https:\/\/tecsecmty.com\/index.php\/wp-json\/wp\/v2\/product_cat?post=3915"},{"taxonomy":"product_tag","embeddable":true,"href":"https:\/\/tecsecmty.com\/index.php\/wp-json\/wp\/v2\/product_tag?post=3915"}],"curies":[{"name":"wp","href":"https:\/\/api.w.org\/{rel}","templated":true}]}}