{"id":3917,"date":"2023-02-23T00:27:52","date_gmt":"2023-02-23T06:27:52","guid":{"rendered":"https:\/\/tecsecmty.com\/index.php\/producto\/dsc-evdw4975-contacto-magnetico-ultradelgado-inalambrico-frecuencia-433-mhz-compatible-con-power-series-impassa-y-maxsys\/"},"modified":"2023-03-22T23:23:16","modified_gmt":"2023-03-23T05:23:16","slug":"dsc-evdw4975-contacto-magnetico-ultradelgado-inalambrico-frecuencia-433-mhz-compatible-con-power-series-impassa-y-maxsys","status":"publish","type":"product","link":"https:\/\/tecsecmty.com\/index.php\/producto\/dsc-evdw4975-contacto-magnetico-ultradelgado-inalambrico-frecuencia-433-mhz-compatible-con-power-series-impassa-y-maxsys\/","title":{"rendered":"DSC EVDW4975 &#8211; Contacto Magn\u00e9tico Ultradelgado Inal\u00e1mbrico frecuencia 433 Mhz compatible con Power Series, Impassa y Maxsys"},"content":{"rendered":"<div class=\"row aling-items-center padding-bottom-2x\">\n<div class=\"col-lg-12\">\n<h5 class=\"card-title text-center\">Descripci\u00f3n<\/h5>\n<h4>Situado entre los contactos de puerta\/ventana inal\u00e1mbricos m\u00e1s peque\u00f1os actualmente disponibles, el perfil ultra delgado del EV-DW4975 proporciona un aspecto est\u00e9ticamente optimizado, una vez instalado pr\u00e1cticamente no se lo ve. Este contacto puede montarse f\u00e1cilmente sobre un marco de una ventana usando cinta adhesiva de doble contacto, eliminando la necesidad de efectuar perforaciones. Esto no s\u00f3lo reduce los tiempos de instalaci\u00f3n, sino que adem\u00e1s conserva la integridad de la garant\u00eda de la ventana. Una distancia magn\u00e9tica generosa de 16 mm (5\/8\u02dd) facilita la adaptaci\u00f3n a marcos de puertas o ventanas de mayor tama\u00f1o. El EV-DW4975.est\u00e1 construido mediante tecnolog\u00eda confiable de 433 MHz y es compatible con todos los receptores inal\u00e1mbricos de DSC actuales.<\/h4>\n<h4 class=\"ql-align-justify\"><\/h4>\n<p><img decoding=\"async\" class=\"overview-center-img-web\" src=\"https:\/\/tvc.mx\/media\/425111\/EV-DW49751-.png\" alt=\"\" \/><\/div>\n<\/div>\n<div class=\"row align-items-center padding-bottom-2x\">\n<div class=\"col-md-5 order-md-2\"><img decoding=\"async\" class=\"d-block m-auto img-thumbnail\" src=\"https:\/\/tvc.mx\/media\/425219\/EDDW4975.png\" alt=\" \" \/><\/div>\n<div class=\"col-md-7 order-md-1 text-md-left text-center\">\n<h2>Caracter\u00edsticas<\/h2>\n<p class=\"text-muted\">\n<p>Perfil extra delgado<\/p>\n<p>\u2022 Incluye bater\u00eda de litio de larga duraci\u00f3n<\/p>\n<p>\u2022 Distancia m\u00e1xima de magn\u00e9tico 16 mm (5\/8\u02dd )<\/p>\n<p>\u2022 Cinta adhesiva de doble contacto (incluida)<\/p>\n<p>\u2022 Suplemento pl\u00e1stico<\/p>\n<p>\u2022 Tecnolog\u00eda confiable de 433 MHz<\/p>\n<p>&nbsp;<\/p>\n<\/div>\n<\/div>\n<hr class=\"padding-bottom-2x\" \/>\n<div class=\"row align-items-center padding-bottom-2x\">\n<div class=\"col-md-5\"><img decoding=\"async\" class=\"d-block m-auto img-thumbnail\" src=\"https:\/\/tvc.mx\/media\/425255\/Conctacto-magnetico-ultradelgado-ED-DW-4975.png\" alt=\" \" \/><\/div>\n<div class=\"col-md-7 text-md-left text-center\">\n<h2>Compatibilidad<\/h2>\n<p class=\"text-muted\">\n<p>El EV-DW4975 es compatible con los siguientes receptores:<\/p>\n<p>Receptores inal\u00e1mbricos PowerSeries PC5132-433 \/ RF5132-433 \/ RF5108-433 \/ TR5164-433<\/p>\n<p>Teclados RFK PowerSeries RFK55XX-433<\/p>\n<p>Repetidor inal\u00e1mbrico WS4920<\/p>\n<p>&nbsp;<\/p>\n<p><strong>Especificaciones:<\/strong><\/p>\n<ul>\n<li>Dimensiones&#8230;&#8230;&#8230;&#8230;&#8230;&#8230;&#8230;&#8230;.. 57 mm x 25.4 mm x 5.9 mm 2 1\/4\u02dd x 1\u02dd x 15\/64\u02dd Bater\u00eda&#8230;&#8230;&#8230;&#8230;&#8230;&#8230;&#8230;&#8230;&#8230;&#8230;&#8230;&#8230;&#8230;&#8230;&#8230;&#8230;&#8230; CR2032 (Litio, 3V)<\/li>\n<li>Vida \u00fatil de bater\u00eda&#8230;&#8230;&#8230;&#8230;&#8230;&#8230;&#8230;&#8230;&#8230; 5 a 8 a\u00f1os (uso t\u00edpico)<\/li>\n<li>Temperatura de trabajo&#8230;&#8230;&#8230;&#8230;.. -10\u00b0 a 50\u00b0C (14\u00b0 a 122\u00b0F)<\/li>\n<li>Humedad relativa &#8230;&#8230;&#8230;&#8230;&#8230;&#8230;&#8230;&#8230;&#8230;&#8230;&#8230;&#8230;&#8230;&#8230;&#8230;. 5% a 93%<\/li>\n<\/ul>\n<\/div>\n<\/div>\n","protected":false},"excerpt":{"rendered":"<p>Descripci\u00f3n Situado entre los contactos de puerta\/ventana inal\u00e1mbricos m\u00e1s peque\u00f1os actualmente disponibles, el perfil ultra delgado del EV-DW4975 proporciona un aspecto est\u00e9ticamente optimizado, una vez instalado pr\u00e1cticamente no se lo ve. Este contacto puede montarse f\u00e1cilmente sobre un marco de una ventana usando cinta adhesiva&hellip;<\/p>\n","protected":false},"featured_media":3916,"comment_status":"open","ping_status":"closed","template":"","meta":{"om_disable_all_campaigns":false,"_monsterinsights_skip_tracking":false,"_monsterinsights_sitenote_active":false,"_monsterinsights_sitenote_note":"","_monsterinsights_sitenote_category":0},"product_brand":[],"product_cat":[283],"product_tag":[212,211,151],"class_list":{"0":"post-3917","1":"product","2":"type-product","3":"status-publish","4":"has-post-thumbnail","6":"product_cat-sensores-de-alarma-alarmas-dsc","7":"product_tag-alarmas","8":"product_tag-alarmas-e-intrusion","9":"product_tag-seguridad","11":"first","12":"instock","13":"sale","14":"taxable","15":"shipping-taxable","16":"purchasable","17":"product-type-simple"},"aioseo_notices":[],"_links":{"self":[{"href":"https:\/\/tecsecmty.com\/index.php\/wp-json\/wp\/v2\/product\/3917","targetHints":{"allow":["GET"]}}],"collection":[{"href":"https:\/\/tecsecmty.com\/index.php\/wp-json\/wp\/v2\/product"}],"about":[{"href":"https:\/\/tecsecmty.com\/index.php\/wp-json\/wp\/v2\/types\/product"}],"replies":[{"embeddable":true,"href":"https:\/\/tecsecmty.com\/index.php\/wp-json\/wp\/v2\/comments?post=3917"}],"version-history":[{"count":0,"href":"https:\/\/tecsecmty.com\/index.php\/wp-json\/wp\/v2\/product\/3917\/revisions"}],"wp:featuredmedia":[{"embeddable":true,"href":"https:\/\/tecsecmty.com\/index.php\/wp-json\/wp\/v2\/media\/3916"}],"wp:attachment":[{"href":"https:\/\/tecsecmty.com\/index.php\/wp-json\/wp\/v2\/media?parent=3917"}],"wp:term":[{"taxonomy":"product_brand","embeddable":true,"href":"https:\/\/tecsecmty.com\/index.php\/wp-json\/wp\/v2\/product_brand?post=3917"},{"taxonomy":"product_cat","embeddable":true,"href":"https:\/\/tecsecmty.com\/index.php\/wp-json\/wp\/v2\/product_cat?post=3917"},{"taxonomy":"product_tag","embeddable":true,"href":"https:\/\/tecsecmty.com\/index.php\/wp-json\/wp\/v2\/product_tag?post=3917"}],"curies":[{"name":"wp","href":"https:\/\/api.w.org\/{rel}","templated":true}]}}