{"id":3919,"date":"2023-02-23T00:27:53","date_gmt":"2023-02-23T06:27:53","guid":{"rendered":"https:\/\/tecsecmty.com\/index.php\/producto\/dsc-lc100pi-detector-de-movimiento-infrarrojo-cableado-antimascotas-hasta-25-kg-normalmente-cerrado-15-m-cer-losprincipales\/"},"modified":"2023-03-22T23:23:18","modified_gmt":"2023-03-23T05:23:18","slug":"dsc-lc100pi-detector-de-movimiento-infrarrojo-cableado-antimascotas-hasta-25-kg-normalmente-cerrado-15-m-cer-losprincipales","status":"publish","type":"product","link":"https:\/\/tecsecmty.com\/index.php\/producto\/dsc-lc100pi-detector-de-movimiento-infrarrojo-cableado-antimascotas-hasta-25-kg-normalmente-cerrado-15-m-cer-losprincipales\/","title":{"rendered":"DSC LC100PI &#8211; Detector de Movimiento infrarrojo cableado Antimascotas hasta 25 kg Normalmente Cerrado 15 m #cer #LosPrincipales"},"content":{"rendered":"<div class=\"row aling-items-center padding-bottom-2x\">\n<div class=\"col-lg-12\">\n<h5 class=\"card-title text-center\">Informaci\u00f3n General<\/h5>\n<h4 class=\"ql-align-center\"><strong>DETECTOR DE MOVIMIENTO PASIVO INFRARROJO LC100PI<\/strong><\/h4>\n<p>Caracter\u00edsticas:<\/p>\n<ul>\n<li class=\"ql-align-justify\">El modelo LC-100-PI tiene como caracter\u00edstica el an\u00e1lisis inteligente de se\u00f1ales para asegurar una detecci\u00f3n confiable, adem\u00e1s de cser apto para mascotas de hasta 25 kg(55 libras) y un dise\u00f1o esbelto que combina muy bien con cualquier decorado.<\/li>\n<li class=\"ql-align-justify\">Apto para mascotas de hasta 25 kg (55 libras)<\/li>\n<li class=\"ql-align-justify\">La tecnolog\u00eda Quad de imagen lineal brinda un an\u00e1lisis preciso de las dimensiones corporales y diferenciaci\u00f3n de fondos y animales dom\u00e9sticos<\/li>\n<li class=\"ql-align-justify\">Dise\u00f1o compacto para instalaciones residenciales<\/li>\n<li class=\"ql-align-justify\">Conteo de pulso variable ajustable<\/li>\n<li class=\"ql-align-justify\">Ajuste de sensibilidad del PIR<\/li>\n<li class=\"ql-align-justify\">No requiere de calibraci\u00f3n de altura para la instalaci\u00f3n<\/li>\n<li class=\"ql-align-justify\">Lente tipo pasillo disponible separadamente<\/li>\n<li class=\"ql-align-justify\">Normalmente Cerrado<\/li>\n<li class=\"ql-align-justify\">Soporte opcional\u00a0<strong>LC-L1ST<\/strong>\u00a0disponible<\/li>\n<\/ul>\n<p class=\"ql-align-justify\">Lente para intercambio para sensor de cortina:<\/p>\n<p class=\"ql-align-justify\">Modelo: LC-100-PI-6PK<\/p>\n<p>Especificaciones:<\/p>\n<p>Dimensiones &#8230;&#8230;&#8230;&#8230;&#8230;&#8230;&#8230;&#8230;..(92 mm x 62.5 mm x 40 mm) 3.62&#8243; x 2.46&#8243; x 1.57&#8243;<\/p>\n<p>Peso&#8230;&#8230;&#8230;&#8230;&#8230;&#8230;&#8230;&#8230;&#8230;&#8230;&#8230;&#8230;&#8230;&#8230;&#8230;&#8230;&#8230;&#8230;&#8230;&#8230;&#8230;58 g (2.04 oz)<\/p>\n<p>M\u00e9todo de detecci\u00f3n &#8230;&#8230;&#8230;&#8230;.PIR Quad (Cuatro elementos)<\/p>\n<p>Entrada de alimentaci\u00f3n&#8230;&#8230;&#8230;&#8230;&#8230;&#8230;&#8230;&#8230;&#8230;&#8230;&#8230; 9.6 a 16 VCC<\/p>\n<p>Consumo de corriente (en reposo) &#8230;&#8230;&#8230;&#8230;&#8230;&#8230;.8 mA (\u00b1 5%)<\/p>\n<p>Consumo de corriente (activo) &#8230;&#8230;&#8230;&#8230;&#8230;&#8230;&#8230;..12 mA (\u00b1 5%)<\/p>\n<p>Interruptor antisabotaje: Valores nominales de contactos &#8230;&#8230;&#8230;0.1 Amper @ 28 VCC<\/p>\n<p>Protecci\u00f3n RFI&#8230;&#8230;10 V\/m m\u00e1s 80% AM de 80 a 2000 MHz<\/p>\n<p><img decoding=\"async\" class=\"overview-center-img-web\" src=\"https:\/\/tvc.mx\/media\/29843\/principalcomer.jpg\" alt=\"\" \/><\/div>\n<\/div>\n<div class=\"row aling-items-center padding-bottom-2x\">\n<div class=\"col-lg-12\">\n<h5 class=\"card-title text-center\">PC100PI<\/h5>\n<h4 class=\"ql-align-center\"><strong>RECOMENDACIONES DE INSTALACI\u00d3N<\/strong><\/h4>\n<p>MONTAJE DEL DETECTOR<\/p>\n<p class=\"ql-align-justify\">1. Retirar la cobertura de enfrente por medio de destornillar los tornillos que sostienen el dispositivo y con cuidado levante la cobertura de enfrente.<\/p>\n<p class=\"ql-align-justify\">2. Retire el tablero PC por medio de destornillar los tornillos que lo sostienen situados en el tablero<\/p>\n<p class=\"ql-align-justify\">3. Haga los agujeros deseados para una instalaci\u00f3n correcta para enmarcar en lo plano o para enmarcar en la esquina, use 4 tornillos de tipo 3x30mm.<\/p>\n<p class=\"ql-align-justify\">4. Las hendiduras rectangulares en la base del dispositivo son las entradas para los alambres.<\/p>\n<p class=\"ql-align-justify\">5. Enmarcar la base del dispositivo en la pared o esquina.<\/p>\n<p class=\"ql-align-justify\">6. Para instalaci\u00f3n opcional con soporte de pared, abrir el hoyo para el tornillo del soporte de pared y instalar el adaptador de soporte para paredes o el adaptador de soporte para el techo.<\/p>\n<p class=\"ql-align-justify\">7. Instalar de regreso el tablero PC por medio de sugestar el tornillo que detiene el tablero.<\/p>\n<p class=\"ql-align-justify\">8. Conectar los alambres en los bloques de terminales.<\/p>\n<p class=\"ql-align-justify\">9. Reemplazar la cobertura por medio de insertarla en las clavijas de cierre y enroscar los tornillos que la sostiene. Si el sabotaje de atr\u00e1s esta ajustado no hay opci\u00f3n para usar el adaptador de soporte y el dispositivo tiene que ser instalado en una superficie plano.<\/p>\n<p><img decoding=\"async\" class=\"overview-center-img-web\" src=\"https:\/\/tvc.mx\/media\/76443\/B-Diagrama.jpg\" alt=\"\" \/><\/div>\n<\/div>\n","protected":false},"excerpt":{"rendered":"<p>Informaci\u00f3n General DETECTOR DE MOVIMIENTO PASIVO INFRARROJO LC100PI Caracter\u00edsticas: El modelo LC-100-PI tiene como caracter\u00edstica el an\u00e1lisis inteligente de se\u00f1ales para asegurar una detecci\u00f3n confiable, adem\u00e1s de cser apto para mascotas de hasta 25 kg(55 libras) y un dise\u00f1o esbelto que combina muy bien con&hellip;<\/p>\n","protected":false},"featured_media":3918,"comment_status":"open","ping_status":"closed","template":"","meta":{"om_disable_all_campaigns":false,"_monsterinsights_skip_tracking":false,"_monsterinsights_sitenote_active":false,"_monsterinsights_sitenote_note":"","_monsterinsights_sitenote_category":0},"product_brand":[],"product_cat":[283],"product_tag":[212,211,151],"class_list":{"0":"post-3919","1":"product","2":"type-product","3":"status-publish","4":"has-post-thumbnail","6":"product_cat-sensores-de-alarma-alarmas-dsc","7":"product_tag-alarmas","8":"product_tag-alarmas-e-intrusion","9":"product_tag-seguridad","11":"first","12":"instock","13":"sale","14":"taxable","15":"shipping-taxable","16":"purchasable","17":"product-type-simple"},"aioseo_notices":[],"_links":{"self":[{"href":"https:\/\/tecsecmty.com\/index.php\/wp-json\/wp\/v2\/product\/3919","targetHints":{"allow":["GET"]}}],"collection":[{"href":"https:\/\/tecsecmty.com\/index.php\/wp-json\/wp\/v2\/product"}],"about":[{"href":"https:\/\/tecsecmty.com\/index.php\/wp-json\/wp\/v2\/types\/product"}],"replies":[{"embeddable":true,"href":"https:\/\/tecsecmty.com\/index.php\/wp-json\/wp\/v2\/comments?post=3919"}],"version-history":[{"count":0,"href":"https:\/\/tecsecmty.com\/index.php\/wp-json\/wp\/v2\/product\/3919\/revisions"}],"wp:featuredmedia":[{"embeddable":true,"href":"https:\/\/tecsecmty.com\/index.php\/wp-json\/wp\/v2\/media\/3918"}],"wp:attachment":[{"href":"https:\/\/tecsecmty.com\/index.php\/wp-json\/wp\/v2\/media?parent=3919"}],"wp:term":[{"taxonomy":"product_brand","embeddable":true,"href":"https:\/\/tecsecmty.com\/index.php\/wp-json\/wp\/v2\/product_brand?post=3919"},{"taxonomy":"product_cat","embeddable":true,"href":"https:\/\/tecsecmty.com\/index.php\/wp-json\/wp\/v2\/product_cat?post=3919"},{"taxonomy":"product_tag","embeddable":true,"href":"https:\/\/tecsecmty.com\/index.php\/wp-json\/wp\/v2\/product_tag?post=3919"}],"curies":[{"name":"wp","href":"https:\/\/api.w.org\/{rel}","templated":true}]}}