{"id":3923,"date":"2023-02-23T00:27:56","date_gmt":"2023-02-23T06:27:56","guid":{"rendered":"https:\/\/tecsecmty.com\/index.php\/producto\/dsc-lc103pimskw-detectores-de-movimiento-cableado-de-doble-tecnologia-infrarrojo-y-microondas-con-inmunidad-a-mascotas-y-anti-mascaramiento\/"},"modified":"2023-03-22T23:23:18","modified_gmt":"2023-03-23T05:23:18","slug":"dsc-lc103pimskw-detectores-de-movimiento-cableado-de-doble-tecnologia-infrarrojo-y-microondas-con-inmunidad-a-mascotas-y-anti-mascaramiento","status":"publish","type":"product","link":"https:\/\/tecsecmty.com\/index.php\/producto\/dsc-lc103pimskw-detectores-de-movimiento-cableado-de-doble-tecnologia-infrarrojo-y-microondas-con-inmunidad-a-mascotas-y-anti-mascaramiento\/","title":{"rendered":"DSC LC103PIMSKW &#8211; Detectores de Movimiento Cableado de doble Tecnolog\u00eda Infrarrojo y Microondas con Inmunidad a Mascotas y Anti-mascaramiento"},"content":{"rendered":"<div class=\"row aling-items-center padding-bottom-2x\">\n<div class=\"col-lg-12\">\n<h5 class=\"card-title text-center\">Informaci\u00f3n General<\/h5>\n<p>Ya sea una instalaci\u00f3n residencial o comercial, los dispositivos de detecci\u00f3n de la serie LC preparan para lo inesperado a los sistemas de seguridad brindando protecci\u00f3n para cada ambiente, rinc\u00f3n y pasillo. Los detectores LC-103-PIMSK son detectores de movimiento doble tecnolog\u00eda que combinan detecci\u00f3n infrarroja pasiva y microondas con inmunidad a mascotas. El LC-103-PIMSK cuenta adem\u00e1s con funci\u00f3n de antienmascaramiento. La caracter\u00edstica de antienmascaramiento evita que los intrusos puedan anular el detector cubriendo su campo de visi\u00f3n.<\/p>\n<p><img decoding=\"async\" class=\"overview-center-img-web\" src=\"https:\/\/tvc.mx\/media\/29111\/banner.png\" alt=\"\" \/><\/div>\n<\/div>\n<div class=\"row align-items-center padding-bottom-2x\">\n<div class=\"col-md-5\"><img decoding=\"async\" class=\"d-block m-auto img-thumbnail\" src=\"https:\/\/tvc.mx\/media\/29115\/OVL1.png\" alt=\" \" \/><\/div>\n<div class=\"col-md-7 text-md-left text-center\">\n<h2>Caracter\u00edsticas que hacen la diferencia.<\/h2>\n<p class=\"text-muted\">\n<p>\u2022 LC-103-PIMSK con antienmascaramiento<\/p>\n<p>\u2022 Contacto de alarma forma \u201cA\u201d o \u201cC\u201d e interruptor de sabotaje<\/p>\n<p>\u2022 An\u00e1lisis digital de se\u00f1al<\/p>\n<p>\u2022 Inmunidad a mascotas de hasta 25 Kg (55 lbs)<\/p>\n<p>\u2022 Tecnolog\u00eda Im\u00e1genes lineales cu\u00e1druples para un an\u00e1lisis detallado de las dimensiones de los cuerpos y diferenciaci\u00f3n de fondos y mascotas<\/p>\n<p>\u2022 Detecci\u00f3n con microondas basada en efecto Doppler<\/p>\n<p>\u2022 Exclusivo m\u00f3dulo de sensor de movimiento por microondas con una antena plana micro-strip<\/p>\n<p>\u2022 Electr\u00f3nica avanzada basada en ASIC<\/p>\n<p>\u2022 Altura de montaje libre de calibraci\u00f3n<\/p>\n<p>\u2022 F\u00e1cil instalaci\u00f3n con o sin soporte de montaje rotativo<\/p>\n<p>&nbsp;<\/p>\n<\/div>\n<\/div>\n<hr class=\"padding-bottom-2x\" \/>\n<div class=\"row align-items-center padding-bottom-2x\">\n<div class=\"col-md-5 order-md-2\"><img decoding=\"async\" class=\"d-block m-auto img-thumbnail\" src=\"https:\/\/tvc.mx\/media\/29119\/OVL2.png\" alt=\" \" \/><\/div>\n<div class=\"col-md-7 order-md-1 text-md-left text-center\">\n<h2>Especifiaciones.<\/h2>\n<p class=\"text-muted\">\n<ul>\n<li>Dimensiones &#8230;&#8230;&#8230;&#8230;&#8230;&#8230;&#8230;&#8230;..118 mm x 62.5 mm x 41 mm (4.65&#8243; x 2.46&#8243; x 1.61&#8243;) Peso&#8230;&#8230;&#8230;&#8230;&#8230;&#8230;&#8230;&#8230;&#8230;&#8230;&#8230;&#8230;&#8230;&#8230;&#8230;&#8230;&#8230;&#8230;&#8230;&#8230;&#8230;102 g (3.6 oz)<\/li>\n<li>M\u00e9todo de detecci\u00f3n &#8230;&#8230;&#8230;&#8230;.PIR Quad (Cuatro elementos) y Pulso Doppler de Microondas<\/li>\n<li>Entrada de alimentaci\u00f3n&#8230;&#8230;&#8230;&#8230;&#8230;&#8230;&#8230;&#8230;&#8230;&#8230;&#8230; 9.6 a 16 VCC<\/li>\n<li>Consumo de corriente (en reposo) &#8230;&#8230;&#8230;&#8230;&#8230;&#8230;&#8230;&#8230;&#8230;. 20 mA<\/li>\n<li>Consumo de corriente (activo) &#8230;&#8230;&#8230;&#8230;&#8230;&#8230;&#8230;&#8230;&#8230;&#8230;&#8230;. 25 mA<\/li>\n<li>Interruptor antisabotaje:<\/li>\n<li>Valores nominales de contactos &#8230;&#8230;&#8230;0.1 Amper @ 28 VCC<\/li>\n<li>Protecci\u00f3n RFI&#8230;&#8230;10 V\/m m\u00e1s 80% AM de 80 a 1000 MHz<\/li>\n<\/ul>\n<\/div>\n<\/div>\n","protected":false},"excerpt":{"rendered":"<p>Informaci\u00f3n General Ya sea una instalaci\u00f3n residencial o comercial, los dispositivos de detecci\u00f3n de la serie LC preparan para lo inesperado a los sistemas de seguridad brindando protecci\u00f3n para cada ambiente, rinc\u00f3n y pasillo. Los detectores LC-103-PIMSK son detectores de movimiento doble tecnolog\u00eda que combinan&hellip;<\/p>\n","protected":false},"featured_media":3922,"comment_status":"open","ping_status":"closed","template":"","meta":{"om_disable_all_campaigns":false,"_monsterinsights_skip_tracking":false,"_monsterinsights_sitenote_active":false,"_monsterinsights_sitenote_note":"","_monsterinsights_sitenote_category":0},"product_brand":[],"product_cat":[283],"product_tag":[212,211,151],"class_list":{"0":"post-3923","1":"product","2":"type-product","3":"status-publish","4":"has-post-thumbnail","6":"product_cat-sensores-de-alarma-alarmas-dsc","7":"product_tag-alarmas","8":"product_tag-alarmas-e-intrusion","9":"product_tag-seguridad","11":"first","12":"instock","13":"sale","14":"taxable","15":"shipping-taxable","16":"purchasable","17":"product-type-simple"},"aioseo_notices":[],"_links":{"self":[{"href":"https:\/\/tecsecmty.com\/index.php\/wp-json\/wp\/v2\/product\/3923","targetHints":{"allow":["GET"]}}],"collection":[{"href":"https:\/\/tecsecmty.com\/index.php\/wp-json\/wp\/v2\/product"}],"about":[{"href":"https:\/\/tecsecmty.com\/index.php\/wp-json\/wp\/v2\/types\/product"}],"replies":[{"embeddable":true,"href":"https:\/\/tecsecmty.com\/index.php\/wp-json\/wp\/v2\/comments?post=3923"}],"version-history":[{"count":0,"href":"https:\/\/tecsecmty.com\/index.php\/wp-json\/wp\/v2\/product\/3923\/revisions"}],"wp:featuredmedia":[{"embeddable":true,"href":"https:\/\/tecsecmty.com\/index.php\/wp-json\/wp\/v2\/media\/3922"}],"wp:attachment":[{"href":"https:\/\/tecsecmty.com\/index.php\/wp-json\/wp\/v2\/media?parent=3923"}],"wp:term":[{"taxonomy":"product_brand","embeddable":true,"href":"https:\/\/tecsecmty.com\/index.php\/wp-json\/wp\/v2\/product_brand?post=3923"},{"taxonomy":"product_cat","embeddable":true,"href":"https:\/\/tecsecmty.com\/index.php\/wp-json\/wp\/v2\/product_cat?post=3923"},{"taxonomy":"product_tag","embeddable":true,"href":"https:\/\/tecsecmty.com\/index.php\/wp-json\/wp\/v2\/product_tag?post=3923"}],"curies":[{"name":"wp","href":"https:\/\/api.w.org\/{rel}","templated":true}]}}