{"id":3925,"date":"2023-02-23T00:27:59","date_gmt":"2023-02-23T06:27:59","guid":{"rendered":"https:\/\/tecsecmty.com\/index.php\/producto\/dsc-lc104pimwwnl-detectores-de-movimiento-cableado-de-doble-tecnologia-infrarrojo-y-microondas-con-inmunidad-a-mascotas\/"},"modified":"2023-03-22T23:23:18","modified_gmt":"2023-03-23T05:23:18","slug":"dsc-lc104pimwwnl-detectores-de-movimiento-cableado-de-doble-tecnologia-infrarrojo-y-microondas-con-inmunidad-a-mascotas","status":"publish","type":"product","link":"https:\/\/tecsecmty.com\/index.php\/producto\/dsc-lc104pimwwnl-detectores-de-movimiento-cableado-de-doble-tecnologia-infrarrojo-y-microondas-con-inmunidad-a-mascotas\/","title":{"rendered":"DSC LC104PIMWWNL &#8211; Detectores de Movimiento Cableado de doble Tecnolog\u00eda Infrarrojo y Microondas con Inmunidad a Mascotas"},"content":{"rendered":"<div class=\"row aling-items-center padding-bottom-2x\">\n<div class=\"col-lg-12\">\n<h5 class=\"card-title text-center\">LC104PIMW<\/h5>\n<h4 class=\"ql-align-center\"><strong>DETECTOR DE MOVIMIENTO DOBLE TECNOLOG\u00cdA INFRARROJO Y MICROONDAS<\/strong><\/h4>\n<p>Caracter\u00edsticas:<\/p>\n<ul>\n<li>Contacto de alarma de formato \u201cA\u201d o \u201d C\u201d e interruptor antisabotaje<\/li>\n<li>An\u00e1lisis de se\u00f1ales digitales<\/li>\n<li>Inmunidad a mascotas de hasta 25 kg (55 lb)<\/li>\n<li>Tecnolog\u00eda Quad Linear Imaging para un an\u00e1lisis preciso de las dimensiones corporales y diferenciaci\u00f3n de fondos y mascotas<\/li>\n<li>Detecci\u00f3n por microondas basada en el concepto Doppler<\/li>\n<li>Exclusivo m\u00f3dulo sensor de movimiento por microondas con antena de conexi\u00f3n de microbanda<\/li>\n<li>Electr\u00f3nica de avanzada basada en ASIC. No require calibraci\u00f3n de altura para su instalaci\u00f3n. Ajuste de sensibilidad de PIR\/microondas de 2 v\u00edas<\/li>\n<li>Instalaci\u00f3n sencilla con o sin soporte de montaje giratorio disponible por separado: LC-L1ST<\/li>\n<\/ul>\n<p class=\"ql-align-justify\">El procesamiento avanzado basado en ASIC brinda una detecci\u00f3n superior y a la vez rechazo a falsas alarmas ayudando a mantener seguros a personas y bienes. La tecnolog\u00eda Quad Linear Imaging permite un an\u00e1lisis preciso de las dimensiones de los cuerpos y diferenciaci\u00f3n de fondos y mascotas.<\/p>\n<p><img decoding=\"async\" class=\"overview-center-img-web\" src=\"https:\/\/tvc.mx\/media\/29244\/DSC1180011.jpg\" alt=\"\" \/><\/div>\n<\/div>\n<div class=\"row align-items-center padding-bottom-2x\">\n<div class=\"col-md-5\"><img decoding=\"async\" class=\"d-block m-auto img-thumbnail\" src=\"https:\/\/tvc.mx\/media\/29245\/DSC1180011_2.jpg\" alt=\" \" \/><\/div>\n<div class=\"col-md-7 text-md-left text-center\">\n<h2>Caracter\u00edsticas<\/h2>\n<p class=\"text-muted\">\n<ul>\n<li>Dimensiones &#8230;&#8230;&#8230;&#8230;&#8230;&#8230;&#8230;&#8230;..118 mm x 62.5 mm x 41 mm (4.65&#8243; x 2.46&#8243; x 1.61&#8243;) Peso&#8230;&#8230;&#8230;&#8230;&#8230;&#8230;&#8230;&#8230;&#8230;&#8230;&#8230;&#8230;&#8230;&#8230;&#8230;&#8230;&#8230;&#8230;&#8230;&#8230;&#8230;102 g (3.6 oz)<\/li>\n<li>M\u00e9todo de detecci\u00f3n &#8230;&#8230;&#8230;&#8230;.PIR Quad (Cuatro elementos) y Pulso Doppler de Microondas<\/li>\n<li>Entrada de alimentaci\u00f3n&#8230;&#8230;&#8230;&#8230;&#8230;&#8230;&#8230;&#8230;&#8230;&#8230;&#8230; 9.6 a 16 VCC<\/li>\n<li>Consumo de corriente (en reposo) &#8230;&#8230;&#8230;&#8230;&#8230;&#8230;&#8230;&#8230;&#8230;. 20 mA<\/li>\n<li>Consumo de corriente (activo) &#8230;&#8230;&#8230;&#8230;&#8230;&#8230;&#8230;&#8230;&#8230;&#8230;&#8230;. 25 mA<\/li>\n<li>Interruptor antisabotaje: Valores nominales de contactos &#8230;&#8230;&#8230;0.1 Amper @ 28 VCC<\/li>\n<li>Protecci\u00f3n RFI&#8230;&#8230;10 V\/m m\u00e1s 80% AM de 80 a 1000 MHz<\/li>\n<\/ul>\n<h2><\/h2>\n<h2 class=\"ql-align-center\"><a href=\"https:\/\/cms.dsc.com\/download.php?t=1&amp;id=16935\" target=\"_blank\" rel=\"noopener\">MANUAL DE USUARIO\u00a0<\/a><\/h2>\n<h2 class=\"ql-align-center\"><a href=\"https:\/\/cms.dsc.com\/download.php?t=1&amp;id=16935\" target=\"_blank\" rel=\"noopener\">MANUAL DE INSTALACI\u00d3N<\/a><\/h2>\n<\/div>\n<\/div>\n","protected":false},"excerpt":{"rendered":"<p>LC104PIMW DETECTOR DE MOVIMIENTO DOBLE TECNOLOG\u00cdA INFRARROJO Y MICROONDAS Caracter\u00edsticas: Contacto de alarma de formato \u201cA\u201d o \u201d C\u201d e interruptor antisabotaje An\u00e1lisis de se\u00f1ales digitales Inmunidad a mascotas de hasta 25 kg (55 lb) Tecnolog\u00eda Quad Linear Imaging para un an\u00e1lisis preciso de las&hellip;<\/p>\n","protected":false},"featured_media":3924,"comment_status":"open","ping_status":"closed","template":"","meta":{"om_disable_all_campaigns":false,"_monsterinsights_skip_tracking":false,"_monsterinsights_sitenote_active":false,"_monsterinsights_sitenote_note":"","_monsterinsights_sitenote_category":0},"product_brand":[],"product_cat":[283],"product_tag":[212,211,151],"class_list":{"0":"post-3925","1":"product","2":"type-product","3":"status-publish","4":"has-post-thumbnail","6":"product_cat-sensores-de-alarma-alarmas-dsc","7":"product_tag-alarmas","8":"product_tag-alarmas-e-intrusion","9":"product_tag-seguridad","11":"first","12":"instock","13":"sale","14":"taxable","15":"shipping-taxable","16":"purchasable","17":"product-type-simple"},"aioseo_notices":[],"_links":{"self":[{"href":"https:\/\/tecsecmty.com\/index.php\/wp-json\/wp\/v2\/product\/3925","targetHints":{"allow":["GET"]}}],"collection":[{"href":"https:\/\/tecsecmty.com\/index.php\/wp-json\/wp\/v2\/product"}],"about":[{"href":"https:\/\/tecsecmty.com\/index.php\/wp-json\/wp\/v2\/types\/product"}],"replies":[{"embeddable":true,"href":"https:\/\/tecsecmty.com\/index.php\/wp-json\/wp\/v2\/comments?post=3925"}],"version-history":[{"count":0,"href":"https:\/\/tecsecmty.com\/index.php\/wp-json\/wp\/v2\/product\/3925\/revisions"}],"wp:featuredmedia":[{"embeddable":true,"href":"https:\/\/tecsecmty.com\/index.php\/wp-json\/wp\/v2\/media\/3924"}],"wp:attachment":[{"href":"https:\/\/tecsecmty.com\/index.php\/wp-json\/wp\/v2\/media?parent=3925"}],"wp:term":[{"taxonomy":"product_brand","embeddable":true,"href":"https:\/\/tecsecmty.com\/index.php\/wp-json\/wp\/v2\/product_brand?post=3925"},{"taxonomy":"product_cat","embeddable":true,"href":"https:\/\/tecsecmty.com\/index.php\/wp-json\/wp\/v2\/product_cat?post=3925"},{"taxonomy":"product_tag","embeddable":true,"href":"https:\/\/tecsecmty.com\/index.php\/wp-json\/wp\/v2\/product_tag?post=3925"}],"curies":[{"name":"wp","href":"https:\/\/api.w.org\/{rel}","templated":true}]}}