{"id":3927,"date":"2023-02-23T00:28:00","date_gmt":"2023-02-23T06:28:00","guid":{"rendered":"https:\/\/tecsecmty.com\/index.php\/producto\/dsc-lc181-detector-de-movimiento-infrarrojo-para-exteriores-cableado-con-anti-enmascaramiento-y-lente-octa-quad\/"},"modified":"2023-03-22T23:23:18","modified_gmt":"2023-03-23T05:23:18","slug":"dsc-lc181-detector-de-movimiento-infrarrojo-para-exteriores-cableado-con-anti-enmascaramiento-y-lente-octa-quad","status":"publish","type":"product","link":"https:\/\/tecsecmty.com\/index.php\/producto\/dsc-lc181-detector-de-movimiento-infrarrojo-para-exteriores-cableado-con-anti-enmascaramiento-y-lente-octa-quad\/","title":{"rendered":"DSC LC181 &#8211; Detector de Movimiento infrarrojo para Exteriores Cableado con Anti Enmascaramiento y lente Octa-Quad"},"content":{"rendered":"<div class=\"row aling-items-center padding-bottom-2x\">\n<div class=\"col-lg-12\">\n<h5 class=\"card-title text-center\">Descripci\u00f3n<\/h5>\n<p><strong>Detector de movimiento PIR para exteriores cableado con anti-enmascaramiento LC-181<\/strong><\/p>\n<p>Ofrecer detecci\u00f3n de movimiento en exteriores confiable y sin falsas alarmas puede ser extremadamente dif\u00edcil. Sin embargo, prevenir las falsas alarmas es vital, ya que pueden generar mucha presi\u00f3n y conflictos en el hogar o negocio afectado.<\/p>\n<p>El detector LC-181 presenta diversas tecnolog\u00edas innovadoras para superar esos dif\u00edciles desaf\u00edos. La revolucionaria tecnolog\u00eda Octa-Quad\u2122, que utiliza ocho sensores PIR que funcionan como detectores Quad, permite que el detector determine con exactitud y fiabilidad si una alarma est\u00e1 justificada. Adem\u00e1s, su robusta carcasa y su protecci\u00f3n patentada de anti-enmascaramiento ofrecen una muy alta resistencia al vandalismo y al enmascaramiento.<\/p>\n<p><strong>Caracter\u00edsticas que marcan la diferencia:<\/strong><\/p>\n<p>\u2022 Detecci\u00f3n superior para exteriores, pr\u00e1cticamente sin falsas alarmas<\/p>\n<p>\u2022 La innovadora tecnolog\u00eda Octa-Quad\u2122 puede distinguir entre una persona, el movimiento de \u00e1rboles y arbustos por el viento y un peque\u00f1o animal, lo que minimiza las falsas alarmas y asegura una detecci\u00f3n efectiva ante amenazas reales.<\/p>\n<p>\u2022 Dise\u00f1o resistente al vandalismo, con la tecnolog\u00eda patentada V-Slot\u00ae<\/p>\n<p>\u2022 Protecci\u00f3n anti-enmascaramiento completa y sin precedentes<\/p>\n<p>\u2022 Su \u00f3ptica de espejo negro l\u00edder del mercado ofrece alta inmunidad a falsas alarmas por la luz solar y por las luces de los autom\u00f3viles<\/p>\n<p><strong>Tecnolog\u00edas patentadas<\/strong><\/p>\n<p>Tecnolog\u00eda Octa-Quad\u2122<\/p>\n<p><strong>Detecci\u00f3n precisa, libre de falsas alarmas<\/strong><\/p>\n<p>\u2022 Una tecnolog\u00eda exclusiva patentada basada en un conjunto de ocho detectores PIR independientes donde cada uno monitorea 1\/8 del campo de visi\u00f3n utilizando una configuraci\u00f3n Quad y el algoritmo probado y patentado de DSC True Motion Recognition\u2122 (TMR\u2122)<\/p>\n<p>\u2022 Un procesador central de movimiento analiza las se\u00f1ales de movimiento identificadas por cada uno de los detectores individuales, teniendo en cuenta el tiempo, la amplitud, la temperatura ambiente, la velocidad de movimiento, el tama\u00f1o del objetivo y la direcci\u00f3n del movimiento. Luego, compara las se\u00f1ales en relaci\u00f3n con detectores adyacentes y calcula si una alarma real est\u00e1 justificada seg\u00fan el movimiento real detectado consecutivamente por el conjunto de detectores individuales.<\/p>\n<p><strong>Dise\u00f1o exclusivo, robusto y resistente al vandalismo<\/strong><\/p>\n<p>\u2022 La tecnolog\u00eda V-Slot\u00ae, combinada con la \u00f3ptica de espejo del detector, permite la instalaci\u00f3n en una ventana empotrada relativamente peque\u00f1a y as\u00ed proporciona alta resistencia a la interferencia ambiental y al vandalismo \u00d3ptica l\u00edder del mercado.<\/p>\n<p><strong>Una combinaci\u00f3n de \u00f3ptica de espejos parab\u00f3licos y el\u00edpticos<\/strong><\/p>\n<p>\u2022 Esta tecnolog\u00eda innovadora crea un espejo realmente eficiente con una muy alta ganancia \u00f3ptica y ofrece mayor rango de alcance, excelente sensibilidad de detecci\u00f3n e inmunidad eficaz a falsas alarmas.<\/p>\n<p><strong>Tecnolog\u00eda Obsidian Black Mirror\u2122<\/strong><\/p>\n<p>\u2022 La exclusiva superficie reflectora a base de n\u00edquel, similar a la obsidiana, act\u00faa como un filtro \u00f3ptico selectivo de energ\u00eda infrarroja y pr\u00e1cticamente elimina la interferencia por luz blanca Cont\u00e1ctese con su distribuidor de DSC: www.dsc.com<\/p>\n<p><strong>Protecci\u00f3n anti-enmascaramiento integral pr\u00e1cticamente invencible<\/strong><\/p>\n<p>\u2022 Per\u00edmetro IR completo El escudo IR, similar a un domo, protege la ranura desde todas las direcciones y \u00e1ngulos, incluso a 90\u00b0 bajo el dispositivo.<\/p>\n<p>\u2022 Las ranuras antispray generan un patr\u00f3n de luz IR difractiva, lo que ofrece una l\u00ednea de defensa pr\u00e1cticamente invencible, incluso contra lacas y aerosoles<\/p>\n<p><strong>Otras caracter\u00edsticas:<\/strong><\/p>\n<p>\u2022 \u00d3ptica sin puntos ciegos, que detecta movimiento incluso a 90\u00b0 directamente bajo el dispositivo<\/p>\n<p>\u2022 Compartimento separado para la bater\u00eda para facilitar el reemplazo.<\/p>\n<p><strong>Compatibilidad<\/strong><\/p>\n<p>\u2022 El detector LC-181 es compatible con todos los paneles de control que admiten entradas de zona cableadas<\/p>\n<p><img decoding=\"async\" class=\"overview-center-img-web\" src=\"https:\/\/tvc.mx\/media\/29449\/DSC1180019-1.jpg\" alt=\"\" \/><\/div>\n<\/div>\n<div class=\"row align-items-center padding-bottom-2x\">\n<div class=\"col-md-5\"><img decoding=\"async\" class=\"d-block m-auto img-thumbnail\" src=\"https:\/\/tvc.mx\/media\/29450\/DSC1180019--2.jpg\" alt=\" \" \/><\/div>\n<div class=\"col-md-7 text-md-left text-center\">\n<h2>Especificaciones<\/h2>\n<p class=\"text-muted\">\n<ul>\n<li>Tipo&#8230;&#8230;&#8230;&#8230;&#8230;&#8230;&#8230;&#8230;&#8230; Espejo cableado para exteriores con anti-enmascaramiento<\/li>\n<li>Cobertura&#8230;&#8230;&#8230;&#8230;&#8230;&#8230;&#8230;&#8230;&#8230;&#8230;&#8230;&#8230;&#8230;&#8230;&#8230;&#8230;&#8230; 12 x 12m \/ 90\u00b0<\/li>\n<li>Fuente de alimentaci\u00f3n&#8230;&#8230;&#8230;&#8230;&#8230;&#8230;&#8230;&#8230;&#8230;&#8230;&#8230;&#8230;8 \u2013 16\u00a0V\u00a0CC<\/li>\n<li>Altura de montaje &#8230;&#8230;&#8230;&#8230;&#8230;&#8230;&#8230;&#8230;&#8230;.1.5 a 3\u00a0m (5 a 10\u00a0pies)<\/li>\n<li>Protecci\u00f3n contra luz blanca&#8230;&#8230;&#8230;&#8230;&#8230;&#8230;M\u00e1s de 25,000\u00a0lux<\/li>\n<li>Anti-enmascaramiento &#8230;&#8230;&#8230;&#8230;&#8230;&#8230;&#8230;&#8230;&#8230;&#8230;&#8230;&#8230;&#8230;&#8230;&#8230;&#8230;&#8230;&#8230;..S\u00ed<\/li>\n<li>Dimensiones (A x A x P)&#8230;&#8230;&#8230;&#8230;&#8230;&#8230;&#8230; 157 x 147 x 124\u00a0mm (6.2 x 5.9 x 4.9\u201d)<\/li>\n<li>Temperatura de operaci\u00f3n&#8230;&#8230;&#8230;&#8230;&#8230;&#8230;&#8230;De -35\u00a0\u00b0C a 60\u00a0\u00b0C (de -31\u00a0\u00b0F a 140\u00a0\u00b0F)<\/li>\n<li>Antisabotaje &#8230;&#8230;&#8230;&#8230;&#8230;&#8230;&#8230;&#8230;&#8230;&#8230;&#8230;&#8230;&#8230;&#8230;&#8230; Carcasa y pared<\/li>\n<li>Inmunidad a mascotas &#8230;&#8230;&#8230;&#8230;&#8230;&#8230;&#8230;&#8230;. Hasta 18\u00a0kg (40\u00a0lb)<\/li>\n<\/ul>\n<\/div>\n<\/div>\n","protected":false},"excerpt":{"rendered":"<p>Descripci\u00f3n Detector de movimiento PIR para exteriores cableado con anti-enmascaramiento LC-181 Ofrecer detecci\u00f3n de movimiento en exteriores confiable y sin falsas alarmas puede ser extremadamente dif\u00edcil. Sin embargo, prevenir las falsas alarmas es vital, ya que pueden generar mucha presi\u00f3n y conflictos en el hogar&hellip;<\/p>\n","protected":false},"featured_media":3926,"comment_status":"open","ping_status":"closed","template":"","meta":{"om_disable_all_campaigns":false,"_monsterinsights_skip_tracking":false,"_monsterinsights_sitenote_active":false,"_monsterinsights_sitenote_note":"","_monsterinsights_sitenote_category":0},"product_brand":[],"product_cat":[283],"product_tag":[212,211,151],"class_list":{"0":"post-3927","1":"product","2":"type-product","3":"status-publish","4":"has-post-thumbnail","6":"product_cat-sensores-de-alarma-alarmas-dsc","7":"product_tag-alarmas","8":"product_tag-alarmas-e-intrusion","9":"product_tag-seguridad","11":"first","12":"instock","13":"sale","14":"taxable","15":"shipping-taxable","16":"purchasable","17":"product-type-simple"},"aioseo_notices":[],"_links":{"self":[{"href":"https:\/\/tecsecmty.com\/index.php\/wp-json\/wp\/v2\/product\/3927","targetHints":{"allow":["GET"]}}],"collection":[{"href":"https:\/\/tecsecmty.com\/index.php\/wp-json\/wp\/v2\/product"}],"about":[{"href":"https:\/\/tecsecmty.com\/index.php\/wp-json\/wp\/v2\/types\/product"}],"replies":[{"embeddable":true,"href":"https:\/\/tecsecmty.com\/index.php\/wp-json\/wp\/v2\/comments?post=3927"}],"version-history":[{"count":0,"href":"https:\/\/tecsecmty.com\/index.php\/wp-json\/wp\/v2\/product\/3927\/revisions"}],"wp:featuredmedia":[{"embeddable":true,"href":"https:\/\/tecsecmty.com\/index.php\/wp-json\/wp\/v2\/media\/3926"}],"wp:attachment":[{"href":"https:\/\/tecsecmty.com\/index.php\/wp-json\/wp\/v2\/media?parent=3927"}],"wp:term":[{"taxonomy":"product_brand","embeddable":true,"href":"https:\/\/tecsecmty.com\/index.php\/wp-json\/wp\/v2\/product_brand?post=3927"},{"taxonomy":"product_cat","embeddable":true,"href":"https:\/\/tecsecmty.com\/index.php\/wp-json\/wp\/v2\/product_cat?post=3927"},{"taxonomy":"product_tag","embeddable":true,"href":"https:\/\/tecsecmty.com\/index.php\/wp-json\/wp\/v2\/product_tag?post=3927"}],"curies":[{"name":"wp","href":"https:\/\/api.w.org\/{rel}","templated":true}]}}