{"id":3931,"date":"2023-02-23T00:28:03","date_gmt":"2023-02-23T06:28:03","guid":{"rendered":"https:\/\/tecsecmty.com\/index.php\/producto\/dsc-pg9303br-contacto-magnetico-ultradelgado-inalambrico-con-tecnologia-power-g-compatible-con-neo-pro-qolsys-e-iotega\/"},"modified":"2023-03-22T23:23:20","modified_gmt":"2023-03-23T05:23:20","slug":"dsc-pg9303br-contacto-magnetico-ultradelgado-inalambrico-con-tecnologia-power-g-compatible-con-neo-pro-qolsys-e-iotega","status":"publish","type":"product","link":"https:\/\/tecsecmty.com\/index.php\/producto\/dsc-pg9303br-contacto-magnetico-ultradelgado-inalambrico-con-tecnologia-power-g-compatible-con-neo-pro-qolsys-e-iotega\/","title":{"rendered":"DSC PG9303BR &#8211; Contacto Magn\u00e9tico ultradelgado Inal\u00e1mbrico con tecnolog\u00eda Power G compatible con NEO, PRO, Qolsys e IoTega"},"content":{"rendered":"<div class=\"row aling-items-center padding-bottom-2x\">\n<div class=\"col-lg-12\">\n<h5 class=\"card-title text-center\">Descripci\u00f3n principal<\/h5>\n<p>LOS CONTACTOS DE PUERTA Y VENTANA PG9303, SON DISPOSITIVOS DE CONTACTO MAGN\u00c9TICO POWERG COMPLETAMENTE, SUPERVISADOS. INCLUYEN UN INTERRUPTOR DE SWITCH INTEGRADO. EL DISPOSITIVO TRANSMITE NOTIFICACIONES DE ALARMA AL PANEL DE CONTROL Y EST\u00c1 SUPERVISADO USANDO EL PROTOCOLO DE COMUNICACIONES BIDIRECCIONAL DE POWERG.<\/p>\n<p><img decoding=\"async\" class=\"overview-center-img-web\" src=\"https:\/\/tvc.mx\/media\/29296\/DSC1180012.jpg\" alt=\"\" \/><\/div>\n<\/div>\n<div class=\"row align-items-center padding-bottom-2x\">\n<div class=\"col-md-5\"><img decoding=\"async\" class=\"d-block m-auto img-thumbnail\" src=\"https:\/\/tvc.mx\/media\/29297\/prove.jpg\" alt=\" \" \/><\/div>\n<div class=\"col-md-7 text-md-left text-center\">\n<h2>Caracter\u00edsticas<\/h2>\n<p class=\"text-muted\">\n<p class=\"ql-align-justify\">CONTACTO MAGN\u00c9TICO ULTRA DELGADO CAF\u00c9, CUENTA CON PERFIL EXTRA-DELGADO, INDICADOR DE CALIDAD DE ENLACE VISIBLE EN EL DISPOSITIVO, TOTALMENTE SUPERVISADO Y DIMENSIONES 67 X 31 X 11MM (2.6 X 1.2 X 0.4)\u00bbCUANTA CON DIFERENTES POSICIONES PARA PONER EL IM\u00c1N Y TENER UNA MEJORA EN EL GAP.<\/p>\n<ul>\n<li>COLOR CAF\u00c9<\/li>\n<li>GAP EN MADERA 22MM<\/li>\n<li>GAP METAL 9MM<\/li>\n<li>PERFIL EXTRA<\/li>\n<li>DELGADO.<\/li>\n<li>SUPERVISI\u00d3N CADA 256 SEGUNDOS.<\/li>\n<\/ul>\n<h2><\/h2>\n<h2 class=\"ql-align-center\"><a href=\"http:\/\/documentos.inalarm.mx\/inalarm\/ADN\/PDF\/PG9303BR_FichaTec.pdf\" target=\"_blank\" rel=\"noopener\">MANUAL DE USUARIO<\/a><\/h2>\n<h2 class=\"ql-align-center\"><a href=\"http:\/\/documentos.inalarm.mx\/inalarm\/ADN\/PDF\/PG9303BR_Instalacion.pdf\" target=\"_blank\" rel=\"noopener\">FICHA T\u00c9CNICA<\/a><\/h2>\n<\/div>\n<\/div>\n","protected":false},"excerpt":{"rendered":"<p>Descripci\u00f3n principal LOS CONTACTOS DE PUERTA Y VENTANA PG9303, SON DISPOSITIVOS DE CONTACTO MAGN\u00c9TICO POWERG COMPLETAMENTE, SUPERVISADOS. INCLUYEN UN INTERRUPTOR DE SWITCH INTEGRADO. EL DISPOSITIVO TRANSMITE NOTIFICACIONES DE ALARMA AL PANEL DE CONTROL Y EST\u00c1 SUPERVISADO USANDO EL PROTOCOLO DE COMUNICACIONES BIDIRECCIONAL DE POWERG. Caracter\u00edsticas&hellip;<\/p>\n","protected":false},"featured_media":3930,"comment_status":"open","ping_status":"closed","template":"","meta":{"om_disable_all_campaigns":false,"_monsterinsights_skip_tracking":false,"_monsterinsights_sitenote_active":false,"_monsterinsights_sitenote_note":"","_monsterinsights_sitenote_category":0},"product_brand":[],"product_cat":[283],"product_tag":[212,211,151],"class_list":{"0":"post-3931","1":"product","2":"type-product","3":"status-publish","4":"has-post-thumbnail","6":"product_cat-sensores-de-alarma-alarmas-dsc","7":"product_tag-alarmas","8":"product_tag-alarmas-e-intrusion","9":"product_tag-seguridad","11":"first","12":"instock","13":"sale","14":"taxable","15":"shipping-taxable","16":"purchasable","17":"product-type-simple"},"aioseo_notices":[],"_links":{"self":[{"href":"https:\/\/tecsecmty.com\/index.php\/wp-json\/wp\/v2\/product\/3931","targetHints":{"allow":["GET"]}}],"collection":[{"href":"https:\/\/tecsecmty.com\/index.php\/wp-json\/wp\/v2\/product"}],"about":[{"href":"https:\/\/tecsecmty.com\/index.php\/wp-json\/wp\/v2\/types\/product"}],"replies":[{"embeddable":true,"href":"https:\/\/tecsecmty.com\/index.php\/wp-json\/wp\/v2\/comments?post=3931"}],"version-history":[{"count":0,"href":"https:\/\/tecsecmty.com\/index.php\/wp-json\/wp\/v2\/product\/3931\/revisions"}],"wp:featuredmedia":[{"embeddable":true,"href":"https:\/\/tecsecmty.com\/index.php\/wp-json\/wp\/v2\/media\/3930"}],"wp:attachment":[{"href":"https:\/\/tecsecmty.com\/index.php\/wp-json\/wp\/v2\/media?parent=3931"}],"wp:term":[{"taxonomy":"product_brand","embeddable":true,"href":"https:\/\/tecsecmty.com\/index.php\/wp-json\/wp\/v2\/product_brand?post=3931"},{"taxonomy":"product_cat","embeddable":true,"href":"https:\/\/tecsecmty.com\/index.php\/wp-json\/wp\/v2\/product_cat?post=3931"},{"taxonomy":"product_tag","embeddable":true,"href":"https:\/\/tecsecmty.com\/index.php\/wp-json\/wp\/v2\/product_tag?post=3931"}],"curies":[{"name":"wp","href":"https:\/\/api.w.org\/{rel}","templated":true}]}}