{"id":3933,"date":"2023-02-23T00:28:04","date_gmt":"2023-02-23T06:28:04","guid":{"rendered":"https:\/\/tecsecmty.com\/index.php\/producto\/dsc-pg9307-contacto-magnetico-de-empotrar-inalambrico-con-tecnologia-power-g-compatible-con-neo-pro-qolsys-e-iotega\/"},"modified":"2023-03-22T23:23:21","modified_gmt":"2023-03-23T05:23:21","slug":"dsc-pg9307-contacto-magnetico-de-empotrar-inalambrico-con-tecnologia-power-g-compatible-con-neo-pro-qolsys-e-iotega","status":"publish","type":"product","link":"https:\/\/tecsecmty.com\/index.php\/producto\/dsc-pg9307-contacto-magnetico-de-empotrar-inalambrico-con-tecnologia-power-g-compatible-con-neo-pro-qolsys-e-iotega\/","title":{"rendered":"DSC PG9307 &#8211; Contacto Magn\u00e9tico de empotrar inalambrico con tecnolog\u00eda Power G compatible con NEO. PRO, Qolsys e IoTega \/"},"content":{"rendered":"<div class=\"row aling-items-center padding-bottom-2x\">\n<div class=\"col-lg-12\">\n<h5 class=\"card-title text-center\">PG9307<\/h5>\n<h4 class=\"ql-align-center\"><strong>CONTACTO MAGN\u00c9TICO DE EMPOTRAR INALAMBRICO PG9307<\/strong><\/h4>\n<p>Caracter\u00edsticas:<\/p>\n<ul>\n<li>Proporciona protecci\u00f3n sutil y segura.<\/li>\n<li>Asegura un rendimiento confiable utilizando tecnolog\u00eda PowerG incorporado<\/li>\n<li>Tecnolog\u00eda de intrusi\u00f3n inal\u00e1mbrica de vanguardia con dos v\u00edas comunicaci\u00f3n<\/li>\n<li>Ofrece un valor excepcional con una bater\u00eda de larga duraci\u00f3n (hasta 10 a\u00f1os con uso t\u00edpico)<\/li>\n<li>F\u00e1cil de instalar, con un im\u00e1n ultrafino (2 mm \/ 0.08 pulgadas) que reduce la necesidad de perforar un orificio tan profundo.<\/li>\n<li>Espectro ensanchado de salto de frecuencia multicanal tecnolog\u00eda &#8211; para superar el bloqueo de frecuencia y interferencia<\/li>\n<li>Potencia de transmisi\u00f3n adaptativa: duraci\u00f3n de la bater\u00eda preservaci\u00f3n<\/li>\n<li>Cifrado AES de 128 bits: para una protecci\u00f3n de alto nivel contra herramientas de an\u00e1lisis y ataques digitales<\/li>\n<li>Largo alcance inalambrico<\/li>\n<li>Contacto magn\u00e9tico est\u00e9tico, f\u00e1cil de colocar que permite instalaciones con mayor limpieza<\/li>\n<\/ul>\n<p>Especificaciones:<\/p>\n<p>Frecuencia 912 MHz a 919 MHz<\/p>\n<p>Protocolo de comunicaciones PowerG Potencia m\u00e1xima +14 dBm<\/p>\n<p>Tipo de bater\u00eda Bater\u00eda 3V CR-2 o bater\u00eda de litio equivalente<\/p>\n<p>Vida \u00fatil de la bater\u00eda 3 a\u00f1os (con uso normal) Supresi\u00f3n de la bater\u00eda<\/p>\n<p>Transmisi\u00f3n autom\u00e1tica de la datos de condici\u00f3n de la bater\u00eda como parte del informe de estado peri\u00f3dico y detecci\u00f3n inmediata de la condici\u00f3n de bater\u00eda baja.<\/p>\n<p>Nivel del problema de bater\u00eda baja 2,5 V Margende<\/p>\n<p>Temperatura -10 \u00b0C a 50 \u00b0C<\/p>\n<p>Tama\u00f1o del contacto (AlturaxProfundidad) 2,66 pulgadas x 0,75 pulgadas<\/p>\n<p>Tama\u00f1o de la cubierta del im\u00e1n (AlturaxProfundidad) 0,67 pulgadas x 0,08 pulgadas<\/p>\n<p>Peso (incluida la bater\u00eda y el im\u00e1n) 0,83 oz (25 g)<\/p>\n<p>Color Blanco o transparente<\/p>\n<p>Materialde la carcasa Policarbonato<\/p>\n<p><img decoding=\"async\" class=\"overview-center-img-web\" src=\"https:\/\/tvc.mx\/media\/73944\/B-PG9307.jpg\" alt=\"\" \/><\/div>\n<\/div>\n<div class=\"row aling-items-center padding-bottom-2x\">\n<div class=\"col-lg-12\">\n<h5 class=\"card-title text-center\">PG9307<\/h5>\n<h4><\/h4>\n<h4><strong>CONSEJOS DE INSTALACI\u00d3N<\/strong><\/h4>\n<p>Instalaci\u00f3n del sensor.<\/p>\n<p>Instale el sensor seg\u00fan los siguientes pasos:<\/p>\n<p>1. Use una broca de 3\/4 para agujerear un orificio de 3\/4 pulgadas en el marco de la puerta para el contacto para ventana\/puerta.<\/p>\n<p>2. Fije la carcasa del contacto en la superficie de montaje con los dos tornillos y coloque la cubierta. Si no hay un espacio de 3 mm entre la puerta y el marco, es necesario hacer la perforaci\u00f3n de dos pasos. Con una herramienta de 22 mm, haga un orificio poco profundo de 2 mm, seguido por un orificio profundo de 70 mm con una herramienta de 19 mm. Rompa los tornillos desarmables, limpie los bordes puntiagudos y coloque el dispositivo. El dispositivo se empotra dentro del marco, sin interferir con la puerta.<\/p>\n<p>Instalaci\u00f3n del im\u00e1n.<\/p>\n<p>Instale el im\u00e1n seg\u00fan una de las siguientes opciones:<\/p>\n<p>1. Por perforaci\u00f3n: a. Use una broca de 3\/4 pulgadas para hacer un orificio profundo de 15 mm. b. Quite el adhesivo de ambos lados del im\u00e1n y p\u00e9guelo dentro de la cubierta del im\u00e1n (parte D).<\/p>\n<p>2. Mediante el uso del adhesivo de ambos lados sin la carcasa del im\u00e1n: a. Quite el adhesivo de ambos lados del im\u00e1n y p\u00e9guelo en la ventana\/puerta.<\/p>\n<p>NOTA: La opci\u00f3n 2 es posible \u00fanicamente cuando existe un espacio m\u00ednimo de 2 mm entre la puerta y el marco de la puerta.<\/p>\n<p>Opcional: Use un adhesivo tanto en el contacto como en la cubierta del contacto y la cubierta del im\u00e1n para que coincida con el color de la puerta o del marco de la puerta.<\/p>\n<p><img decoding=\"async\" class=\"overview-center-img-web\" src=\"https:\/\/tvc.mx\/media\/73950\/B-Diagrama.jpg\" alt=\"\" \/><\/div>\n<\/div>\n","protected":false},"excerpt":{"rendered":"<p>PG9307 CONTACTO MAGN\u00c9TICO DE EMPOTRAR INALAMBRICO PG9307 Caracter\u00edsticas: Proporciona protecci\u00f3n sutil y segura. Asegura un rendimiento confiable utilizando tecnolog\u00eda PowerG incorporado Tecnolog\u00eda de intrusi\u00f3n inal\u00e1mbrica de vanguardia con dos v\u00edas comunicaci\u00f3n Ofrece un valor excepcional con una bater\u00eda de larga duraci\u00f3n (hasta 10 a\u00f1os con&hellip;<\/p>\n","protected":false},"featured_media":3932,"comment_status":"open","ping_status":"closed","template":"","meta":{"om_disable_all_campaigns":false,"_monsterinsights_skip_tracking":false,"_monsterinsights_sitenote_active":false,"_monsterinsights_sitenote_note":"","_monsterinsights_sitenote_category":0},"product_brand":[],"product_cat":[283],"product_tag":[212,211,151],"class_list":{"0":"post-3933","1":"product","2":"type-product","3":"status-publish","4":"has-post-thumbnail","6":"product_cat-sensores-de-alarma-alarmas-dsc","7":"product_tag-alarmas","8":"product_tag-alarmas-e-intrusion","9":"product_tag-seguridad","11":"first","12":"instock","13":"sale","14":"taxable","15":"shipping-taxable","16":"purchasable","17":"product-type-simple"},"aioseo_notices":[],"_links":{"self":[{"href":"https:\/\/tecsecmty.com\/index.php\/wp-json\/wp\/v2\/product\/3933","targetHints":{"allow":["GET"]}}],"collection":[{"href":"https:\/\/tecsecmty.com\/index.php\/wp-json\/wp\/v2\/product"}],"about":[{"href":"https:\/\/tecsecmty.com\/index.php\/wp-json\/wp\/v2\/types\/product"}],"replies":[{"embeddable":true,"href":"https:\/\/tecsecmty.com\/index.php\/wp-json\/wp\/v2\/comments?post=3933"}],"version-history":[{"count":0,"href":"https:\/\/tecsecmty.com\/index.php\/wp-json\/wp\/v2\/product\/3933\/revisions"}],"wp:featuredmedia":[{"embeddable":true,"href":"https:\/\/tecsecmty.com\/index.php\/wp-json\/wp\/v2\/media\/3932"}],"wp:attachment":[{"href":"https:\/\/tecsecmty.com\/index.php\/wp-json\/wp\/v2\/media?parent=3933"}],"wp:term":[{"taxonomy":"product_brand","embeddable":true,"href":"https:\/\/tecsecmty.com\/index.php\/wp-json\/wp\/v2\/product_brand?post=3933"},{"taxonomy":"product_cat","embeddable":true,"href":"https:\/\/tecsecmty.com\/index.php\/wp-json\/wp\/v2\/product_cat?post=3933"},{"taxonomy":"product_tag","embeddable":true,"href":"https:\/\/tecsecmty.com\/index.php\/wp-json\/wp\/v2\/product_tag?post=3933"}],"curies":[{"name":"wp","href":"https:\/\/api.w.org\/{rel}","templated":true}]}}