{"id":3935,"date":"2023-02-23T00:28:06","date_gmt":"2023-02-23T06:28:06","guid":{"rendered":"https:\/\/tecsecmty.com\/index.php\/producto\/dsc-pg9309-version-mejorada-del-pg9945-contacto-magnetico-inalambrico-de-puerta-ventana-powerg-c-entrada-auxiliar-compatible-con-neo-pro-qolsys-e-iotega\/"},"modified":"2023-03-22T23:23:21","modified_gmt":"2023-03-23T05:23:21","slug":"dsc-pg9309-version-mejorada-del-pg9945-contacto-magnetico-inalambrico-de-puerta-ventana-powerg-c-entrada-auxiliar-compatible-con-neo-pro-qolsys-e-iotega","status":"publish","type":"product","link":"https:\/\/tecsecmty.com\/index.php\/producto\/dsc-pg9309-version-mejorada-del-pg9945-contacto-magnetico-inalambrico-de-puerta-ventana-powerg-c-entrada-auxiliar-compatible-con-neo-pro-qolsys-e-iotega\/","title":{"rendered":"DSC PG9309 &#8211; (Versi\u00f3n mejorada del PG9945 ) Contacto Magn\u00e9tico Inal\u00e1mbrico de Puerta\/Ventana PowerG c\/entrada Auxiliar compatible con NEO, PRO, Qolsys e IoTega"},"content":{"rendered":"<div class=\"row aling-items-center padding-bottom-2x\">\n<div class=\"col-lg-12\">\n<h5 class=\"card-title text-center\">DSC PG9309 &#8211; Contacto Magn\u00e9tico Inal\u00e1mbrico de Puerta\/Ventana PowerG c\/entrada Auxiliar<\/h5>\n<p><strong>Dise\u00f1ado para \u00e1reas comerciales de alto tr\u00e1fico. Detector de contacto de alto rendimiento perfecto para proteger ventanas y puertas en sitios concurridos.<\/strong><\/p>\n<p>Asegure completamente los puntos de intrusi\u00f3n, como ventanas y puertas, en una empresa mediana o grande.<\/p>\n<p>Con una bater\u00eda de larga duraci\u00f3n y una entrada auxiliar que se puede usar para conectar f\u00e1cilmente un contacto cableado est\u00e1ndar, este detector es ideal para espacios comerciales de alto tr\u00e1fico. Es visualmente atractivo, muy robusto y resistente a manipulaciones.<\/p>\n<p><img decoding=\"async\" class=\"overview-center-img-web\" src=\"https:\/\/tvc.mx\/media\/490720\/DSC-PG9945-Contacto-Magn%C3%A9tico-Inal%C3%A1mbrico-de-Puerta-Ventana-PowerG-c-entrada-Auxiliar-compatible-con-NEO-PRO-Qolsys-e-IoTega-LosPrincipales-1.png\" alt=\"\" \/><\/div>\n<\/div>\n<div class=\"row align-items-center padding-bottom-2x\">\n<div class=\"col-md-5\"><img decoding=\"async\" class=\"d-block m-auto img-thumbnail\" src=\"https:\/\/tvc.mx\/media\/490722\/DSC-PG9945-Contacto-Magn%C3%A9tico-Inal%C3%A1mbrico-de-Puerta-Ventana-PowerG-c-entrada-Auxiliar-compatible-con-NEO-PRO-Qolsys-e-IoTega-LosPrincipales-2.png\" alt=\" \" \/><\/div>\n<div class=\"col-md-7 text-md-left text-center\">\n<h2>Caracter\u00edsticas clave<\/h2>\n<p class=\"text-muted\">\n<p>\u2022Bater\u00eda de larga duraci\u00f3n: hasta 5 a\u00f1os en entornos comerciales<\/p>\n<p>\u2022La entrada auxiliar configurable opcional permite la instalaci\u00f3n de dispositivos cableados adicionales cuando sea necesario<\/p>\n<p>\u2022Resistente a la manipulaci\u00f3n<\/p>\n<p>\u2022Tecnolog\u00eda inal\u00e1mbrica PowerG de vanguardia incorporada<\/p>\n<p>\u2022Instalaciones r\u00e1pidas mediante Linkeo de Indicadores LED y enrolamiento autom\u00e1tico del dispositivo mediante leng\u00fceta<\/p>\n<p>&nbsp;<\/p>\n<\/div>\n<\/div>\n<hr class=\"padding-bottom-2x\" \/>\n<div class=\"row align-items-center padding-bottom-2x\">\n<div class=\"col-md-5 order-md-2\"><img decoding=\"async\" class=\"d-block m-auto img-thumbnail\" src=\"https:\/\/tvc.mx\/media\/490730\/DSC-PG9945-Contacto-Magn%C3%A9tico-Inal%C3%A1mbrico-de-Puerta-Ventana-PowerG-c-entrada-Auxiliar-compatible-con-NEO-PRO-Qolsys-e-IoTega-LosPrincipales-4.png\" alt=\" \" \/><\/div>\n<div class=\"col-md-7 order-md-1 text-md-left text-center\">\n<h2>PG9309 &#8211; Contacto Magn\u00e9tico Inal\u00e1mbrico de Puerta\/Ventana PowerG c\/entrada<\/h2>\n<p class=\"text-muted\">\n<p>El PG9309 es un transmisor inal\u00e1mbrico bidireccional, de contacto magn\u00e9tico, completamente supervisado, dise\u00f1ado principalmente para la protecci\u00f3n de puertas y ventanas. Este dispositivo inal\u00e1mbrico, altamente fiable y de alto rendimiento, es f\u00e1cil de instalar y operar en una gran variedad de ambientes residenciales.<\/p>\n<ul>\n<li>Ideal para proteger puertas, ventanas y otras aberturas<\/li>\n<li>El usuario puede seleccionar la operaci\u00f3n de la entrada auxiliar como NC o EOL<\/li>\n<li>Mayor vida \u00fatil de la bater\u00eda<\/li>\n<li>Opciones de interruptores posteriores anti manipulaci\u00f3n<\/li>\n<\/ul>\n<p>&nbsp;<\/p>\n<\/div>\n<\/div>\n<hr class=\"padding-bottom-2x\" \/>\n<div class=\"row align-items-center padding-bottom-2x\">\n<div class=\"col-md-5\"><img decoding=\"async\" class=\"d-block m-auto img-thumbnail\" src=\"https:\/\/tvc.mx\/media\/502144\/DSC-PG9309-Contacto-Magn%C3%A9tico-Inal%C3%A1mbrico-de-Puerta-Ventana-PowerG-c-entrada-Auxiliar-compatible-con-NEO-PRO-Qolsys-e-IoTega-3.png\" alt=\" \" \/><\/div>\n<div class=\"col-md-7 text-md-left text-center\">\n<h2>Especificaciones T\u00e9cnicas<\/h2>\n<p class=\"text-muted\">\n<p>Frecuencia 912-919 MHz<\/p>\n<p>Dimensiones 81 x 34 x 25 mm (3,19 x 1,25 x 1 pulg.)<\/p>\n<p>Peso (incluida la bater\u00eda) 53 9 (1,9 onzas)<\/p>\n<p>Tipo de Bater\u00eda Bater\u00eda de litio CR-123A de 3V<\/p>\n<p>Residencial &#8211; hasta 8 a\u00f1os (uso t\u00edpico) Comercial &#8211; hasta 5 a\u00f1os (uso t\u00edpico)<\/p>\n<p>Temperatura de funcionamiento-10*C a 55 *C (14 *Fa 131 *F)<\/p>\n<p>Entorno operativo Interior<\/p>\n<p>&nbsp;<\/p>\n<\/div>\n<\/div>\n<hr class=\"padding-bottom-2x\" \/>\n<div class=\"row align-items-center padding-bottom-2x\">\n<div class=\"col-md-5 order-md-2\"><img decoding=\"async\" class=\"d-block m-auto img-thumbnail\" src=\"https:\/\/tvc.mx\/media\/490906\/compaibilidad.png\" alt=\" \" \/><\/div>\n<div class=\"col-md-7 order-md-1 text-md-left text-center\">\n<h2>Compatibilidad<\/h2>\n<p class=\"text-muted\">\n<p>\u2022PG9309: PowerSeries Pro, PowerSeries Neo, sistemas iotega y panel Qolsys.<\/p>\n<p>*La detecci\u00f3n de temperatura solo es compatible con PowerSeries Pro.<\/p>\n<\/div>\n<\/div>\n","protected":false},"excerpt":{"rendered":"<p>DSC PG9309 &#8211; Contacto Magn\u00e9tico Inal\u00e1mbrico de Puerta\/Ventana PowerG c\/entrada Auxiliar Dise\u00f1ado para \u00e1reas comerciales de alto tr\u00e1fico. Detector de contacto de alto rendimiento perfecto para proteger ventanas y puertas en sitios concurridos. Asegure completamente los puntos de intrusi\u00f3n, como ventanas y puertas, en una&hellip;<\/p>\n","protected":false},"featured_media":3934,"comment_status":"open","ping_status":"closed","template":"","meta":{"om_disable_all_campaigns":false,"_monsterinsights_skip_tracking":false,"_monsterinsights_sitenote_active":false,"_monsterinsights_sitenote_note":"","_monsterinsights_sitenote_category":0},"product_brand":[],"product_cat":[283],"product_tag":[212,211,151],"class_list":{"0":"post-3935","1":"product","2":"type-product","3":"status-publish","4":"has-post-thumbnail","6":"product_cat-sensores-de-alarma-alarmas-dsc","7":"product_tag-alarmas","8":"product_tag-alarmas-e-intrusion","9":"product_tag-seguridad","11":"first","12":"instock","13":"sale","14":"taxable","15":"shipping-taxable","16":"purchasable","17":"product-type-simple"},"aioseo_notices":[],"_links":{"self":[{"href":"https:\/\/tecsecmty.com\/index.php\/wp-json\/wp\/v2\/product\/3935","targetHints":{"allow":["GET"]}}],"collection":[{"href":"https:\/\/tecsecmty.com\/index.php\/wp-json\/wp\/v2\/product"}],"about":[{"href":"https:\/\/tecsecmty.com\/index.php\/wp-json\/wp\/v2\/types\/product"}],"replies":[{"embeddable":true,"href":"https:\/\/tecsecmty.com\/index.php\/wp-json\/wp\/v2\/comments?post=3935"}],"version-history":[{"count":0,"href":"https:\/\/tecsecmty.com\/index.php\/wp-json\/wp\/v2\/product\/3935\/revisions"}],"wp:featuredmedia":[{"embeddable":true,"href":"https:\/\/tecsecmty.com\/index.php\/wp-json\/wp\/v2\/media\/3934"}],"wp:attachment":[{"href":"https:\/\/tecsecmty.com\/index.php\/wp-json\/wp\/v2\/media?parent=3935"}],"wp:term":[{"taxonomy":"product_brand","embeddable":true,"href":"https:\/\/tecsecmty.com\/index.php\/wp-json\/wp\/v2\/product_brand?post=3935"},{"taxonomy":"product_cat","embeddable":true,"href":"https:\/\/tecsecmty.com\/index.php\/wp-json\/wp\/v2\/product_cat?post=3935"},{"taxonomy":"product_tag","embeddable":true,"href":"https:\/\/tecsecmty.com\/index.php\/wp-json\/wp\/v2\/product_tag?post=3935"}],"curies":[{"name":"wp","href":"https:\/\/api.w.org\/{rel}","templated":true}]}}