{"id":3937,"date":"2023-02-23T00:28:08","date_gmt":"2023-02-23T06:28:08","guid":{"rendered":"https:\/\/tecsecmty.com\/index.php\/producto\/dsc-pg9312-contacto-magnetico-exterior-uso-rudo-inalambrico-powerg-con-entrada-auxiliar-compatible-con-neo-pro-qolsys-e-iotega\/"},"modified":"2023-03-22T23:23:21","modified_gmt":"2023-03-23T05:23:21","slug":"dsc-pg9312-contacto-magnetico-exterior-uso-rudo-inalambrico-powerg-con-entrada-auxiliar-compatible-con-neo-pro-qolsys-e-iotega","status":"publish","type":"product","link":"https:\/\/tecsecmty.com\/index.php\/producto\/dsc-pg9312-contacto-magnetico-exterior-uso-rudo-inalambrico-powerg-con-entrada-auxiliar-compatible-con-neo-pro-qolsys-e-iotega\/","title":{"rendered":"DSC PG9312 &#8211; Contacto Magn\u00e9tico Exterior uso rudo Inal\u00e1mbrico PowerG con entrada Auxiliar compatible con NEO, PRO, Qolsys e IoTega"},"content":{"rendered":"<div class=\"row aling-items-center padding-bottom-2x\">\n<div class=\"col-lg-12\">\n<h5 class=\"card-title text-center\">Descripci\u00f3n<\/h5>\n<p class=\"ql-align-justify\">El contacto magn\u00e9tico inal\u00e1mbrico PowerG de exterior con entrada auxiliar es un s\u00f3lido dispositivo dise\u00f1ado para uso residencial y en grandes espacios comerciales. Es id\u00f3neo para proteger el exterior de entradas o salidas, incluidas las cancelas perimetrales, cercas de piscinas y jardines, puertas de cobertizos, ventanas y dem\u00e1s.<\/p>\n<p><img decoding=\"async\" class=\"overview-center-img-web\" src=\"https:\/\/tvc.mx\/media\/29324\/DSC1180013.jpg\" alt=\"\" \/><\/div>\n<\/div>\n<div class=\"row align-items-center padding-bottom-2x\">\n<div class=\"col-md-5\"><img decoding=\"async\" class=\"d-block m-auto img-thumbnail\" src=\"https:\/\/tvc.mx\/media\/29326\/DSC1180013_1.jpg\" alt=\" \" \/><\/div>\n<div class=\"col-md-7 text-md-left text-center\">\n<h2>Caracter\u00edsticas<\/h2>\n<p class=\"text-muted\">\n<p><strong>Frecuencia:<\/strong>Europa y resto del mundo: 433- 434 MHz, 868- 869 MHz; EE.UU.: 912- 919 MHz<\/p>\n<p><strong>Tipo de bater\u00eda:\u00a0<\/strong>Dos bater\u00edas de litio de 1,5 V<\/p>\n<p><strong>Duraci\u00f3n de la bater\u00eda:<\/strong>\u00a05 a\u00f1os (uso normal)<\/p>\n<p><strong>Peso (con la bater\u00eda):\u00a0<\/strong>154 g (5,4 onzas)<\/p>\n<p><strong>Temperatura de funcionamiento:\u00a0<\/strong>-40 a 66 \u00b0C (-40 a 151 \u00b0F)<\/p>\n<p><strong>Entorno de funcionamiento:<\/strong>\u00a0Exterior<\/p>\n<p><strong>Medidas:\u00a0<\/strong>105 x 52 x 35 mm (4,12 x 2 x 1,37 pulgadas<\/p>\n<h2><\/h2>\n<h2 class=\"ql-align-center\"><a href=\"https:\/\/cms.dsc.com\/download.php?t=1&amp;id=25703\" target=\"_blank\" rel=\"noopener\">FICHA TECNICA<\/a><\/h2>\n<h2 class=\"ql-align-center\"><a href=\"https:\/\/cms.dsc.com\/download.php?t=1&amp;id=25680\" target=\"_blank\" rel=\"noopener\">MANUAL DE USUARIO<\/a><\/h2>\n<\/div>\n<\/div>\n","protected":false},"excerpt":{"rendered":"<p>Descripci\u00f3n El contacto magn\u00e9tico inal\u00e1mbrico PowerG de exterior con entrada auxiliar es un s\u00f3lido dispositivo dise\u00f1ado para uso residencial y en grandes espacios comerciales. Es id\u00f3neo para proteger el exterior de entradas o salidas, incluidas las cancelas perimetrales, cercas de piscinas y jardines, puertas de&hellip;<\/p>\n","protected":false},"featured_media":3936,"comment_status":"open","ping_status":"closed","template":"","meta":{"om_disable_all_campaigns":false,"_monsterinsights_skip_tracking":false,"_monsterinsights_sitenote_active":false,"_monsterinsights_sitenote_note":"","_monsterinsights_sitenote_category":0},"product_brand":[],"product_cat":[283],"product_tag":[212,211,151],"class_list":{"0":"post-3937","1":"product","2":"type-product","3":"status-publish","4":"has-post-thumbnail","6":"product_cat-sensores-de-alarma-alarmas-dsc","7":"product_tag-alarmas","8":"product_tag-alarmas-e-intrusion","9":"product_tag-seguridad","11":"first","12":"instock","13":"sale","14":"taxable","15":"shipping-taxable","16":"purchasable","17":"product-type-simple"},"aioseo_notices":[],"_links":{"self":[{"href":"https:\/\/tecsecmty.com\/index.php\/wp-json\/wp\/v2\/product\/3937","targetHints":{"allow":["GET"]}}],"collection":[{"href":"https:\/\/tecsecmty.com\/index.php\/wp-json\/wp\/v2\/product"}],"about":[{"href":"https:\/\/tecsecmty.com\/index.php\/wp-json\/wp\/v2\/types\/product"}],"replies":[{"embeddable":true,"href":"https:\/\/tecsecmty.com\/index.php\/wp-json\/wp\/v2\/comments?post=3937"}],"version-history":[{"count":0,"href":"https:\/\/tecsecmty.com\/index.php\/wp-json\/wp\/v2\/product\/3937\/revisions"}],"wp:featuredmedia":[{"embeddable":true,"href":"https:\/\/tecsecmty.com\/index.php\/wp-json\/wp\/v2\/media\/3936"}],"wp:attachment":[{"href":"https:\/\/tecsecmty.com\/index.php\/wp-json\/wp\/v2\/media?parent=3937"}],"wp:term":[{"taxonomy":"product_brand","embeddable":true,"href":"https:\/\/tecsecmty.com\/index.php\/wp-json\/wp\/v2\/product_brand?post=3937"},{"taxonomy":"product_cat","embeddable":true,"href":"https:\/\/tecsecmty.com\/index.php\/wp-json\/wp\/v2\/product_cat?post=3937"},{"taxonomy":"product_tag","embeddable":true,"href":"https:\/\/tecsecmty.com\/index.php\/wp-json\/wp\/v2\/product_tag?post=3937"}],"curies":[{"name":"wp","href":"https:\/\/api.w.org\/{rel}","templated":true}]}}