{"id":3941,"date":"2023-02-23T00:28:09","date_gmt":"2023-02-23T06:28:09","guid":{"rendered":"https:\/\/tecsecmty.com\/index.php\/producto\/dsc-pg9862-detector-de-movimiento-360-interior-con-tecnologia-power-g-para-techo-compatible-con-neo-pro-qolsys-e-iotega\/"},"modified":"2023-03-22T23:23:21","modified_gmt":"2023-03-23T05:23:21","slug":"dsc-pg9862-detector-de-movimiento-360-interior-con-tecnologia-power-g-para-techo-compatible-con-neo-pro-qolsys-e-iotega","status":"publish","type":"product","link":"https:\/\/tecsecmty.com\/index.php\/producto\/dsc-pg9862-detector-de-movimiento-360-interior-con-tecnologia-power-g-para-techo-compatible-con-neo-pro-qolsys-e-iotega\/","title":{"rendered":"DSC PG9862 &#8211; Detector de Movimiento 360\u00b0 interior con tecnolog\u00eda Power G para techo compatible con NEO, PRO, Qolsys e IoTega"},"content":{"rendered":"<h5 class=\"card-title text-center\">Descripci\u00f3n<\/h5>\n<p><strong>Detector PIR inal\u00e1mbrico de montaje en techo 360 \u00b0 PowerG<\/strong><\/p>\n<ul>\n<li>Ofrece detecci\u00f3n de movimiento de 360 \u00b0 desde un dispositivo montado en el techo<\/li>\n<li>Asegura completamente habitaciones peque\u00f1as a medianas con una cobertura de detecci\u00f3n de hasta 10 m (32.8 pies) de di\u00e1metro<\/li>\n<li>Garantiza un rendimiento confiable utilizando la tecnolog\u00eda de intrusi\u00f3n inal\u00e1mbrica de vanguardia incorporada PowerG con comunicaci\u00f3n bidireccional<\/li>\n<li>Minimiza el impacto visual, con un dise\u00f1o moderno y discreto.<\/li>\n<li>Ofrece un valor duradero con una duraci\u00f3n de bater\u00eda de 5 a\u00f1os (uso t\u00edpico)<\/li>\n<li>Simple de instalar y mantener<\/li>\n<\/ul>\n<p><img decoding=\"async\" class=\"overview-center-img-web\" src=\"https:\/\/tvc.mx\/media\/29424\/principalcomer.jpg\" alt=\"\" \/><\/p>\n","protected":false},"excerpt":{"rendered":"<p>Descripci\u00f3n Detector PIR inal\u00e1mbrico de montaje en techo 360 \u00b0 PowerG Ofrece detecci\u00f3n de movimiento de 360 \u00b0 desde un dispositivo montado en el techo Asegura completamente habitaciones peque\u00f1as a medianas con una cobertura de detecci\u00f3n de hasta 10 m (32.8 pies) de di\u00e1metro Garantiza&hellip;<\/p>\n","protected":false},"featured_media":3940,"comment_status":"open","ping_status":"closed","template":"","meta":{"om_disable_all_campaigns":false,"_monsterinsights_skip_tracking":false,"_monsterinsights_sitenote_active":false,"_monsterinsights_sitenote_note":"","_monsterinsights_sitenote_category":0},"product_brand":[],"product_cat":[283],"product_tag":[212,211,151],"class_list":{"0":"post-3941","1":"product","2":"type-product","3":"status-publish","4":"has-post-thumbnail","6":"product_cat-sensores-de-alarma-alarmas-dsc","7":"product_tag-alarmas","8":"product_tag-alarmas-e-intrusion","9":"product_tag-seguridad","11":"first","12":"instock","13":"sale","14":"taxable","15":"shipping-taxable","16":"purchasable","17":"product-type-simple"},"aioseo_notices":[],"_links":{"self":[{"href":"https:\/\/tecsecmty.com\/index.php\/wp-json\/wp\/v2\/product\/3941","targetHints":{"allow":["GET"]}}],"collection":[{"href":"https:\/\/tecsecmty.com\/index.php\/wp-json\/wp\/v2\/product"}],"about":[{"href":"https:\/\/tecsecmty.com\/index.php\/wp-json\/wp\/v2\/types\/product"}],"replies":[{"embeddable":true,"href":"https:\/\/tecsecmty.com\/index.php\/wp-json\/wp\/v2\/comments?post=3941"}],"version-history":[{"count":0,"href":"https:\/\/tecsecmty.com\/index.php\/wp-json\/wp\/v2\/product\/3941\/revisions"}],"wp:featuredmedia":[{"embeddable":true,"href":"https:\/\/tecsecmty.com\/index.php\/wp-json\/wp\/v2\/media\/3940"}],"wp:attachment":[{"href":"https:\/\/tecsecmty.com\/index.php\/wp-json\/wp\/v2\/media?parent=3941"}],"wp:term":[{"taxonomy":"product_brand","embeddable":true,"href":"https:\/\/tecsecmty.com\/index.php\/wp-json\/wp\/v2\/product_brand?post=3941"},{"taxonomy":"product_cat","embeddable":true,"href":"https:\/\/tecsecmty.com\/index.php\/wp-json\/wp\/v2\/product_cat?post=3941"},{"taxonomy":"product_tag","embeddable":true,"href":"https:\/\/tecsecmty.com\/index.php\/wp-json\/wp\/v2\/product_tag?post=3941"}],"curies":[{"name":"wp","href":"https:\/\/api.w.org\/{rel}","templated":true}]}}