{"id":3943,"date":"2023-02-23T00:28:11","date_gmt":"2023-02-23T06:28:11","guid":{"rendered":"https:\/\/tecsecmty.com\/index.php\/producto\/dsc-pg9872-detector-de-movimiento-360-interior-de-largo-alcance-con-tecnologia-power-g-para-techo-compatible-con-neoproqolsys-e-iotega\/"},"modified":"2023-03-22T23:23:21","modified_gmt":"2023-03-23T05:23:21","slug":"dsc-pg9872-detector-de-movimiento-360-interior-de-largo-alcance-con-tecnologia-power-g-para-techo-compatible-con-neoproqolsys-e-iotega","status":"publish","type":"product","link":"https:\/\/tecsecmty.com\/index.php\/producto\/dsc-pg9872-detector-de-movimiento-360-interior-de-largo-alcance-con-tecnologia-power-g-para-techo-compatible-con-neoproqolsys-e-iotega\/","title":{"rendered":"DSC PG9872 &#8211; Detector de Movimiento 360\u00b0 interior de largo alcance con tecnolog\u00eda Power G para techo compatible con NEO,PRO,Qolsys e IoTega"},"content":{"rendered":"<div class=\"row aling-items-center padding-bottom-2x\">\n<div class=\"col-lg-12\">\n<h5 class=\"card-title text-center\">PG9872<\/h5>\n<h4 class=\"ql-align-center\"><strong>DETECTOR PIR 360\u00b0 DE LARGO ALCANCE<\/strong><\/h4>\n<p><strong>Caracter\u00edsticas:<\/strong><\/p>\n<ul>\n<li class=\"ql-align-justify\">Ofrece detecci\u00f3n de movimiento de 360 \u00b0 desde un dispositivo montado en el techo<\/li>\n<li class=\"ql-align-justify\">Asegura completamente grandes espacios con cobertura de detecci\u00f3n de hasta 20 m (65,6 pies) de di\u00e1metro<\/li>\n<li class=\"ql-align-justify\">Garantiza un rendimiento confiable utilizando la tecnolog\u00eda de intrusi\u00f3n inal\u00e1mbrica de vanguardia incorporada PowerG con comunicaci\u00f3n bidireccional<\/li>\n<li class=\"ql-align-justify\">El algoritmo avanzado True Motion Recognition \u2122 diferencia entre intrusos y otras perturbaciones<\/li>\n<li class=\"ql-align-justify\">Instalaciones r\u00e1pidas utilizando indicadores LED de calidad de enlace<\/li>\n<li class=\"ql-align-justify\">F\u00e1cil inscripci\u00f3n autom\u00e1tica con leng\u00fceta<\/li>\n<li class=\"ql-align-justify\">Detector de movimiento y temperatura en uno, cuando est\u00e1 inscrito como parte del sistema PowerSeries Pro<\/li>\n<\/ul>\n<p class=\"ql-align-justify\"><strong>Especificaciones:<\/strong><\/p>\n<p class=\"ql-align-justify\">Tipo de detector Cuatro sensores piroel\u00e9ctricos que funcionan en una configuraci\u00f3n dual separada, por esto la \u00f3ptica de lente es de tipo Fresnel.<\/p>\n<p class=\"ql-align-justify\">Cantidad de haces: 120 Cobertura m\u00e1xima \u00d820 m\/360\u00b0 a una altura de instalaci\u00f3n m\u00e1xima de 6 metros(19,7 pies)<\/p>\n<p class=\"ql-align-justify\">Pila de litio interna de 3 voltios, tipo CR123A<\/p>\n<p><img decoding=\"async\" class=\"overview-center-img-web\" src=\"https:\/\/tvc.mx\/media\/70221\/Banner.jpg\" alt=\"\" \/><\/div>\n<\/div>\n<div class=\"row aling-items-center padding-bottom-2x\">\n<div class=\"col-lg-12\">\n<h5 class=\"card-title text-center\">PG9872<\/h5>\n<h4 class=\"ql-align-center\"><strong>CONSEJOS DE INSTALACI\u00d3N<\/strong><\/h4>\n<p>Utilizar la siguiente informaci\u00f3n como gu\u00eda para localizar un lugar de montaje adecuado.<\/p>\n<p>1. Mantener alejado de fuentes de calor.<\/p>\n<p>2. No exponer a corrientes de aire.<\/p>\n<p>3. No instalar al aire libre.<\/p>\n<p>4. Evitar la luz solar directa.<\/p>\n<p>5. No instalar cerca de l\u00edneas el\u00e9ctricas de alta tensi\u00f3n.<\/p>\n<p>6. No instalar detr\u00e1s de particiones.<\/p>\n<p>7. Montar sobre una superficie estable y s\u00f3lida.<\/p>\n<p class=\"ql-align-justify\">\u00a1ADVERTENCIA! No obstaculice el campo de visi\u00f3n del detector de forma parcial ni total.<\/p>\n<p class=\"ql-align-justify\">Nota: El PGx872 Detector inal\u00e1mbrico infrarrojo pasivo (PIR) de presencia y seguridad para montaje en techo se debe instalar y utilizar en un entorno que provea el nivel de contaminaci\u00f3n m\u00e1ximo de 2 y la categor\u00eda de sobretensi\u00f3n II en LUGARES NO PELIGROSOS. El equipo est\u00e1 dise\u00f1ado para ser instalado solo por personal de servicio capacitado.<\/p>\n<p><img decoding=\"async\" class=\"overview-center-img-web\" src=\"https:\/\/tvc.mx\/media\/70254\/BannerDI.jpg\" alt=\"\" \/><\/div>\n<\/div>\n","protected":false},"excerpt":{"rendered":"<p>PG9872 DETECTOR PIR 360\u00b0 DE LARGO ALCANCE Caracter\u00edsticas: Ofrece detecci\u00f3n de movimiento de 360 \u00b0 desde un dispositivo montado en el techo Asegura completamente grandes espacios con cobertura de detecci\u00f3n de hasta 20 m (65,6 pies) de di\u00e1metro Garantiza un rendimiento confiable utilizando la tecnolog\u00eda&hellip;<\/p>\n","protected":false},"featured_media":3942,"comment_status":"open","ping_status":"closed","template":"","meta":{"om_disable_all_campaigns":false,"_monsterinsights_skip_tracking":false,"_monsterinsights_sitenote_active":false,"_monsterinsights_sitenote_note":"","_monsterinsights_sitenote_category":0},"product_brand":[],"product_cat":[283],"product_tag":[212,211,151],"class_list":{"0":"post-3943","1":"product","2":"type-product","3":"status-publish","4":"has-post-thumbnail","6":"product_cat-sensores-de-alarma-alarmas-dsc","7":"product_tag-alarmas","8":"product_tag-alarmas-e-intrusion","9":"product_tag-seguridad","11":"first","12":"instock","13":"sale","14":"taxable","15":"shipping-taxable","16":"purchasable","17":"product-type-simple"},"aioseo_notices":[],"_links":{"self":[{"href":"https:\/\/tecsecmty.com\/index.php\/wp-json\/wp\/v2\/product\/3943","targetHints":{"allow":["GET"]}}],"collection":[{"href":"https:\/\/tecsecmty.com\/index.php\/wp-json\/wp\/v2\/product"}],"about":[{"href":"https:\/\/tecsecmty.com\/index.php\/wp-json\/wp\/v2\/types\/product"}],"replies":[{"embeddable":true,"href":"https:\/\/tecsecmty.com\/index.php\/wp-json\/wp\/v2\/comments?post=3943"}],"version-history":[{"count":0,"href":"https:\/\/tecsecmty.com\/index.php\/wp-json\/wp\/v2\/product\/3943\/revisions"}],"wp:featuredmedia":[{"embeddable":true,"href":"https:\/\/tecsecmty.com\/index.php\/wp-json\/wp\/v2\/media\/3942"}],"wp:attachment":[{"href":"https:\/\/tecsecmty.com\/index.php\/wp-json\/wp\/v2\/media?parent=3943"}],"wp:term":[{"taxonomy":"product_brand","embeddable":true,"href":"https:\/\/tecsecmty.com\/index.php\/wp-json\/wp\/v2\/product_brand?post=3943"},{"taxonomy":"product_cat","embeddable":true,"href":"https:\/\/tecsecmty.com\/index.php\/wp-json\/wp\/v2\/product_cat?post=3943"},{"taxonomy":"product_tag","embeddable":true,"href":"https:\/\/tecsecmty.com\/index.php\/wp-json\/wp\/v2\/product_tag?post=3943"}],"curies":[{"name":"wp","href":"https:\/\/api.w.org\/{rel}","templated":true}]}}