{"id":3945,"date":"2023-02-23T00:28:12","date_gmt":"2023-02-23T06:28:12","guid":{"rendered":"https:\/\/tecsecmty.com\/index.php\/producto\/dsc-pg9902-detector-pir-cortina-para-exterior-inalambrico-con-tecnologia-power-g-compatible-con-neo-pro-qolsys-e-iotega\/"},"modified":"2023-03-22T23:23:21","modified_gmt":"2023-03-23T05:23:21","slug":"dsc-pg9902-detector-pir-cortina-para-exterior-inalambrico-con-tecnologia-power-g-compatible-con-neo-pro-qolsys-e-iotega","status":"publish","type":"product","link":"https:\/\/tecsecmty.com\/index.php\/producto\/dsc-pg9902-detector-pir-cortina-para-exterior-inalambrico-con-tecnologia-power-g-compatible-con-neo-pro-qolsys-e-iotega\/","title":{"rendered":"DSC PG9902 &#8211; Detector Pir Cortina para Exterior Inalambrico con tecnolog\u00eda Power G compatible con NEO, PRO, Qolsys e IoTega"},"content":{"rendered":"<div class=\"row aling-items-center padding-bottom-2x\">\n<div class=\"col-lg-12\">\n<h5 class=\"card-title text-center\">PG9902<\/h5>\n<h4 class=\"ql-align-center\"><strong>DETECTOR PIR CORTINA EXTERIOR POWER G<\/strong><\/h4>\n<p><strong>Caracteristicas:<\/strong><\/p>\n<p>Asegura entradas como ventanas y puertas<\/p>\n<p>Atrapa intrusos antes de que entren<\/p>\n<p>Alcance de detecci\u00f3n de hasta 8 metros (26 pies)<\/p>\n<p>Tecnolog\u00eda de intrusi\u00f3n inal\u00e1mbrica incorporada PowerG<\/p>\n<p>Opera de manera confiable en temperaturas extremas y condiciones ambientales<\/p>\n<p>Filtra efectivamente el movimiento ambiental normal y es inmune a las mascotas, para alarmas falsas m\u00ednimas<\/p>\n<p>Bloquea la manipulaci\u00f3n con antienmascaramiento certificado<\/p>\n<p>Dise\u00f1o compacto y moderno.<\/p>\n<p>Instalaci\u00f3n y mantenimiento sencillos.<\/p>\n<p>Bater\u00eda de larga duraci\u00f3n (hasta 3 a\u00f1os con uso t\u00edpico)<\/p>\n<p><strong>Especificaciones:<\/strong><\/p>\n<p>Tipo de Detector: Salidas especiales PIR de dos canales.<\/p>\n<p>\u00d3ptica Datos de la lente: Tipo espejo, superficie parab\u00f3lica el\u00edptica com\u00fan Detector espejo cobertura max.: Hasta 8\u00a0m\/6\u00b0 Alcances de detecci\u00f3n:\u00a0Seleccione 3\u00a0m, 5\u00a0m u 8\u00a0m<\/p>\n<p>Periodo de alarma: 2\u00a0segundos Inmunidad de mascotas: Hasta 18\u00a0kg (40\u00a0lb)<\/p>\n<p>Configuraciones para mascotas: Mascota&lt;\u00a018\u00a0kg\/40 lbs; Mascota&lt;\u00a03\u00a0kg\/6.6 lbs; Sin mascota<\/p>\n<p><img decoding=\"async\" class=\"overview-center-img-web\" src=\"https:\/\/tvc.mx\/media\/70140\/Banner.jpg\" alt=\"\" \/><\/div>\n<\/div>\n<div class=\"row aling-items-center padding-bottom-2x\">\n<div class=\"col-lg-12\">\n<h5 class=\"card-title text-center\">PG9902<\/h5>\n<h4 class=\"ql-align-center\"><strong>CONSEJOS PARA LA INSTALACI\u00d3N<\/strong><\/h4>\n<p>Solo las personas de servicio calificadas puedeninstalar PGx902.<\/p>\n<p>Antes de instalar el dispositivo, considere los siguientes puntos:<\/p>\n<ul>\n<li class=\"ql-align-justify\">Haga: Instale PGx902 de acuerdo con la norma de Instalaci\u00f3n y Clasificaci\u00f3n de sistemas de alarma contra robo y atraco, UL 681.<\/li>\n<li class=\"ql-align-justify\">Considere condiciones clim\u00e1ticas que pueden activar falsas alarmas, como las ramas de \u00e1rboles u hojas en movimiento, y otras condiciones ambientales relacionadas. l Ubique el dispositivo a una distancia m\u00ednima de 20\u00a0cm de todas las personas durante el funcionamiento normal para cumplir con los requisitos de cumplimiento de exposici\u00f3n a RF de FCC e ISED Canad\u00e1.<\/li>\n<\/ul>\n<p class=\"ql-align-justify\">No debe:<\/p>\n<ul>\n<li class=\"ql-align-justify\">Instalar el dispositivo en lugares peligrosos, en circuitos por encima de las sobre tensiones de categor\u00eda II, o en \u00e1reas con un grado de contaminaci\u00f3n mayor que el grado de contaminaci\u00f3n 2.<\/li>\n<li class=\"ql-align-justify\">Obstruir el campo de visi\u00f3n del detector o instalar el dispositivo sobre terreno inclinado.<\/li>\n<li class=\"ql-align-justify\">Operar las antenas utilizadas para este producto junto con cualquier otra antena o transmisor.<\/li>\n<\/ul>\n<p><img decoding=\"async\" class=\"overview-center-img-web\" src=\"https:\/\/tvc.mx\/media\/70149\/dIAGRAMA.jpg\" alt=\"\" \/><\/div>\n<\/div>\n","protected":false},"excerpt":{"rendered":"<p>PG9902 DETECTOR PIR CORTINA EXTERIOR POWER G Caracteristicas: Asegura entradas como ventanas y puertas Atrapa intrusos antes de que entren Alcance de detecci\u00f3n de hasta 8 metros (26 pies) Tecnolog\u00eda de intrusi\u00f3n inal\u00e1mbrica incorporada PowerG Opera de manera confiable en temperaturas extremas y condiciones ambientales&hellip;<\/p>\n","protected":false},"featured_media":3944,"comment_status":"open","ping_status":"closed","template":"","meta":{"om_disable_all_campaigns":false,"_monsterinsights_skip_tracking":false,"_monsterinsights_sitenote_active":false,"_monsterinsights_sitenote_note":"","_monsterinsights_sitenote_category":0},"product_brand":[],"product_cat":[283],"product_tag":[212,211,151],"class_list":{"0":"post-3945","1":"product","2":"type-product","3":"status-publish","4":"has-post-thumbnail","6":"product_cat-sensores-de-alarma-alarmas-dsc","7":"product_tag-alarmas","8":"product_tag-alarmas-e-intrusion","9":"product_tag-seguridad","11":"first","12":"instock","13":"sale","14":"taxable","15":"shipping-taxable","16":"purchasable","17":"product-type-simple"},"aioseo_notices":[],"_links":{"self":[{"href":"https:\/\/tecsecmty.com\/index.php\/wp-json\/wp\/v2\/product\/3945","targetHints":{"allow":["GET"]}}],"collection":[{"href":"https:\/\/tecsecmty.com\/index.php\/wp-json\/wp\/v2\/product"}],"about":[{"href":"https:\/\/tecsecmty.com\/index.php\/wp-json\/wp\/v2\/types\/product"}],"replies":[{"embeddable":true,"href":"https:\/\/tecsecmty.com\/index.php\/wp-json\/wp\/v2\/comments?post=3945"}],"version-history":[{"count":0,"href":"https:\/\/tecsecmty.com\/index.php\/wp-json\/wp\/v2\/product\/3945\/revisions"}],"wp:featuredmedia":[{"embeddable":true,"href":"https:\/\/tecsecmty.com\/index.php\/wp-json\/wp\/v2\/media\/3944"}],"wp:attachment":[{"href":"https:\/\/tecsecmty.com\/index.php\/wp-json\/wp\/v2\/media?parent=3945"}],"wp:term":[{"taxonomy":"product_brand","embeddable":true,"href":"https:\/\/tecsecmty.com\/index.php\/wp-json\/wp\/v2\/product_brand?post=3945"},{"taxonomy":"product_cat","embeddable":true,"href":"https:\/\/tecsecmty.com\/index.php\/wp-json\/wp\/v2\/product_cat?post=3945"},{"taxonomy":"product_tag","embeddable":true,"href":"https:\/\/tecsecmty.com\/index.php\/wp-json\/wp\/v2\/product_tag?post=3945"}],"curies":[{"name":"wp","href":"https:\/\/api.w.org\/{rel}","templated":true}]}}