{"id":3947,"date":"2023-02-23T00:28:14","date_gmt":"2023-02-23T06:28:14","guid":{"rendered":"https:\/\/tecsecmty.com\/index.php\/producto\/dsc-pg9905-detector-de-temperatura-inalambrico-con-tecnologia-power-g-compatible-con-neo-pro-qolsys-e-iotga\/"},"modified":"2023-03-22T23:23:21","modified_gmt":"2023-03-23T05:23:21","slug":"dsc-pg9905-detector-de-temperatura-inalambrico-con-tecnologia-power-g-compatible-con-neo-pro-qolsys-e-iotga","status":"publish","type":"product","link":"https:\/\/tecsecmty.com\/index.php\/producto\/dsc-pg9905-detector-de-temperatura-inalambrico-con-tecnologia-power-g-compatible-con-neo-pro-qolsys-e-iotga\/","title":{"rendered":"DSC PG9905 &#8211; Detector De Temperatura Inal\u00e1mbrico con tecnolog\u00eda Power G compatible con NEO, PRO, Qolsys e IoTga \/"},"content":{"rendered":"<div class=\"row aling-items-center padding-bottom-2x\">\n<div class=\"col-lg-12\">\n<h5 class=\"card-title text-center\">Descripci\u00f3n<\/h5>\n<p>El PGX905 es un detector inal\u00e1mbrico de PowerG para aplicaciones interiores y exteriores. El detector monitorea la temperatura ambiente mediante un sensor interno. Para instalaciones exteriores o en refrigerador, se utiliza una sonda (opcional) a prueba de agua. El PGX905 se puede utilizar en casos donde la detecci\u00f3n de temperatura es cr\u00edtica.<\/p>\n<p><strong>TEMPERATURA DE FUNCIONAMIENTO (EN INTERIOR): -20\u00b0C A +50\u00b0C \/ -4\u00b0F A 122\u00b0F<\/strong><\/p>\n<p><strong>TEMPERATURA DE FUNCIONAMIENTO DE SONDA (EN EXTERIOR): 30\u00b0C A +70\u00b0C \/ -22\u00b0F A 158\u00b0F<\/strong><\/p>\n<p><strong>TEMERATURA DE ALMACENAMIENTO (EN INTERIOR): -20\u00b0C A +60\u00b0C \/ -4\u00b0F A 140\u00b0F<\/strong><\/p>\n<p>&nbsp;<\/p>\n<p><img decoding=\"async\" class=\"overview-center-img-web\" src=\"https:\/\/tvc.mx\/media\/67884\/detector-de-temperatura-central-overview.jpg\" alt=\"\" \/><\/div>\n<\/div>\n<div class=\"row align-items-center padding-bottom-2x\">\n<div class=\"col-md-5\"><img decoding=\"async\" class=\"d-block m-auto img-thumbnail\" src=\"https:\/\/tvc.mx\/media\/68010\/sensor-de-templateral.jpg\" alt=\" \" \/><\/div>\n<div class=\"col-md-7 text-md-left text-center\">\n<h2>Especificaciones<\/h2>\n<p class=\"text-muted\">\n<ul>\n<li><strong>Frecuencia de comunicaci\u00f3n:<\/strong>\u00a0915MHz<\/li>\n<li><strong>Protocolo de comunicaci\u00f3n:\u00a0<\/strong>PowerG<\/li>\n<li><strong>Protecci\u00f3n contra RFI:\u00a0<\/strong>&gt;20V\/m, 80MHz a 2000MHz<\/li>\n<li><strong>Exactitud en la medici\u00f3n:\u00a0<\/strong>\u00b11.5\u00b0C<\/li>\n<li><strong>Longitud del cable de la sonda:\u00a0<\/strong>3.5m<\/li>\n<li><strong>Tipo de bater\u00eda:\u00a0<\/strong>Bater\u00eda de litio de 3V, CR123A, Panasonic, Sanyo o GP solamente, para uso comercial.<\/li>\n<li><strong>Vida \u00fatil de la bater\u00eda:\u00a0<\/strong>7 a\u00f1os (no verificado por UL\/ULC)<\/li>\n<li><strong>Umbral de bater\u00eda baja:\u00a0<\/strong>2.2V<\/li>\n<li><strong>Supervisi\u00f3n de la bater\u00eda:\u00a0<\/strong>Transmisi\u00f3n del estatus del detector en general en autom\u00e1tico<\/li>\n<li><strong>Temperatura de Funcionamiento (en interior):<\/strong>\u00a0-20\u00b0C a +50\u00b0C<\/li>\n<li><strong>Temperatura de funcionamiento de la sonda:<\/strong>\u00a0-30\u00b0C a +70\u00b0C\u00a0\u00a0Modelo:\u00a0PGTEMP-PROBE\u00a0<strong>(SE VENDE POR SEPARADO)<\/strong><\/li>\n<li><strong>Temperatura de almacenamiento:\u00a0<\/strong>-20\u00b0C a +60\u00b0C<\/li>\n<li><strong>Dimensiones:\u00a0<\/strong>92 x 36.5 x 31mm<\/li>\n<\/ul>\n<p>&nbsp;<\/p>\n<\/div>\n<\/div>\n<hr class=\"padding-bottom-2x\" \/>\n<div class=\"row align-items-center padding-bottom-2x\">\n<div class=\"col-md-5\"><img decoding=\"async\" class=\"d-block m-auto img-thumbnail\" src=\"https:\/\/tvc.mx\/media\/68013\/sensor-de-temp.jpg\" alt=\" \" \/><\/div>\n<div class=\"col-md-7 text-md-left text-center\">\n<h2>Funci\u00f3n<\/h2>\n<p class=\"text-muted\">\n<ul>\n<li>Indicaci\u00f3n de calidad del enlace visible en el dispositivo<\/li>\n<li>Umbrales de advertencia de temperatura y alarma programables<\/li>\n<li>Sonda opcional para monitorear el refrigerador, congelador y la temperature exterior<\/li>\n<li>Protecci\u00f3n antisabotaje en la parte frontal y trasera<\/li>\n<li>Vida \u00fatil de la bater\u00eda prolongada (hasta 7 a\u00f1os con uso t\u00edpico)<\/li>\n<li>Dimensiones: 81 x 32 x 25 mm (3.19 x 1.25 x 1 in)<\/li>\n<li>Sonda de temperatura externa PGTEMP-PROBE<\/li>\n<\/ul>\n<\/div>\n<\/div>\n","protected":false},"excerpt":{"rendered":"<p>Descripci\u00f3n El PGX905 es un detector inal\u00e1mbrico de PowerG para aplicaciones interiores y exteriores. El detector monitorea la temperatura ambiente mediante un sensor interno. Para instalaciones exteriores o en refrigerador, se utiliza una sonda (opcional) a prueba de agua. El PGX905 se puede utilizar en&hellip;<\/p>\n","protected":false},"featured_media":3946,"comment_status":"open","ping_status":"closed","template":"","meta":{"om_disable_all_campaigns":false,"_monsterinsights_skip_tracking":false,"_monsterinsights_sitenote_active":false,"_monsterinsights_sitenote_note":"","_monsterinsights_sitenote_category":0},"product_brand":[],"product_cat":[283],"product_tag":[212,211,151],"class_list":{"0":"post-3947","1":"product","2":"type-product","3":"status-publish","4":"has-post-thumbnail","6":"product_cat-sensores-de-alarma-alarmas-dsc","7":"product_tag-alarmas","8":"product_tag-alarmas-e-intrusion","9":"product_tag-seguridad","11":"first","12":"instock","13":"sale","14":"taxable","15":"shipping-taxable","16":"purchasable","17":"product-type-simple"},"aioseo_notices":[],"_links":{"self":[{"href":"https:\/\/tecsecmty.com\/index.php\/wp-json\/wp\/v2\/product\/3947","targetHints":{"allow":["GET"]}}],"collection":[{"href":"https:\/\/tecsecmty.com\/index.php\/wp-json\/wp\/v2\/product"}],"about":[{"href":"https:\/\/tecsecmty.com\/index.php\/wp-json\/wp\/v2\/types\/product"}],"replies":[{"embeddable":true,"href":"https:\/\/tecsecmty.com\/index.php\/wp-json\/wp\/v2\/comments?post=3947"}],"version-history":[{"count":0,"href":"https:\/\/tecsecmty.com\/index.php\/wp-json\/wp\/v2\/product\/3947\/revisions"}],"wp:featuredmedia":[{"embeddable":true,"href":"https:\/\/tecsecmty.com\/index.php\/wp-json\/wp\/v2\/media\/3946"}],"wp:attachment":[{"href":"https:\/\/tecsecmty.com\/index.php\/wp-json\/wp\/v2\/media?parent=3947"}],"wp:term":[{"taxonomy":"product_brand","embeddable":true,"href":"https:\/\/tecsecmty.com\/index.php\/wp-json\/wp\/v2\/product_brand?post=3947"},{"taxonomy":"product_cat","embeddable":true,"href":"https:\/\/tecsecmty.com\/index.php\/wp-json\/wp\/v2\/product_cat?post=3947"},{"taxonomy":"product_tag","embeddable":true,"href":"https:\/\/tecsecmty.com\/index.php\/wp-json\/wp\/v2\/product_tag?post=3947"}],"curies":[{"name":"wp","href":"https:\/\/api.w.org\/{rel}","templated":true}]}}