{"id":3949,"date":"2023-02-23T00:28:15","date_gmt":"2023-02-23T06:28:15","guid":{"rendered":"https:\/\/tecsecmty.com\/index.php\/producto\/dsc-pg9914-detector-de-movimiento-inalambrico-con-tecnologia-power-g-compatible-con-neo-pro-qolsys-e-iotega-cer-losprincipales\/"},"modified":"2023-03-22T23:23:21","modified_gmt":"2023-03-23T05:23:21","slug":"dsc-pg9914-detector-de-movimiento-inalambrico-con-tecnologia-power-g-compatible-con-neo-pro-qolsys-e-iotega-cer-losprincipales","status":"publish","type":"product","link":"https:\/\/tecsecmty.com\/index.php\/producto\/dsc-pg9914-detector-de-movimiento-inalambrico-con-tecnologia-power-g-compatible-con-neo-pro-qolsys-e-iotega-cer-losprincipales\/","title":{"rendered":"DSC PG9914 &#8211; Detector de Movimiento Inal\u00e1mbrico con tecnolog\u00eda Power G compatible con NEO, PRO, Qolsys e IoTega #cer #LosPrincipales"},"content":{"rendered":"<div class=\"row aling-items-center padding-bottom-2x\">\n<div class=\"col-lg-12\">\n<h5 class=\"card-title text-center\">Informaci\u00f3n general<\/h5>\n<p>Detector de movimiento PIR inteligente con doble funci\u00f3n para interiores<\/p>\n<p>El PGx914 es un detector de movimiento PIR inteligente con doble funci\u00f3n e inmune a mascotas dise\u00f1ado para interiores. Ofrece detecci\u00f3n de movimiento confiable y monitoreo de la temperatura en un dispositivo atractivo y f\u00e1cil de usar. Con la innovadora tecnolog\u00eda inal\u00e1mbrica PowerG, el PGx914 permite detectar movimiento con una caracter\u00edstica superior de inmunidad a mascotas para minimizar falsas alarmas. Es compatible con los sistemas de alarma PowerSeries Neo.<\/p>\n<p><img decoding=\"async\" class=\"overview-center-img-web\" src=\"https:\/\/tvc.mx\/media\/28799\/banner.png\" alt=\"\" \/><\/div>\n<\/div>\n<div class=\"row align-items-center padding-bottom-2x\">\n<div class=\"col-md-5\"><img decoding=\"async\" class=\"d-block m-auto img-thumbnail\" src=\"https:\/\/tvc.mx\/media\/28800\/OVL1.png\" alt=\" \" \/><\/div>\n<div class=\"col-md-7 text-md-left text-center\">\n<h2>Ventajas de uso<\/h2>\n<p class=\"text-muted\">\n<p>Detecci\u00f3n de movimiento comprobada l\u00edder del sector<\/p>\n<p class=\"ql-indent-1\">El PGx914 brinda protecci\u00f3n contra intrusi\u00f3n excepcional con inmunidad superior para evitar falsas alarmas.<\/p>\n<p class=\"ql-indent-1\">\u2022 La capacidad de distinguir entre intrusos y otra posible perturbaci\u00f3n, o entre humanos y mascotas, asegura una mayor confiabilidad y menos falsas alarmas<\/p>\n<p class=\"ql-indent-1\">\u2022 Garantiza sensibilidad de detecci\u00f3n uniforme en todo el rango operativo<\/p>\n<p>Seguridad y caracter\u00edsticas inteligentes, todo en uno<\/p>\n<p class=\"ql-indent-1\">Con su doble funcionalidad incorporada, el PGx914 satisface la creciente demanda del mercado en busca de caracter\u00edsticas inteligentes y dispositivos multiprop\u00f3sito.<\/p>\n<p class=\"ql-indent-1\">\u2022 Incluye detecci\u00f3n de movimiento y monitoreo de la temperatura<\/p>\n<p class=\"ql-indent-1\">\u2022 Perfecto para hogares inteligentes y seguros y peque\u00f1as y medianas empresas<\/p>\n<p class=\"ql-indent-1\">\u2022 Proporciona las funcionalidades de dos detectores por el precio de uno<\/p>\n<p>Instalaci\u00f3n y mantenimiento m\u00e1s simples y r\u00e1pidos<\/p>\n<p class=\"ql-indent-1\">El PGx914 le permite ahorrar tiempo gracias a la instalaci\u00f3n y el mantenimiento sencillos, gracias a su compartimento de bater\u00eda de f\u00e1cil acceso y a su mayor vida \u00fatil.<\/p>\n<p class=\"ql-indent-1\">\u2022 Simplifique las tareas de inventario con un \u00fanico dispositivo para la detecci\u00f3n de movimiento y temperatura, sin la necesidad de tener distintos modelos inmunes a mascotas \u2022 No es necesario ajustar las lentes cil\u00edndricas y de Fresnel durante la instalaci\u00f3n<\/p>\n<p class=\"ql-indent-1\">\u2022 Vida \u00fatil de la bater\u00eda prolongada debido al bajo consumo de corriente<\/p>\n<p class=\"ql-indent-1\">\u2022 Reemplace la bater\u00eda de forma r\u00e1pida y sencilla gracias a su compartimento de f\u00e1cil acceso<\/p>\n<p>&nbsp;<\/p>\n<\/div>\n<\/div>\n<hr class=\"padding-bottom-2x\" \/>\n<div class=\"row align-items-center padding-bottom-2x\">\n<div class=\"col-md-5 order-md-2\"><img decoding=\"async\" class=\"d-block m-auto img-thumbnail\" src=\"https:\/\/tvc.mx\/media\/28815\/OVL2.png\" alt=\" \" \/><\/div>\n<div class=\"col-md-7 order-md-1 text-md-left text-center\">\n<h2>Especificaciones<\/h2>\n<p class=\"text-muted\">\n<ul>\n<li><strong>Tipo de bater\u00eda:\u00a0<\/strong>Bater\u00eda de litio CR-123A de 3\u00a0V<\/li>\n<li><strong>Vida \u00fatil de la bater\u00eda:\u00a0<\/strong>6-8 a\u00f1os (con uso t\u00edpico)<\/li>\n<li><strong>Peso (con bater\u00eda):\u00a0<\/strong>90\u00a0g<\/li>\n<li><strong>Temperatura de operaci\u00f3n:\u00a0<\/strong>-10 \u00b0C a 50 \u00b0C<\/li>\n<li><strong>Entorno de operaci\u00f3n:\u00a0<\/strong>Interiores<\/li>\n<li><strong>Protecci\u00f3n antisabotaje:\u00a0<\/strong>Tapa frontal y posterior<\/li>\n<li><strong>Dimensiones (L x A x P):<\/strong>\u00a083 x 61 x 42\u00a0mm<\/li>\n<\/ul>\n<p>&nbsp;<\/p>\n<\/div>\n<\/div>\n<hr class=\"padding-bottom-2x\" \/>\n<div class=\"row aling-items-center padding-bottom-2x\">\n<div class=\"col-lg-12\">\n<h5 class=\"card-title text-center\"><\/h5>\n<p class=\"ql-align-center\">\n<p class=\"ql-align-center\">\n<\/div>\n<\/div>\n","protected":false},"excerpt":{"rendered":"<p>Informaci\u00f3n general Detector de movimiento PIR inteligente con doble funci\u00f3n para interiores El PGx914 es un detector de movimiento PIR inteligente con doble funci\u00f3n e inmune a mascotas dise\u00f1ado para interiores. Ofrece detecci\u00f3n de movimiento confiable y monitoreo de la temperatura en un dispositivo atractivo&hellip;<\/p>\n","protected":false},"featured_media":3948,"comment_status":"open","ping_status":"closed","template":"","meta":{"om_disable_all_campaigns":false,"_monsterinsights_skip_tracking":false,"_monsterinsights_sitenote_active":false,"_monsterinsights_sitenote_note":"","_monsterinsights_sitenote_category":0},"product_brand":[],"product_cat":[283],"product_tag":[212,211,151],"class_list":{"0":"post-3949","1":"product","2":"type-product","3":"status-publish","4":"has-post-thumbnail","6":"product_cat-sensores-de-alarma-alarmas-dsc","7":"product_tag-alarmas","8":"product_tag-alarmas-e-intrusion","9":"product_tag-seguridad","11":"first","12":"instock","13":"sale","14":"taxable","15":"shipping-taxable","16":"purchasable","17":"product-type-simple"},"aioseo_notices":[],"_links":{"self":[{"href":"https:\/\/tecsecmty.com\/index.php\/wp-json\/wp\/v2\/product\/3949","targetHints":{"allow":["GET"]}}],"collection":[{"href":"https:\/\/tecsecmty.com\/index.php\/wp-json\/wp\/v2\/product"}],"about":[{"href":"https:\/\/tecsecmty.com\/index.php\/wp-json\/wp\/v2\/types\/product"}],"replies":[{"embeddable":true,"href":"https:\/\/tecsecmty.com\/index.php\/wp-json\/wp\/v2\/comments?post=3949"}],"version-history":[{"count":0,"href":"https:\/\/tecsecmty.com\/index.php\/wp-json\/wp\/v2\/product\/3949\/revisions"}],"wp:featuredmedia":[{"embeddable":true,"href":"https:\/\/tecsecmty.com\/index.php\/wp-json\/wp\/v2\/media\/3948"}],"wp:attachment":[{"href":"https:\/\/tecsecmty.com\/index.php\/wp-json\/wp\/v2\/media?parent=3949"}],"wp:term":[{"taxonomy":"product_brand","embeddable":true,"href":"https:\/\/tecsecmty.com\/index.php\/wp-json\/wp\/v2\/product_brand?post=3949"},{"taxonomy":"product_cat","embeddable":true,"href":"https:\/\/tecsecmty.com\/index.php\/wp-json\/wp\/v2\/product_cat?post=3949"},{"taxonomy":"product_tag","embeddable":true,"href":"https:\/\/tecsecmty.com\/index.php\/wp-json\/wp\/v2\/product_tag?post=3949"}],"curies":[{"name":"wp","href":"https:\/\/api.w.org\/{rel}","templated":true}]}}