{"id":3951,"date":"2023-02-23T00:28:16","date_gmt":"2023-02-23T06:28:16","guid":{"rendered":"https:\/\/tecsecmty.com\/index.php\/producto\/dsc-pg9922-detector-inalambrico-de-ruptura-de-cristal-power-g-compatible-con-neo-pro-qolsys-e-iotega\/"},"modified":"2023-03-22T23:23:22","modified_gmt":"2023-03-23T05:23:22","slug":"dsc-pg9922-detector-inalambrico-de-ruptura-de-cristal-power-g-compatible-con-neo-pro-qolsys-e-iotega","status":"publish","type":"product","link":"https:\/\/tecsecmty.com\/index.php\/producto\/dsc-pg9922-detector-inalambrico-de-ruptura-de-cristal-power-g-compatible-con-neo-pro-qolsys-e-iotega\/","title":{"rendered":"DSC PG9922 &#8211; Detector Inalambrico de Ruptura de Cristal Power G compatible con NEO, PRO, Qolsys e IoTega"},"content":{"rendered":"<div class=\"row aling-items-center padding-bottom-2x\">\n<div class=\"col-lg-12\">\n<h5 class=\"card-title text-center\">Informaci\u00f3n general.<\/h5>\n<p>Este detector sumamente inteligente le permite recibir notificaciones inmediatas ante la rotura de ventanas o puertas de vidrio. Sus caracter\u00edsticas \u00fanicas de detecci\u00f3n ofrecen confiabilidad sin precedentes, ya que identifican sonidos que otros detectores podr\u00edan pasar por alto y evitan las molestas falsas alarmas. Esta capa adicional de seguridad avanzada para el exterior de su hogar o negocio le permite tomar medidas r\u00e1pidas para proteger su propiedad, prevenir da\u00f1os a contenidos y evitar gastos innecesarios<\/p>\n<p><img decoding=\"async\" class=\"overview-center-img-web\" src=\"https:\/\/tvc.mx\/media\/29341\/BANNER.png\" alt=\"\" \/><\/div>\n<\/div>\n<div class=\"row align-items-center padding-bottom-2x\">\n<div class=\"col-md-5\"><img decoding=\"async\" class=\"d-block m-auto img-thumbnail\" src=\"https:\/\/tvc.mx\/media\/29342\/OVL1.png\" alt=\" \" \/><\/div>\n<div class=\"col-md-7 text-md-left text-center\">\n<h2>Caracter\u00edsticas.<\/h2>\n<p class=\"text-muted\">\n<ul>\n<li>Detecci\u00f3n de rotura de vidrio recubierto, templado, laminado y armado<\/li>\n<li>Alcance de detecci\u00f3n hasta 6 m (20 ft)<\/li>\n<li>Indicaci\u00f3n de calidad del enlace visible en el dispositivo<\/li>\n<li>La tecnolog\u00eda de reconocimiento de patr\u00f3n ac\u00fastico ofrece una cobertura de 360\u00b0<\/li>\n<li>Indicaci\u00f3n de bater\u00eda baja visible y transmitida<\/li>\n<\/ul>\n<p>&nbsp;<\/p>\n<\/div>\n<\/div>\n<hr class=\"padding-bottom-2x\" \/>\n<div class=\"row align-items-center padding-bottom-2x\">\n<div class=\"col-md-5 order-md-2\"><img decoding=\"async\" class=\"d-block m-auto img-thumbnail\" src=\"https:\/\/tvc.mx\/media\/29346\/OVL2.png\" alt=\" \" \/><\/div>\n<div class=\"col-md-7 order-md-1 text-md-left text-center\">\n<h2>Especificaciones.<\/h2>\n<p class=\"text-muted\">\n<ul>\n<li><strong>Alerta antisabotaje:\u00a0<\/strong>Reportan cuando ocurre un evento de sabotaje<\/li>\n<li><strong>Alcance m\u00e1ximo de detecci\u00f3n:<\/strong>\u00a07.6\u00a0m \/ 25\u00a0pies<\/li>\n<li><strong>Tama\u00f1o de la habitaci\u00f3n:\u00a0<\/strong>No debe ser superior a 12 x 12\u00a0m; no debe ser inferior a 3 x 3\u00a0m<\/li>\n<li><strong>Tipo de vidrio:\u00a0<\/strong>Vidrio templado, armado, laminado, revestido, placas de vidrio y vidrio sellado aislante<\/li>\n<li><strong>Simulador de rotura de vidrio:\u00a0<\/strong>mdo de prueba incorporado, AFT-100 o 5709C<\/li>\n<li><strong>Tipo de bater\u00eda:\u00a0<\/strong>Bater\u00eda de litio CR-123 de 3\u00a0V Solo Panasonic o GP Expectativa de vida \u00fatil de la bater\u00eda &#8230;&#8230; 5 a\u00f1os (uso t\u00edpico)<\/li>\n<li><strong>Inmunidad RF:\u00a0<\/strong>20\u00a0V\/m hasta 1000\u00a0MHz, 10\u00a0V\/m hasta 2700\u00a0MHz<\/li>\n<li><strong>Temperatura de operaci\u00f3n:\u00a0<\/strong>De -10\u00b0C a 50\u00b0C (-14\u00b0F a 120\u00b0F) en interiores Temperatura de\u00a0<strong>almacenamiento:\u00a0<\/strong>De -20\u00b0C a 60\u00b0C (-4\u00b0F a 140\u00b0F)<\/li>\n<li><strong>Humedad:\u00a0<\/strong>De 5% a 95% sin condensaci\u00f3n<\/li>\n<li><strong>Dimensiones:\u00a0<\/strong>88 x 62 x 30\u00a0mm<\/li>\n<li><strong>Peso (sin bater\u00eda):\u00a0<\/strong>74\u00a0g (2.6\u00a0oz)<\/li>\n<li><strong>Material y color de carcasa:\u00a0<\/strong>PC-ABS ign\u00edfugo, blanco<\/li>\n<li><strong>Montaje:\u00a0<\/strong>Montaje en pared\/techo<\/li>\n<\/ul>\n<\/div>\n<\/div>\n","protected":false},"excerpt":{"rendered":"<p>Informaci\u00f3n general. Este detector sumamente inteligente le permite recibir notificaciones inmediatas ante la rotura de ventanas o puertas de vidrio. Sus caracter\u00edsticas \u00fanicas de detecci\u00f3n ofrecen confiabilidad sin precedentes, ya que identifican sonidos que otros detectores podr\u00edan pasar por alto y evitan las molestas falsas&hellip;<\/p>\n","protected":false},"featured_media":3950,"comment_status":"open","ping_status":"closed","template":"","meta":{"om_disable_all_campaigns":false,"_monsterinsights_skip_tracking":false,"_monsterinsights_sitenote_active":false,"_monsterinsights_sitenote_note":"","_monsterinsights_sitenote_category":0},"product_brand":[],"product_cat":[283],"product_tag":[212,211,151],"class_list":{"0":"post-3951","1":"product","2":"type-product","3":"status-publish","4":"has-post-thumbnail","6":"product_cat-sensores-de-alarma-alarmas-dsc","7":"product_tag-alarmas","8":"product_tag-alarmas-e-intrusion","9":"product_tag-seguridad","11":"first","12":"instock","13":"sale","14":"taxable","15":"shipping-taxable","16":"purchasable","17":"product-type-simple"},"aioseo_notices":[],"_links":{"self":[{"href":"https:\/\/tecsecmty.com\/index.php\/wp-json\/wp\/v2\/product\/3951","targetHints":{"allow":["GET"]}}],"collection":[{"href":"https:\/\/tecsecmty.com\/index.php\/wp-json\/wp\/v2\/product"}],"about":[{"href":"https:\/\/tecsecmty.com\/index.php\/wp-json\/wp\/v2\/types\/product"}],"replies":[{"embeddable":true,"href":"https:\/\/tecsecmty.com\/index.php\/wp-json\/wp\/v2\/comments?post=3951"}],"version-history":[{"count":0,"href":"https:\/\/tecsecmty.com\/index.php\/wp-json\/wp\/v2\/product\/3951\/revisions"}],"wp:featuredmedia":[{"embeddable":true,"href":"https:\/\/tecsecmty.com\/index.php\/wp-json\/wp\/v2\/media\/3950"}],"wp:attachment":[{"href":"https:\/\/tecsecmty.com\/index.php\/wp-json\/wp\/v2\/media?parent=3951"}],"wp:term":[{"taxonomy":"product_brand","embeddable":true,"href":"https:\/\/tecsecmty.com\/index.php\/wp-json\/wp\/v2\/product_brand?post=3951"},{"taxonomy":"product_cat","embeddable":true,"href":"https:\/\/tecsecmty.com\/index.php\/wp-json\/wp\/v2\/product_cat?post=3951"},{"taxonomy":"product_tag","embeddable":true,"href":"https:\/\/tecsecmty.com\/index.php\/wp-json\/wp\/v2\/product_tag?post=3951"}],"curies":[{"name":"wp","href":"https:\/\/api.w.org\/{rel}","templated":true}]}}