{"id":3953,"date":"2023-02-23T00:28:19","date_gmt":"2023-02-23T06:28:19","guid":{"rendered":"https:\/\/tecsecmty.com\/index.php\/producto\/dsc-pg9924-detector-pir-cortina-inalambrico-con-tecnologia-power-g-compatible-con-neo-pro-qolsys-e-iotega\/"},"modified":"2023-03-22T23:23:22","modified_gmt":"2023-03-23T05:23:22","slug":"dsc-pg9924-detector-pir-cortina-inalambrico-con-tecnologia-power-g-compatible-con-neo-pro-qolsys-e-iotega","status":"publish","type":"product","link":"https:\/\/tecsecmty.com\/index.php\/producto\/dsc-pg9924-detector-pir-cortina-inalambrico-con-tecnologia-power-g-compatible-con-neo-pro-qolsys-e-iotega\/","title":{"rendered":"DSC PG9924 &#8211; Detector Pir Cortina Inalambrico con tecnolog\u00eda Power G compatible con NEO, PRO, Qolsys e Iotega \/"},"content":{"rendered":"<div class=\"row aling-items-center padding-bottom-2x\">\n<div class=\"col-lg-12\">\n<h5 class=\"card-title text-center\">Informaci\u00f3n General<\/h5>\n<p>Detector de Movimiento Inal\u00e1mbrico de Cortina PIR PG9924<\/p>\n<p><img decoding=\"async\" class=\"overview-center-img-web\" src=\"https:\/\/tvc.mx\/media\/29393\/principalcomer.jpg\" alt=\"\" \/><\/div>\n<\/div>\n<div class=\"row align-items-center padding-bottom-2x\">\n<div class=\"col-md-5 order-md-2\"><img decoding=\"async\" class=\"d-block m-auto img-thumbnail\" src=\"https:\/\/tvc.mx\/media\/29390\/400x300.jpg\" alt=\" \" \/><\/div>\n<div class=\"col-md-7 order-md-1 text-md-left text-center\">\n<h2>Principales Caracteristicas<\/h2>\n<p class=\"text-muted\">\n<ul>\n<li>Indicador de calidad de enlace visible en el dispositivo<\/li>\n<li>Ideal para la protecci\u00f3n de puertas y ventanas<\/li>\n<li>Cobertura de cortina seleccionable 2, 4, 6 m (6, 12, 18 ft)<\/li>\n<li>Antisabotaje en la tapa frontal y posterior<\/li>\n<li>Vida \u00fatil de la bater\u00eda prolongada (hasta 7 a\u00f1os con uso t\u00edpico)<\/li>\n<\/ul>\n<\/div>\n<\/div>\n","protected":false},"excerpt":{"rendered":"<p>Informaci\u00f3n General Detector de Movimiento Inal\u00e1mbrico de Cortina PIR PG9924 Principales Caracteristicas Indicador de calidad de enlace visible en el dispositivo Ideal para la protecci\u00f3n de puertas y ventanas Cobertura de cortina seleccionable 2, 4, 6 m (6, 12, 18 ft) Antisabotaje en la tapa&hellip;<\/p>\n","protected":false},"featured_media":3952,"comment_status":"open","ping_status":"closed","template":"","meta":{"om_disable_all_campaigns":false,"_monsterinsights_skip_tracking":false,"_monsterinsights_sitenote_active":false,"_monsterinsights_sitenote_note":"","_monsterinsights_sitenote_category":0},"product_brand":[],"product_cat":[283],"product_tag":[212,211,151],"class_list":{"0":"post-3953","1":"product","2":"type-product","3":"status-publish","4":"has-post-thumbnail","6":"product_cat-sensores-de-alarma-alarmas-dsc","7":"product_tag-alarmas","8":"product_tag-alarmas-e-intrusion","9":"product_tag-seguridad","11":"first","12":"instock","13":"sale","14":"taxable","15":"shipping-taxable","16":"purchasable","17":"product-type-simple"},"aioseo_notices":[],"_links":{"self":[{"href":"https:\/\/tecsecmty.com\/index.php\/wp-json\/wp\/v2\/product\/3953","targetHints":{"allow":["GET"]}}],"collection":[{"href":"https:\/\/tecsecmty.com\/index.php\/wp-json\/wp\/v2\/product"}],"about":[{"href":"https:\/\/tecsecmty.com\/index.php\/wp-json\/wp\/v2\/types\/product"}],"replies":[{"embeddable":true,"href":"https:\/\/tecsecmty.com\/index.php\/wp-json\/wp\/v2\/comments?post=3953"}],"version-history":[{"count":0,"href":"https:\/\/tecsecmty.com\/index.php\/wp-json\/wp\/v2\/product\/3953\/revisions"}],"wp:featuredmedia":[{"embeddable":true,"href":"https:\/\/tecsecmty.com\/index.php\/wp-json\/wp\/v2\/media\/3952"}],"wp:attachment":[{"href":"https:\/\/tecsecmty.com\/index.php\/wp-json\/wp\/v2\/media?parent=3953"}],"wp:term":[{"taxonomy":"product_brand","embeddable":true,"href":"https:\/\/tecsecmty.com\/index.php\/wp-json\/wp\/v2\/product_brand?post=3953"},{"taxonomy":"product_cat","embeddable":true,"href":"https:\/\/tecsecmty.com\/index.php\/wp-json\/wp\/v2\/product_cat?post=3953"},{"taxonomy":"product_tag","embeddable":true,"href":"https:\/\/tecsecmty.com\/index.php\/wp-json\/wp\/v2\/product_tag?post=3953"}],"curies":[{"name":"wp","href":"https:\/\/api.w.org\/{rel}","templated":true}]}}