{"id":3955,"date":"2023-02-23T00:28:20","date_gmt":"2023-02-23T06:28:20","guid":{"rendered":"https:\/\/tecsecmty.com\/index.php\/producto\/dsc-pg9933-detector-inalambrico-de-monoxido-de-carbono-power-g-compatible-con-neo-qolsys-iotega-y-psp\/"},"modified":"2023-03-22T23:23:22","modified_gmt":"2023-03-23T05:23:22","slug":"dsc-pg9933-detector-inalambrico-de-monoxido-de-carbono-power-g-compatible-con-neo-qolsys-iotega-y-psp","status":"publish","type":"product","link":"https:\/\/tecsecmty.com\/index.php\/producto\/dsc-pg9933-detector-inalambrico-de-monoxido-de-carbono-power-g-compatible-con-neo-qolsys-iotega-y-psp\/","title":{"rendered":"DSC PG9933 &#8211; Detector Inalambrico de Monoxido de Carbono POWER G compatible con NEO, QOLSYS, IOTEGA y PSP"},"content":{"rendered":"<h5 class=\"card-title text-center\">Detector Inalambrico POWERG PG9933<\/h5>\n<h1>Detector inal\u00e1mbrico PowerG de mon\u00f3xido de carbono<\/h1>\n<h3>PG9933<\/h3>\n<p><a href=\"https:\/\/cms.dsc.com\/media\/products\/lthumbs\/i_pg9933.jpg\" target=\"_blank\" rel=\"noopener\">Ver im\u00e1genes<\/a><\/p>\n<ul>\n<li>Proporciona una alerta temprana de envenenamiento por mon\u00f3xido de carbono, antes de que se alcancen niveles potencialmente peligrosos<\/li>\n<li>Garantiza un rendimiento confiable, con la tecnolog\u00eda inal\u00e1mbrica de grado comercial PowerG, l\u00edder en la industria<\/li>\n<li>Detecta con precisi\u00f3n los niveles de gas CO con una sofisticada tecnolog\u00eda de detecci\u00f3n electroqu\u00edmica.<\/li>\n<li>Alerta a las personas en el sitio activando el zumbador de alarma incorporado de 85db y la luz LED parpadeante grande cuando se detecta CO<\/li>\n<li>Extiende el valor y el rendimiento con una bater\u00eda de litio de larga duraci\u00f3n, incluida<\/li>\n<\/ul>\n<p><img decoding=\"async\" class=\"overview-center-img-web\" src=\"https:\/\/tvc.mx\/media\/115109\/1920X400-PG9933.png\" alt=\"\" \/><\/p>\n","protected":false},"excerpt":{"rendered":"<p>Detector Inalambrico POWERG PG9933 Detector inal\u00e1mbrico PowerG de mon\u00f3xido de carbono PG9933 Ver im\u00e1genes Proporciona una alerta temprana de envenenamiento por mon\u00f3xido de carbono, antes de que se alcancen niveles potencialmente peligrosos Garantiza un rendimiento confiable, con la tecnolog\u00eda inal\u00e1mbrica de grado comercial PowerG, l\u00edder&hellip;<\/p>\n","protected":false},"featured_media":3954,"comment_status":"open","ping_status":"closed","template":"","meta":{"om_disable_all_campaigns":false,"_monsterinsights_skip_tracking":false,"_monsterinsights_sitenote_active":false,"_monsterinsights_sitenote_note":"","_monsterinsights_sitenote_category":0},"product_brand":[],"product_cat":[283],"product_tag":[212,211,151],"class_list":{"0":"post-3955","1":"product","2":"type-product","3":"status-publish","4":"has-post-thumbnail","6":"product_cat-sensores-de-alarma-alarmas-dsc","7":"product_tag-alarmas","8":"product_tag-alarmas-e-intrusion","9":"product_tag-seguridad","11":"first","12":"instock","13":"sale","14":"taxable","15":"shipping-taxable","16":"purchasable","17":"product-type-simple"},"aioseo_notices":[],"_links":{"self":[{"href":"https:\/\/tecsecmty.com\/index.php\/wp-json\/wp\/v2\/product\/3955","targetHints":{"allow":["GET"]}}],"collection":[{"href":"https:\/\/tecsecmty.com\/index.php\/wp-json\/wp\/v2\/product"}],"about":[{"href":"https:\/\/tecsecmty.com\/index.php\/wp-json\/wp\/v2\/types\/product"}],"replies":[{"embeddable":true,"href":"https:\/\/tecsecmty.com\/index.php\/wp-json\/wp\/v2\/comments?post=3955"}],"version-history":[{"count":0,"href":"https:\/\/tecsecmty.com\/index.php\/wp-json\/wp\/v2\/product\/3955\/revisions"}],"wp:featuredmedia":[{"embeddable":true,"href":"https:\/\/tecsecmty.com\/index.php\/wp-json\/wp\/v2\/media\/3954"}],"wp:attachment":[{"href":"https:\/\/tecsecmty.com\/index.php\/wp-json\/wp\/v2\/media?parent=3955"}],"wp:term":[{"taxonomy":"product_brand","embeddable":true,"href":"https:\/\/tecsecmty.com\/index.php\/wp-json\/wp\/v2\/product_brand?post=3955"},{"taxonomy":"product_cat","embeddable":true,"href":"https:\/\/tecsecmty.com\/index.php\/wp-json\/wp\/v2\/product_cat?post=3955"},{"taxonomy":"product_tag","embeddable":true,"href":"https:\/\/tecsecmty.com\/index.php\/wp-json\/wp\/v2\/product_tag?post=3955"}],"curies":[{"name":"wp","href":"https:\/\/api.w.org\/{rel}","templated":true}]}}