{"id":3957,"date":"2023-02-23T00:28:21","date_gmt":"2023-02-23T06:28:21","guid":{"rendered":"https:\/\/tecsecmty.com\/index.php\/producto\/dsc-pg9934p-detector-de-movimiento-con-camara-de-fotogramas-inalambrico-power-g-compatible-con-neo-pro-qolsys-e-iotega-losprincipales\/"},"modified":"2023-03-22T23:23:22","modified_gmt":"2023-03-23T05:23:22","slug":"dsc-pg9934p-detector-de-movimiento-con-camara-de-fotogramas-inalambrico-power-g-compatible-con-neo-pro-qolsys-e-iotega-losprincipales","status":"publish","type":"product","link":"https:\/\/tecsecmty.com\/index.php\/producto\/dsc-pg9934p-detector-de-movimiento-con-camara-de-fotogramas-inalambrico-power-g-compatible-con-neo-pro-qolsys-e-iotega-losprincipales\/","title":{"rendered":"DSC PG9934P &#8211; Detector de Movimiento con C\u00e1mara de fotogramas Inalambrico Power G compatible con NEO, PRO, Qolsys e IoTega #LosPrincipales"},"content":{"rendered":"<div class=\"row aling-items-center padding-bottom-2x\">\n<div class=\"col-lg-12\">\n<h5 class=\"card-title text-center\">Descripci\u00f3n<\/h5>\n<p><strong>Detector de Movimiento PIR Inal\u00e1mbrico PowerG PG9934P con C\u00e1mara Integrada\u00a0<\/strong><\/p>\n<p>Cuando el PG9934P est\u00e1 activado y el sensor PIR detecta movimiento, el detector activa la c\u00e1mara, env\u00eda una alerta al sistema y se env\u00edan im\u00e1genes por ethernet o celular\u00a0a la estaci\u00f3n de monitoreo. De esta manera, el personal de la estaci\u00f3n central de monitoreo analiza las im\u00e1genes para veri\ufb01car la alarma y tomar las medidas correspondientes. El PG9934P tambi\u00e9n funciona en la oscuridad total, lo que lo convierte en una herramienta esencial para la veri\ufb01caci\u00f3n visual de alarmas.<\/p>\n<p><strong>F\u00e1cil instalaci\u00f3n<\/strong><\/p>\n<p>Gracias al tiempo m\u00ednimo de instalaci\u00f3n, el Detector de movimiento PIR inal\u00e1mbrico PG9934P con c\u00e1mara integrada reduce el tiempo de trabajo en el lugar y aumenta la productividad y las ganancias. El dise\u00f1o compacto, la capacidad inal\u00e1mbrica y la potencia de la bater\u00eda de este detector ofrecen m\u00e1s opciones de instalaci\u00f3n para propietarios de viviendas y empresas, incluso en lugares donde el cableado es dif\u00edcil o imposible.<\/p>\n<p><strong>Especificaciones del PIR<\/strong><\/p>\n<ul>\n<li><strong>Dimensiones:<\/strong>\u00a0125 x 63 x 60\u00a0mm<\/li>\n<li><strong>Vida \u00fatil de la bater\u00eda:<\/strong>\u00a03 a\u00f1os<\/li>\n<li><strong>Tipo de bater\u00eda:<\/strong>2\u00a0bater\u00edas de litio CR-123A de 3\u00a0V<\/li>\n<li><strong>Peso (con bater\u00eda):\u00a0<\/strong>200\u00a0g (7\u00a0oz)<\/li>\n<li><strong>Temperatura de operaci\u00f3n:\u00a0<\/strong>-10\u00b0 &#8211; 50\u00a0\u00b0C<\/li>\n<li><strong>Altura de montaje:\u00a0<\/strong>1.8 a 2.1\u00a0m<\/li>\n<\/ul>\n<p><strong>C\u00e1mara<\/strong>:<\/p>\n<ul>\n<li><strong>Tipo de c\u00e1mara:<\/strong>CMOS<\/li>\n<li><strong>Alcance de la c\u00e1mara:\u00a0<\/strong>12\u00a0m de d\u00eda, 10\u00a0m en oscuridad total<\/li>\n<li><strong>Color y resoluci\u00f3n:\u00a0<\/strong>Color\/Blanco y negro: QVGA (320 x 240 p\u00edxeles) QQVGA (160 x 120 p\u00edxeles)<\/li>\n<li><strong>Frecuencia de imagen:\u00a0<\/strong>Hasta 2 cuadros por segundo<\/li>\n<li><strong>\u00c1ngulo de la c\u00e1mara:<\/strong>Gran angular de 90\u00b0 (superpuesto con el campo visual del PIR)<\/li>\n<li><strong>Cantidad m\u00e1xima de C\u00c1MARAS PIR:<\/strong>\u00a010 (PG9934P o PG9944)<\/li>\n<\/ul>\n<p><strong>Aprobaciones:<\/strong><\/p>\n<ul>\n<li>FCC\/IC, UL\/ULC<\/li>\n<\/ul>\n<p><strong>Compatibilidad:<\/strong><\/p>\n<ul>\n<li>Sistemas PowerSeries Neo<\/li>\n<\/ul>\n<h3 class=\"ql-align-center\"><strong>Nota:<\/strong><\/h3>\n<h3 class=\"ql-align-center\">Se requiere un receptor de estaci\u00f3n central de monitoreo SG-System 5 para poder recibir las alarmas de veri\ufb01caci\u00f3n visual.<\/h3>\n<p><img decoding=\"async\" class=\"overview-center-img-web\" src=\"https:\/\/tvc.mx\/media\/28883\/DSC1180001.jpg\" alt=\"\" \/><\/div>\n<\/div>\n<div class=\"row align-items-center padding-bottom-2x\">\n<div class=\"col-md-5\"><img decoding=\"async\" class=\"d-block m-auto img-thumbnail\" src=\"https:\/\/tvc.mx\/media\/28884\/DSC1180001-1.jpg\" alt=\" \" \/><\/div>\n<div class=\"col-md-7 text-md-left text-center\">\n<h2>Caracter\u00edsticas<\/h2>\n<p class=\"text-muted\">\n<ul>\n<li>Tecnolog\u00eda inal\u00e1mbrica PowerG* robusta, de grado comercial, l\u00edder en la industria<\/li>\n<li>C\u00e1mara CMOS para d\u00eda\/noche con iluminaci\u00f3n IR<\/li>\n<li>Soluci\u00f3n de veri\ufb01caci\u00f3n visual de alarma<\/li>\n<li>Incluye bater\u00edas de litio de larga duraci\u00f3n<\/li>\n<li>Inmunidad a mascotas de hasta 38\u00a0kg (85\u00a0lb)<\/li>\n<li><strong>Compatibilidad con sistemas<\/strong><\/li>\n<\/ul>\n<p class=\"ql-indent-1\">PowerSeries Neo La potencia de PowerG*:\u00a0la potencia de PowerSeries Neo es el resultado de diversas tecnolog\u00edas innovadoras, como la revolucionaria PowerG, que, combinadas, ofrecen una plataforma robusta y rica en funcionalidades, dise\u00f1ada para reducir los costos operativos para los instaladores y brindar m\u00e1xima con\ufb01abilidad a los usuarios \ufb01nales.<\/p>\n<p class=\"ql-indent-1\">\u2022Tecnolog\u00eda de Transmisi\u00f3n Multicanal de Espectro Ensanchado por Salto de Frecuencia para resolver problemas de interferencia y bloqueo de frecuencia<\/p>\n<p class=\"ql-indent-1\">\u2022Potencia de Transmisi\u00f3n Adaptable para preservar la vida \u00fatil de la bater\u00eda<\/p>\n<p class=\"ql-indent-1\">\u2022Altos rangos de transmisi\u00f3n para mantener una comunicaci\u00f3n con\ufb01able dentro de una l\u00ednea de visi\u00f3n de hasta 2 km (2187 yardas)<\/p>\n<p class=\"ql-indent-1\">\u2022Tecnolog\u00eda de comunicaci\u00f3n sincronizada TDMA para evitar colisiones de mensajes<\/p>\n<p class=\"ql-indent-1\">\u2022Encriptaci\u00f3n AES de 128 bits que ofrece protecci\u00f3n de alto nivel contra herramientas de an\u00e1lisis y ataques digitales<\/p>\n<\/div>\n<\/div>\n","protected":false},"excerpt":{"rendered":"<p>Descripci\u00f3n Detector de Movimiento PIR Inal\u00e1mbrico PowerG PG9934P con C\u00e1mara Integrada\u00a0 Cuando el PG9934P est\u00e1 activado y el sensor PIR detecta movimiento, el detector activa la c\u00e1mara, env\u00eda una alerta al sistema y se env\u00edan im\u00e1genes por ethernet o celular\u00a0a la estaci\u00f3n de monitoreo. De&hellip;<\/p>\n","protected":false},"featured_media":3956,"comment_status":"open","ping_status":"closed","template":"","meta":{"om_disable_all_campaigns":false,"_monsterinsights_skip_tracking":false,"_monsterinsights_sitenote_active":false,"_monsterinsights_sitenote_note":"","_monsterinsights_sitenote_category":0},"product_brand":[],"product_cat":[283],"product_tag":[212,211,151],"class_list":{"0":"post-3957","1":"product","2":"type-product","3":"status-publish","4":"has-post-thumbnail","6":"product_cat-sensores-de-alarma-alarmas-dsc","7":"product_tag-alarmas","8":"product_tag-alarmas-e-intrusion","9":"product_tag-seguridad","11":"first","12":"instock","13":"sale","14":"taxable","15":"shipping-taxable","16":"purchasable","17":"product-type-simple"},"aioseo_notices":[],"_links":{"self":[{"href":"https:\/\/tecsecmty.com\/index.php\/wp-json\/wp\/v2\/product\/3957","targetHints":{"allow":["GET"]}}],"collection":[{"href":"https:\/\/tecsecmty.com\/index.php\/wp-json\/wp\/v2\/product"}],"about":[{"href":"https:\/\/tecsecmty.com\/index.php\/wp-json\/wp\/v2\/types\/product"}],"replies":[{"embeddable":true,"href":"https:\/\/tecsecmty.com\/index.php\/wp-json\/wp\/v2\/comments?post=3957"}],"version-history":[{"count":0,"href":"https:\/\/tecsecmty.com\/index.php\/wp-json\/wp\/v2\/product\/3957\/revisions"}],"wp:featuredmedia":[{"embeddable":true,"href":"https:\/\/tecsecmty.com\/index.php\/wp-json\/wp\/v2\/media\/3956"}],"wp:attachment":[{"href":"https:\/\/tecsecmty.com\/index.php\/wp-json\/wp\/v2\/media?parent=3957"}],"wp:term":[{"taxonomy":"product_brand","embeddable":true,"href":"https:\/\/tecsecmty.com\/index.php\/wp-json\/wp\/v2\/product_brand?post=3957"},{"taxonomy":"product_cat","embeddable":true,"href":"https:\/\/tecsecmty.com\/index.php\/wp-json\/wp\/v2\/product_cat?post=3957"},{"taxonomy":"product_tag","embeddable":true,"href":"https:\/\/tecsecmty.com\/index.php\/wp-json\/wp\/v2\/product_tag?post=3957"}],"curies":[{"name":"wp","href":"https:\/\/api.w.org\/{rel}","templated":true}]}}