{"id":3963,"date":"2023-02-23T00:28:26","date_gmt":"2023-02-23T06:28:26","guid":{"rendered":"https:\/\/tecsecmty.com\/index.php\/producto\/dsc-pg9936-detector-de-humo-y-calor-inalambrico-con-tecnologia-power-g-compatible-con-neo-pro-qolsys-e-iotga-plandebeneficios\/"},"modified":"2023-03-22T23:23:22","modified_gmt":"2023-03-23T05:23:22","slug":"dsc-pg9936-detector-de-humo-y-calor-inalambrico-con-tecnologia-power-g-compatible-con-neo-pro-qolsys-e-iotga-plandebeneficios","status":"publish","type":"product","link":"https:\/\/tecsecmty.com\/index.php\/producto\/dsc-pg9936-detector-de-humo-y-calor-inalambrico-con-tecnologia-power-g-compatible-con-neo-pro-qolsys-e-iotga-plandebeneficios\/","title":{"rendered":"DSC PG9936 &#8211; Detector de humo y calor inal\u00e1mbrico con tecnolog\u00eda Power G compatible con NEO, PRO, Qolsys e IoTga #PLANDEBENEFICIOS"},"content":{"rendered":"<div class=\"row aling-items-center padding-bottom-2x\">\n<div class=\"col-lg-12\">\n<h5 class=\"card-title text-center\">DSC1180034<\/h5>\n<p class=\"ql-align-justify\">El\u00a0<strong>PG9936<\/strong>\/PG8936\/PG4936 es un detector de humo y calor inal\u00e1mbrico fotoel\u00e9ctrico, con un detector de temperatura fija y tasa de aumento de calor y una alarma piezoel\u00e9ctrica interna.<\/p>\n<p class=\"ql-align-justify\"><strong>Alarma de humo<\/strong><\/p>\n<p class=\"ql-align-justify\">El detector de humo avisa cuando el nivel de la se\u00f1al supera el umbral de \u00abalarma\u00bb y se restablece autom\u00e1ticamente cuando el nivel de la se\u00f1al cae por debajo del umbral de \u00abrestablecimiento\u00bb de la alarma. Durante una alarma, el indicador LED rojo destella una vez por segundo y la sirena emite el patr\u00f3n temporal de evacuaci\u00f3n.<\/p>\n<p class=\"ql-align-justify\"><strong>PowerSeries Neo redefine la seguridad<\/strong><\/p>\n<p class=\"ql-align-justify\">PowerSeries Neo de DSC redefine la seguridad contra intrusi\u00f3n combinando la flexibilidad de un sistema cableado modular con la simplicidad de una amplia gama de dispositivos y perif\u00e9ricos inal\u00e1mbricos, resultando ser el sistema h\u00edbrido m\u00e1s completo disponible en el mercado actual. Esta nueva plataforma excepcionalmente flexible utiliza las insuperables capacidades de PowerG \u2013 la tecnolog\u00eda inal\u00e1mbrica para intrusi\u00f3n l\u00edder en la industria. Las innovadoras soluciones para verificaci\u00f3n de alarma, sumadas a un conjunto de\u00a0herramientas de software para servicio t\u00e9cnico remoto excepcionalmente amplio, hace que PowerSeries Neo sea la soluci\u00f3n ideal de excelencia para instalaciones residenciales y comerciales escalables.<\/p>\n<p><img decoding=\"async\" class=\"overview-center-img-web\" src=\"https:\/\/tvc.mx\/media\/32913\/PG9936.jpg\" alt=\"\" \/><\/div>\n<\/div>\n<div class=\"row align-items-center padding-bottom-2x\">\n<div class=\"col-md-5\"><img decoding=\"async\" class=\"d-block m-auto img-thumbnail\" src=\"https:\/\/tvc.mx\/media\/32914\/PG9936LATERALOVERVIEW.jpg\" alt=\" \" \/><\/div>\n<div class=\"col-md-7 text-md-left text-center\">\n<h2>Caracter\u00edsticas<\/h2>\n<p class=\"text-muted\">\n<ul>\n<li>Brinda una advertencia temprana y precisa de incendio, con alertas audibles y visuales, cuando se detecta humo o alta temperatura<\/li>\n<li>Mejora la seguridad y facilita el mantenimiento, con alertas de manipulaci\u00f3n de dispositivos y bater\u00eda baja<\/li>\n<li>Tecnolog\u00eda inal\u00e1mbrica de grado comercial PowerG l\u00edder en la industria<\/li>\n<li>Ofrece un valor duradero con una duraci\u00f3n de bater\u00eda de 3 a\u00f1os (con el uso t\u00edpico)<\/li>\n<li>El amplio rango de transmisi\u00f3n permite instalaciones sin repetidor<\/li>\n<li>Acelera las instalaciones con indicador de calidad de enlace visible en el dispositivo<\/li>\n<li>Instalaci\u00f3n sencilla en pared o techo, con soporte.<\/li>\n<li>Protegido por un tamper posterior.<\/li>\n<\/ul>\n<p>&nbsp;<\/p>\n<\/div>\n<\/div>\n<hr class=\"padding-bottom-2x\" \/>\n<div class=\"row aling-items-center padding-bottom-2x\">\n<div class=\"col-lg-12\">\n<h5 class=\"card-title text-center\">Especificaciones<\/h5>\n<ul>\n<li><strong>Di\u00e1metro:\u00a0<\/strong>125 mm<\/li>\n<li><strong>Altura:\u00a0<\/strong>63 mm<\/li>\n<li><strong>Peso (con bater\u00eda):\u00a0<\/strong>23 4<\/li>\n<li><strong>Color:\u00a0<\/strong>Blanco<\/li>\n<li><strong>Clasificaci\u00f3n de espaciamiento:\u00a0<\/strong>21.3 m<\/li>\n<li><strong>Sensibilidad de alarma: (Umbral) PG9936(cULus):\u00a0<\/strong>1.26 a 2.39%\/oscurecimiento por pie<\/li>\n<li><strong>Se\u00f1al Audible (ANSI Temporal):\u00a0<\/strong>M\u00ednimo de 85 dBA en Alarma<\/li>\n<li><strong>Temperatura de Funcionamiento:\u00a0<\/strong>PG99366,4 a 37.8\u00b0C<\/li>\n<li><strong>Temperatura de funcionamiento con detector de Calor:\u00a0<\/strong>0\u00b0 a 37.8\u00b0C<\/li>\n<li><strong>Alarma de calor:\u00a0<\/strong>57\u00b0C<\/li>\n<li><strong>Humedad:\u00a0<\/strong>15% a 90% de Humedad relativa, sin condensaci\u00f3n<\/li>\n<li><strong>Bater\u00edas aprobadas:\u00a0<\/strong>3* AAA Energizer E92, o Duracell procell PC2400<\/li>\n<li><strong>Silenciamiento de Alarma:\u00a0<\/strong>PG4936 8 minutos se reajusta autom\u00e1ticamente<\/li>\n<li><strong>Frecuencia de Transmisi\u00f3n de supervisi\u00f3n:\u00a0<\/strong>PG9936 intervalos de 64 minutos<\/li>\n<li><strong>Potencia de Transmisi\u00f3n m\u00e1xima:\u00a0<\/strong>433.22 MHz &#8211; 434.64 MHz: 10mW, 868.0 MHz-868.6MHz: 14 mW, 868.7 MHz -869.2 MHz: 14 mW.<\/li>\n<li><strong>Detecci\u00f3n de bater\u00eda baja:<\/strong>\u00a0Bater\u00eda baja quedan 14 d\u00edas<\/li>\n<li><strong>Lista de recomendaciones:<\/strong>\u00a0UL268\/ULC-S531 PG9936<\/li>\n<\/ul>\n<p><img decoding=\"async\" class=\"overview-center-img-web\" src=\"https:\/\/tvc.mx\/media\/32915\/banda-1.jpg\" alt=\"\" \/><\/div>\n<\/div>\n<div class=\"row aling-items-center padding-bottom-2x\">\n<div class=\"col-lg-12\">\n<h5 class=\"card-title text-center\">Funciones<\/h5>\n<ul>\n<li>El detector inal\u00e1mbrico de humo y calor PowerG proporciona advertencia de fuego.<\/li>\n<li>Alerta a los ocupantes de la habitaci\u00f3n activando el 85db incorporado zumbador de alarma y luz LED intermitente cuando hay humo o temperatura se detectan m\u00e1s de 57 \u00b0 C (135 \u00b0 F).<\/li>\n<li>Al mismo tiempo, transmite una se\u00f1al codificada al panel de control para activar la sirena del sistema, alertando al usuario final y \/ o central estaci\u00f3n de monitoreo para enviar asistencia en el sitio.<\/li>\n<\/ul>\n<p><img decoding=\"async\" class=\"overview-center-img-web\" src=\"https:\/\/tvc.mx\/media\/33088\/DSC1180034.jpg\" alt=\"\" \/><\/div>\n<\/div>\n<div class=\"row align-items-center padding-bottom-2x\">\n<div class=\"col-md-5\"><img decoding=\"async\" class=\"d-block m-auto img-thumbnail\" src=\"https:\/\/tvc.mx\/media\/33090\/DSC1180034-2.jpg\" alt=\" \" \/><\/div>\n<div class=\"col-md-7 text-md-left text-center\">\n<h2>Beneficios clave<\/h2>\n<p class=\"text-muted\">\n<p>\u2022 Proporciona advertencia temprana de incendio precisa, con audio y visual alertas, cuando se detecta humo o alta temperatura.<\/p>\n<p>\u2022 Mejora la seguridad y facilita el mantenimiento, con alertas para manipulaci\u00f3n del dispositivo y bater\u00eda baja<\/p>\n<p>\u2022 Garantiza el rendimiento con la tecnolog\u00eda de vanguardia incorporada de PowerG tecnolog\u00eda de intrusi\u00f3n inal\u00e1mbrica con comunicaci\u00f3n bidireccional<\/p>\n<p>\u2022 Ofrece un valor duradero con una duraci\u00f3n de bater\u00eda de 3 a\u00f1os.(con uso t\u00edpico)<\/p>\n<p>\u2022 El amplio rango de transmisi\u00f3n permite instalaciones sin repetidores<\/p>\n<p>\u2022 Acelera las instalaciones con un indicador de calidad de enlace visible en el dispositivo<\/p>\n<p>\u2022 Instalaci\u00f3n simple en pared o techo, con soporte<\/p>\n<p>\u2022 Protegido por un tamper trasero<\/p>\n<\/div>\n<\/div>\n","protected":false},"excerpt":{"rendered":"<p>DSC1180034 El\u00a0PG9936\/PG8936\/PG4936 es un detector de humo y calor inal\u00e1mbrico fotoel\u00e9ctrico, con un detector de temperatura fija y tasa de aumento de calor y una alarma piezoel\u00e9ctrica interna. Alarma de humo El detector de humo avisa cuando el nivel de la se\u00f1al supera el umbral&hellip;<\/p>\n","protected":false},"featured_media":3962,"comment_status":"open","ping_status":"closed","template":"","meta":{"om_disable_all_campaigns":false,"_monsterinsights_skip_tracking":false,"_monsterinsights_sitenote_active":false,"_monsterinsights_sitenote_note":"","_monsterinsights_sitenote_category":0},"product_brand":[],"product_cat":[283],"product_tag":[212,211,151],"class_list":{"0":"post-3963","1":"product","2":"type-product","3":"status-publish","4":"has-post-thumbnail","6":"product_cat-sensores-de-alarma-alarmas-dsc","7":"product_tag-alarmas","8":"product_tag-alarmas-e-intrusion","9":"product_tag-seguridad","11":"first","12":"instock","13":"sale","14":"taxable","15":"shipping-taxable","16":"purchasable","17":"product-type-simple"},"aioseo_notices":[],"_links":{"self":[{"href":"https:\/\/tecsecmty.com\/index.php\/wp-json\/wp\/v2\/product\/3963","targetHints":{"allow":["GET"]}}],"collection":[{"href":"https:\/\/tecsecmty.com\/index.php\/wp-json\/wp\/v2\/product"}],"about":[{"href":"https:\/\/tecsecmty.com\/index.php\/wp-json\/wp\/v2\/types\/product"}],"replies":[{"embeddable":true,"href":"https:\/\/tecsecmty.com\/index.php\/wp-json\/wp\/v2\/comments?post=3963"}],"version-history":[{"count":0,"href":"https:\/\/tecsecmty.com\/index.php\/wp-json\/wp\/v2\/product\/3963\/revisions"}],"wp:featuredmedia":[{"embeddable":true,"href":"https:\/\/tecsecmty.com\/index.php\/wp-json\/wp\/v2\/media\/3962"}],"wp:attachment":[{"href":"https:\/\/tecsecmty.com\/index.php\/wp-json\/wp\/v2\/media?parent=3963"}],"wp:term":[{"taxonomy":"product_brand","embeddable":true,"href":"https:\/\/tecsecmty.com\/index.php\/wp-json\/wp\/v2\/product_brand?post=3963"},{"taxonomy":"product_cat","embeddable":true,"href":"https:\/\/tecsecmty.com\/index.php\/wp-json\/wp\/v2\/product_cat?post=3963"},{"taxonomy":"product_tag","embeddable":true,"href":"https:\/\/tecsecmty.com\/index.php\/wp-json\/wp\/v2\/product_tag?post=3963"}],"curies":[{"name":"wp","href":"https:\/\/api.w.org\/{rel}","templated":true}]}}