{"id":3965,"date":"2023-02-23T00:28:28","date_gmt":"2023-02-23T06:28:28","guid":{"rendered":"https:\/\/tecsecmty.com\/index.php\/producto\/dsc-pg9944-detector-de-movimiento-con-camara-de-fotograma-exterior-inalambrico-power-g-compatible-con-neopro-qolsys-e-iotega\/"},"modified":"2023-03-22T23:23:22","modified_gmt":"2023-03-23T05:23:22","slug":"dsc-pg9944-detector-de-movimiento-con-camara-de-fotograma-exterior-inalambrico-power-g-compatible-con-neopro-qolsys-e-iotega","status":"publish","type":"product","link":"https:\/\/tecsecmty.com\/index.php\/producto\/dsc-pg9944-detector-de-movimiento-con-camara-de-fotograma-exterior-inalambrico-power-g-compatible-con-neopro-qolsys-e-iotega\/","title":{"rendered":"DSC PG9944 &#8211; Detector de movimiento con c\u00e1mara de fotograma exterior Inal\u00e1mbrico Power G compatible con NEO,PRO, Qolsys e IoTega"},"content":{"rendered":"<div class=\"row aling-items-center padding-bottom-2x\">\n<div class=\"col-lg-12\">\n<h5 class=\"card-title text-center\">Descripci\u00f3n<\/h5>\n<h3><strong>Detector de movimiento PIR exterior inal\u00e1mbrico PowerG PG9944 con c\u00e1mara integrada<\/strong>.<\/h3>\n<h3><\/h3>\n<p>El PG9944 es un innovador detector de movimiento PIR exterior inal\u00e1mbrico bidireccional que cubre las necesidades de seguridad de los propietarios que buscan un sistema preciso de detecci\u00f3n de intrusos que minimice las falsas alarmas. Incluye diversas tecnolog\u00edas de vanguardia para superar los complejos desaf\u00edos que presenta el exterior, como lluvia, luz solar directa, animales y cambios en la intensidad de la luz, entre otros.<\/p>\n<p>La revolucionaria tecnolog\u00eda OctaQuad\u2122, que utiliza ocho sensores PIR que funcionan como detectores Quad, permite que el PG9944 determine con exactitud y fiabilidad si una alarma est\u00e1 justificada. Activado mediante la detecci\u00f3n PIR o por demanda, el PG9944 puede enviar im\u00e1genes n\u00edtidas a la Estaci\u00f3n de Monitoreo para verificaci\u00f3n visual de la alarma.<\/p>\n<p><strong>Tecnolog\u00edas de detecci\u00f3n avanzada<\/strong><\/p>\n<p>El PG9944 utiliza una combinaci\u00f3n de \u00f3ptica de espejos parab\u00f3licos el\u00edpticos. Un innovador espejo con ganancia \u00f3ptica extremadamente alta proporciona un rango extendido y mayor sensibilidad de detecci\u00f3n.<\/p>\n<p>El PG9944 tambi\u00e9n aplica un an\u00e1lisis de movimiento avanzado. Un procesador central de movimiento analiza las se\u00f1ales de movimiento detectadas en cada uno de los detectores individuales, teniendo en cuenta el tiempo, la amplitud, la temperatura ambiente, la velocidad de movimiento, el tama\u00f1o del objetivo y la direcci\u00f3n del movimiento. Luego, compara las se\u00f1ales en relaci\u00f3n con detectores adyacentes y calcula si una alarma real est\u00e1 justificada seg\u00fan el movimiento real detectado consecutivamente por el conjunto de detectores individuales. Por \u00faltimo, el PG9944 utiliza una tecnolog\u00eda de lentes negras de espejo (obsidian black mirror).<\/p>\n<p>La exclusiva superficie reflectora a base de n\u00edquel, similar a Para consultar informaci\u00f3n de productos www.dsc.com La disponibilidad y las especificaciones de los productos est\u00e1n sujetas a cambios sin previo aviso. Algunos de los nombres de los productos aqu\u00ed mencionados pueden ser nombres comerciales y\/o marcas registradas de otras compa\u00f1\u00edas. \u00a92017 Tyco Security Products la obsidiana, act\u00faa como un filtro \u00f3ptico selectivo de energ\u00eda infrarroja. De esta manera, el PG9944 pr\u00e1cticamente elimina la interferencia de luz blanca y aumenta la sensibilidad de detecci\u00f3n.<\/p>\n<p><strong>F\u00e1cil de instalar | Indicaci\u00f3n de calidad del enlace<\/strong><\/p>\n<p>El PG9944 est\u00e1 equipado con un LED que indica la calidad del enlace para que el instalador pueda determinar la mejor ubicaci\u00f3n para instalar el dispositivo, sin necesidad de aproximarse f\u00edsicamente al teclado. Adem\u00e1s, el dispositivo es muy f\u00e1cil de configurar, ya que no es necesario realizar cambios en el hardware o abrir el detector. Todos los par\u00e1metros se pueden configurar desde el teclado del sistema.<\/p>\n<p><img decoding=\"async\" class=\"overview-center-img-web\" src=\"https:\/\/tvc.mx\/media\/29494\/DSC1180024.jpg\" alt=\"\" \/><\/div>\n<\/div>\n<div class=\"row align-items-center padding-bottom-2x\">\n<div class=\"col-md-5\"><img decoding=\"async\" class=\"d-block m-auto img-thumbnail\" src=\"https:\/\/tvc.mx\/media\/29495\/DSC1180024-1.jpg\" alt=\" \" \/><\/div>\n<div class=\"col-md-7 text-md-left text-center\">\n<h2>Especificaciones<\/h2>\n<p class=\"text-muted\">\n<ul>\n<li><strong>Dimensiones:\u00a0<\/strong>166 x 147 x 124\u00a0mm (6-9\/16 x 5-13\/16 x 4-7\/8&#8243;)<\/li>\n<li><strong>Vida \u00fatil de la bater\u00eda:\u00a0<\/strong>3 a\u00f1os (uso t\u00edpico)<\/li>\n<li><strong>Tipo de bater\u00eda:\u00a0<\/strong>2 bater\u00edas de litio 3V CR17450<\/li>\n<li><strong>Peso:\u00a0<\/strong>700 g<\/li>\n<li><strong>Temperatura de operaci\u00f3n:\u00a0<\/strong>.-40\u00b0C a 70\u00a0\u00b0C<\/li>\n<li><strong>Cantidad m\u00e1xima de C\u00c1MARAS PIR:<\/strong>\u00a010 (PG9934P o PG9944)<\/li>\n<\/ul>\n<p><strong>Aprobaciones:<\/strong><\/p>\n<ul>\n<li>FCC\/IC, UL\/ULC<\/li>\n<\/ul>\n<p><strong>Compatibilidad:<\/strong><\/p>\n<ul>\n<li>Sistemas PowerSeries Neo<\/li>\n<\/ul>\n<p class=\"ql-align-center\">Para conocer los listados de aprobaciones actualizados, consulte www.dsc.com. Compatibilidad: Sistemas PowerSeries Neo<\/p>\n<p>&nbsp;<\/p>\n<\/div>\n<\/div>\n<hr class=\"padding-bottom-2x\" \/>\n<div class=\"row align-items-center padding-bottom-2x\">\n<div class=\"col-md-5 order-md-2\"><img decoding=\"async\" class=\"d-block m-auto img-thumbnail\" src=\"https:\/\/tvc.mx\/media\/29496\/DSC1180024-2.jpg\" alt=\" \" \/><\/div>\n<div class=\"col-md-7 order-md-1 text-md-left text-center\">\n<h2>Tecnolog\u00eda<\/h2>\n<p class=\"text-muted\">\n<p><strong>PowerSeries Neo redefine el concepto de seguridad<\/strong><\/p>\n<p>PowerSeries Neo de DSC redefine el concepto de protecci\u00f3n contra intrusiones combinando la flexibilidad de un sistema cableado modular con la simplicidad de una amplia variedad de dispositivos y perif\u00e9ricos inal\u00e1mbricos. \u00bfEl resultado? El sistema h\u00edbrido m\u00e1s completo del mercado.<\/p>\n<p>Esta nueva plataforma sumamente flexible utiliza las capacidades superiores de PowerG, la tecnolog\u00eda de intrusi\u00f3n inal\u00e1mbrica l\u00edder en la industria. Innovadoras soluciones de verificaci\u00f3n de alarmas y un paquete integral de herramientas remotas de software convierten a PowerSeries Neo en una soluci\u00f3n de primera clase ideal para instalaciones residenciales y comerciales escalables.<\/p>\n<\/div>\n<\/div>\n","protected":false},"excerpt":{"rendered":"<p>Descripci\u00f3n Detector de movimiento PIR exterior inal\u00e1mbrico PowerG PG9944 con c\u00e1mara integrada. El PG9944 es un innovador detector de movimiento PIR exterior inal\u00e1mbrico bidireccional que cubre las necesidades de seguridad de los propietarios que buscan un sistema preciso de detecci\u00f3n de intrusos que minimice las&hellip;<\/p>\n","protected":false},"featured_media":3964,"comment_status":"open","ping_status":"closed","template":"","meta":{"om_disable_all_campaigns":false,"_monsterinsights_skip_tracking":false,"_monsterinsights_sitenote_active":false,"_monsterinsights_sitenote_note":"","_monsterinsights_sitenote_category":0},"product_brand":[],"product_cat":[283],"product_tag":[212,211,151],"class_list":{"0":"post-3965","1":"product","2":"type-product","3":"status-publish","4":"has-post-thumbnail","6":"product_cat-sensores-de-alarma-alarmas-dsc","7":"product_tag-alarmas","8":"product_tag-alarmas-e-intrusion","9":"product_tag-seguridad","11":"first","12":"instock","13":"sale","14":"taxable","15":"shipping-taxable","16":"purchasable","17":"product-type-simple"},"aioseo_notices":[],"_links":{"self":[{"href":"https:\/\/tecsecmty.com\/index.php\/wp-json\/wp\/v2\/product\/3965","targetHints":{"allow":["GET"]}}],"collection":[{"href":"https:\/\/tecsecmty.com\/index.php\/wp-json\/wp\/v2\/product"}],"about":[{"href":"https:\/\/tecsecmty.com\/index.php\/wp-json\/wp\/v2\/types\/product"}],"replies":[{"embeddable":true,"href":"https:\/\/tecsecmty.com\/index.php\/wp-json\/wp\/v2\/comments?post=3965"}],"version-history":[{"count":0,"href":"https:\/\/tecsecmty.com\/index.php\/wp-json\/wp\/v2\/product\/3965\/revisions"}],"wp:featuredmedia":[{"embeddable":true,"href":"https:\/\/tecsecmty.com\/index.php\/wp-json\/wp\/v2\/media\/3964"}],"wp:attachment":[{"href":"https:\/\/tecsecmty.com\/index.php\/wp-json\/wp\/v2\/media?parent=3965"}],"wp:term":[{"taxonomy":"product_brand","embeddable":true,"href":"https:\/\/tecsecmty.com\/index.php\/wp-json\/wp\/v2\/product_brand?post=3965"},{"taxonomy":"product_cat","embeddable":true,"href":"https:\/\/tecsecmty.com\/index.php\/wp-json\/wp\/v2\/product_cat?post=3965"},{"taxonomy":"product_tag","embeddable":true,"href":"https:\/\/tecsecmty.com\/index.php\/wp-json\/wp\/v2\/product_tag?post=3965"}],"curies":[{"name":"wp","href":"https:\/\/api.w.org\/{rel}","templated":true}]}}