{"id":3967,"date":"2023-02-23T00:28:30","date_gmt":"2023-02-23T06:28:30","guid":{"rendered":"https:\/\/tecsecmty.com\/index.php\/producto\/dsc-pg9945-contacto-magnetico-inalambrico-de-puerta-ventana-powerg-c-entrada-auxiliar-compatible-con-neo-pro-qolsys-e-iotega\/"},"modified":"2023-03-22T23:23:22","modified_gmt":"2023-03-23T05:23:22","slug":"dsc-pg9945-contacto-magnetico-inalambrico-de-puerta-ventana-powerg-c-entrada-auxiliar-compatible-con-neo-pro-qolsys-e-iotega","status":"publish","type":"product","link":"https:\/\/tecsecmty.com\/index.php\/producto\/dsc-pg9945-contacto-magnetico-inalambrico-de-puerta-ventana-powerg-c-entrada-auxiliar-compatible-con-neo-pro-qolsys-e-iotega\/","title":{"rendered":"DSC PG9945 &#8211; Contacto Magn\u00e9tico Inal\u00e1mbrico de Puerta\/Ventana PowerG c\/entrada Auxiliar compatible con NEO, PRO, Qolsys e IoTega"},"content":{"rendered":"<div class=\"row aling-items-center padding-bottom-2x\">\n<div class=\"col-lg-12\">\n<h5 class=\"card-title text-center\">Descripci\u00f3n<\/h5>\n<p><strong>Contacto de Puerta\/ Ventana Inal\u00e1mbrico PowerG con Entrada Auxiliar<\/strong><\/p>\n<p>El detector de la serie PGx945 es un dispositivo de contacto magn\u00e9tico inal\u00e1mbrico, bidireccional y supervisado de PowerG. El dispositivo incluye un interruptor de laminas integrado y una entrada cableada auxiliar programable separada N.A., N.C. o E.O.L para uso con otros sensores cableados (use solo en sensores contra incendio y robo homologados por UL\/ULC.)<\/p>\n<p>El interruptor de l\u00e1minas y la entrada auxiliar se comportan como transmisores separados, aunque activen en el mismo transmisor de RF. El retiro de la cubierta activa el interruptor contra manipulaci\u00f3n. Si esta configurado, el LED se enciende solamente al indicar eventos de alarma o manipulaci\u00f3n. Los indicadores de calidada de enlace incorporados reducen el tiempo de instalaci\u00f3n al eliminar la necesidad del instalador de acercarse f\u00edsicamente al panel de control.<\/p>\n<p><img decoding=\"async\" class=\"overview-center-img-web\" src=\"https:\/\/tvc.mx\/media\/28952\/DSC1180005.jpg\" alt=\"\" \/><\/div>\n<\/div>\n<div class=\"row align-items-center padding-bottom-2x\">\n<div class=\"col-md-5\"><img decoding=\"async\" class=\"d-block m-auto img-thumbnail\" src=\"https:\/\/tvc.mx\/media\/28957\/DSC1180005-1.jpg\" alt=\" \" \/><\/div>\n<div class=\"col-md-7 text-md-left text-center\">\n<h2>Caracteristicas:<\/h2>\n<p class=\"text-muted\">\n<ul>\n<li>Operaci\u00f3n de entrada auxiliar seleccionable como normalmente abierto, normalmente cerrado o supervisi\u00f3n EOL<\/li>\n<li>Indicador de calidad de enlace visible en el dispositivo<\/li>\n<li>Interruptor anti-sabotaje frontal y posterior<\/li>\n<li>Ideal para proteger puertas, ventanas y otras aberturas<\/li>\n<li>Operaci\u00f3n de entrada auxiliar seleccionable por el usuario como normalmente cerrado o fin de vida \u00fatil<\/li>\n<li>Vida \u00fatil de la bater\u00eda prolongada (hasta 8 a\u00f1os con uso t\u00edpico)<\/li>\n<li>Opciones de interruptor antisabotaje trasero<\/li>\n<li>Dimensiones: 81 x 32 x 25 mm (3.19 x 1.25 x 1 in)<\/li>\n<li>Disponible en pl\u00e1stico blanco o marr\u00f3n<\/li>\n<\/ul>\n<\/div>\n<\/div>\n","protected":false},"excerpt":{"rendered":"<p>Descripci\u00f3n Contacto de Puerta\/ Ventana Inal\u00e1mbrico PowerG con Entrada Auxiliar El detector de la serie PGx945 es un dispositivo de contacto magn\u00e9tico inal\u00e1mbrico, bidireccional y supervisado de PowerG. El dispositivo incluye un interruptor de laminas integrado y una entrada cableada auxiliar programable separada N.A., N.C.&hellip;<\/p>\n","protected":false},"featured_media":3966,"comment_status":"open","ping_status":"closed","template":"","meta":{"om_disable_all_campaigns":false,"_monsterinsights_skip_tracking":false,"_monsterinsights_sitenote_active":false,"_monsterinsights_sitenote_note":"","_monsterinsights_sitenote_category":0},"product_brand":[],"product_cat":[283],"product_tag":[212,211,151],"class_list":{"0":"post-3967","1":"product","2":"type-product","3":"status-publish","4":"has-post-thumbnail","6":"product_cat-sensores-de-alarma-alarmas-dsc","7":"product_tag-alarmas","8":"product_tag-alarmas-e-intrusion","9":"product_tag-seguridad","11":"first","12":"instock","13":"sale","14":"taxable","15":"shipping-taxable","16":"purchasable","17":"product-type-simple"},"aioseo_notices":[],"_links":{"self":[{"href":"https:\/\/tecsecmty.com\/index.php\/wp-json\/wp\/v2\/product\/3967","targetHints":{"allow":["GET"]}}],"collection":[{"href":"https:\/\/tecsecmty.com\/index.php\/wp-json\/wp\/v2\/product"}],"about":[{"href":"https:\/\/tecsecmty.com\/index.php\/wp-json\/wp\/v2\/types\/product"}],"replies":[{"embeddable":true,"href":"https:\/\/tecsecmty.com\/index.php\/wp-json\/wp\/v2\/comments?post=3967"}],"version-history":[{"count":0,"href":"https:\/\/tecsecmty.com\/index.php\/wp-json\/wp\/v2\/product\/3967\/revisions"}],"wp:featuredmedia":[{"embeddable":true,"href":"https:\/\/tecsecmty.com\/index.php\/wp-json\/wp\/v2\/media\/3966"}],"wp:attachment":[{"href":"https:\/\/tecsecmty.com\/index.php\/wp-json\/wp\/v2\/media?parent=3967"}],"wp:term":[{"taxonomy":"product_brand","embeddable":true,"href":"https:\/\/tecsecmty.com\/index.php\/wp-json\/wp\/v2\/product_brand?post=3967"},{"taxonomy":"product_cat","embeddable":true,"href":"https:\/\/tecsecmty.com\/index.php\/wp-json\/wp\/v2\/product_cat?post=3967"},{"taxonomy":"product_tag","embeddable":true,"href":"https:\/\/tecsecmty.com\/index.php\/wp-json\/wp\/v2\/product_tag?post=3967"}],"curies":[{"name":"wp","href":"https:\/\/api.w.org\/{rel}","templated":true}]}}