{"id":3969,"date":"2023-02-23T00:28:31","date_gmt":"2023-02-23T06:28:31","guid":{"rendered":"https:\/\/tecsecmty.com\/index.php\/producto\/dsc-pg9945e-contacto-magnetico-inalambrico-de-puerta-ventana-power-g-c-entrada-auxiliar-rango-extendido-compatible-con-neo-pro-qolsys-e-iotega\/"},"modified":"2023-03-22T23:23:22","modified_gmt":"2023-03-23T05:23:22","slug":"dsc-pg9945e-contacto-magnetico-inalambrico-de-puerta-ventana-power-g-c-entrada-auxiliar-rango-extendido-compatible-con-neo-pro-qolsys-e-iotega","status":"publish","type":"product","link":"https:\/\/tecsecmty.com\/index.php\/producto\/dsc-pg9945e-contacto-magnetico-inalambrico-de-puerta-ventana-power-g-c-entrada-auxiliar-rango-extendido-compatible-con-neo-pro-qolsys-e-iotega\/","title":{"rendered":"DSC PG9945E &#8211; Contacto Magn\u00e9tico Inal\u00e1mbrico de Puerta\/Ventana Power G c\/entrada Auxiliar Rango Extendido compatible con NEO, PRO Qolsys e IoTega"},"content":{"rendered":"<div class=\"row aling-items-center padding-bottom-2x\">\n<div class=\"col-lg-12\">\n<h5 class=\"card-title text-center\">Descripci\u00f3n<\/h5>\n<h1>PG9945 Contacto inal\u00e1mbrico de puerta \/ ventana PowerG con entrada auxiliar<\/h1>\n<p>El PG9945 Wireless PowerG<\/p>\n<p>El contacto de puerta \/ ventana con entrada auxiliar se instala en puntos de intrusi\u00f3n comunes como ventanas y puertas para proporcionar protecci\u00f3n perimetral de la premisa. El PG9945 est\u00e1 dise\u00f1ado para comunicarse con el sistema de seguridad para informar sobre aperturas y cierres de puertas y ventanas.<\/p>\n<p>Conocido por su versatilidad y confiabilidad, el PG9945 es un dispositivo f\u00e1cil de instalar, ideal para una amplia gama de entornos.<\/p>\n<p><strong>Caracter\u00edsticas que marcan la diferencia:<\/strong><\/p>\n<ul>\n<li class=\"ql-indent-1\">Tecnolog\u00eda inal\u00e1mbrica robusta PowerG * l\u00edder en la industria de grado comercial<\/li>\n<li class=\"ql-indent-1\">Indicador LED de calidad de enlace visible mostrado en el dispositivo<\/li>\n<li class=\"ql-indent-1\">Opci\u00f3n de entrada auxiliar configurable<\/li>\n<li class=\"ql-indent-1\">Completamente supervisado<\/li>\n<li class=\"ql-indent-1\">Compatible con los sistemas PowerSeries Neo<\/li>\n<\/ul>\n<p><strong>El poder de PowerG *:<\/strong><\/p>\n<p><strong>El poder detr\u00e1s de PowerSeries Neo radica en varias tecnolog\u00edas innovadoras, incluido el revolucionario PowerG, que, en conjunto, proporciona una plataforma robusta y rica en caracter\u00edsticas dise\u00f1ada para reducir los costos operativos para los distribuidores y proporcionar la m\u00e1xima confiabilidad para los usuarios finales.<\/strong><\/p>\n<p class=\"ql-indent-1\">\u2022 Tecnolog\u00eda multicanal de espectro ensanchado por salto de frecuencia: para superar el bloqueo de frecuencia y la interferencia<\/p>\n<p class=\"ql-indent-1\">\u2022 Potencia de transmisi\u00f3n adaptativa: para preservar la vida \u00fatil de la bater\u00eda<\/p>\n<p class=\"ql-indent-1\">\u2022 Altos rangos de transmisi\u00f3n: para una comunicaci\u00f3n confiable dentro de la l\u00ednea de visi\u00f3n de hasta 2 km \/ 2187 yardas.<\/p>\n<p class=\"ql-indent-1\">\u2022 Tecnolog\u00eda de comunicaci\u00f3n sincronizada TDMA: para evitar colisiones de mensajes<\/p>\n<p class=\"ql-indent-1\">\u2022 Encriptaci\u00f3n AES de 128 bits: protecci\u00f3n de alto nivel contra herramientas de an\u00e1lisis y ataques digitales<\/p>\n<p><strong>F\u00e1cil de instalar \/ Enlazar<\/strong><\/p>\n<ul>\n<li>Indicaci\u00f3n de calidad<\/li>\n<li>La puerta \/ ventana PG9945 PowerG<\/li>\n<li>Contact est\u00e1 equipado con un indicador LED de calidad de enlace visible en el<\/li>\n<li>contacto que permite al instalador elegir la ubicaci\u00f3n \u00f3ptima para la instalaci\u00f3n, eliminando el esfuerzo de ir y venir al teclado.<\/li>\n<li>Adem\u00e1s, la configuraci\u00f3n del dispositivo es r\u00e1pida y f\u00e1cil sin hardware<\/li>\n<li>interruptores o necesidad de volver a abrir los dispositivos. Toda la configuraci\u00f3n del dispositivo<\/li>\n<li>la configuraci\u00f3n se maneja en el teclado del sistema.<\/li>\n<\/ul>\n<p><strong>Fiable y vers\u00e1til<\/strong><\/p>\n<p>El contacto PG9945 presenta una entrada auxiliar que se puede usar para conectar f\u00e1cilmente un contacto cableado est\u00e1ndar.<\/p>\n<p>La entrada auxiliar se puede configurar para que sea normalmente abierta, normalmente cerrada o un fin de l\u00ednea simple. Esta caracter\u00edstica es \u00fatil en instalaciones donde el espacio es de primera calidad y es dif\u00edcil montar el im\u00e1n dentro del espacio m\u00e1ximo permitido del contacto.<\/p>\n<p><img decoding=\"async\" class=\"overview-center-img-web\" src=\"https:\/\/tvc.mx\/media\/29501\/DSC1180025.jpg\" alt=\"\" \/><\/div>\n<\/div>\n<div class=\"row align-items-center padding-bottom-2x\">\n<div class=\"col-md-5\"><img decoding=\"async\" class=\"d-block m-auto img-thumbnail\" src=\"https:\/\/tvc.mx\/media\/29502\/DSC1180025-1.jpg\" alt=\" \" \/><\/div>\n<div class=\"col-md-7 text-md-left text-center\">\n<h2>Especificaciones<\/h2>\n<p class=\"text-muted\">\n<ul>\n<li><strong>Dimensiones:<\/strong>\u00a081 x34 x 25 mm<\/li>\n<li><strong>Duraci\u00f3n de la bater\u00eda:<\/strong>\u00a0hasta 8 a\u00f1os (uso t\u00edpico)<\/li>\n<li><strong>Tipo de bater\u00eda:<\/strong>\u00a03V CR123A Bater\u00eda de litio<\/li>\n<li><strong>Peso:<\/strong>\u00a053g<\/li>\n<li><strong>Temperatura de funcionamiento:<\/strong>\u00a0-10 \u00b0 C a 55 \u00b0 C<\/li>\n<\/ul>\n<p><strong>Aprobaciones:<\/strong><\/p>\n<ul>\n<li>FCC \/ IC, UL \/ ULC<\/li>\n<li>Consulte www.dsc.com para obtener las listas de aprobaci\u00f3n m\u00e1s recientes.<\/li>\n<\/ul>\n<p><strong>Compatibilidad:<\/strong><\/p>\n<ul>\n<li>PowerSeries Neo Systems<\/li>\n<\/ul>\n<p>&nbsp;<\/p>\n<\/div>\n<\/div>\n<hr class=\"padding-bottom-2x\" \/>\n<div class=\"row align-items-center padding-bottom-2x\">\n<div class=\"col-md-5 order-md-2\"><img decoding=\"async\" class=\"d-block m-auto img-thumbnail\" src=\"https:\/\/tvc.mx\/media\/29503\/DSC1180025--2.jpg\" alt=\" \" \/><\/div>\n<div class=\"col-md-7 order-md-1 text-md-left text-center\">\n<h2>Funcionalidad<\/h2>\n<p class=\"text-muted\">\n<p><strong>Para que sirve<\/strong><\/p>\n<ul>\n<li>Ideal para proteger puertas, ventanas y otras aberturas.<\/li>\n<li>Tambi\u00e9n se puede usar como transmisor para otro dispositivo cableado.<\/li>\n<\/ul>\n<h4 class=\"ql-align-justify\"><\/h4>\n<p><strong>Compatibilidad:<\/strong><\/p>\n<ul>\n<li>Bater\u00eda CR123A<\/li>\n<\/ul>\n<\/div>\n<\/div>\n","protected":false},"excerpt":{"rendered":"<p>Descripci\u00f3n PG9945 Contacto inal\u00e1mbrico de puerta \/ ventana PowerG con entrada auxiliar El PG9945 Wireless PowerG El contacto de puerta \/ ventana con entrada auxiliar se instala en puntos de intrusi\u00f3n comunes como ventanas y puertas para proporcionar protecci\u00f3n perimetral de la premisa. El PG9945&hellip;<\/p>\n","protected":false},"featured_media":3968,"comment_status":"open","ping_status":"closed","template":"","meta":{"om_disable_all_campaigns":false,"_monsterinsights_skip_tracking":false,"_monsterinsights_sitenote_active":false,"_monsterinsights_sitenote_note":"","_monsterinsights_sitenote_category":0},"product_brand":[],"product_cat":[283],"product_tag":[212,211,151],"class_list":{"0":"post-3969","1":"product","2":"type-product","3":"status-publish","4":"has-post-thumbnail","6":"product_cat-sensores-de-alarma-alarmas-dsc","7":"product_tag-alarmas","8":"product_tag-alarmas-e-intrusion","9":"product_tag-seguridad","11":"first","12":"instock","13":"sale","14":"taxable","15":"shipping-taxable","16":"purchasable","17":"product-type-simple"},"aioseo_notices":[],"_links":{"self":[{"href":"https:\/\/tecsecmty.com\/index.php\/wp-json\/wp\/v2\/product\/3969","targetHints":{"allow":["GET"]}}],"collection":[{"href":"https:\/\/tecsecmty.com\/index.php\/wp-json\/wp\/v2\/product"}],"about":[{"href":"https:\/\/tecsecmty.com\/index.php\/wp-json\/wp\/v2\/types\/product"}],"replies":[{"embeddable":true,"href":"https:\/\/tecsecmty.com\/index.php\/wp-json\/wp\/v2\/comments?post=3969"}],"version-history":[{"count":0,"href":"https:\/\/tecsecmty.com\/index.php\/wp-json\/wp\/v2\/product\/3969\/revisions"}],"wp:featuredmedia":[{"embeddable":true,"href":"https:\/\/tecsecmty.com\/index.php\/wp-json\/wp\/v2\/media\/3968"}],"wp:attachment":[{"href":"https:\/\/tecsecmty.com\/index.php\/wp-json\/wp\/v2\/media?parent=3969"}],"wp:term":[{"taxonomy":"product_brand","embeddable":true,"href":"https:\/\/tecsecmty.com\/index.php\/wp-json\/wp\/v2\/product_brand?post=3969"},{"taxonomy":"product_cat","embeddable":true,"href":"https:\/\/tecsecmty.com\/index.php\/wp-json\/wp\/v2\/product_cat?post=3969"},{"taxonomy":"product_tag","embeddable":true,"href":"https:\/\/tecsecmty.com\/index.php\/wp-json\/wp\/v2\/product_tag?post=3969"}],"curies":[{"name":"wp","href":"https:\/\/api.w.org\/{rel}","templated":true}]}}