{"id":3971,"date":"2023-02-23T00:28:33","date_gmt":"2023-02-23T06:28:33","guid":{"rendered":"https:\/\/tecsecmty.com\/index.php\/producto\/dsc-pg9974p-detector-de-movimiento-optica-de-espejo-inalambrico-con-tecnologia-power-g-compatible-con-neo-pro-qolsys-y-iotega-losprincipales\/"},"modified":"2023-03-22T23:23:22","modified_gmt":"2023-03-23T05:23:22","slug":"dsc-pg9974p-detector-de-movimiento-optica-de-espejo-inalambrico-con-tecnologia-power-g-compatible-con-neo-pro-qolsys-y-iotega-losprincipales","status":"publish","type":"product","link":"https:\/\/tecsecmty.com\/index.php\/producto\/dsc-pg9974p-detector-de-movimiento-optica-de-espejo-inalambrico-con-tecnologia-power-g-compatible-con-neo-pro-qolsys-y-iotega-losprincipales\/","title":{"rendered":"DSC PG9974P &#8211; Detector de Movimiento \u00d3ptica de Espejo Inal\u00e1mbrico con tecnolog\u00eda Power G compatible con NEO, PRO, Qolsys y IoTega #LosPrincipales"},"content":{"rendered":"<h5 class=\"card-title text-center\">Informaci\u00f3n General<\/h5>\n<h3><strong>Descripci\u00f3n<\/strong><\/h3>\n<p>El PG9974P Wireless PowerG<\/p>\n<p>El detector de movimiento Mirror Optic PIR es un componente vital de un sistema de seguridad. Al detectar movimiento, el PG9974P comunica una alerta al sistema de seguridad. Adem\u00e1s, el PG9974P proporciona inmunidad contra mascotas que pesen hasta 40 kg (90 lb) para reducir las falsas alarmas.<\/p>\n<p>Utilizando tecnolog\u00edas avanzadas, el PG9974P proporciona confiabilidad, robustez a la interferencia, duraci\u00f3n prolongada de la bater\u00eda, rango extendido y f\u00e1cil instalaci\u00f3n.<\/p>\n<h3><strong>Caracter\u00edsticas<\/strong><\/h3>\n<ul data-checked=\"false\">\n<li>\u00c1rea de cobertura: 50 pies (15 m), 90 \u00b0<\/li>\n<li>La \u00f3ptica de espejo ofrece una sensibilidad de detecci\u00f3n excepcionalmente alta e inmunidad a falsas alarmas<\/li>\n<li>Dise\u00f1o antivand\u00e1lico (ventana de ranura peque\u00f1a, empotrada y robusta)<\/li>\n<li>F\u00e1cil de instalar: no se necesita ajuste vertical<\/li>\n<li>Sabotaje delantero y trasero<\/li>\n<li>Dimensiones: 115 x 60 x 48 mm (4.5 x 2.3 x 1.9in)<\/li>\n<li>Certificado con el listado de robo comercial inal\u00e1mbrico ULC bajo el est\u00e1ndar ULC-S304-16, \u00a1el primero de la industria en Canad\u00e1! *<\/li>\n<\/ul>\n<h3><strong>Para que sirve<\/strong><\/h3>\n<p>Es un detector de espejo, para inmunidad de extremadamente alta a la luz blanca, sensor de alta seguridad inal\u00e1mbrico powerG, detector PIR antomascotas.<\/p>\n<p><img decoding=\"async\" class=\"overview-center-img-web\" src=\"https:\/\/tvc.mx\/media\/29631\/principalcomer.jpg\" alt=\"\" \/><\/p>\n","protected":false},"excerpt":{"rendered":"<p>Informaci\u00f3n General Descripci\u00f3n El PG9974P Wireless PowerG El detector de movimiento Mirror Optic PIR es un componente vital de un sistema de seguridad. Al detectar movimiento, el PG9974P comunica una alerta al sistema de seguridad. Adem\u00e1s, el PG9974P proporciona inmunidad contra mascotas que pesen hasta&hellip;<\/p>\n","protected":false},"featured_media":3970,"comment_status":"open","ping_status":"closed","template":"","meta":{"om_disable_all_campaigns":false,"_monsterinsights_skip_tracking":false,"_monsterinsights_sitenote_active":false,"_monsterinsights_sitenote_note":"","_monsterinsights_sitenote_category":0},"product_brand":[],"product_cat":[283],"product_tag":[212,211,151],"class_list":{"0":"post-3971","1":"product","2":"type-product","3":"status-publish","4":"has-post-thumbnail","6":"product_cat-sensores-de-alarma-alarmas-dsc","7":"product_tag-alarmas","8":"product_tag-alarmas-e-intrusion","9":"product_tag-seguridad","11":"first","12":"instock","13":"sale","14":"taxable","15":"shipping-taxable","16":"purchasable","17":"product-type-simple"},"aioseo_notices":[],"_links":{"self":[{"href":"https:\/\/tecsecmty.com\/index.php\/wp-json\/wp\/v2\/product\/3971","targetHints":{"allow":["GET"]}}],"collection":[{"href":"https:\/\/tecsecmty.com\/index.php\/wp-json\/wp\/v2\/product"}],"about":[{"href":"https:\/\/tecsecmty.com\/index.php\/wp-json\/wp\/v2\/types\/product"}],"replies":[{"embeddable":true,"href":"https:\/\/tecsecmty.com\/index.php\/wp-json\/wp\/v2\/comments?post=3971"}],"version-history":[{"count":0,"href":"https:\/\/tecsecmty.com\/index.php\/wp-json\/wp\/v2\/product\/3971\/revisions"}],"wp:featuredmedia":[{"embeddable":true,"href":"https:\/\/tecsecmty.com\/index.php\/wp-json\/wp\/v2\/media\/3970"}],"wp:attachment":[{"href":"https:\/\/tecsecmty.com\/index.php\/wp-json\/wp\/v2\/media?parent=3971"}],"wp:term":[{"taxonomy":"product_brand","embeddable":true,"href":"https:\/\/tecsecmty.com\/index.php\/wp-json\/wp\/v2\/product_brand?post=3971"},{"taxonomy":"product_cat","embeddable":true,"href":"https:\/\/tecsecmty.com\/index.php\/wp-json\/wp\/v2\/product_cat?post=3971"},{"taxonomy":"product_tag","embeddable":true,"href":"https:\/\/tecsecmty.com\/index.php\/wp-json\/wp\/v2\/product_tag?post=3971"}],"curies":[{"name":"wp","href":"https:\/\/api.w.org\/{rel}","templated":true}]}}