{"id":3975,"date":"2023-02-23T00:28:36","date_gmt":"2023-02-23T06:28:36","guid":{"rendered":"https:\/\/tecsecmty.com\/index.php\/producto\/dsc-pg9985-detector-de-inundacion-inalambrico-con-tecnologia-powerg-compatible-con-neo-pro-qolsys-e-iotga\/"},"modified":"2023-03-22T23:23:22","modified_gmt":"2023-03-23T05:23:22","slug":"dsc-pg9985-detector-de-inundacion-inalambrico-con-tecnologia-powerg-compatible-con-neo-pro-qolsys-e-iotga","status":"publish","type":"product","link":"https:\/\/tecsecmty.com\/index.php\/producto\/dsc-pg9985-detector-de-inundacion-inalambrico-con-tecnologia-powerg-compatible-con-neo-pro-qolsys-e-iotga\/","title":{"rendered":"DSC PG9985 &#8211; Detector de Inundaci\u00f3n inalambrico con tecnolog\u00eda PowerG compatible con NEO, PRO, Qolsys e IoTga"},"content":{"rendered":"<div class=\"row aling-items-center padding-bottom-2x\">\n<div class=\"col-lg-12\">\n<h5 class=\"card-title text-center\">Descripci\u00f3n<\/h5>\n<h3><strong>Detector de inundaci\u00f3n inal\u00e1mbrico PowerG PG9985<\/strong><\/h3>\n<h3>El PG9985 es un detector de inundaci\u00f3n inal\u00e1mbrico PowerG bidireccional totalmente supervisado que consta de una sonda conectada al dispositivo a trav\u00e9s de un cable de 1,8 m.<\/h3>\n<h3>(6 pies) de cable. El PG9985 detecta la presencia de agua, lo que provoca una advertencia anticipada de posibles inundaciones. El transmisor se instala a un nivel m\u00e1s alto en la pared con la sonda ubicada a nivel del piso o a la altura deseada. En el caso de que haya una fuga de agua, la sonda detectar\u00e1 la humedad y entregar\u00e1 la informaci\u00f3n al transmisor.<\/h3>\n<h3><\/h3>\n<h3><strong>F\u00e1cil de instalar y tranquilidad<\/strong><\/h3>\n<h3>El detector de inundaci\u00f3n PG9985 PowerG est\u00e1 equipado con un indicador LED de calidad de enlace visible que permite al instalador elegir la ubicaci\u00f3n \u00f3ptima para la instalaci\u00f3n, eliminando el esfuerzo de ir y venir al teclado.<\/h3>\n<h3>La sonda de inundaci\u00f3n del PG9985 tambi\u00e9n se supervisa para proporcionar una alerta cuando se desconecta la sonda. Esta caracter\u00edstica mejorada asegura que la sonda del dispositivo estar\u00e1 operativa cuando m\u00e1s lo necesite.<\/h3>\n<h3><\/h3>\n<h3><\/h3>\n<h3 class=\"ql-indent-1\"><strong>Caracter\u00edsticas que marcan la diferencia:<\/strong><\/h3>\n<h3 class=\"ql-indent-1\">\u2022 Tecnolog\u00eda inal\u00e1mbrica robusta PowerG * l\u00edder en la industria de grado comercial<\/h3>\n<h3 class=\"ql-indent-1\">\u2022 Indicaci\u00f3n LED de calidad de enlace visible que se muestra en el dispositivo<\/h3>\n<h3 class=\"ql-indent-1\">\u2022 Longitud del cable de la sonda de agua de 1,8 m (6 pies)<\/h3>\n<h3 class=\"ql-indent-1\">\u2022 Incluye bater\u00edas de litio de larga duraci\u00f3n.<\/h3>\n<h3 class=\"ql-indent-1\">\u2022 Compatible con PowerSeries Neo Systems<\/h3>\n<h3 class=\"ql-indent-1\"><strong>El poder de PowerG *:<\/strong><\/h3>\n<h3 class=\"ql-indent-1\">El poder detr\u00e1s de PowerSeries Neo radica en varias tecnolog\u00edas innovadoras, incluido el revolucionario PowerG, que, en conjunto, proporciona una plataforma robusta y rica en caracter\u00edsticas dise\u00f1ada para reducir los costos operativos para los distribuidores y proporcionar la m\u00e1xima confiabilidad para los usuarios finales.<\/h3>\n<h3 class=\"ql-indent-1\">\u2022 Tecnolog\u00eda multicanal de espectro ensanchado por salto de frecuencia: para superar el bloqueo de frecuencia y la interferencia<\/h3>\n<h3 class=\"ql-indent-1\">\u2022 Potencia de transmisi\u00f3n adaptativa: para preservar la vida \u00fatil de la bater\u00eda<\/h3>\n<h3 class=\"ql-indent-1\">\u2022 Altos rangos de transmisi\u00f3n: para una comunicaci\u00f3n confiable dentro de una l\u00ednea de visi\u00f3n de hasta 2 km \/ 2187 yardas<\/h3>\n<h3 class=\"ql-indent-1\">\u2022 Tecnolog\u00eda de comunicaci\u00f3n sincronizada TDMA: para evitar colisiones de mensajes<\/h3>\n<h3 class=\"ql-indent-1\">\u2022 Encriptaci\u00f3n AES de 128 bits: protecci\u00f3n de alto nivel contra herramientas de an\u00e1lisis y ataques digitales<\/h3>\n<p><img decoding=\"async\" class=\"overview-center-img-web\" src=\"https:\/\/tvc.mx\/media\/29528\/DSC1180027.jpg\" alt=\"\" \/><\/div>\n<\/div>\n<div class=\"row align-items-center padding-bottom-2x\">\n<div class=\"col-md-5\"><img decoding=\"async\" class=\"d-block m-auto img-thumbnail\" src=\"https:\/\/tvc.mx\/media\/29529\/DSC1180027-1.jpg\" alt=\" \" \/><\/div>\n<div class=\"col-md-7 text-md-left text-center\">\n<h2>Especificaciones<\/h2>\n<p class=\"text-muted\">\n<h3><strong>Dimensiones:<\/strong>\u00a0(LxWxD): 81 x 34 x 25 mm<\/h3>\n<h3>(3-3 \/ 16 x 1-1 \/ 4 x 1 pulg.)<\/h3>\n<h3><strong>Duraci\u00f3n de la bater\u00eda:<\/strong>\u00a08 a\u00f1os (uso t\u00edpico)<\/h3>\n<h3><strong>Tipo de bater\u00eda:<\/strong>\u00a0Bater\u00eda de litio CR123A de 3 V<\/h3>\n<h3><strong>Peso (sin bater\u00eda):<\/strong>\u00a053g (1.9oz)<\/h3>\n<h3><strong>Temperatura de funcionamiento:<\/strong>\u00a0-10 \u00b0 C a 55 \u00b0 C (14 \u00b0 F a 131 \u00b0 F)<\/h3>\n<h3><\/h3>\n<h3><strong>Aprobaciones:<\/strong><\/h3>\n<h3>FCC \/ IC, UL \/ ULC<\/h3>\n<h3>Consulte www.dsc.com para obtener las listas de aprobaci\u00f3n m\u00e1s recientes.<\/h3>\n<h3><\/h3>\n<h3><strong>Compatibilidad:<\/strong><\/h3>\n<h3>PowerSeries Neo Systems<\/h3>\n<h3>PowerSeries Neo redefine el concepto de seguridad<\/h3>\n<h3>PowerSeries Neo de DSC redefine el concepto de protecci\u00f3n contra intrusiones combinando la flexibilidad de un sistema cableado modular con la simplicidad de una amplia variedad de dispositivos y perif\u00e9ricos inal\u00e1mbricos. \u00bfEl resultado? El sistema h\u00edbrido m\u00e1s completo del mercado.<\/h3>\n<h3>Esta nueva plataforma sumamente flexible utiliza las capacidades superiores de PowerG, la tecnolog\u00eda de intrusi\u00f3n inal\u00e1mbrica l\u00edder en la industria. Innovadoras soluciones de verificaci\u00f3n de alarmas y un paquete integral de herramientas remotas de software convierten a PowerSeries Neo en una soluci\u00f3n de primera clase ideal para instalaciones residenciales y comerciales escalables.<\/h3>\n<\/div>\n<\/div>\n","protected":false},"excerpt":{"rendered":"<p>Descripci\u00f3n Detector de inundaci\u00f3n inal\u00e1mbrico PowerG PG9985 El PG9985 es un detector de inundaci\u00f3n inal\u00e1mbrico PowerG bidireccional totalmente supervisado que consta de una sonda conectada al dispositivo a trav\u00e9s de un cable de 1,8 m. (6 pies) de cable. El PG9985 detecta la presencia de&hellip;<\/p>\n","protected":false},"featured_media":3974,"comment_status":"open","ping_status":"closed","template":"","meta":{"om_disable_all_campaigns":false,"_monsterinsights_skip_tracking":false,"_monsterinsights_sitenote_active":false,"_monsterinsights_sitenote_note":"","_monsterinsights_sitenote_category":0},"product_brand":[],"product_cat":[283],"product_tag":[212,211,151],"class_list":{"0":"post-3975","1":"product","2":"type-product","3":"status-publish","4":"has-post-thumbnail","6":"product_cat-sensores-de-alarma-alarmas-dsc","7":"product_tag-alarmas","8":"product_tag-alarmas-e-intrusion","9":"product_tag-seguridad","11":"first","12":"instock","13":"sale","14":"taxable","15":"shipping-taxable","16":"purchasable","17":"product-type-simple"},"aioseo_notices":[],"_links":{"self":[{"href":"https:\/\/tecsecmty.com\/index.php\/wp-json\/wp\/v2\/product\/3975","targetHints":{"allow":["GET"]}}],"collection":[{"href":"https:\/\/tecsecmty.com\/index.php\/wp-json\/wp\/v2\/product"}],"about":[{"href":"https:\/\/tecsecmty.com\/index.php\/wp-json\/wp\/v2\/types\/product"}],"replies":[{"embeddable":true,"href":"https:\/\/tecsecmty.com\/index.php\/wp-json\/wp\/v2\/comments?post=3975"}],"version-history":[{"count":0,"href":"https:\/\/tecsecmty.com\/index.php\/wp-json\/wp\/v2\/product\/3975\/revisions"}],"wp:featuredmedia":[{"embeddable":true,"href":"https:\/\/tecsecmty.com\/index.php\/wp-json\/wp\/v2\/media\/3974"}],"wp:attachment":[{"href":"https:\/\/tecsecmty.com\/index.php\/wp-json\/wp\/v2\/media?parent=3975"}],"wp:term":[{"taxonomy":"product_brand","embeddable":true,"href":"https:\/\/tecsecmty.com\/index.php\/wp-json\/wp\/v2\/product_brand?post=3975"},{"taxonomy":"product_cat","embeddable":true,"href":"https:\/\/tecsecmty.com\/index.php\/wp-json\/wp\/v2\/product_cat?post=3975"},{"taxonomy":"product_tag","embeddable":true,"href":"https:\/\/tecsecmty.com\/index.php\/wp-json\/wp\/v2\/product_tag?post=3975"}],"curies":[{"name":"wp","href":"https:\/\/api.w.org\/{rel}","templated":true}]}}