{"id":3977,"date":"2023-02-23T00:28:37","date_gmt":"2023-02-23T06:28:37","guid":{"rendered":"https:\/\/tecsecmty.com\/index.php\/producto\/dsc-pg9994-detector-de-movimiento-exterior-inalambrico-con-tecnologia-power-g-compatible-con-neo-pro-qolsys-e-iotega\/"},"modified":"2023-03-22T23:23:22","modified_gmt":"2023-03-23T05:23:22","slug":"dsc-pg9994-detector-de-movimiento-exterior-inalambrico-con-tecnologia-power-g-compatible-con-neo-pro-qolsys-e-iotega","status":"publish","type":"product","link":"https:\/\/tecsecmty.com\/index.php\/producto\/dsc-pg9994-detector-de-movimiento-exterior-inalambrico-con-tecnologia-power-g-compatible-con-neo-pro-qolsys-e-iotega\/","title":{"rendered":"DSC PG9994 &#8211; Detector de Movimiento Exterior Inal\u00e1mbrico con tecnolog\u00eda Power G compatible con NEO, PRO, Qolsys e IoTega"},"content":{"rendered":"<div class=\"row aling-items-center padding-bottom-2x\">\n<div class=\"col-lg-12\">\n<h5 class=\"card-title text-center\">Descripci\u00f3n<\/h5>\n<h3><strong>PG9994 detector inal\u00e1mbrico de movimiento PIR al aire libre PowerG<\/strong><\/h3>\n<p>El PG9994 es un detector exterior de 2 v\u00edas inal\u00e1mbrica innovadora PIR de movimiento que se ocupa de manera integral las necesidades de seguridad de propietarios para la precisa detecci\u00f3n de intrusi\u00f3n con m\u00ednimas falsas alarmas. El PG9994 cuenta con varias tecnolog\u00edas innovadoras para superar los desaf\u00edos exigentes al aire libre tales como la lluvia, la luz solar directa, los animales, los cambios de los niveles de luz y mucho m\u00e1s.<\/p>\n<p><strong>El revolucionario Octa-Quad \u2122 la tecnolog\u00eda, que utiliza ocho sensores PIR<\/strong>, actuando cada uno como un detector de Quad, permite la PG9994 para determinar con precisi\u00f3n y de forma fiable si una alarma est\u00e1 justificada.<\/p>\n<p>El PG9994 tambi\u00e9n se aplica un an\u00e1lisis de movimiento avanzada. Un procesador de movimiento central de an\u00e1lisis de las se\u00f1ales de movimiento detectado en cada uno de los detectores individuales, teniendo en cuenta el tiempo, la amplitud, la temperatura de fondo, la velocidad de movimiento, el tama\u00f1o de la diana, y la direcci\u00f3n del movimiento. Entonces, se compara las se\u00f1ales en relaci\u00f3n con detectores adyacentes y calcula si una alarma real, se justifica sobre la base de cierto movimiento detectado consecutivamente por la matriz de detectores individuales. Por \u00faltimo, el PG9994 utiliza una tecnolog\u00eda de espejo negro obsidiana. Un \u00fanico, basado en n\u00edquel, superficie-obsidiana como, reflectante act\u00faa como un filtro \u00f3ptico selectivo de energ\u00eda infrarroja. De esta manera, la PG9994 puede eliminar pr\u00e1cticamente la interferencia de luz blanca y aumentar la sensibilidad de detecci\u00f3n.<\/p>\n<p><strong>Avanzadas tecnolog\u00edas de detecci\u00f3n<\/strong><\/p>\n<p>El PG9994 utiliza una combinaci\u00f3n de \u00f3ptica de espejos parab\u00f3licos el\u00edpticas. Un espejo innovadora con ganancia \u00f3ptica extremadamente alta ofrece una gama extendida y proporciona la sensibilidad de detecci\u00f3n superior.<\/p>\n<p><strong>F\u00e1cil de instalar | Indicaci\u00f3n de Calidad Enlace<\/strong><\/p>\n<p>El PG9994 est\u00e1 equipado con un indicador LED de la calidad del enlace visible que permite al instalador elegir la ubicaci\u00f3n \u00f3ptima para la instalaci\u00f3n, eliminando el esfuerzo de ir y venir al teclado. Adem\u00e1s, la configuraci\u00f3n del dispositivo es r\u00e1pido y f\u00e1cil sin modificadores de hardware o la necesidad de volver a abrir el dispositivo. Todos los s ajustes de configuraci\u00f3n del dispositivo se manejan a trav\u00e9s del teclado del sistema.<\/p>\n<p><img decoding=\"async\" class=\"overview-center-img-web\" src=\"https:\/\/tvc.mx\/media\/29531\/DSC1180028.jpg\" alt=\"\" \/><\/div>\n<\/div>\n<div class=\"row align-items-center padding-bottom-2x\">\n<div class=\"col-md-5\"><img decoding=\"async\" class=\"d-block m-auto img-thumbnail\" src=\"https:\/\/tvc.mx\/media\/29532\/DSC1180028-1.jpg\" alt=\" \" \/><\/div>\n<div class=\"col-md-7 text-md-left text-center\">\n<h2>Especificaciones<\/h2>\n<p class=\"text-muted\">\n<ul>\n<li><strong>Dimensiones:\u00a0<\/strong>157 x 147 x 124 mm<\/li>\n<li><strong>Duraci\u00f3n de la bater\u00eda:<\/strong>\u00a03 a\u00f1os (uso t\u00edpico)<\/li>\n<li><strong>Tipo de bater\u00eda:\u00a0<\/strong>2 x 3V CR123A bater\u00edas de litio<\/li>\n<li><strong>Peso:\u00a0<\/strong>600g<\/li>\n<li><strong>Temperatura de funcionamiento:<\/strong>\u00a0-40 \u00b0 C a 70 \u00b0 C<\/li>\n<li><strong>Aprobaciones:<\/strong>\u00a0FCC \/ IC, UL \/ ULC Por favor refi\u00e9rase a www.dsc.com sobre la lista de aprobaci\u00f3n m\u00e1s actuales.<\/li>\n<\/ul>\n<p><strong>Compatibilidad:<\/strong><\/p>\n<ul>\n<li>Sistemas Neo PowerSeries<\/li>\n<\/ul>\n<p><strong>PowerSeries Neo redefine el concepto de seguridad<\/strong><\/p>\n<p>PowerSeries Neo de DSC redefine el concepto de protecci\u00f3n contra intrusiones combinando la flexibilidad de un sistema cableado modular con la simplicidad de una amplia variedad de dispositivos y perif\u00e9ricos inal\u00e1mbricos. \u00bfEl resultado? El sistema h\u00edbrido m\u00e1s completo del mercado.<\/p>\n<p>Esta nueva plataforma sumamente flexible utiliza las capacidades superiores de PowerG, la tecnolog\u00eda de intrusi\u00f3n inal\u00e1mbrica l\u00edder en la industria. Innovadoras soluciones de verificaci\u00f3n de alarmas y un paquete integral de herramientas remotas de software convierten a PowerSeries Neo en una soluci\u00f3n de primera clase ideal para instalaciones residenciales y comerciales escalables<\/p>\n<\/div>\n<\/div>\n","protected":false},"excerpt":{"rendered":"<p>Descripci\u00f3n PG9994 detector inal\u00e1mbrico de movimiento PIR al aire libre PowerG El PG9994 es un detector exterior de 2 v\u00edas inal\u00e1mbrica innovadora PIR de movimiento que se ocupa de manera integral las necesidades de seguridad de propietarios para la precisa detecci\u00f3n de intrusi\u00f3n con m\u00ednimas&hellip;<\/p>\n","protected":false},"featured_media":3976,"comment_status":"open","ping_status":"closed","template":"","meta":{"om_disable_all_campaigns":false,"_monsterinsights_skip_tracking":false,"_monsterinsights_sitenote_active":false,"_monsterinsights_sitenote_note":"","_monsterinsights_sitenote_category":0},"product_brand":[],"product_cat":[283],"product_tag":[212,211,151],"class_list":{"0":"post-3977","1":"product","2":"type-product","3":"status-publish","4":"has-post-thumbnail","6":"product_cat-sensores-de-alarma-alarmas-dsc","7":"product_tag-alarmas","8":"product_tag-alarmas-e-intrusion","9":"product_tag-seguridad","11":"first","12":"instock","13":"sale","14":"taxable","15":"shipping-taxable","16":"purchasable","17":"product-type-simple"},"aioseo_notices":[],"_links":{"self":[{"href":"https:\/\/tecsecmty.com\/index.php\/wp-json\/wp\/v2\/product\/3977","targetHints":{"allow":["GET"]}}],"collection":[{"href":"https:\/\/tecsecmty.com\/index.php\/wp-json\/wp\/v2\/product"}],"about":[{"href":"https:\/\/tecsecmty.com\/index.php\/wp-json\/wp\/v2\/types\/product"}],"replies":[{"embeddable":true,"href":"https:\/\/tecsecmty.com\/index.php\/wp-json\/wp\/v2\/comments?post=3977"}],"version-history":[{"count":0,"href":"https:\/\/tecsecmty.com\/index.php\/wp-json\/wp\/v2\/product\/3977\/revisions"}],"wp:featuredmedia":[{"embeddable":true,"href":"https:\/\/tecsecmty.com\/index.php\/wp-json\/wp\/v2\/media\/3976"}],"wp:attachment":[{"href":"https:\/\/tecsecmty.com\/index.php\/wp-json\/wp\/v2\/media?parent=3977"}],"wp:term":[{"taxonomy":"product_brand","embeddable":true,"href":"https:\/\/tecsecmty.com\/index.php\/wp-json\/wp\/v2\/product_brand?post=3977"},{"taxonomy":"product_cat","embeddable":true,"href":"https:\/\/tecsecmty.com\/index.php\/wp-json\/wp\/v2\/product_cat?post=3977"},{"taxonomy":"product_tag","embeddable":true,"href":"https:\/\/tecsecmty.com\/index.php\/wp-json\/wp\/v2\/product_tag?post=3977"}],"curies":[{"name":"wp","href":"https:\/\/api.w.org\/{rel}","templated":true}]}}