{"id":3979,"date":"2023-02-23T00:28:39","date_gmt":"2023-02-23T06:28:39","guid":{"rendered":"https:\/\/tecsecmty.com\/index.php\/producto\/dsc-pgtempprobe-sonda-de-temperatura-externa-para-uso-con-pg9905-powerg-detector-de-temperatura\/"},"modified":"2023-03-22T23:23:23","modified_gmt":"2023-03-23T05:23:23","slug":"dsc-pgtempprobe-sonda-de-temperatura-externa-para-uso-con-pg9905-powerg-detector-de-temperatura","status":"publish","type":"product","link":"https:\/\/tecsecmty.com\/index.php\/producto\/dsc-pgtempprobe-sonda-de-temperatura-externa-para-uso-con-pg9905-powerg-detector-de-temperatura\/","title":{"rendered":"DSC PGTEMPPROBE &#8211; Sonda de Temperatura Externa para uso con PG9905 PowerG Detector de Temperatura"},"content":{"rendered":"<h5 class=\"card-title text-center\">Informaci\u00f3n General<\/h5>\n<h3><strong>Descripci\u00f3n<\/strong><\/h3>\n<p>La sonda PGTemp de DSC se utiliza con el sensor de temperatura inal\u00e1mbrico PG9905. El detector de temperatura inal\u00e1mbrico DSC PG9905 PowerG 915MHZ est\u00e1 dise\u00f1ado solo para uso en interiores y no es resistente a la intemperie ni a temperaturas extremas.<\/p>\n<p><strong>TEMPERATURA DE FUNCIONAMIENTO (EN INTERIOR): -20\u00b0C A +50\u00b0C \/ -4\u00b0F A 122\u00b0F<\/strong><\/p>\n<p><strong>TEMPERATURA DE FUNCIONAMIENTO DE SONDA (EN EXTERIOR): 30\u00b0C A +70\u00b0C \/ -22\u00b0F A 158\u00b0F<\/strong><\/p>\n<p><strong>TEMERATURA DE ALMACENAMIENTO (EN INTERIOR): -20\u00b0C A +60\u00b0C \/ -4\u00b0F A 140\u00b0F<\/strong><\/p>\n<p>La sonda PGTemp se conectar\u00e1 al PG9905 y le permitir\u00e1 controlar la temperatura en un congelador para que pueda controlar si se mantiene dentro del rango de temperatura adecuado. Esto ser\u00eda ideal no solo para hogares sino tambi\u00e9n para tienda<\/p>\n<p>Otro uso para la sonda PGTemp ser\u00eda monitorear la temperatura exterior de una casa o negocio. Al usar esto junto con el DSC NEO, uno podr\u00eda usarlo para activar las salidas programables en el NEO para encender un dispositivo externo como un calentador. Si est\u00e1 utilizando el NEO con Alarm.com Interactive Services w \/ Home Automation support, podr\u00eda usar esto para aumentar o disminuir la temperatura en el edificio haciendo que un termostato Z-Wave se ajuste cuando la temperatura baja o sube a un cierto rango de temperatura .<\/p>\n<p>La sonda mide 11 &#8216;de largo. Los cables que salen de la sonda son 6 \u00aby puede extender esto agregando su propio cable.<\/p>\n<p><img decoding=\"async\" class=\"overview-center-img-web\" src=\"https:\/\/tvc.mx\/media\/29783\/principalcomer.jpg\" alt=\"\" \/><\/p>\n","protected":false},"excerpt":{"rendered":"<p>Informaci\u00f3n General Descripci\u00f3n La sonda PGTemp de DSC se utiliza con el sensor de temperatura inal\u00e1mbrico PG9905. El detector de temperatura inal\u00e1mbrico DSC PG9905 PowerG 915MHZ est\u00e1 dise\u00f1ado solo para uso en interiores y no es resistente a la intemperie ni a temperaturas extremas. TEMPERATURA&hellip;<\/p>\n","protected":false},"featured_media":3978,"comment_status":"open","ping_status":"closed","template":"","meta":{"om_disable_all_campaigns":false,"_monsterinsights_skip_tracking":false,"_monsterinsights_sitenote_active":false,"_monsterinsights_sitenote_note":"","_monsterinsights_sitenote_category":0},"product_brand":[],"product_cat":[283],"product_tag":[212,211,151],"class_list":{"0":"post-3979","1":"product","2":"type-product","3":"status-publish","4":"has-post-thumbnail","6":"product_cat-sensores-de-alarma-alarmas-dsc","7":"product_tag-alarmas","8":"product_tag-alarmas-e-intrusion","9":"product_tag-seguridad","11":"first","12":"instock","13":"sale","14":"taxable","15":"shipping-taxable","16":"purchasable","17":"product-type-simple"},"aioseo_notices":[],"_links":{"self":[{"href":"https:\/\/tecsecmty.com\/index.php\/wp-json\/wp\/v2\/product\/3979","targetHints":{"allow":["GET"]}}],"collection":[{"href":"https:\/\/tecsecmty.com\/index.php\/wp-json\/wp\/v2\/product"}],"about":[{"href":"https:\/\/tecsecmty.com\/index.php\/wp-json\/wp\/v2\/types\/product"}],"replies":[{"embeddable":true,"href":"https:\/\/tecsecmty.com\/index.php\/wp-json\/wp\/v2\/comments?post=3979"}],"version-history":[{"count":0,"href":"https:\/\/tecsecmty.com\/index.php\/wp-json\/wp\/v2\/product\/3979\/revisions"}],"wp:featuredmedia":[{"embeddable":true,"href":"https:\/\/tecsecmty.com\/index.php\/wp-json\/wp\/v2\/media\/3978"}],"wp:attachment":[{"href":"https:\/\/tecsecmty.com\/index.php\/wp-json\/wp\/v2\/media?parent=3979"}],"wp:term":[{"taxonomy":"product_brand","embeddable":true,"href":"https:\/\/tecsecmty.com\/index.php\/wp-json\/wp\/v2\/product_brand?post=3979"},{"taxonomy":"product_cat","embeddable":true,"href":"https:\/\/tecsecmty.com\/index.php\/wp-json\/wp\/v2\/product_cat?post=3979"},{"taxonomy":"product_tag","embeddable":true,"href":"https:\/\/tecsecmty.com\/index.php\/wp-json\/wp\/v2\/product_tag?post=3979"}],"curies":[{"name":"wp","href":"https:\/\/api.w.org\/{rel}","templated":true}]}}