{"id":3981,"date":"2023-02-23T00:28:42","date_gmt":"2023-02-23T06:28:42","guid":{"rendered":"https:\/\/tecsecmty.com\/index.php\/producto\/dsc-power-g-pack-accesorios-2-contactos-delgados-pg9303-y-1-sensor-de-movimiento-pg9914\/"},"modified":"2023-03-22T23:23:23","modified_gmt":"2023-03-23T05:23:23","slug":"dsc-power-g-pack-accesorios-2-contactos-delgados-pg9303-y-1-sensor-de-movimiento-pg9914","status":"publish","type":"product","link":"https:\/\/tecsecmty.com\/index.php\/producto\/dsc-power-g-pack-accesorios-2-contactos-delgados-pg9303-y-1-sensor-de-movimiento-pg9914\/","title":{"rendered":"DSC POWER G PACK ACCESORIOS &#8211; 2 Contactos delgados PG9303 y 1 Sensor de Movimiento PG9914"},"content":{"rendered":"<div class=\"row aling-items-center padding-bottom-2x\">\n<div class=\"col-lg-12\">\n<h5 class=\"card-title text-center\">DSC1180054<\/h5>\n<h5>DSC POWER G PAQUETE DE ACCESORIOS<\/h5>\n<p>Paquete de dispositivos inal\u00e1mbricos con la innovaci\u00f3n de las nuevas tecnolog\u00edas en el mercado de los panes de intrusi\u00f3n.<\/p>\n<p><strong>Ventajas:<\/strong><\/p>\n<ul>\n<li>Largo alcance inal\u00e1mbrico<\/li>\n<li>ahorro de bater\u00edas<\/li>\n<li>Control din\u00e1mico de potencia<\/li>\n<li>Comunicaci\u00f3n 2 v\u00edas<\/li>\n<li>F\u00e1cil instalaci\u00f3n<\/li>\n<li>Est\u00e9tica<\/li>\n<\/ul>\n<p><strong>Compatibilidad:<\/strong><\/p>\n<p>Paneles power series NEO, con transceptor incluido (Teclado o independiente)<\/p>\n<p>Paneles power series PRO, con transceptor incluido (Teclado o independiente)<\/p>\n<p>Panel autocontenido IOTEGA<\/p>\n<p>Panel autocontenido QOlsys<\/p>\n<p><strong>Componentes de kit:<\/strong><\/p>\n<p>2 contactos magn\u00e9ticos PG9303<\/p>\n<p>1 Sensor de movimiento PG9914<\/p>\n<p><img decoding=\"async\" class=\"overview-center-img-web\" src=\"https:\/\/tvc.mx\/media\/143802\/1920x400.jpg\" alt=\"\" \/><\/div>\n<\/div>\n<div class=\"row aling-items-center padding-bottom-2x\">\n<div class=\"col-lg-12\">\n<h5 class=\"card-title text-center\">PG9914<\/h5>\n<h5>DETECTOR DE MOVIENTO INALAMBRICO POWER G<\/h5>\n<p class=\"ql-align-justify\">El PGx914 brinda protecci\u00f3n contra intrusi\u00f3n excepcional con inmunidad superior para evitar falsas alarmas.<\/p>\n<ul>\n<li class=\"ql-align-justify\">La capacidad de distinguir entre intrusos y otra posible perturbaci\u00f3n, o entre humanos y mascotas, asegura una mayor confiabilidad y menos falsas alarmas<\/li>\n<li class=\"ql-align-justify\">Garantiza sensibilidad de detecci\u00f3n uniforme en todo el rango operativo Seguridad y caracter\u00edsticas inteligentes, todo en uno con su doble funcionalidad incorporada, el PGx914 satisface la creciente demanda del mercado en busca de caracter\u00edsticas inteligentes y dispositivos multiprop\u00f3sito.<\/li>\n<li class=\"ql-align-justify\">Incluye detecci\u00f3n de movimiento y monitoreo de la temperatura<\/li>\n<li class=\"ql-align-justify\">Perfecto para hogares inteligentes y seguros y peque\u00f1as y medianas empresas<\/li>\n<li class=\"ql-align-justify\">Proporciona las funcionalidades de dos detectores por el precio de uno Instalaci\u00f3n y mantenimiento m\u00e1s simples y r\u00e1pidos El PGx914 le permite ahorrar tiempo gracias a la instalaci\u00f3n y el mantenimiento sencillos, gracias a su compartimento de bater\u00eda de f\u00e1cil acceso y a su mayor vida \u00fatil.<\/li>\n<li class=\"ql-align-justify\">Simplifique las tareas de inventario con un \u00fanico dispositivo para la detecci\u00f3n de movimiento y temperatura, sin la necesidad de tener distintos modelos inmunes a mascotas \u2022 No es necesario ajustar las lentes cil\u00edndricas y de Fresnel durante la instalaci\u00f3n<\/li>\n<li class=\"ql-align-justify\">Vida \u00fatil de la bater\u00eda prolongada debido al bajo consumo de corriente<\/li>\n<li class=\"ql-align-justify\">Reemplace la bater\u00eda de forma r\u00e1pida y sencilla gracias a su compartimento de f\u00e1cil acceso<\/li>\n<\/ul>\n<h5>Especificaciones<\/h5>\n<ul>\n<li>Tipo de bater\u00eda:\u00a0Bater\u00eda de litio CR-123A de 3\u00a0V<\/li>\n<li>Vida \u00fatil de la bater\u00eda:\u00a06-8 a\u00f1os (con uso t\u00edpico)<\/li>\n<li>Peso (con bater\u00eda):\u00a090\u00a0g<\/li>\n<li>Temperatura de operaci\u00f3n:\u00a0-10 \u00b0C a 50 \u00b0C<\/li>\n<li>Entorno de operaci\u00f3n:\u00a0Interiores<\/li>\n<li>Protecci\u00f3n antisabotaje:\u00a0Tapa frontal y posterior<\/li>\n<li>Dimensiones (L x A x P):\u00a083 x 61 x 42\u00a0mm<\/li>\n<\/ul>\n<p class=\"ql-align-justify\"><img decoding=\"async\" src=\"https:\/\/tvc.mx\/media\/28815\/OVL2.png\" alt=\"Especificaciones\" \/><\/p>\n<p><img decoding=\"async\" class=\"overview-center-img-web\" src=\"https:\/\/tvc.mx\/media\/143794\/baner.jpg\" alt=\"\" \/><\/div>\n<\/div>\n<div class=\"row aling-items-center padding-bottom-2x\">\n<div class=\"col-lg-12\">\n<h5 class=\"card-title text-center\">PG9303<\/h5>\n<h5><strong>CONTACTO MAGN\u00c9TICO INALAMBRICO POWER G<\/strong><\/h5>\n<p class=\"ql-align-justify\">Los contactos de puerta y ventana pg9303, son dispositivos de contacto magn\u00e9tico power G completamente, supervisados. Incluyen un interruptor de switch integrado. El dispositivo transmite notificaciones de alarma al panel de control y est\u00e1 supervisado usando el protocolo de comunicaciones bidireccional de power G.<\/p>\n<p>Descripci\u00f3n t\u00e9cnica:<\/p>\n<p class=\"ql-align-justify\">Contacto magn\u00e9tico ultra delgado blanco, cuenta con perfil extra-delgado, indicador de calidad de enlace visible en el dispositivo, totalmente supervisado y dimensiones 67 x 31 x 11mm (2.6 x 1.2 x 0.4)\u00bbcuanta con diferentes posiciones para poner el im\u00e1n y tener una mejora en el gap<\/p>\n<p>Beneficios adicionales:<\/p>\n<ul>\n<li>gap en madera 22mm<\/li>\n<li>gap metal 9mm<\/li>\n<li>perfil extra<\/li>\n<li>delgado.<\/li>\n<li>supervisi\u00f3n cada 256 segundos.<\/li>\n<\/ul>\n<p><img decoding=\"async\" class=\"overview-center-img-web\" src=\"https:\/\/tvc.mx\/media\/143810\/1920x400.jpg\" alt=\"\" \/><\/div>\n<\/div>\n","protected":false},"excerpt":{"rendered":"<p>DSC1180054 DSC POWER G PAQUETE DE ACCESORIOS Paquete de dispositivos inal\u00e1mbricos con la innovaci\u00f3n de las nuevas tecnolog\u00edas en el mercado de los panes de intrusi\u00f3n. Ventajas: Largo alcance inal\u00e1mbrico ahorro de bater\u00edas Control din\u00e1mico de potencia Comunicaci\u00f3n 2 v\u00edas F\u00e1cil instalaci\u00f3n Est\u00e9tica Compatibilidad: Paneles&hellip;<\/p>\n","protected":false},"featured_media":3980,"comment_status":"open","ping_status":"closed","template":"","meta":{"om_disable_all_campaigns":false,"_monsterinsights_skip_tracking":false,"_monsterinsights_sitenote_active":false,"_monsterinsights_sitenote_note":"","_monsterinsights_sitenote_category":0},"product_brand":[],"product_cat":[283],"product_tag":[212,211,151],"class_list":{"0":"post-3981","1":"product","2":"type-product","3":"status-publish","4":"has-post-thumbnail","6":"product_cat-sensores-de-alarma-alarmas-dsc","7":"product_tag-alarmas","8":"product_tag-alarmas-e-intrusion","9":"product_tag-seguridad","11":"first","12":"instock","13":"sale","14":"taxable","15":"shipping-taxable","16":"purchasable","17":"product-type-simple"},"aioseo_notices":[],"_links":{"self":[{"href":"https:\/\/tecsecmty.com\/index.php\/wp-json\/wp\/v2\/product\/3981","targetHints":{"allow":["GET"]}}],"collection":[{"href":"https:\/\/tecsecmty.com\/index.php\/wp-json\/wp\/v2\/product"}],"about":[{"href":"https:\/\/tecsecmty.com\/index.php\/wp-json\/wp\/v2\/types\/product"}],"replies":[{"embeddable":true,"href":"https:\/\/tecsecmty.com\/index.php\/wp-json\/wp\/v2\/comments?post=3981"}],"version-history":[{"count":0,"href":"https:\/\/tecsecmty.com\/index.php\/wp-json\/wp\/v2\/product\/3981\/revisions"}],"wp:featuredmedia":[{"embeddable":true,"href":"https:\/\/tecsecmty.com\/index.php\/wp-json\/wp\/v2\/media\/3980"}],"wp:attachment":[{"href":"https:\/\/tecsecmty.com\/index.php\/wp-json\/wp\/v2\/media?parent=3981"}],"wp:term":[{"taxonomy":"product_brand","embeddable":true,"href":"https:\/\/tecsecmty.com\/index.php\/wp-json\/wp\/v2\/product_brand?post=3981"},{"taxonomy":"product_cat","embeddable":true,"href":"https:\/\/tecsecmty.com\/index.php\/wp-json\/wp\/v2\/product_cat?post=3981"},{"taxonomy":"product_tag","embeddable":true,"href":"https:\/\/tecsecmty.com\/index.php\/wp-json\/wp\/v2\/product_tag?post=3981"}],"curies":[{"name":"wp","href":"https:\/\/api.w.org\/{rel}","templated":true}]}}